{"id":12129,"date":"2020-01-08T11:30:01","date_gmt":"2020-01-08T01:30:01","guid":{"rendered":"https:\/\/mahaloukuleles.com\/?page_id=12129"},"modified":"2020-01-08T11:40:57","modified_gmt":"2020-01-08T01:40:57","slug":"terms-and-conditions-for-the-use-of-this-website","status":"publish","type":"page","link":"https:\/\/mahaloukuleles.com\/es\/terms-and-conditions-for-the-use-of-this-website\/","title":{"rendered":"T\u00e9rminos y condiciones para el uso de este sitio web."},"content":{"rendered":"<p>Bienvenido a nuestro sitio web. Si contin\u00faa navegando y utilizando este sitio web, acepta cumplir y estar sujeto a los siguientes t\u00e9rminos y condiciones de uso, que rigen la relaci\u00f3n de Mahalo Ukukleles con usted en relaci\u00f3n con este sitio web. Si no est\u00e1 de acuerdo con alguna parte de estos t\u00e9rminos y condiciones, no utilice nuestro sitio web.<\/p>\n<p>El t\u00e9rmino &#039;Mahalo Ukukleles&#039; o &#039;nosotros&#039; o &#039;nosotros&#039; se refiere al propietario de este sitio web. El t\u00e9rmino &#039;usted&#039; se refiere al usuario o espectador de este sitio web.<\/p>\n<p>El uso de este sitio web est\u00e1 sujeto a los siguientes t\u00e9rminos de uso:<\/p>\n<ul>\n<li>El contenido de las p\u00e1ginas de este sitio web es solo para su informaci\u00f3n general y uso. Est\u00e1 sujeto a cambios sin previo aviso.<\/li>\n<li>Este sitio web utiliza cookies para controlar las preferencias de navegaci\u00f3n y mejorar nuestro sitio web para adaptarlo a las necesidades del cliente.<\/li>\n<li>Ni nosotros ni ning\u00fan tercero brindamos ninguna garant\u00eda o garant\u00eda en cuanto a la precisi\u00f3n, puntualidad, rendimiento, integridad o idoneidad de la informaci\u00f3n y los materiales encontrados u ofrecidos en este sitio web para cualquier prop\u00f3sito particular. Usted reconoce que dicha informaci\u00f3n y materiales pueden contener imprecisiones o errores y excluimos expresamente la responsabilidad por tales inexactitudes o errores en la medida m\u00e1xima permitida por la ley.<\/li>\n<li>El uso o la dependencia de cualquier informaci\u00f3n o material en este sitio web es bajo su propio riesgo. Ser\u00e1 su responsabilidad asegurarse de que cualquier producto o informaci\u00f3n disponible a trav\u00e9s de este sitio web cumpla con sus requisitos espec\u00edficos.<\/li>\n<li>Este sitio web contiene material que nos pertenece o tiene licencia. Este material incluye, entre otros, el contenido, el dise\u00f1o, el dise\u00f1o, el aspecto, la apariencia y los gr\u00e1ficos. Se proh\u00edbe la reproducci\u00f3n, salvo de conformidad con el aviso de copyright, que forma parte de estos t\u00e9rminos y condiciones.<\/li>\n<li>El uso no autorizado de este sitio web puede dar lugar a una reclamaci\u00f3n por da\u00f1os y perjuicios y \/ o ser un delito penal.<\/li>\n<li>De vez en cuando, este sitio web tambi\u00e9n puede incluir enlaces a otros sitios web. Estos enlaces se proporcionan para su conveniencia para proporcionar m\u00e1s informaci\u00f3n. No significan que respaldamos los sitios web. No tenemos responsabilidad por el contenido de ning\u00fan sitio web vinculado.<\/li>\n<\/ul>\n\n\n<div style=\"height:50px\" aria-hidden=\"true\" class=\"wp-block-spacer\"><\/div>\n\n\n<h2>aviso de copyright<\/h2>\n<hr \/>\n<p>Este sitio web y su contenido son propiedad de Mahalo Ukukleles - \u00a9 Mahalo Ukukleles 2020. Todos los derechos reservados.<\/p>\n<p>Se proh\u00edbe cualquier redistribuci\u00f3n o reproducci\u00f3n de parte o la totalidad de los contenidos en cualquier forma que no sea imprimir o descargar en un disco duro local extractos solo para su uso personal y no comercial.<\/p>\n<p>No puede, excepto con nuestro permiso expreso por escrito, distribuir o explotar comercialmente el contenido. Tampoco puede transmitirlo o almacenarlo en ning\u00fan otro sitio web u otra forma de sistema de recuperaci\u00f3n electr\u00f3nica.<\/p>","protected":false},"excerpt":{"rendered":"<p>Welcome to our website. If you continue to browse and use this website, you agree to comply with and be bound by the following terms and conditions of use, which govern Mahalo Ukukleles&#8217; relationship with you in relation to this website. If you disagree with any part of these terms and conditions, please do not [&hellip;]<\/p>\n","protected":false},"author":1,"featured_media":0,"parent":0,"menu_order":0,"comment_status":"closed","ping_status":"closed","template":"","meta":{"two_page_speed":[],"footnotes":""},"class_list":["post-12129","page","type-page","status-publish","hentry"],"yoast_head":"<!-- This site is optimized with the Yoast SEO plugin v27.4 - https:\/\/yoast.com\/product\/yoast-seo-wordpress\/ -->\n<title>Terms And Conditions For The Use Of This Website. - Mahalo Ukuleles<\/title>\n<meta name=\"robots\" content=\"index, follow, max-snippet:-1, max-image-preview:large, max-video-preview:-1\" \/>\n<link rel=\"canonical\" href=\"https:\/\/mahaloukuleles.com\/es\/terms-and-conditions-for-the-use-of-this-website\/\" \/>\n<meta property=\"og:locale\" content=\"es_ES\" \/>\n<meta property=\"og:type\" content=\"article\" \/>\n<meta property=\"og:title\" content=\"Terms And Conditions For The Use Of This Website. - Mahalo Ukuleles\" \/>\n<meta property=\"og:description\" content=\"Welcome to our website. If you continue to browse and use this website, you agree to comply with and be bound by the following terms and conditions of use, which govern Mahalo Ukukleles&#8217; relationship with you in relation to this website. If you disagree with any part of these terms and conditions, please do not [&hellip;]\" \/>\n<meta property=\"og:url\" content=\"https:\/\/mahaloukuleles.com\/es\/terms-and-conditions-for-the-use-of-this-website\/\" \/>\n<meta property=\"og:site_name\" content=\"Mahalo Ukuleles\" \/>\n<meta property=\"article:publisher\" content=\"https:\/\/www.facebook.com\/mahaloukuleles\/?epa=SEARCH_BOX\" \/>\n<meta property=\"article:modified_time\" content=\"2020-01-08T01:40:57+00:00\" \/>\n<meta name=\"twitter:card\" content=\"summary_large_image\" \/>\n<meta name=\"twitter:label1\" content=\"Tiempo de lectura\" \/>\n\t<meta name=\"twitter:data1\" content=\"2 minutos\" \/>\n<script type=\"application\/ld+json\" class=\"yoast-schema-graph\">{\"@context\":\"https:\\\/\\\/schema.org\",\"@graph\":[{\"@type\":\"WebPage\",\"@id\":\"https:\\\/\\\/mahaloukuleles.com\\\/fr\\\/terms-and-conditions-for-the-use-of-this-website\\\/\",\"url\":\"https:\\\/\\\/mahaloukuleles.com\\\/fr\\\/terms-and-conditions-for-the-use-of-this-website\\\/\",\"name\":\"Terms And Conditions For The Use Of This Website. - Mahalo Ukuleles\",\"isPartOf\":{\"@id\":\"https:\\\/\\\/mahaloukuleles.com\\\/es\\\/#website\"},\"datePublished\":\"2020-01-08T01:30:01+00:00\",\"dateModified\":\"2020-01-08T01:40:57+00:00\",\"breadcrumb\":{\"@id\":\"https:\\\/\\\/mahaloukuleles.com\\\/fr\\\/terms-and-conditions-for-the-use-of-this-website\\\/#breadcrumb\"},\"inLanguage\":\"es\",\"potentialAction\":[{\"@type\":\"ReadAction\",\"target\":[\"https:\\\/\\\/mahaloukuleles.com\\\/fr\\\/terms-and-conditions-for-the-use-of-this-website\\\/\"]}]},{\"@type\":\"BreadcrumbList\",\"@id\":\"https:\\\/\\\/mahaloukuleles.com\\\/fr\\\/terms-and-conditions-for-the-use-of-this-website\\\/#breadcrumb\",\"itemListElement\":[{\"@type\":\"ListItem\",\"position\":1,\"name\":\"Home\",\"item\":\"https:\\\/\\\/mahaloukuleles.com\\\/\"},{\"@type\":\"ListItem\",\"position\":2,\"name\":\"Terms And Conditions For The Use Of This Website.\"}]},{\"@type\":\"WebSite\",\"@id\":\"https:\\\/\\\/mahaloukuleles.com\\\/es\\\/#website\",\"url\":\"https:\\\/\\\/mahaloukuleles.com\\\/es\\\/\",\"name\":\"Mahalo Ukuleles\",\"description\":\"Mahalo Ukuleles\",\"publisher\":{\"@id\":\"https:\\\/\\\/mahaloukuleles.com\\\/es\\\/#organization\"},\"potentialAction\":[{\"@type\":\"SearchAction\",\"target\":{\"@type\":\"EntryPoint\",\"urlTemplate\":\"https:\\\/\\\/mahaloukuleles.com\\\/es\\\/?s={search_term_string}\"},\"query-input\":{\"@type\":\"PropertyValueSpecification\",\"valueRequired\":true,\"valueName\":\"search_term_string\"}}],\"inLanguage\":\"es\"},{\"@type\":\"Organization\",\"@id\":\"https:\\\/\\\/mahaloukuleles.com\\\/es\\\/#organization\",\"name\":\"Mahalo Ukuleles\",\"url\":\"https:\\\/\\\/mahaloukuleles.com\\\/es\\\/\",\"logo\":{\"@type\":\"ImageObject\",\"inLanguage\":\"es\",\"@id\":\"https:\\\/\\\/mahaloukuleles.com\\\/es\\\/#\\\/schema\\\/logo\\\/image\\\/\",\"url\":\"https:\\\/\\\/media.mahaloukuleles.com.au\\\/wp-content\\\/uploads\\\/2019\\\/02\\\/mahalo_LOGO_vector_s-1.jpg\",\"contentUrl\":\"https:\\\/\\\/media.mahaloukuleles.com.au\\\/wp-content\\\/uploads\\\/2019\\\/02\\\/mahalo_LOGO_vector_s-1.jpg\",\"width\":117,\"height\":60,\"caption\":\"Mahalo Ukuleles\"},\"image\":{\"@id\":\"https:\\\/\\\/mahaloukuleles.com\\\/es\\\/#\\\/schema\\\/logo\\\/image\\\/\"},\"sameAs\":[\"https:\\\/\\\/www.facebook.com\\\/mahaloukuleles\\\/?epa=SEARCH_BOX\"]}]}<\/script>\n<!-- \/ Yoast SEO plugin. -->","yoast_head_json":{"title":"T\u00e9rminos y condiciones para el uso de este sitio web. - Ukeleles Mahalo","robots":{"index":"index","follow":"follow","max-snippet":"max-snippet:-1","max-image-preview":"max-image-preview:large","max-video-preview":"max-video-preview:-1"},"canonical":"https:\/\/mahaloukuleles.com\/es\/terms-and-conditions-for-the-use-of-this-website\/","og_locale":"es_ES","og_type":"article","og_title":"Terms And Conditions For The Use Of This Website. - Mahalo Ukuleles","og_description":"Welcome to our website. If you continue to browse and use this website, you agree to comply with and be bound by the following terms and conditions of use, which govern Mahalo Ukukleles&#8217; relationship with you in relation to this website. If you disagree with any part of these terms and conditions, please do not [&hellip;]","og_url":"https:\/\/mahaloukuleles.com\/es\/terms-and-conditions-for-the-use-of-this-website\/","og_site_name":"Mahalo Ukuleles","article_publisher":"https:\/\/www.facebook.com\/mahaloukuleles\/?epa=SEARCH_BOX","article_modified_time":"2020-01-08T01:40:57+00:00","twitter_card":"summary_large_image","twitter_misc":{"Tiempo de lectura":"2 minutos"},"schema":{"@context":"https:\/\/schema.org","@graph":[{"@type":"WebPage","@id":"https:\/\/mahaloukuleles.com\/fr\/terms-and-conditions-for-the-use-of-this-website\/","url":"https:\/\/mahaloukuleles.com\/fr\/terms-and-conditions-for-the-use-of-this-website\/","name":"T\u00e9rminos y condiciones para el uso de este sitio web. - Ukeleles Mahalo","isPartOf":{"@id":"https:\/\/mahaloukuleles.com\/es\/#website"},"datePublished":"2020-01-08T01:30:01+00:00","dateModified":"2020-01-08T01:40:57+00:00","breadcrumb":{"@id":"https:\/\/mahaloukuleles.com\/fr\/terms-and-conditions-for-the-use-of-this-website\/#breadcrumb"},"inLanguage":"es","potentialAction":[{"@type":"ReadAction","target":["https:\/\/mahaloukuleles.com\/fr\/terms-and-conditions-for-the-use-of-this-website\/"]}]},{"@type":"BreadcrumbList","@id":"https:\/\/mahaloukuleles.com\/fr\/terms-and-conditions-for-the-use-of-this-website\/#breadcrumb","itemListElement":[{"@type":"ListItem","position":1,"name":"Home","item":"https:\/\/mahaloukuleles.com\/"},{"@type":"ListItem","position":2,"name":"Terms And Conditions For The Use Of This Website."}]},{"@type":"WebSite","@id":"https:\/\/mahaloukuleles.com\/es\/#website","url":"https:\/\/mahaloukuleles.com\/es\/","name":"Mahalo Ukuleles","description":"Mahalo Ukuleles","publisher":{"@id":"https:\/\/mahaloukuleles.com\/es\/#organization"},"potentialAction":[{"@type":"SearchAction","target":{"@type":"EntryPoint","urlTemplate":"https:\/\/mahaloukuleles.com\/es\/?s={search_term_string}"},"query-input":{"@type":"PropertyValueSpecification","valueRequired":true,"valueName":"search_term_string"}}],"inLanguage":"es"},{"@type":"Organization","@id":"https:\/\/mahaloukuleles.com\/es\/#organization","name":"Mahalo Ukuleles","url":"https:\/\/mahaloukuleles.com\/es\/","logo":{"@type":"ImageObject","inLanguage":"es","@id":"https:\/\/mahaloukuleles.com\/es\/#\/schema\/logo\/image\/","url":"https:\/\/media.mahaloukuleles.com.au\/wp-content\/uploads\/2019\/02\/mahalo_LOGO_vector_s-1.jpg","contentUrl":"https:\/\/media.mahaloukuleles.com.au\/wp-content\/uploads\/2019\/02\/mahalo_LOGO_vector_s-1.jpg","width":117,"height":60,"caption":"Mahalo Ukuleles"},"image":{"@id":"https:\/\/mahaloukuleles.com\/es\/#\/schema\/logo\/image\/"},"sameAs":["https:\/\/www.facebook.com\/mahaloukuleles\/?epa=SEARCH_BOX"]}]}},"_links":{"self":[{"href":"https:\/\/mahaloukuleles.com\/es\/wp-json\/wp\/v2\/pages\/12129","targetHints":{"allow":["GET"]}}],"collection":[{"href":"https:\/\/mahaloukuleles.com\/es\/wp-json\/wp\/v2\/pages"}],"about":[{"href":"https:\/\/mahaloukuleles.com\/es\/wp-json\/wp\/v2\/types\/page"}],"author":[{"embeddable":true,"href":"https:\/\/mahaloukuleles.com\/es\/wp-json\/wp\/v2\/users\/1"}],"replies":[{"embeddable":true,"href":"https:\/\/mahaloukuleles.com\/es\/wp-json\/wp\/v2\/comments?post=12129"}],"version-history":[{"count":0,"href":"https:\/\/mahaloukuleles.com\/es\/wp-json\/wp\/v2\/pages\/12129\/revisions"}],"wp:attachment":[{"href":"https:\/\/mahaloukuleles.com\/es\/wp-json\/wp\/v2\/media?parent=12129"}],"curies":[{"name":"wp","href":"https:\/\/api.w.org\/{rel}","templated":true}]}}