{"id":2127,"date":"2018-04-06T14:08:42","date_gmt":"2018-04-06T14:08:42","guid":{"rendered":"http:\/\/mahaloukuleles.com\/?page_id=2127"},"modified":"2022-01-07T08:53:50","modified_gmt":"2022-01-06T22:53:50","slug":"about-mahalo-ukuleles-2","status":"publish","type":"page","link":"https:\/\/mahaloukuleles.com\/es\/about-mahalo-ukuleles-2\/","title":{"rendered":"Sobre Mahalo Ukuleles"},"content":{"rendered":"<div id=\"pl-2127\"  class=\"panel-layout\" ><div id=\"pg-2127-0\"  class=\"panel-grid panel-has-style\" ><div class=\"siteorigin-panels-stretch panel-row-style panel-row-style-for-2127-0\" data-stretch-type=\"full-stretched\" ><div id=\"pgc-2127-0-0\"  class=\"panel-grid-cell\" ><div id=\"panel-2127-0-0-0\" class=\"so-panel widget widget_sow-hero panel-first-child panel-last-child\" data-index=\"0\" ><div class=\"panel-widget-style panel-widget-style-for-2127-0-0-0\" ><div\n\t\t\t\n\t\t\tclass=\"so-widget-sow-hero so-widget-sow-hero-default-c76a8a4ef065-2127 so-widget-fittext-wrapper\"\n\t\t\t data-fit-text-compressor=\"1\"\n\t\t>\t\t\t\t<div class=\"sow-slider-base\" style=\"display: none\" tabindex=\"0\">\n\t\t\t\t\t<ul\n\t\t\t\t\tclass=\"sow-slider-images\"\n\t\t\t\t\tdata-settings=\"{&quot;pagination&quot;:true,&quot;speed&quot;:800,&quot;timeout&quot;:8000,&quot;paused&quot;:false,&quot;pause_on_hover&quot;:false,&quot;swipe&quot;:false,&quot;nav_always_show_desktop&quot;:&quot;&quot;,&quot;nav_always_show_mobile&quot;:&quot;&quot;,&quot;breakpoint&quot;:&quot;780px&quot;,&quot;unmute&quot;:false,&quot;anchor&quot;:null}\"\n\t\t\t\t\t\t\t\t\t\tdata-anchor-id=\"\"\n\t\t\t\t>\t\t<li class=\"sow-slider-image  sow-slider-image-cover\" style=\"visibility: visible;;background-color: #333333;background-image: url(https:\/\/mahaloukuleles.com\/wp-content\/uploads\/2019\/02\/waves.jpg)\" >\n\t\t\t\t\t<div class=\"sow-slider-image-container\">\n\t\t\t<div class=\"sow-slider-image-wrapper\">\n\t\t\t\t<h1 style=\"text-align: center\">El ukelele m\u00e1s jugado del mundo.<\/h1>\n<p>&nbsp;<\/p>\n<p>&nbsp;<\/p>\n<h2 class=\"sow-headline\" style=\"text-align: center\">Mahalo quisiera agradecerte por hacer<br \/>\nEs el ukelele m\u00e1s jugado del mundo!<\/h2>\n\t\t\t<\/div>\n\t\t<\/div>\n\t\t<video class=\"sow-background-element\" autoplay style=\"opacity: 1\" muted playsinline><source src=\"https:\/\/mahaloukuleles.com\/wp-content\/uploads\/2019\/01\/girl_copy.mp4\" type=\"video\/mp4\"><\/video>\t\t<\/li>\n\t\t<\/ul>\t\t\t\t<ol class=\"sow-slider-pagination\">\n\t\t\t\t\t\t\t\t\t\t\t<li><a href=\"#\" data-goto=\"0\" aria-label=\"mostrar diapositiva 1\"><\/a><\/li>\n\t\t\t\t\t\t\t\t\t<\/ol>\n\n\t\t\t\t<div class=\"sow-slide-nav sow-slide-nav-next\">\n\t\t\t\t\t<a href=\"#\" data-goto=\"next\" aria-label=\"diapositiva siguiente\" data-action=\"next\">\n\t\t\t\t\t\t<em class=\"sow-sld-icon-thin-right\"><\/em>\n\t\t\t\t\t<\/a>\n\t\t\t\t<\/div>\n\n\t\t\t\t<div class=\"sow-slide-nav sow-slide-nav-prev\">\n\t\t\t\t\t<a href=\"#\" data-goto=\"previous\" aria-label=\"diapositiva anterior\" data-action=\"prev\">\n\t\t\t\t\t\t<em class=\"sow-sld-icon-thin-left\"><\/em>\n\t\t\t\t\t<\/a>\n\t\t\t\t<\/div>\n\t\t\t\t<\/div><\/div><\/div><\/div><\/div><\/div><\/div><div id=\"pg-2127-1\"  class=\"panel-grid panel-has-style\" ><div class=\"siteorigin-panels-stretch panel-row-style panel-row-style-for-2127-1\" data-stretch-type=\"full\" ><div id=\"pgc-2127-1-0\"  class=\"panel-grid-cell panel-grid-cell-empty\" ><\/div><div id=\"pgc-2127-1-1\"  class=\"panel-grid-cell panel-grid-cell-mobile-last\" ><div id=\"panel-2127-1-1-0\" class=\"so-panel widget widget_sow-image panel-first-child\" data-index=\"1\" ><div class=\"panel-widget-style panel-widget-style-for-2127-1-1-0\" ><div\n\t\t\t\n\t\t\tclass=\"so-widget-sow-image so-widget-sow-image-default-c67d20f9f743-2127\"\n\t\t\t\n\t\t>\n<div class=\"sow-image-container\">\n\t\t<img fetchpriority=\"high\" \n\tsrc=\"https:\/\/mahaloukuleles.com\/wp-content\/uploads\/2018\/10\/Mahalo-Logo.jpg\" width=\"1299\" height=\"709\" srcset=\"https:\/\/mahaloukuleles.com\/wp-content\/uploads\/2018\/10\/Mahalo-Logo.jpg 1299w, https:\/\/mahaloukuleles.com\/wp-content\/uploads\/2018\/10\/Mahalo-Logo-300x164.jpg 300w, https:\/\/mahaloukuleles.com\/wp-content\/uploads\/2018\/10\/Mahalo-Logo-768x419.jpg 768w, https:\/\/mahaloukuleles.com\/wp-content\/uploads\/2018\/10\/Mahalo-Logo-1024x559.jpg 1024w\" sizes=\"(max-width: 1299px) 100vw, 1299px\" alt=\"\" \t\tclass=\"so-widget-image\"\/>\n\t<\/div>\n\n<\/div><\/div><\/div><div id=\"panel-2127-1-1-1\" class=\"so-panel widget widget_sow-headline\" data-index=\"2\" ><div class=\"panel-widget-style panel-widget-style-for-2127-1-1-1\" ><div\n\t\t\t\n\t\t\tclass=\"so-widget-sow-headline so-widget-sow-headline-default-6d8629c575d1-2127 so-widget-fittext-wrapper\"\n\t\t\t data-fit-text-compressor=\"0.85\"\n\t\t><div class=\"sow-headline-container\">\n\t\t\t\t\t\t\t<h2 class=\"sow-headline\">\n\t\t\t\t\t\tLa historia de Mahalo\t\t\t\t\t\t<\/h2>\n\t\t\t\t\t\t\t\t\t\t\t<div class=\"decoration\">\n\t\t\t\t\t\t<div class=\"decoration-inside\"><\/div>\n\t\t\t\t\t<\/div>\n\t\t\t\t\t<\/div>\n<\/div><\/div><\/div><div id=\"panel-2127-1-1-2\" class=\"so-panel widget widget_sow-editor\" data-index=\"3\" ><div class=\"panel-widget-style panel-widget-style-for-2127-1-1-2\" ><div\n\t\t\t\n\t\t\tclass=\"so-widget-sow-editor so-widget-sow-editor-base\"\n\t\t\t\n\t\t>\n<div class=\"siteorigin-widget-tinymce textwidget\">\n\t<p>Mahalo, que significa &quot;agradecimiento&quot; o &quot;gratitud en Hawai&quot;, fue la palabra elegida por Kikutani Music, un distribuidor de productos musicales con sede en Nagoya, Jap\u00f3n, como la marca de su nueva gama de ukeleles en 1999.<\/p>\n<p>Originalmente fabricados en China para Kikutani, los ukeleles Mahalo se desarrollaron con la promesa de ofrecer una &quot;experiencia real de instrumentos musicales a un precio de nivel de entrada&quot;. Antes de esto, los ukes de nivel de entrada generalmente se consideraban juguetes y la mayor\u00eda no se pod\u00eda reproducir musicalmente.<\/p>\n<p>Inicialmente, la gama de ukeleles Mahalo era bastante peque\u00f1a, pero como eran el primer instrumento de alta calidad, econ\u00f3mico y reproducible en el mercado, la cantidad vendida en Jap\u00f3n era extraordinaria.<\/p>\n<p>En este punto, el fabricante chino de Mahalo, comenz\u00f3 a distribuir la marca en todo el mundo bajo licencia a Kikutani Music y literalmente se convirti\u00f3 en un enorme \u00e9xito de la noche a la ma\u00f1ana.<\/p>\n<p>Es discutible hasta qu\u00e9 punto Mahalo provoc\u00f3 el fen\u00f3meno del ukelele en todo el mundo, sin embargo, no hay duda de que Mahalo tuvo un papel importante en el fuerte resurgimiento y la popularidad del ukelele. Las grandes cantidades vendidas en todo el mundo antes y durante el actual auge del ukelele subrayan el lugar de Mahalo como una fuerza impulsora importante en el mercado mundial de ukulele de hoy.<\/p>\n<p>Mahalo es ahora la marca n\u00famero uno en ventas de ukelele en muchos pa\u00edses y posiblemente en el mundo. Miles de tiendas de m\u00fasica en todo el mundo tienen a Mahalo como su principal l\u00ednea de ukelele. \u00a1Estos expertos hacen esto porque los ukeleles de Mahalo representan la mejor relaci\u00f3n calidad-precio en el mercado! Es solo por esta raz\u00f3n que millones de brit\u00e1nicos de todo el mundo comenzaron sus viajes musicales en un ukelele Mahalo.<\/p>\n<h4><em><strong>El ukelele m\u00e1s jugado del mundo.<\/strong><\/em><\/h4>\n<\/div>\n<\/div><\/div><\/div><div id=\"panel-2127-1-1-3\" class=\"so-panel widget widget_sow-headline\" data-index=\"4\" ><div class=\"panel-widget-style panel-widget-style-for-2127-1-1-3\" ><div\n\t\t\t\n\t\t\tclass=\"so-widget-sow-headline so-widget-sow-headline-default-6d8629c575d1-2127 so-widget-fittext-wrapper\"\n\t\t\t data-fit-text-compressor=\"0.85\"\n\t\t><div class=\"sow-headline-container\">\n\t\t\t\t\t\t\t<h2 class=\"sow-headline\">\n\t\t\t\t\t\tVisi\u00f3n y Valores\t\t\t\t\t\t<\/h2>\n\t\t\t\t\t\t\t\t\t\t\t<div class=\"decoration\">\n\t\t\t\t\t\t<div class=\"decoration-inside\"><\/div>\n\t\t\t\t\t<\/div>\n\t\t\t\t\t<\/div>\n<\/div><\/div><\/div><div id=\"panel-2127-1-1-4\" class=\"so-panel widget widget_sow-editor panel-last-child\" data-index=\"5\" ><div class=\"panel-widget-style panel-widget-style-for-2127-1-1-4\" ><div\n\t\t\t\n\t\t\tclass=\"so-widget-sow-editor so-widget-sow-editor-base\"\n\t\t\t\n\t\t>\n<div class=\"siteorigin-widget-tinymce textwidget\">\n\t<p>MAHALO UKULELES disfruta de una singularidad inherente por la cual cada paso dentro del proceso de fabricaci\u00f3n de Mahalo es realizado exclusivamente por los empleados de Mahalo en nuestra planta de fabricaci\u00f3n propiedad de la compa\u00f1\u00eda en Surabaya, Indonesia.<\/p>\n<p>La subcontrataci\u00f3n de la fabricaci\u00f3n es parte de todos los negocios hoy en d\u00eda. Sin embargo, mantener todo el proceso interno, desde el dise\u00f1o del producto y el suministro de materiales hasta la fabricaci\u00f3n y el control de calidad final, nos brinda la calidad, la flexibilidad y el control para superar las demandas del mercado. Los ukeleles de Mahalo est\u00e1n dise\u00f1ados, construidos y probados con orgullo por nuestra gente extremadamente talentosa de nuestras instalaciones de \u00faltima generaci\u00f3n, especialmente dise\u00f1adas para tal fin.<\/p>\n<h5>NUESTRA VISI\u00d3N<\/h5>\n<p>Ser el fabricante l\u00edder mundial de ukeleles de excelente calidad y relaci\u00f3n calidad-precio que mejoran e inspiran toda una vida de m\u00fasica.<\/p>\n<h5>NUESTROS VALORES<\/h5>\n<p>En Mahalo estamos comprometidos con los m\u00e1s altos est\u00e1ndares de producci\u00f3n, \u00e9tica e integridad. Nos preocupamos por nuestros empleados y sus familias, nuestros clientes y usuarios de nuestros productos y el mundo en el que todos vivimos.<\/p>\n<ul>\n<li>Cada instrumento Mahalo est\u00e1 construido con un prop\u00f3sito: proporcionar al mundo instrumentos asequibles y de calidad que mejoren e inspiren toda una vida de reproducci\u00f3n de m\u00fasica.<\/li>\n<li>Cada Mahalo Ukulele es un artesano construido.<\/li>\n<li>Utilizamos los mejores bosques seleccionados que se extraen de forma sostenible de bosques renovables.<\/li>\n<li>Nos esforzamos por conservar los recursos, preservar los h\u00e1bitats naturales y prevenir la contaminaci\u00f3n.<\/li>\n<li>Nuestras f\u00e1bricas se ajustan estrictamente a las leyes laborales locales e internacionales.<\/li>\n<li>El control de calidad en todas nuestras f\u00e1bricas est\u00e1 supervisado por un equipo de t\u00e9cnicos altamente calificados, empleados exclusivamente por Mahalo, que garantizan que nuestros est\u00e1ndares de producci\u00f3n y calidad se ajusten a nuestros valores.<\/li>\n<li>Nuestra f\u00e1brica construida especialmente en Surabaya, Indonesia, se compromete a producir instrumentos con caracter\u00edsticas y especificaciones de un est\u00e1ndar m\u00e1s alto que los que ofrecen nuestros competidores en precios similares.<\/li>\n<\/ul>\n<\/div>\n<\/div><\/div><\/div><\/div><div id=\"pgc-2127-1-2\"  class=\"panel-grid-cell panel-grid-cell-empty\" ><\/div><\/div><\/div><div id=\"pg-2127-2\"  class=\"panel-grid panel-has-style\" ><div class=\"so-parallax siteorigin-panels-stretch panel-row-style panel-row-style-for-2127-2\" data-stretch-type=\"full\" ><img decoding=\"async\" width=\"2002\" height=\"641\" src=\"https:\/\/mahaloukuleles.com\/wp-content\/uploads\/2018\/10\/bottom-image2.png\" class=\"attachment-full size-full\" alt=\"\" data-siteorigin-parallax=\"true\" loading=\"eager\" srcset=\"https:\/\/mahaloukuleles.com\/wp-content\/uploads\/2018\/10\/bottom-image2.png 2002w, https:\/\/mahaloukuleles.com\/wp-content\/uploads\/2018\/10\/bottom-image2-300x96.png 300w, https:\/\/mahaloukuleles.com\/wp-content\/uploads\/2018\/10\/bottom-image2-768x246.png 768w, https:\/\/mahaloukuleles.com\/wp-content\/uploads\/2018\/10\/bottom-image2-1024x328.png 1024w, https:\/\/mahaloukuleles.com\/wp-content\/uploads\/2018\/10\/bottom-image2-500x160.png 500w\" sizes=\"(max-width: 2002px) 100vw, 2002px\" \/><div id=\"pgc-2127-2-0\"  class=\"panel-grid-cell\" ><div id=\"panel-2127-2-0-0\" class=\"so-panel widget widget_sow-headline panel-first-child panel-last-child\" data-index=\"6\" ><div\n\t\t\t\n\t\t\tclass=\"so-widget-sow-headline so-widget-sow-headline-default-a5aceaafb8f8-2127 so-widget-fittext-wrapper\"\n\t\t\t data-fit-text-compressor=\"1\"\n\t\t><div class=\"sow-headline-container\">\n\t\t\t\t\t\t\t<h2 class=\"sow-headline\">\n\t\t\t\t\t\tEl ukelele m\u00e1s jugado del mundo.\t\t\t\t\t\t<\/h2>\n\t\t\t\t\t\t<\/div>\n<\/div><\/div><\/div><div id=\"pgc-2127-2-1\"  class=\"panel-grid-cell\" ><div id=\"panel-2127-2-1-0\" class=\"so-panel widget widget_sow-button panel-first-child panel-last-child\" data-index=\"7\" ><div class=\"panel-widget-style panel-widget-style-for-2127-2-1-0\" ><div\n\t\t\t\n\t\t\tclass=\"so-widget-sow-button so-widget-sow-button-wire-8f26b9487b82-2127\"\n\t\t\t\n\t\t><div class=\"ow-button-base ow-button-align-center\"\n>\n\t\t\t<a\n\t\t\t\t\thref=\"https:\/\/mahaloukuleles.com\/es\/about-mahalo-ukuleles-2\/ukulele-facts\/\"\n\t\t\t\t\tclass=\"sowb-button ow-icon-placement-left ow-button-hover\" \t>\n\t\t<span>\n\t\t\t\n\t\t\tHECHOS DE UKULELE\t\t<\/span>\n\t\t\t<\/a>\n\t<\/div>\n<\/div><\/div><\/div><\/div><\/div><\/div><\/div>","protected":false},"excerpt":{"rendered":"<p>Mahalo, meaning \u201cthank-you\u201d or \u201cgratitude in Hawai\u2019ian, was the word chosen by Kikutani Music, a musical products distributor based in Nagoya, Japan as the brand name for their then, new range of ukuleles in 1999. Originally manufactured in China for Kikutani, Mahalo ukuleles were developed with a promise to deliver a \u201creal musical instrument experience [&hellip;]<\/p>\n","protected":false},"author":1,"featured_media":0,"parent":0,"menu_order":0,"comment_status":"closed","ping_status":"closed","template":"","meta":{"two_page_speed":[],"footnotes":""},"class_list":["post-2127","page","type-page","status-publish","hentry"],"yoast_head":"<!-- This site is optimized with the Yoast SEO plugin v27.4 - https:\/\/yoast.com\/product\/yoast-seo-wordpress\/ -->\n<title>About Mahalo Ukuleles - Mahalo Ukuleles<\/title>\n<meta name=\"description\" content=\"The World\u2019s Most Played Ukulele. The Mahalo Story. Mahalo, meaning \u201cthank-you\u201d or \u201cgratitude in Hawai\u2019ian. Vision &amp; Values.\" \/>\n<meta name=\"robots\" content=\"index, follow, max-snippet:-1, max-image-preview:large, max-video-preview:-1\" \/>\n<link rel=\"canonical\" href=\"https:\/\/mahaloukuleles.com\/es\/about-mahalo-ukuleles-2\/\" \/>\n<meta property=\"og:locale\" content=\"es_ES\" \/>\n<meta property=\"og:type\" content=\"article\" \/>\n<meta property=\"og:title\" content=\"About Mahalo Ukuleles - Mahalo Ukuleles\" \/>\n<meta property=\"og:description\" content=\"The World\u2019s Most Played Ukulele. The Mahalo Story. Mahalo, meaning \u201cthank-you\u201d or \u201cgratitude in Hawai\u2019ian. Vision &amp; Values.\" \/>\n<meta property=\"og:url\" content=\"https:\/\/mahaloukuleles.com\/es\/about-mahalo-ukuleles-2\/\" \/>\n<meta property=\"og:site_name\" content=\"Mahalo Ukuleles\" \/>\n<meta property=\"article:publisher\" content=\"https:\/\/www.facebook.com\/mahaloukuleles\/?epa=SEARCH_BOX\" \/>\n<meta property=\"article:modified_time\" content=\"2022-01-06T22:53:50+00:00\" \/>\n<meta property=\"og:image\" content=\"https:\/\/mahaloukuleles.com\/wp-content\/uploads\/2018\/10\/bottom-image2.png\" \/>\n<meta name=\"twitter:card\" content=\"summary_large_image\" \/>\n<meta name=\"twitter:label1\" content=\"Tiempo de lectura\" \/>\n\t<meta name=\"twitter:data1\" content=\"3 minutos\" \/>\n<script type=\"application\/ld+json\" class=\"yoast-schema-graph\">{\"@context\":\"https:\\\/\\\/schema.org\",\"@graph\":[{\"@type\":\"WebPage\",\"@id\":\"https:\\\/\\\/mahaloukuleles.com\\\/about-mahalo-ukuleles-2\\\/\",\"url\":\"https:\\\/\\\/mahaloukuleles.com\\\/about-mahalo-ukuleles-2\\\/\",\"name\":\"About Mahalo Ukuleles - Mahalo Ukuleles\",\"isPartOf\":{\"@id\":\"https:\\\/\\\/mahaloukuleles.com\\\/es\\\/#website\"},\"primaryImageOfPage\":{\"@id\":\"https:\\\/\\\/mahaloukuleles.com\\\/about-mahalo-ukuleles-2\\\/#primaryimage\"},\"image\":{\"@id\":\"https:\\\/\\\/mahaloukuleles.com\\\/about-mahalo-ukuleles-2\\\/#primaryimage\"},\"thumbnailUrl\":\"https:\\\/\\\/mahaloukuleles.com\\\/wp-content\\\/uploads\\\/2018\\\/10\\\/bottom-image2.png\",\"datePublished\":\"2018-04-06T14:08:42+00:00\",\"dateModified\":\"2022-01-06T22:53:50+00:00\",\"description\":\"The World\u2019s Most Played Ukulele. The Mahalo Story. Mahalo, meaning \u201cthank-you\u201d or \u201cgratitude in Hawai\u2019ian. Vision & Values.\",\"breadcrumb\":{\"@id\":\"https:\\\/\\\/mahaloukuleles.com\\\/about-mahalo-ukuleles-2\\\/#breadcrumb\"},\"inLanguage\":\"es\",\"potentialAction\":[{\"@type\":\"ReadAction\",\"target\":[\"https:\\\/\\\/mahaloukuleles.com\\\/about-mahalo-ukuleles-2\\\/\"]}]},{\"@type\":\"ImageObject\",\"inLanguage\":\"es\",\"@id\":\"https:\\\/\\\/mahaloukuleles.com\\\/about-mahalo-ukuleles-2\\\/#primaryimage\",\"url\":\"https:\\\/\\\/mahaloukuleles.com\\\/wp-content\\\/uploads\\\/2018\\\/10\\\/bottom-image2.png\",\"contentUrl\":\"https:\\\/\\\/mahaloukuleles.com\\\/wp-content\\\/uploads\\\/2018\\\/10\\\/bottom-image2.png\"},{\"@type\":\"BreadcrumbList\",\"@id\":\"https:\\\/\\\/mahaloukuleles.com\\\/about-mahalo-ukuleles-2\\\/#breadcrumb\",\"itemListElement\":[{\"@type\":\"ListItem\",\"position\":1,\"name\":\"Home\",\"item\":\"https:\\\/\\\/mahaloukuleles.com\\\/\"},{\"@type\":\"ListItem\",\"position\":2,\"name\":\"About Mahalo Ukuleles\"}]},{\"@type\":\"WebSite\",\"@id\":\"https:\\\/\\\/mahaloukuleles.com\\\/es\\\/#website\",\"url\":\"https:\\\/\\\/mahaloukuleles.com\\\/es\\\/\",\"name\":\"Mahalo Ukuleles\",\"description\":\"Mahalo Ukuleles\",\"publisher\":{\"@id\":\"https:\\\/\\\/mahaloukuleles.com\\\/es\\\/#organization\"},\"potentialAction\":[{\"@type\":\"SearchAction\",\"target\":{\"@type\":\"EntryPoint\",\"urlTemplate\":\"https:\\\/\\\/mahaloukuleles.com\\\/es\\\/?s={search_term_string}\"},\"query-input\":{\"@type\":\"PropertyValueSpecification\",\"valueRequired\":true,\"valueName\":\"search_term_string\"}}],\"inLanguage\":\"es\"},{\"@type\":\"Organization\",\"@id\":\"https:\\\/\\\/mahaloukuleles.com\\\/es\\\/#organization\",\"name\":\"Mahalo Ukuleles\",\"url\":\"https:\\\/\\\/mahaloukuleles.com\\\/es\\\/\",\"logo\":{\"@type\":\"ImageObject\",\"inLanguage\":\"es\",\"@id\":\"https:\\\/\\\/mahaloukuleles.com\\\/es\\\/#\\\/schema\\\/logo\\\/image\\\/\",\"url\":\"https:\\\/\\\/media.mahaloukuleles.com.au\\\/wp-content\\\/uploads\\\/2019\\\/02\\\/mahalo_LOGO_vector_s-1.jpg\",\"contentUrl\":\"https:\\\/\\\/media.mahaloukuleles.com.au\\\/wp-content\\\/uploads\\\/2019\\\/02\\\/mahalo_LOGO_vector_s-1.jpg\",\"width\":117,\"height\":60,\"caption\":\"Mahalo Ukuleles\"},\"image\":{\"@id\":\"https:\\\/\\\/mahaloukuleles.com\\\/es\\\/#\\\/schema\\\/logo\\\/image\\\/\"},\"sameAs\":[\"https:\\\/\\\/www.facebook.com\\\/mahaloukuleles\\\/?epa=SEARCH_BOX\"]}]}<\/script>\n<!-- \/ Yoast SEO plugin. -->","yoast_head_json":{"title":"Sobre Mahalo Ukuleles - Mahalo Ukuleles","description":"El ukelele m\u00e1s jugado del mundo. La historia de Mahalo. Mahalo, que significa &quot;gracias&quot; o &quot;gratitud en Hawai&quot;. Visi\u00f3n y Valores.","robots":{"index":"index","follow":"follow","max-snippet":"max-snippet:-1","max-image-preview":"max-image-preview:large","max-video-preview":"max-video-preview:-1"},"canonical":"https:\/\/mahaloukuleles.com\/es\/about-mahalo-ukuleles-2\/","og_locale":"es_ES","og_type":"article","og_title":"About Mahalo Ukuleles - Mahalo Ukuleles","og_description":"The World\u2019s Most Played Ukulele. The Mahalo Story. Mahalo, meaning \u201cthank-you\u201d or \u201cgratitude in Hawai\u2019ian. Vision & Values.","og_url":"https:\/\/mahaloukuleles.com\/es\/about-mahalo-ukuleles-2\/","og_site_name":"Mahalo Ukuleles","article_publisher":"https:\/\/www.facebook.com\/mahaloukuleles\/?epa=SEARCH_BOX","article_modified_time":"2022-01-06T22:53:50+00:00","og_image":[{"url":"https:\/\/mahaloukuleles.com\/wp-content\/uploads\/2018\/10\/bottom-image2.png","type":"","width":"","height":""}],"twitter_card":"summary_large_image","twitter_misc":{"Tiempo de lectura":"3 minutos"},"schema":{"@context":"https:\/\/schema.org","@graph":[{"@type":"WebPage","@id":"https:\/\/mahaloukuleles.com\/about-mahalo-ukuleles-2\/","url":"https:\/\/mahaloukuleles.com\/about-mahalo-ukuleles-2\/","name":"Sobre Mahalo Ukuleles - Mahalo Ukuleles","isPartOf":{"@id":"https:\/\/mahaloukuleles.com\/es\/#website"},"primaryImageOfPage":{"@id":"https:\/\/mahaloukuleles.com\/about-mahalo-ukuleles-2\/#primaryimage"},"image":{"@id":"https:\/\/mahaloukuleles.com\/about-mahalo-ukuleles-2\/#primaryimage"},"thumbnailUrl":"https:\/\/mahaloukuleles.com\/wp-content\/uploads\/2018\/10\/bottom-image2.png","datePublished":"2018-04-06T14:08:42+00:00","dateModified":"2022-01-06T22:53:50+00:00","description":"El ukelele m\u00e1s jugado del mundo. La historia de Mahalo. Mahalo, que significa &quot;gracias&quot; o &quot;gratitud en Hawai&quot;. Visi\u00f3n y Valores.","breadcrumb":{"@id":"https:\/\/mahaloukuleles.com\/about-mahalo-ukuleles-2\/#breadcrumb"},"inLanguage":"es","potentialAction":[{"@type":"ReadAction","target":["https:\/\/mahaloukuleles.com\/about-mahalo-ukuleles-2\/"]}]},{"@type":"ImageObject","inLanguage":"es","@id":"https:\/\/mahaloukuleles.com\/about-mahalo-ukuleles-2\/#primaryimage","url":"https:\/\/mahaloukuleles.com\/wp-content\/uploads\/2018\/10\/bottom-image2.png","contentUrl":"https:\/\/mahaloukuleles.com\/wp-content\/uploads\/2018\/10\/bottom-image2.png"},{"@type":"BreadcrumbList","@id":"https:\/\/mahaloukuleles.com\/about-mahalo-ukuleles-2\/#breadcrumb","itemListElement":[{"@type":"ListItem","position":1,"name":"Home","item":"https:\/\/mahaloukuleles.com\/"},{"@type":"ListItem","position":2,"name":"About Mahalo Ukuleles"}]},{"@type":"WebSite","@id":"https:\/\/mahaloukuleles.com\/es\/#website","url":"https:\/\/mahaloukuleles.com\/es\/","name":"Mahalo Ukuleles","description":"Mahalo Ukuleles","publisher":{"@id":"https:\/\/mahaloukuleles.com\/es\/#organization"},"potentialAction":[{"@type":"SearchAction","target":{"@type":"EntryPoint","urlTemplate":"https:\/\/mahaloukuleles.com\/es\/?s={search_term_string}"},"query-input":{"@type":"PropertyValueSpecification","valueRequired":true,"valueName":"search_term_string"}}],"inLanguage":"es"},{"@type":"Organization","@id":"https:\/\/mahaloukuleles.com\/es\/#organization","name":"Mahalo Ukuleles","url":"https:\/\/mahaloukuleles.com\/es\/","logo":{"@type":"ImageObject","inLanguage":"es","@id":"https:\/\/mahaloukuleles.com\/es\/#\/schema\/logo\/image\/","url":"https:\/\/media.mahaloukuleles.com.au\/wp-content\/uploads\/2019\/02\/mahalo_LOGO_vector_s-1.jpg","contentUrl":"https:\/\/media.mahaloukuleles.com.au\/wp-content\/uploads\/2019\/02\/mahalo_LOGO_vector_s-1.jpg","width":117,"height":60,"caption":"Mahalo Ukuleles"},"image":{"@id":"https:\/\/mahaloukuleles.com\/es\/#\/schema\/logo\/image\/"},"sameAs":["https:\/\/www.facebook.com\/mahaloukuleles\/?epa=SEARCH_BOX"]}]}},"_links":{"self":[{"href":"https:\/\/mahaloukuleles.com\/es\/wp-json\/wp\/v2\/pages\/2127","targetHints":{"allow":["GET"]}}],"collection":[{"href":"https:\/\/mahaloukuleles.com\/es\/wp-json\/wp\/v2\/pages"}],"about":[{"href":"https:\/\/mahaloukuleles.com\/es\/wp-json\/wp\/v2\/types\/page"}],"author":[{"embeddable":true,"href":"https:\/\/mahaloukuleles.com\/es\/wp-json\/wp\/v2\/users\/1"}],"replies":[{"embeddable":true,"href":"https:\/\/mahaloukuleles.com\/es\/wp-json\/wp\/v2\/comments?post=2127"}],"version-history":[{"count":0,"href":"https:\/\/mahaloukuleles.com\/es\/wp-json\/wp\/v2\/pages\/2127\/revisions"}],"wp:attachment":[{"href":"https:\/\/mahaloukuleles.com\/es\/wp-json\/wp\/v2\/media?parent=2127"}],"curies":[{"name":"wp","href":"https:\/\/api.w.org\/{rel}","templated":true}]}}