{"id":3311,"date":"2018-10-10T03:17:08","date_gmt":"2018-10-09T17:17:08","guid":{"rendered":"http:\/\/mahaloukuleles.com\/?page_id=3311"},"modified":"2021-11-17T08:30:18","modified_gmt":"2021-11-16T22:30:18","slug":"laser-engraving-series","status":"publish","type":"page","link":"https:\/\/mahaloukuleles.com\/es\/ukulele-series\/laser-engraving-series\/","title":{"rendered":"Serie de grabado l\u00e1ser"},"content":{"rendered":"<div id=\"pl-3311\"  class=\"panel-layout\" ><div id=\"pg-3311-0\"  class=\"panel-grid panel-has-style\" ><div class=\"siteorigin-panels-stretch panel-row-style panel-row-style-for-3311-0\" data-stretch-type=\"full\" ><div id=\"pgc-3311-0-0\"  class=\"panel-grid-cell\" ><div id=\"panel-3311-0-0-0\" class=\"so-panel widget widget_sow-headline panel-first-child\" data-index=\"0\" ><div\n\t\t\t\n\t\t\tclass=\"so-widget-sow-headline so-widget-sow-headline-default-52c9756533d1-3311\"\n\t\t\t\n\t\t><div class=\"sow-headline-container\">\n\t\t\t\t\t\t\t<h3 class=\"sow-headline\">\n\t\t\t\t\t\t\u00a1Vamos a poner en marcha el luau! \t\t\t\t\t\t<\/h3>\n\t\t\t\t\t\t\t\t\t\t\t<div class=\"decoration\">\n\t\t\t\t\t\t<div class=\"decoration-inside\"><\/div>\n\t\t\t\t\t<\/div>\n\t\t\t\t\t\t\t\t\t\t\t<h5 class=\"sow-sub-headline\">\n\t\t\t\t\t\tCuerpo en forma de pi\u00f1a tradicional con ilustraciones de piel de pi\u00f1a grabadas con l\u00e1ser y cabezal personalizado. Un ukelele de gran sonido con un tono profundo y fuerte que es f\u00e1cil de tocar y se ve lo suficientemente bien como para comer.\t\t\t\t\t\t<\/h5>\n\t\t\t\t\t\t<\/div>\n<\/div><\/div><div id=\"panel-3311-0-0-1\" class=\"so-panel widget widget_sow-editor panel-last-child\" data-index=\"1\" ><div\n\t\t\t\n\t\t\tclass=\"so-widget-sow-editor so-widget-sow-editor-base\"\n\t\t\t\n\t\t><h3 class=\"widget-title\">PRESUPUESTO<\/h3>\n<div class=\"siteorigin-widget-tinymce textwidget\">\n\t<table id=\"tablepress-33\" class=\"tablepress tablepress-id-33\">\n<tbody class=\"row-striping row-hover\">\n<tr class=\"row-1\">\n<td class=\"column-1\">CUERPO<\/td>\n<td class=\"column-2\">Forma de pi\u00f1a <br \/>OTAN con espalda arqueada <br \/>                                          Top grabado con l\u00e1ser<\/td>\n<\/tr>\n<tr class=\"row-2\">\n<td class=\"column-1\">CUELLO<\/td>\n<td class=\"column-2\">Caoba<\/td>\n<\/tr>\n<tr class=\"row-3\">\n<td class=\"column-1\">DIAPAS\u00d3N<\/td>\n<td class=\"column-2\">Palo de rosa<\/td>\n<\/tr>\n<tr class=\"row-4\">\n<td class=\"column-1\">MARCADORES DE POSICION<\/td>\n<td class=\"column-2\">Incrustaciones de punto de abul\u00f3n<\/td>\n<\/tr>\n<tr class=\"row-5\">\n<td class=\"column-1\">PUENTE<\/td>\n<td class=\"column-2\">Palo de rosa<\/td>\n<\/tr>\n<tr class=\"row-6\">\n<td class=\"column-1\">LIBERTAS<\/td>\n<td class=\"column-2\">12, n\u00edquel<\/td>\n<\/tr>\n<tr class=\"row-7\">\n<td class=\"column-1\">CABEZAS DE MAQUINA<\/td>\n<td class=\"column-2\">Vintage, chapado en oro<\/td>\n<\/tr>\n<tr class=\"row-8\">\n<td class=\"column-1\">INSTRUMENTOS DE CUERDA<\/td>\n<td class=\"column-2\">Aquila Super Nylgut<\/td>\n<\/tr>\n<tr class=\"row-9\">\n<td class=\"column-1\">ENSILLAR<\/td>\n<td class=\"column-2\">Graph Tech NuBone XB<\/td>\n<\/tr>\n<tr class=\"row-10\">\n<td class=\"column-1\">NUEZ<\/td>\n<td class=\"column-2\">ABS, negro<\/td>\n<\/tr>\n<tr class=\"row-11\">\n<td class=\"column-1\">LONGITUD DE LA ESCALA<\/td>\n<td class=\"column-2\">Soprano - 346mm<\/td>\n<\/tr>\n<tr class=\"row-12\">\n<td class=\"column-1\">TERMINAR<\/td>\n<td class=\"column-2\">Mate - grabado l\u00e1ser<\/td>\n<\/tr>\n<tr class=\"row-13\">\n<td class=\"column-1\"><b>Con bolsa de transporte<b\/><\/td>\n<td class=\"column-2\"><\/td>\n<\/tr>\n<\/tbody>\n<\/table>\n<\/div>\n<\/div><\/div><\/div><div id=\"pgc-3311-0-1\"  class=\"panel-grid-cell\" ><div id=\"panel-3311-0-1-0\" class=\"so-panel widget widget_sow-editor panel-first-child panel-last-child\" data-index=\"2\" ><div\n\t\t\t\n\t\t\tclass=\"so-widget-sow-editor so-widget-sow-editor-base\"\n\t\t\t\n\t\t>\n<div class=\"siteorigin-widget-tinymce textwidget\">\n\t<div id=\"metaslider-id-3319\" style=\"max-width: 600px;\" class=\"ml-slider-3-107-0 metaslider metaslider-flex metaslider-3319 ml-slider has-dots-nav ms-theme-default\" role=\"region\" aria-label=\"Serie Artist Elite - Grabado con l\u00e1ser\" data-height=\"1600\" data-width=\"600\">\n<div id=\"metaslider_container_3319\">\n<div id=\"metaslider_3319\">\n<ul class='slides'>\n<li style=\"display: block; width: 100%;\" class=\"slide-3320 ms-image\" aria-roledescription=\"slide\" data-date=\"2018-10-10 03:24:56\" data-filename=\"MP1-562x1500.jpg\" data-slide-type=\"image\"><img fetchpriority=\"high\" decoding=\"async\" src=\"https:\/\/mahaloukuleles.com\/wp-content\/uploads\/2023\/02\/MP1-562x1500.jpg\" height=\"1600\" width=\"600\" alt=\"\" class=\"slider-3319 slide-3320 msDefaultImage\" title=\"MP1\" \/><\/li>\n<li style=\"display: none; width: 100%;\" class=\"slide-15221 ms-image\" aria-roledescription=\"slide\" data-date=\"2021-11-30 13:03:28\" data-filename=\"MA2PH_right.jpg\" data-slide-type=\"image\"><img decoding=\"async\" src=\"https:\/\/mahaloukuleles.com\/wp-content\/uploads\/2021\/11\/MA2PH_right.jpg\" height=\"1600\" width=\"600\" alt=\"\" class=\"slider-3319 slide-15221 msDefaultImage\" title=\"MA2PH_right\" \/><\/li>\n<\/ul><\/div>\n<\/p><\/div>\n<\/div>\n<\/div>\n<\/div><\/div><\/div><div id=\"pgc-3311-0-2\"  class=\"panel-grid-cell\" ><div id=\"panel-3311-0-2-0\" class=\"so-panel widget widget_sow-image panel-first-child\" data-index=\"3\" ><div class=\"zoooom panel-widget-style panel-widget-style-for-3311-0-2-0\" ><div\n\t\t\t\n\t\t\tclass=\"so-widget-sow-image so-widget-sow-image-default-e4c2d9f6c920-3311\"\n\t\t\t\n\t\t>\n<div class=\"sow-image-container\">\n\t\t<img \n\tsrc=\"https:\/\/mahaloukuleles.com\/wp-content\/uploads\/2018\/10\/M1P.jpg\" width=\"890\" height=\"1500\" srcset=\"https:\/\/mahaloukuleles.com\/wp-content\/uploads\/2018\/10\/M1P.jpg 890w, https:\/\/mahaloukuleles.com\/wp-content\/uploads\/2018\/10\/M1P-178x300.jpg 178w, https:\/\/mahaloukuleles.com\/wp-content\/uploads\/2018\/10\/M1P-768x1294.jpg 768w, https:\/\/mahaloukuleles.com\/wp-content\/uploads\/2018\/10\/M1P-608x1024.jpg 608w, https:\/\/mahaloukuleles.com\/wp-content\/uploads\/2018\/10\/M1P-500x843.jpg 500w\" sizes=\"(max-width: 890px) 100vw, 890px\" alt=\"\" \t\tclass=\"so-widget-image\"\/>\n\t<\/div>\n\n<\/div><\/div><\/div><div id=\"panel-3311-0-2-1\" class=\"so-panel widget widget_sow-image\" data-index=\"4\" ><div class=\"zoooom panel-widget-style panel-widget-style-for-3311-0-2-1\" ><div\n\t\t\t\n\t\t\tclass=\"so-widget-sow-image so-widget-sow-image-default-e4c2d9f6c920-3311\"\n\t\t\t\n\t\t>\n<div class=\"sow-image-container\">\n\t\t<img loading=\"lazy\" \n\tsrc=\"https:\/\/mahaloukuleles.com\/wp-content\/uploads\/2018\/10\/MP1-4.jpg\" width=\"750\" height=\"1500\" srcset=\"https:\/\/mahaloukuleles.com\/wp-content\/uploads\/2018\/10\/MP1-4.jpg 750w, https:\/\/mahaloukuleles.com\/wp-content\/uploads\/2018\/10\/MP1-4-150x300.jpg 150w, https:\/\/mahaloukuleles.com\/wp-content\/uploads\/2018\/10\/MP1-4-512x1024.jpg 512w, https:\/\/mahaloukuleles.com\/wp-content\/uploads\/2018\/10\/MP1-4-500x1000.jpg 500w\" sizes=\"(max-width: 750px) 100vw, 750px\" alt=\"\" \t\tclass=\"so-widget-image\"\/>\n\t<\/div>\n\n<\/div><\/div><\/div><div id=\"panel-3311-0-2-2\" class=\"so-panel widget widget_sow-image panel-last-child\" data-index=\"5\" ><div class=\"zoooom panel-widget-style panel-widget-style-for-3311-0-2-2\" ><div\n\t\t\t\n\t\t\tclass=\"so-widget-sow-image so-widget-sow-image-default-e4c2d9f6c920-3311\"\n\t\t\t\n\t\t>\n<div class=\"sow-image-container\">\n\t\t<img loading=\"lazy\" \n\tsrc=\"https:\/\/mahaloukuleles.com\/wp-content\/uploads\/2018\/10\/MP1-2.jpg\" width=\"750\" height=\"1500\" srcset=\"https:\/\/mahaloukuleles.com\/wp-content\/uploads\/2018\/10\/MP1-2.jpg 750w, https:\/\/mahaloukuleles.com\/wp-content\/uploads\/2018\/10\/MP1-2-150x300.jpg 150w, https:\/\/mahaloukuleles.com\/wp-content\/uploads\/2018\/10\/MP1-2-512x1024.jpg 512w, https:\/\/mahaloukuleles.com\/wp-content\/uploads\/2018\/10\/MP1-2-500x1000.jpg 500w, https:\/\/mahaloukuleles.com\/wp-content\/uploads\/2018\/10\/MP1-2-350x700.jpg 350w\" sizes=\"(max-width: 750px) 100vw, 750px\" alt=\"\" \t\tclass=\"so-widget-image\"\/>\n\t<\/div>\n\n<\/div><\/div><\/div><\/div><\/div><\/div><div id=\"pg-3311-1\"  class=\"panel-grid panel-has-style\" ><div class=\"siteorigin-panels-stretch panel-row-style panel-row-style-for-3311-1\" data-stretch-type=\"full-stretched\" ><div id=\"pgc-3311-1-0\"  class=\"panel-grid-cell\" ><div id=\"panel-3311-1-0-0\" class=\"so-panel widget widget_sow-headline panel-first-child panel-last-child\" data-index=\"6\" ><div class=\"panel-widget-style panel-widget-style-for-3311-1-0-0\" ><div\n\t\t\t\n\t\t\tclass=\"so-widget-sow-headline so-widget-sow-headline-default-a01f1d83700a-3311 so-widget-fittext-wrapper\"\n\t\t\t data-fit-text-compressor=\"1\"\n\t\t><div class=\"sow-headline-container\">\n\t\t\t\t\t\t\t<h2 class=\"sow-headline\">\n\t\t\t\t\t\tM\u00e1s series\t\t\t\t\t\t<\/h2>\n\t\t\t\t\t\t<\/div>\n<\/div><\/div><\/div><\/div><\/div><\/div><div id=\"pg-3311-2\"  class=\"panel-grid panel-has-style\" ><div class=\"siteorigin-panels-stretch panel-row-style panel-row-style-for-3311-2\" data-stretch-type=\"full-stretched\" ><div id=\"pgc-3311-2-0\"  class=\"panel-grid-cell\" ><div id=\"panel-3311-2-0-0\" class=\"so-panel widget widget_sow-image panel-first-child panel-last-child\" data-index=\"7\" ><div\n\t\t\t\n\t\t\tclass=\"so-widget-sow-image so-widget-sow-image-default-89f16426b92c-3311\"\n\t\t\t\n\t\t>\n<div class=\"sow-image-container\">\n\t\t\t<a href=\"https:\/\/mahaloukuleles.com\/es\/ukulele-series\/custom-series\/\"\n\t\t\t\t\t>\n\t\t\t<img loading=\"lazy\" \n\tsrc=\"https:\/\/mahaloukuleles.com\/wp-content\/uploads\/2018\/10\/CUSTOM_series.jpg\" width=\"1054\" height=\"688\" srcset=\"https:\/\/mahaloukuleles.com\/wp-content\/uploads\/2018\/10\/CUSTOM_series.jpg 1054w, https:\/\/mahaloukuleles.com\/wp-content\/uploads\/2018\/10\/CUSTOM_series-300x196.jpg 300w, https:\/\/mahaloukuleles.com\/wp-content\/uploads\/2018\/10\/CUSTOM_series-768x501.jpg 768w, https:\/\/mahaloukuleles.com\/wp-content\/uploads\/2018\/10\/CUSTOM_series-1024x668.jpg 1024w, https:\/\/mahaloukuleles.com\/wp-content\/uploads\/2018\/10\/CUSTOM_series-500x326.jpg 500w\" sizes=\"(max-width: 1054px) 100vw, 1054px\" title=\"Serie personalizada\" alt=\"Serie personalizada\" \t\tclass=\"so-widget-image\"\/>\n\t\t\t<\/a><\/div>\n\n<h3 class=\"widget-title\">Serie personalizada<\/h3><\/div><\/div><\/div><div id=\"pgc-3311-2-1\"  class=\"panel-grid-cell\" ><div id=\"panel-3311-2-1-0\" class=\"so-panel widget widget_sow-image panel-first-child panel-last-child\" data-index=\"8\" ><div\n\t\t\t\n\t\t\tclass=\"so-widget-sow-image so-widget-sow-image-default-89f16426b92c-3311\"\n\t\t\t\n\t\t>\n<div class=\"sow-image-container\">\n\t\t\t<a href=\"https:\/\/mahaloukuleles.com\/es\/ukulele-series\/art-series-soprano-ukuleles\/\"\n\t\t\t\t\t>\n\t\t\t<img loading=\"lazy\" \n\tsrc=\"https:\/\/mahaloukuleles.com\/wp-content\/uploads\/2019\/12\/art_series_tile.jpg\" width=\"600\" height=\"392\" srcset=\"https:\/\/mahaloukuleles.com\/wp-content\/uploads\/2019\/12\/art_series_tile.jpg 600w, https:\/\/mahaloukuleles.com\/wp-content\/uploads\/2019\/12\/art_series_tile-300x196.jpg 300w\" sizes=\"(max-width: 600px) 100vw, 600px\" title=\"SERIE DE ARTE\" alt=\"SERIE DE ARTE\" \t\tclass=\"so-widget-image\"\/>\n\t\t\t<\/a><\/div>\n\n<h3 class=\"widget-title\">SERIE DE ARTE<\/h3><\/div><\/div><\/div><div id=\"pgc-3311-2-2\"  class=\"panel-grid-cell\" ><div id=\"panel-3311-2-2-0\" class=\"so-panel widget widget_sow-image panel-first-child panel-last-child\" data-index=\"9\" ><div\n\t\t\t\n\t\t\tclass=\"so-widget-sow-image so-widget-sow-image-default-89f16426b92c-3311\"\n\t\t\t\n\t\t>\n<div class=\"sow-image-container\">\n\t\t\t<a href=\"https:\/\/mahaloukuleles.com\/es\/ukulele-series\/rainbow-series-soprano-ukuleles\/\"\n\t\t\t\t\t>\n\t\t\t<img loading=\"lazy\" \n\tsrc=\"https:\/\/mahaloukuleles.com\/wp-content\/uploads\/2019\/12\/Rainbow_series_tile.jpg\" width=\"600\" height=\"392\" srcset=\"https:\/\/mahaloukuleles.com\/wp-content\/uploads\/2019\/12\/Rainbow_series_tile.jpg 600w, https:\/\/mahaloukuleles.com\/wp-content\/uploads\/2019\/12\/Rainbow_series_tile-300x196.jpg 300w\" sizes=\"(max-width: 600px) 100vw, 600px\" title=\"SERIE ARCO IRIS\" alt=\"SERIE ARCO IRIS\" \t\tclass=\"so-widget-image\"\/>\n\t\t\t<\/a><\/div>\n\n<h3 class=\"widget-title\">SERIE ARCO IRIS<\/h3><\/div><\/div><\/div><div id=\"pgc-3311-2-3\"  class=\"panel-grid-cell\" ><div id=\"panel-3311-2-3-0\" class=\"so-panel widget widget_sow-image panel-first-child panel-last-child\" data-index=\"10\" ><div\n\t\t\t\n\t\t\tclass=\"so-widget-sow-image so-widget-sow-image-default-89f16426b92c-3311\"\n\t\t\t\n\t\t>\n<div class=\"sow-image-container\">\n\t\t\t<a href=\"https:\/\/mahaloukuleles.com\/es\/ukulele-series\/u-smile-series-soprano-ukuleles\/\"\n\t\t\t\t\t>\n\t\t\t<img loading=\"lazy\" \n\tsrc=\"https:\/\/mahaloukuleles.com\/wp-content\/uploads\/2019\/12\/Usmile_series_tile.jpg\" width=\"600\" height=\"392\" srcset=\"https:\/\/mahaloukuleles.com\/wp-content\/uploads\/2019\/12\/Usmile_series_tile.jpg 600w, https:\/\/mahaloukuleles.com\/wp-content\/uploads\/2019\/12\/Usmile_series_tile-300x196.jpg 300w\" sizes=\"(max-width: 600px) 100vw, 600px\" title=\"SERIE U-SONRISA\" alt=\"SERIE U-SONRISA\" \t\tclass=\"so-widget-image\"\/>\n\t\t\t<\/a><\/div>\n\n<h3 class=\"widget-title\">SERIE U-SONRISA<\/h3><\/div><\/div><\/div><\/div><\/div><div id=\"pg-3311-3\"  class=\"panel-grid panel-has-style\" ><div class=\"so-parallax siteorigin-panels-stretch panel-row-style panel-row-style-for-3311-3\" data-stretch-type=\"full-stretched\" ><img decoding=\"async\" width=\"2218\" height=\"749\" src=\"https:\/\/mahaloukuleles.com\/wp-content\/uploads\/2018\/10\/Artboard-1@2x.png\" class=\"attachment-full size-full\" alt=\"\" data-siteorigin-parallax=\"true\" loading=\"eager\" srcset=\"https:\/\/mahaloukuleles.com\/wp-content\/uploads\/2018\/10\/Artboard-1@2x.png 2218w, https:\/\/mahaloukuleles.com\/wp-content\/uploads\/2018\/10\/Artboard-1@2x-300x101.png 300w, https:\/\/mahaloukuleles.com\/wp-content\/uploads\/2018\/10\/Artboard-1@2x-768x259.png 768w, https:\/\/mahaloukuleles.com\/wp-content\/uploads\/2018\/10\/Artboard-1@2x-1024x346.png 1024w, https:\/\/mahaloukuleles.com\/wp-content\/uploads\/2018\/10\/Artboard-1@2x-500x169.png 500w\" sizes=\"(max-width: 2218px) 100vw, 2218px\" \/><div id=\"pgc-3311-3-0\"  class=\"panel-grid-cell panel-grid-cell-empty\" ><\/div><div id=\"pgc-3311-3-1\"  class=\"panel-grid-cell\" ><div id=\"panel-3311-3-1-0\" class=\"so-panel widget widget_sow-headline panel-first-child\" data-index=\"11\" ><div class=\"panel-widget-style panel-widget-style-for-3311-3-1-0\" ><div\n\t\t\t\n\t\t\tclass=\"so-widget-sow-headline so-widget-sow-headline-default-2659113ca4d9-3311 so-widget-fittext-wrapper\"\n\t\t\t data-fit-text-compressor=\"0.85\"\n\t\t><div class=\"sow-headline-container\">\n\t\t\t\t\t\t\t<h1 class=\"sow-headline\">\n\t\t\t\t\t\t\u00a1Vamos a poner en marcha el luau! Un ukelele de gran sonido con un tono profundo y fuerte que es f\u00e1cil de tocar y se ve lo suficientemente bien como para comer.\t\t\t\t\t\t<\/h1>\n\t\t\t\t\t\t<\/div>\n<\/div><\/div><\/div><div id=\"panel-3311-3-1-1\" class=\"so-panel widget widget_sow-button panel-last-child\" data-index=\"12\" ><div class=\"panel-widget-style panel-widget-style-for-3311-3-1-1\" ><div\n\t\t\t\n\t\t\tclass=\"so-widget-sow-button so-widget-sow-button-wire-7a322343e36d-3311\"\n\t\t\t\n\t\t><div class=\"ow-button-base ow-button-align-left\"\n>\n\t\t\t<a\n\t\t\t\t\thref=\"https:\/\/mahaloukuleles.com\/es\/?page_id=2193\"\n\t\t\t\t\tclass=\"sowb-button ow-icon-placement-left ow-button-hover\" \t>\n\t\t<span>\n\t\t\t<span class=\"sow-icon-fontawesome sow-fas\" data-sow-icon=\"&#xf3c5;\"\n\t\tstyle=\"\" \n\t\taria-hidden=\"true\"><\/span>\n\t\t\tEncuentra un Distribuidor\t\t<\/span>\n\t\t\t<\/a>\n\t<\/div>\n<\/div><\/div><\/div><\/div><\/div><\/div><\/div>","protected":false},"excerpt":{"rendered":"<p>Let\u2019s get the luau started! Traditional pineapple shaped body with laser engraved pineapple rind artwork and custom headstock. A great sounding ukulele with a deep, loud tone that\u2019s easy to play and looks good enough to eat. SPECIFICATIONS BODY Pineapple Shape Nato with Arched Back Laser Engraved Top NECK Mahogany FINGERBOARD Rosewood POSITION MARKERS Abalone [&hellip;]<\/p>\n","protected":false},"author":1,"featured_media":0,"parent":2780,"menu_order":0,"comment_status":"closed","ping_status":"closed","template":"","meta":{"two_page_speed":[],"footnotes":""},"class_list":["post-3311","page","type-page","status-publish","hentry"],"yoast_head":"<!-- This site is optimized with the Yoast SEO plugin v27.3 - https:\/\/yoast.com\/product\/yoast-seo-wordpress\/ -->\n<title>Laser Engraving Series - Mahalo Ukuleles<\/title>\n<meta name=\"description\" content=\"Traditional pineapple shaped body with laser engraved pineapple rind artwork and custom headstock. A great sounding ukulele with a deep, loud tone.\" \/>\n<meta name=\"robots\" content=\"index, follow, max-snippet:-1, max-image-preview:large, max-video-preview:-1\" \/>\n<link rel=\"canonical\" href=\"https:\/\/mahaloukuleles.com\/es\/ukulele-series\/laser-engraving-series\/\" \/>\n<meta property=\"og:locale\" content=\"es_ES\" \/>\n<meta property=\"og:type\" content=\"article\" \/>\n<meta property=\"og:title\" content=\"Laser Engraving Series - Mahalo Ukuleles\" \/>\n<meta property=\"og:description\" content=\"Traditional pineapple shaped body with laser engraved pineapple rind artwork and custom headstock. A great sounding ukulele with a deep, loud tone.\" \/>\n<meta property=\"og:url\" content=\"https:\/\/mahaloukuleles.com\/es\/ukulele-series\/laser-engraving-series\/\" \/>\n<meta property=\"og:site_name\" content=\"Mahalo Ukuleles\" \/>\n<meta property=\"article:publisher\" content=\"https:\/\/www.facebook.com\/mahaloukuleles\/?epa=SEARCH_BOX\" \/>\n<meta property=\"article:modified_time\" content=\"2021-11-16T22:30:18+00:00\" \/>\n<meta property=\"og:image\" content=\"https:\/\/mahaloukuleles.com\/wp-content\/uploads\/2018\/10\/Artboard-1@2x.png\" \/>\n<meta name=\"twitter:card\" content=\"summary_large_image\" \/>\n<meta name=\"twitter:label1\" content=\"Tiempo de lectura\" \/>\n\t<meta name=\"twitter:data1\" content=\"1 minuto\" \/>\n<script type=\"application\/ld+json\" class=\"yoast-schema-graph\">{\"@context\":\"https:\\\/\\\/schema.org\",\"@graph\":[{\"@type\":\"WebPage\",\"@id\":\"https:\\\/\\\/mahaloukuleles.com\\\/ukulele-series\\\/laser-engraving-series\\\/\",\"url\":\"https:\\\/\\\/mahaloukuleles.com\\\/ukulele-series\\\/laser-engraving-series\\\/\",\"name\":\"Laser Engraving Series - Mahalo Ukuleles\",\"isPartOf\":{\"@id\":\"https:\\\/\\\/mahaloukuleles.com\\\/es\\\/#website\"},\"primaryImageOfPage\":{\"@id\":\"https:\\\/\\\/mahaloukuleles.com\\\/ukulele-series\\\/laser-engraving-series\\\/#primaryimage\"},\"image\":{\"@id\":\"https:\\\/\\\/mahaloukuleles.com\\\/ukulele-series\\\/laser-engraving-series\\\/#primaryimage\"},\"thumbnailUrl\":\"https:\\\/\\\/mahaloukuleles.com\\\/wp-content\\\/uploads\\\/2018\\\/10\\\/Artboard-1@2x.png\",\"datePublished\":\"2018-10-09T17:17:08+00:00\",\"dateModified\":\"2021-11-16T22:30:18+00:00\",\"description\":\"Traditional pineapple shaped body with laser engraved pineapple rind artwork and custom headstock. A great sounding ukulele with a deep, loud tone.\",\"breadcrumb\":{\"@id\":\"https:\\\/\\\/mahaloukuleles.com\\\/ukulele-series\\\/laser-engraving-series\\\/#breadcrumb\"},\"inLanguage\":\"es\",\"potentialAction\":[{\"@type\":\"ReadAction\",\"target\":[\"https:\\\/\\\/mahaloukuleles.com\\\/ukulele-series\\\/laser-engraving-series\\\/\"]}]},{\"@type\":\"ImageObject\",\"inLanguage\":\"es\",\"@id\":\"https:\\\/\\\/mahaloukuleles.com\\\/ukulele-series\\\/laser-engraving-series\\\/#primaryimage\",\"url\":\"https:\\\/\\\/mahaloukuleles.com\\\/wp-content\\\/uploads\\\/2018\\\/10\\\/Artboard-1@2x.png\",\"contentUrl\":\"https:\\\/\\\/mahaloukuleles.com\\\/wp-content\\\/uploads\\\/2018\\\/10\\\/Artboard-1@2x.png\"},{\"@type\":\"BreadcrumbList\",\"@id\":\"https:\\\/\\\/mahaloukuleles.com\\\/ukulele-series\\\/laser-engraving-series\\\/#breadcrumb\",\"itemListElement\":[{\"@type\":\"ListItem\",\"position\":1,\"name\":\"Home\",\"item\":\"https:\\\/\\\/mahaloukuleles.com\\\/\"},{\"@type\":\"ListItem\",\"position\":2,\"name\":\"Ukulele Series\",\"item\":\"https:\\\/\\\/mahaloukuleles.com\\\/ukulele-series\\\/\"},{\"@type\":\"ListItem\",\"position\":3,\"name\":\"Laser Engraving Series\"}]},{\"@type\":\"WebSite\",\"@id\":\"https:\\\/\\\/mahaloukuleles.com\\\/es\\\/#website\",\"url\":\"https:\\\/\\\/mahaloukuleles.com\\\/es\\\/\",\"name\":\"Mahalo Ukuleles\",\"description\":\"Mahalo Ukuleles\",\"publisher\":{\"@id\":\"https:\\\/\\\/mahaloukuleles.com\\\/es\\\/#organization\"},\"potentialAction\":[{\"@type\":\"SearchAction\",\"target\":{\"@type\":\"EntryPoint\",\"urlTemplate\":\"https:\\\/\\\/mahaloukuleles.com\\\/es\\\/?s={search_term_string}\"},\"query-input\":{\"@type\":\"PropertyValueSpecification\",\"valueRequired\":true,\"valueName\":\"search_term_string\"}}],\"inLanguage\":\"es\"},{\"@type\":\"Organization\",\"@id\":\"https:\\\/\\\/mahaloukuleles.com\\\/es\\\/#organization\",\"name\":\"Mahalo Ukuleles\",\"url\":\"https:\\\/\\\/mahaloukuleles.com\\\/es\\\/\",\"logo\":{\"@type\":\"ImageObject\",\"inLanguage\":\"es\",\"@id\":\"https:\\\/\\\/mahaloukuleles.com\\\/es\\\/#\\\/schema\\\/logo\\\/image\\\/\",\"url\":\"https:\\\/\\\/media.mahaloukuleles.com.au\\\/wp-content\\\/uploads\\\/2019\\\/02\\\/mahalo_LOGO_vector_s-1.jpg\",\"contentUrl\":\"https:\\\/\\\/media.mahaloukuleles.com.au\\\/wp-content\\\/uploads\\\/2019\\\/02\\\/mahalo_LOGO_vector_s-1.jpg\",\"width\":117,\"height\":60,\"caption\":\"Mahalo Ukuleles\"},\"image\":{\"@id\":\"https:\\\/\\\/mahaloukuleles.com\\\/es\\\/#\\\/schema\\\/logo\\\/image\\\/\"},\"sameAs\":[\"https:\\\/\\\/www.facebook.com\\\/mahaloukuleles\\\/?epa=SEARCH_BOX\"]}]}<\/script>\n<!-- \/ Yoast SEO plugin. -->","yoast_head_json":{"title":"Serie de grabado l\u00e1ser - Ukuleles Mahalo","description":"Traditional pineapple shaped body with laser engraved pineapple rind artwork and custom headstock. A great sounding ukulele with a deep, loud tone.","robots":{"index":"index","follow":"follow","max-snippet":"max-snippet:-1","max-image-preview":"max-image-preview:large","max-video-preview":"max-video-preview:-1"},"canonical":"https:\/\/mahaloukuleles.com\/es\/ukulele-series\/laser-engraving-series\/","og_locale":"es_ES","og_type":"article","og_title":"Laser Engraving Series - Mahalo Ukuleles","og_description":"Traditional pineapple shaped body with laser engraved pineapple rind artwork and custom headstock. A great sounding ukulele with a deep, loud tone.","og_url":"https:\/\/mahaloukuleles.com\/es\/ukulele-series\/laser-engraving-series\/","og_site_name":"Mahalo Ukuleles","article_publisher":"https:\/\/www.facebook.com\/mahaloukuleles\/?epa=SEARCH_BOX","article_modified_time":"2021-11-16T22:30:18+00:00","og_image":[{"url":"https:\/\/mahaloukuleles.com\/wp-content\/uploads\/2018\/10\/Artboard-1@2x.png","type":"","width":"","height":""}],"twitter_card":"summary_large_image","twitter_misc":{"Tiempo de lectura":"1 minuto"},"schema":{"@context":"https:\/\/schema.org","@graph":[{"@type":"WebPage","@id":"https:\/\/mahaloukuleles.com\/ukulele-series\/laser-engraving-series\/","url":"https:\/\/mahaloukuleles.com\/ukulele-series\/laser-engraving-series\/","name":"Serie de grabado l\u00e1ser - Ukuleles Mahalo","isPartOf":{"@id":"https:\/\/mahaloukuleles.com\/es\/#website"},"primaryImageOfPage":{"@id":"https:\/\/mahaloukuleles.com\/ukulele-series\/laser-engraving-series\/#primaryimage"},"image":{"@id":"https:\/\/mahaloukuleles.com\/ukulele-series\/laser-engraving-series\/#primaryimage"},"thumbnailUrl":"https:\/\/mahaloukuleles.com\/wp-content\/uploads\/2018\/10\/Artboard-1@2x.png","datePublished":"2018-10-09T17:17:08+00:00","dateModified":"2021-11-16T22:30:18+00:00","description":"Traditional pineapple shaped body with laser engraved pineapple rind artwork and custom headstock. A great sounding ukulele with a deep, loud tone.","breadcrumb":{"@id":"https:\/\/mahaloukuleles.com\/ukulele-series\/laser-engraving-series\/#breadcrumb"},"inLanguage":"es","potentialAction":[{"@type":"ReadAction","target":["https:\/\/mahaloukuleles.com\/ukulele-series\/laser-engraving-series\/"]}]},{"@type":"ImageObject","inLanguage":"es","@id":"https:\/\/mahaloukuleles.com\/ukulele-series\/laser-engraving-series\/#primaryimage","url":"https:\/\/mahaloukuleles.com\/wp-content\/uploads\/2018\/10\/Artboard-1@2x.png","contentUrl":"https:\/\/mahaloukuleles.com\/wp-content\/uploads\/2018\/10\/Artboard-1@2x.png"},{"@type":"BreadcrumbList","@id":"https:\/\/mahaloukuleles.com\/ukulele-series\/laser-engraving-series\/#breadcrumb","itemListElement":[{"@type":"ListItem","position":1,"name":"Home","item":"https:\/\/mahaloukuleles.com\/"},{"@type":"ListItem","position":2,"name":"Ukulele Series","item":"https:\/\/mahaloukuleles.com\/ukulele-series\/"},{"@type":"ListItem","position":3,"name":"Laser Engraving Series"}]},{"@type":"WebSite","@id":"https:\/\/mahaloukuleles.com\/es\/#website","url":"https:\/\/mahaloukuleles.com\/es\/","name":"Mahalo Ukuleles","description":"Mahalo Ukuleles","publisher":{"@id":"https:\/\/mahaloukuleles.com\/es\/#organization"},"potentialAction":[{"@type":"SearchAction","target":{"@type":"EntryPoint","urlTemplate":"https:\/\/mahaloukuleles.com\/es\/?s={search_term_string}"},"query-input":{"@type":"PropertyValueSpecification","valueRequired":true,"valueName":"search_term_string"}}],"inLanguage":"es"},{"@type":"Organization","@id":"https:\/\/mahaloukuleles.com\/es\/#organization","name":"Mahalo Ukuleles","url":"https:\/\/mahaloukuleles.com\/es\/","logo":{"@type":"ImageObject","inLanguage":"es","@id":"https:\/\/mahaloukuleles.com\/es\/#\/schema\/logo\/image\/","url":"https:\/\/media.mahaloukuleles.com.au\/wp-content\/uploads\/2019\/02\/mahalo_LOGO_vector_s-1.jpg","contentUrl":"https:\/\/media.mahaloukuleles.com.au\/wp-content\/uploads\/2019\/02\/mahalo_LOGO_vector_s-1.jpg","width":117,"height":60,"caption":"Mahalo Ukuleles"},"image":{"@id":"https:\/\/mahaloukuleles.com\/es\/#\/schema\/logo\/image\/"},"sameAs":["https:\/\/www.facebook.com\/mahaloukuleles\/?epa=SEARCH_BOX"]}]}},"_links":{"self":[{"href":"https:\/\/mahaloukuleles.com\/es\/wp-json\/wp\/v2\/pages\/3311","targetHints":{"allow":["GET"]}}],"collection":[{"href":"https:\/\/mahaloukuleles.com\/es\/wp-json\/wp\/v2\/pages"}],"about":[{"href":"https:\/\/mahaloukuleles.com\/es\/wp-json\/wp\/v2\/types\/page"}],"author":[{"embeddable":true,"href":"https:\/\/mahaloukuleles.com\/es\/wp-json\/wp\/v2\/users\/1"}],"replies":[{"embeddable":true,"href":"https:\/\/mahaloukuleles.com\/es\/wp-json\/wp\/v2\/comments?post=3311"}],"version-history":[{"count":0,"href":"https:\/\/mahaloukuleles.com\/es\/wp-json\/wp\/v2\/pages\/3311\/revisions"}],"up":[{"embeddable":true,"href":"https:\/\/mahaloukuleles.com\/es\/wp-json\/wp\/v2\/pages\/2780"}],"wp:attachment":[{"href":"https:\/\/mahaloukuleles.com\/es\/wp-json\/wp\/v2\/media?parent=3311"}],"curies":[{"name":"wp","href":"https:\/\/api.w.org\/{rel}","templated":true}]}}