{"id":3810,"date":"2018-10-17T00:22:11","date_gmt":"2018-10-16T14:22:11","guid":{"rendered":"http:\/\/mahaloukuleles.com\/?page_id=3810"},"modified":"2023-03-06T11:11:55","modified_gmt":"2023-03-06T01:11:55","slug":"hano-series-concert-wide-neck","status":"publish","type":"page","link":"https:\/\/mahaloukuleles.com\/es\/ukulele-series\/hano-series\/hano-series-concert-wide-neck\/","title":{"rendered":"Serie Hano - Concierto - Cuello ancho"},"content":{"rendered":"<div id=\"pl-3810\"  class=\"panel-layout\" ><div id=\"pg-3810-0\"  class=\"panel-grid panel-has-style\" ><div class=\"panel-row-style panel-row-style-for-3810-0\" ><div id=\"pgc-3810-0-0\"  class=\"panel-grid-cell\" ><div id=\"panel-3810-0-0-0\" class=\"so-panel widget widget_sow-headline panel-first-child\" data-index=\"0\" ><div\n\t\t\t\n\t\t\tclass=\"so-widget-sow-headline so-widget-sow-headline-default-1abe242f776b-3810\"\n\t\t\t\n\t\t><div class=\"sow-headline-container\">\n\t\t\t\t\t\t\t<p class=\"sow-headline\">\n\t\t\t\t\t\tFabricado seg\u00fan nuestros estrictos est\u00e1ndares, la serie Mahalo Hano se destaca en su clase como un instrumento de nivel de entrada para nuevos jugadores o para jugadores experimentados que desean agregar un ukelele asequible y de alta calidad a su colecci\u00f3n. Con distintivos acabados de alto brillo, transparentes, cabezales de m\u00e1quina ba\u00f1ados en oro junto con monturas de puente Graph Tech NuBone XB y cuerdas Aquila Super Nylgut, estos instrumentos representan una excelente relaci\u00f3n calidad-precio.\t\t\t\t\t\t<\/p>\n\t\t\t\t\t\t<\/div>\n<\/div><\/div><div id=\"panel-3810-0-0-1\" class=\"so-panel widget widget_sow-headline\" data-index=\"1\" ><div\n\t\t\t\n\t\t\tclass=\"so-widget-sow-headline so-widget-sow-headline-default-095fb2aff245-3810 so-widget-fittext-wrapper\"\n\t\t\t data-fit-text-compressor=\"0\"\n\t\t><div class=\"sow-headline-container\">\n\t\t\t\t\t\t\t<h3 class=\"sow-headline\">\n\t\t\t\t\t\tCUELLO ANCHO\t\t\t\t\t\t<\/h3>\n\t\t\t\t\t\t\t\t\t\t\t<div class=\"decoration\">\n\t\t\t\t\t\t<div class=\"decoration-inside\"><\/div>\n\t\t\t\t\t<\/div>\n\t\t\t\t\t\t\t\t\t\t\t<h6 class=\"sow-sub-headline\">\n\t\t\t\t\t\tLos jugadores adultos (o aquellos con dedos m\u00e1s gruesos) disfrutar\u00e1n del ancho adicional y la comodidad de juego de los modelos de cuello ancho de 40 mm. La ejecuci\u00f3n de acordes y los dedos complicados son m\u00e1s f\u00e1ciles de lograr como resultado del espacio adicional en el diapas\u00f3n.\t\t\t\t\t\t<\/h6>\n\t\t\t\t\t\t<\/div>\n<\/div><\/div><div id=\"panel-3810-0-0-2\" class=\"so-panel widget widget_sow-editor\" data-index=\"2\" ><div\n\t\t\t\n\t\t\tclass=\"so-widget-sow-editor so-widget-sow-editor-base\"\n\t\t\t\n\t\t><h3 class=\"widget-title\">PRESUPUESTO:<\/h3>\n<div class=\"siteorigin-widget-tinymce textwidget\">\n\t<table id=\"tablepress-15\" class=\"tablepress tablepress-id-15\">\n<tbody class=\"row-striping row-hover\">\n<tr class=\"row-1\">\n<td class=\"column-1\">CUERPO<\/td>\n<td class=\"column-2\">Sengon with Arched back<\/td>\n<\/tr>\n<tr class=\"row-2\">\n<td class=\"column-1\">CUELLO<\/td>\n<td class=\"column-2\">Jabon<\/td>\n<\/tr>\n<tr class=\"row-3\">\n<td class=\"column-1\">DIAPAS\u00d3N<\/td>\n<td class=\"column-2\">Caoba<\/td>\n<\/tr>\n<tr class=\"row-4\">\n<td class=\"column-1\">PUENTE<\/td>\n<td class=\"column-2\">Palo de rosa<\/td>\n<\/tr>\n<tr class=\"row-5\">\n<td class=\"column-1\">LIBERTAS<\/td>\n<td class=\"column-2\">16, n\u00edquel<\/td>\n<\/tr>\n<tr class=\"row-6\">\n<td class=\"column-1\">CABEZAS DE MAQUINA<\/td>\n<td class=\"column-2\">Vintage, chapado en oro<\/td>\n<\/tr>\n<tr class=\"row-7\">\n<td class=\"column-1\">INSTRUMENTOS DE CUERDA<\/td>\n<td class=\"column-2\">Aquila Super Nylgut<\/td>\n<\/tr>\n<tr class=\"row-8\">\n<td class=\"column-1\">ENSILLAR<\/td>\n<td class=\"column-2\">Graph Tech NuBone XB<\/td>\n<\/tr>\n<tr class=\"row-9\">\n<td class=\"column-1\">NUEZ<\/td>\n<td class=\"column-2\">Modelo de cuello ancho - 40mm<\/td>\n<\/tr>\n<tr class=\"row-10\">\n<td class=\"column-1\">LONGITUD DE LA ESCALA<\/td>\n<td class=\"column-2\">Concierto - 379mm<\/td>\n<\/tr>\n<tr class=\"row-11\">\n<td class=\"column-1\">TERMINAR<\/td>\n<td class=\"column-2\">Alto brillo<\/td>\n<\/tr>\n<tr class=\"row-12\">\n<td class=\"column-1\"><b>Con bolsa de transporte<b\/><\/td>\n<td class=\"column-2\"><\/td>\n<\/tr>\n<\/tbody>\n<\/table>\n<p><!-- #tablepress-15 from cache --><\/p>\n<\/div>\n<\/div><\/div><div id=\"panel-3810-0-0-3\" class=\"so-panel widget widget_sow-editor\" data-index=\"3\" ><div\n\t\t\t\n\t\t\tclass=\"so-widget-sow-editor so-widget-sow-editor-base\"\n\t\t\t\n\t\t><h3 class=\"widget-title\">Disponible en el siguiente color:<\/h3>\n<div class=\"siteorigin-widget-tinymce textwidget\">\n\t<table id=\"tablepress-20\" class=\"tablepress tablepress-id-20\">\n<tbody class=\"row-striping row-hover\">\n<tr class=\"row-1\">\n<td class=\"column-1\">MH2WVNA<\/td>\n<td class=\"column-2\">CUELLO ANCHO, Vintage Natural <\/td>\n<\/tr>\n<tr class=\"row-2\">\n<td class=\"column-1\">MH2WTBK<\/td>\n<td class=\"column-2\">CUELLO ANCHO, Negro Transparente <\/td>\n<\/tr>\n<\/tbody>\n<\/table>\n<p><!-- #tablepress-20 from cache --><\/p>\n<\/div>\n<\/div><\/div><div id=\"panel-3810-0-0-4\" class=\"so-panel widget widget_sow-button panel-last-child\" data-index=\"4\" ><div\n\t\t\t\n\t\t\tclass=\"so-widget-sow-button so-widget-sow-button-wire-94b32f3a93cc-3810\"\n\t\t\t\n\t\t><div class=\"ow-button-base ow-button-align-left\"\n>\n\t\t\t<a\n\t\t\t\t\thref=\"https:\/\/mahaloukuleles.com\/es\/ukulele-series\/hano-series\/\"\n\t\t\t\t\tclass=\"sowb-button ow-icon-placement-left ow-button-hover\" \t>\n\t\t<span>\n\t\t\t<span class=\"sow-icon-fontawesome sow-far\" data-sow-icon=\"&#xf0fe;\"\n\t\tstyle=\"\" \n\t\taria-hidden=\"true\"><\/span>\n\t\t\tM\u00c1S HANO UKULELES\t\t<\/span>\n\t\t\t<\/a>\n\t<\/div>\n<\/div><\/div><\/div><div id=\"pgc-3810-0-1\"  class=\"panel-grid-cell\" ><div id=\"panel-3810-0-1-0\" class=\"so-panel widget widget_sow-editor panel-first-child panel-last-child\" data-index=\"5\" ><div\n\t\t\t\n\t\t\tclass=\"so-widget-sow-editor so-widget-sow-editor-base\"\n\t\t\t\n\t\t>\n<div class=\"siteorigin-widget-tinymce textwidget\">\n\t<div id=\"metaslider-id-3777\" style=\"max-width: 640px;\" class=\"ml-slider-3-107-0 metaslider metaslider-flex metaslider-3777 ml-slider has-dots-nav ms-theme-default\" role=\"region\" aria-label=\"Hano \u2013 Concert \u2013 Wide Neck\" data-height=\"1600\" data-width=\"640\">\n<div id=\"metaslider_container_3777\">\n<div id=\"metaslider_3777\">\n<ul class='slides'>\n<li style=\"display: block; width: 100%;\" class=\"slide-16408 ms-image\" aria-roledescription=\"slide\" data-date=\"2023-03-06 10:55:10\" data-filename=\"MH2WVNA_right.jpg\" data-slide-type=\"image\"><img fetchpriority=\"high\" decoding=\"async\" src=\"https:\/\/mahaloukuleles.com\/wp-content\/uploads\/2023\/03\/MH2WVNA_right.jpg\" height=\"1600\" width=\"640\" alt=\"\" class=\"slider-3777 slide-16408 msDefaultImage\" title=\"MH2WVNA_right\" \/><\/li>\n<li style=\"display: none; width: 100%;\" class=\"slide-16409 ms-image\" aria-roledescription=\"slide\" data-date=\"2023-03-06 10:55:10\" data-filename=\"MH2WTBK_right.jpg\" data-slide-type=\"image\"><img decoding=\"async\" src=\"https:\/\/mahaloukuleles.com\/wp-content\/uploads\/2023\/03\/MH2WTBK_right.jpg\" height=\"1600\" width=\"640\" alt=\"\" class=\"slider-3777 slide-16409 msDefaultImage\" title=\"MH2WTBK_right\" \/><\/li>\n<\/ul><\/div>\n<\/p><\/div>\n<\/div>\n<\/div>\n<\/div><\/div><\/div><div id=\"pgc-3810-0-2\"  class=\"panel-grid-cell\" ><div id=\"panel-3810-0-2-0\" class=\"so-panel widget widget_sow-image panel-first-child\" data-index=\"6\" ><div class=\"zoooom panel-widget-style panel-widget-style-for-3810-0-2-0\" ><div\n\t\t\t\n\t\t\tclass=\"so-widget-sow-image so-widget-sow-image-default-e4c2d9f6c920-3810\"\n\t\t\t\n\t\t>\n<div class=\"sow-image-container\">\n\t\t<img \n\tsrc=\"https:\/\/mahaloukuleles.com\/wp-content\/uploads\/2023\/03\/MH2WVNA_front.jpg\" width=\"640\" height=\"1600\" srcset=\"https:\/\/mahaloukuleles.com\/wp-content\/uploads\/2023\/03\/MH2WVNA_front.jpg 640w, https:\/\/mahaloukuleles.com\/wp-content\/uploads\/2023\/03\/MH2WVNA_front-120x300.jpg 120w, https:\/\/mahaloukuleles.com\/wp-content\/uploads\/2023\/03\/MH2WVNA_front-410x1024.jpg 410w, https:\/\/mahaloukuleles.com\/wp-content\/uploads\/2023\/03\/MH2WVNA_front-614x1536.jpg 614w, https:\/\/mahaloukuleles.com\/wp-content\/uploads\/2023\/03\/MH2WVNA_front-5x12.jpg 5w\" sizes=\"(max-width: 640px) 100vw, 640px\" alt=\"\" \t\tclass=\"so-widget-image\"\/>\n\t<\/div>\n\n<\/div><\/div><\/div><div id=\"panel-3810-0-2-1\" class=\"so-panel widget widget_sow-image\" data-index=\"7\" ><div class=\"zoooom panel-widget-style panel-widget-style-for-3810-0-2-1\" ><div\n\t\t\t\n\t\t\tclass=\"so-widget-sow-image so-widget-sow-image-default-e4c2d9f6c920-3810\"\n\t\t\t\n\t\t>\n<div class=\"sow-image-container\">\n\t\t<img loading=\"lazy\" \n\tsrc=\"https:\/\/mahaloukuleles.com\/wp-content\/uploads\/2023\/03\/MH2WVNA_back.jpg\" width=\"640\" height=\"1600\" srcset=\"https:\/\/mahaloukuleles.com\/wp-content\/uploads\/2023\/03\/MH2WVNA_back.jpg 640w, https:\/\/mahaloukuleles.com\/wp-content\/uploads\/2023\/03\/MH2WVNA_back-120x300.jpg 120w, https:\/\/mahaloukuleles.com\/wp-content\/uploads\/2023\/03\/MH2WVNA_back-410x1024.jpg 410w, https:\/\/mahaloukuleles.com\/wp-content\/uploads\/2023\/03\/MH2WVNA_back-614x1536.jpg 614w, https:\/\/mahaloukuleles.com\/wp-content\/uploads\/2023\/03\/MH2WVNA_back-5x12.jpg 5w\" sizes=\"(max-width: 640px) 100vw, 640px\" alt=\"\" \t\tclass=\"so-widget-image\"\/>\n\t<\/div>\n\n<\/div><\/div><\/div><div id=\"panel-3810-0-2-2\" class=\"so-panel widget widget_sow-image panel-last-child\" data-index=\"8\" ><div class=\"zoooom panel-widget-style panel-widget-style-for-3810-0-2-2\" ><div\n\t\t\t\n\t\t\tclass=\"so-widget-sow-image so-widget-sow-image-default-e4c2d9f6c920-3810\"\n\t\t\t\n\t\t>\n<div class=\"sow-image-container\">\n\t\t<img loading=\"lazy\" \n\tsrc=\"https:\/\/mahaloukuleles.com\/wp-content\/uploads\/2023\/03\/MH2WVNA_left.jpg\" width=\"640\" height=\"1600\" srcset=\"https:\/\/mahaloukuleles.com\/wp-content\/uploads\/2023\/03\/MH2WVNA_left.jpg 640w, https:\/\/mahaloukuleles.com\/wp-content\/uploads\/2023\/03\/MH2WVNA_left-120x300.jpg 120w, https:\/\/mahaloukuleles.com\/wp-content\/uploads\/2023\/03\/MH2WVNA_left-410x1024.jpg 410w, https:\/\/mahaloukuleles.com\/wp-content\/uploads\/2023\/03\/MH2WVNA_left-614x1536.jpg 614w, https:\/\/mahaloukuleles.com\/wp-content\/uploads\/2023\/03\/MH2WVNA_left-5x12.jpg 5w\" sizes=\"(max-width: 640px) 100vw, 640px\" alt=\"\" \t\tclass=\"so-widget-image\"\/>\n\t<\/div>\n\n<\/div><\/div><\/div><\/div><\/div><\/div><div id=\"pg-3810-1\"  class=\"panel-grid panel-has-style\" ><div class=\"so-parallax siteorigin-panels-stretch panel-row-style panel-row-style-for-3810-1\" data-stretch-type=\"full-stretched\" ><img decoding=\"async\" width=\"2218\" height=\"749\" src=\"https:\/\/mahaloukuleles.com\/wp-content\/uploads\/2018\/10\/Artboard-1@2x.png\" class=\"attachment-full size-full\" alt=\"\" data-siteorigin-parallax=\"true\" loading=\"eager\" srcset=\"https:\/\/mahaloukuleles.com\/wp-content\/uploads\/2018\/10\/Artboard-1@2x.png 2218w, https:\/\/mahaloukuleles.com\/wp-content\/uploads\/2018\/10\/Artboard-1@2x-300x101.png 300w, https:\/\/mahaloukuleles.com\/wp-content\/uploads\/2018\/10\/Artboard-1@2x-768x259.png 768w, https:\/\/mahaloukuleles.com\/wp-content\/uploads\/2018\/10\/Artboard-1@2x-1024x346.png 1024w, https:\/\/mahaloukuleles.com\/wp-content\/uploads\/2018\/10\/Artboard-1@2x-500x169.png 500w\" sizes=\"(max-width: 2218px) 100vw, 2218px\" \/><div id=\"pgc-3810-1-0\"  class=\"panel-grid-cell panel-grid-cell-empty\" ><\/div><div id=\"pgc-3810-1-1\"  class=\"panel-grid-cell\" ><div id=\"panel-3810-1-1-0\" class=\"so-panel widget widget_sow-headline panel-first-child\" data-index=\"9\" ><div class=\"panel-widget-style panel-widget-style-for-3810-1-1-0\" ><div\n\t\t\t\n\t\t\tclass=\"so-widget-sow-headline so-widget-sow-headline-default-760918531f40-3810 so-widget-fittext-wrapper\"\n\t\t\t data-fit-text-compressor=\"0.85\"\n\t\t><div class=\"sow-headline-container\">\n\t\t\t\t\t\t\t<h1 class=\"sow-headline\">\n\t\t\t\t\t\tFabricado seg\u00fan nuestros estrictos est\u00e1ndares, la serie Mahalo Hano se destaca en su clase.\t\t\t\t\t\t<\/h1>\n\t\t\t\t\t\t<\/div>\n<\/div><\/div><\/div><div id=\"panel-3810-1-1-1\" class=\"so-panel widget widget_sow-button panel-last-child\" data-index=\"10\" ><div class=\"panel-widget-style panel-widget-style-for-3810-1-1-1\" ><div\n\t\t\t\n\t\t\tclass=\"so-widget-sow-button so-widget-sow-button-wire-e77a6bb2f370-3810\"\n\t\t\t\n\t\t><div class=\"ow-button-base ow-button-align-left\"\n>\n\t\t\t<a\n\t\t\t\t\thref=\"https:\/\/mahaloukuleles.com\/es\/?page_id=2193\"\n\t\t\t\t\tclass=\"sowb-button ow-icon-placement-left ow-button-hover\" \t>\n\t\t<span>\n\t\t\t<span class=\"sow-icon-fontawesome sow-fas\" data-sow-icon=\"&#xf041;\"\n\t\tstyle=\"\" \n\t\taria-hidden=\"true\"><\/span>\n\t\t\tENCUENTRA UN DISTRIBUIDOR\t\t<\/span>\n\t\t\t<\/a>\n\t<\/div>\n<\/div><\/div><\/div><\/div><\/div><\/div><\/div>","protected":false},"excerpt":{"rendered":"<p>Manufactured to our exacting standards the Mahalo Hano Series stands out in its class as an entry level instrument for new players or for seasoned players wanting to add an affordable, high-quality ukulele to their collection. Featuring distinctive high-gloss, transparent finishes, gold plated machine heads along with Graph Tech NuBone XB bridge saddles and Aquila [&hellip;]<\/p>\n","protected":false},"author":1,"featured_media":0,"parent":3731,"menu_order":0,"comment_status":"closed","ping_status":"closed","template":"","meta":{"two_page_speed":[],"footnotes":""},"class_list":["post-3810","page","type-page","status-publish","hentry"],"yoast_head":"<!-- This site is optimized with the Yoast SEO plugin v27.3 - https:\/\/yoast.com\/product\/yoast-seo-wordpress\/ -->\n<title>Hano Series \u2013 Concert \u2013 Wide Neck - Mahalo Ukuleles<\/title>\n<meta name=\"description\" content=\"Entry level instrument for new players or for seasoned players wanting an affordable, high-quality ukulele to their collection.\" \/>\n<meta name=\"robots\" content=\"index, follow, max-snippet:-1, max-image-preview:large, max-video-preview:-1\" \/>\n<link rel=\"canonical\" href=\"https:\/\/mahaloukuleles.com\/es\/ukulele-series\/hano-series\/hano-series-concert-wide-neck\/\" \/>\n<meta property=\"og:locale\" content=\"es_ES\" \/>\n<meta property=\"og:type\" content=\"article\" \/>\n<meta property=\"og:title\" content=\"Hano Series \u2013 Concert \u2013 Wide Neck - Mahalo Ukuleles\" \/>\n<meta property=\"og:description\" content=\"Entry level instrument for new players or for seasoned players wanting an affordable, high-quality ukulele to their collection.\" \/>\n<meta property=\"og:url\" content=\"https:\/\/mahaloukuleles.com\/es\/ukulele-series\/hano-series\/hano-series-concert-wide-neck\/\" \/>\n<meta property=\"og:site_name\" content=\"Mahalo Ukuleles\" \/>\n<meta property=\"article:publisher\" content=\"https:\/\/www.facebook.com\/mahaloukuleles\/?epa=SEARCH_BOX\" \/>\n<meta property=\"article:modified_time\" content=\"2023-03-06T01:11:55+00:00\" \/>\n<meta property=\"og:image\" content=\"https:\/\/mahaloukuleles.com\/wp-content\/uploads\/2018\/10\/Artboard-1@2x.png\" \/>\n<meta name=\"twitter:card\" content=\"summary_large_image\" \/>\n<meta name=\"twitter:label1\" content=\"Tiempo de lectura\" \/>\n\t<meta name=\"twitter:data1\" content=\"1 minuto\" \/>\n<script type=\"application\/ld+json\" class=\"yoast-schema-graph\">{\"@context\":\"https:\\\/\\\/schema.org\",\"@graph\":[{\"@type\":\"WebPage\",\"@id\":\"https:\\\/\\\/mahaloukuleles.com\\\/ukulele-series\\\/hano-series\\\/hano-series-concert-wide-neck\\\/\",\"url\":\"https:\\\/\\\/mahaloukuleles.com\\\/ukulele-series\\\/hano-series\\\/hano-series-concert-wide-neck\\\/\",\"name\":\"Hano Series \u2013 Concert \u2013 Wide Neck - Mahalo Ukuleles\",\"isPartOf\":{\"@id\":\"https:\\\/\\\/mahaloukuleles.com\\\/es\\\/#website\"},\"primaryImageOfPage\":{\"@id\":\"https:\\\/\\\/mahaloukuleles.com\\\/ukulele-series\\\/hano-series\\\/hano-series-concert-wide-neck\\\/#primaryimage\"},\"image\":{\"@id\":\"https:\\\/\\\/mahaloukuleles.com\\\/ukulele-series\\\/hano-series\\\/hano-series-concert-wide-neck\\\/#primaryimage\"},\"thumbnailUrl\":\"https:\\\/\\\/mahaloukuleles.com\\\/wp-content\\\/uploads\\\/2018\\\/10\\\/Artboard-1@2x.png\",\"datePublished\":\"2018-10-16T14:22:11+00:00\",\"dateModified\":\"2023-03-06T01:11:55+00:00\",\"description\":\"Entry level instrument for new players or for seasoned players wanting an affordable, high-quality ukulele to their collection.\",\"breadcrumb\":{\"@id\":\"https:\\\/\\\/mahaloukuleles.com\\\/ukulele-series\\\/hano-series\\\/hano-series-concert-wide-neck\\\/#breadcrumb\"},\"inLanguage\":\"es\",\"potentialAction\":[{\"@type\":\"ReadAction\",\"target\":[\"https:\\\/\\\/mahaloukuleles.com\\\/ukulele-series\\\/hano-series\\\/hano-series-concert-wide-neck\\\/\"]}]},{\"@type\":\"ImageObject\",\"inLanguage\":\"es\",\"@id\":\"https:\\\/\\\/mahaloukuleles.com\\\/ukulele-series\\\/hano-series\\\/hano-series-concert-wide-neck\\\/#primaryimage\",\"url\":\"https:\\\/\\\/mahaloukuleles.com\\\/wp-content\\\/uploads\\\/2018\\\/10\\\/Artboard-1@2x.png\",\"contentUrl\":\"https:\\\/\\\/mahaloukuleles.com\\\/wp-content\\\/uploads\\\/2018\\\/10\\\/Artboard-1@2x.png\"},{\"@type\":\"BreadcrumbList\",\"@id\":\"https:\\\/\\\/mahaloukuleles.com\\\/ukulele-series\\\/hano-series\\\/hano-series-concert-wide-neck\\\/#breadcrumb\",\"itemListElement\":[{\"@type\":\"ListItem\",\"position\":1,\"name\":\"Home\",\"item\":\"https:\\\/\\\/mahaloukuleles.com\\\/\"},{\"@type\":\"ListItem\",\"position\":2,\"name\":\"Ukulele Series\",\"item\":\"https:\\\/\\\/mahaloukuleles.com\\\/ukulele-series\\\/\"},{\"@type\":\"ListItem\",\"position\":3,\"name\":\"Hano Series\",\"item\":\"https:\\\/\\\/mahaloukuleles.com\\\/ukulele-series\\\/hano-series\\\/\"},{\"@type\":\"ListItem\",\"position\":4,\"name\":\"Hano Series \u2013 Concert \u2013 Wide Neck\"}]},{\"@type\":\"WebSite\",\"@id\":\"https:\\\/\\\/mahaloukuleles.com\\\/es\\\/#website\",\"url\":\"https:\\\/\\\/mahaloukuleles.com\\\/es\\\/\",\"name\":\"Mahalo Ukuleles\",\"description\":\"Mahalo Ukuleles\",\"publisher\":{\"@id\":\"https:\\\/\\\/mahaloukuleles.com\\\/es\\\/#organization\"},\"potentialAction\":[{\"@type\":\"SearchAction\",\"target\":{\"@type\":\"EntryPoint\",\"urlTemplate\":\"https:\\\/\\\/mahaloukuleles.com\\\/es\\\/?s={search_term_string}\"},\"query-input\":{\"@type\":\"PropertyValueSpecification\",\"valueRequired\":true,\"valueName\":\"search_term_string\"}}],\"inLanguage\":\"es\"},{\"@type\":\"Organization\",\"@id\":\"https:\\\/\\\/mahaloukuleles.com\\\/es\\\/#organization\",\"name\":\"Mahalo Ukuleles\",\"url\":\"https:\\\/\\\/mahaloukuleles.com\\\/es\\\/\",\"logo\":{\"@type\":\"ImageObject\",\"inLanguage\":\"es\",\"@id\":\"https:\\\/\\\/mahaloukuleles.com\\\/es\\\/#\\\/schema\\\/logo\\\/image\\\/\",\"url\":\"https:\\\/\\\/media.mahaloukuleles.com.au\\\/wp-content\\\/uploads\\\/2019\\\/02\\\/mahalo_LOGO_vector_s-1.jpg\",\"contentUrl\":\"https:\\\/\\\/media.mahaloukuleles.com.au\\\/wp-content\\\/uploads\\\/2019\\\/02\\\/mahalo_LOGO_vector_s-1.jpg\",\"width\":117,\"height\":60,\"caption\":\"Mahalo Ukuleles\"},\"image\":{\"@id\":\"https:\\\/\\\/mahaloukuleles.com\\\/es\\\/#\\\/schema\\\/logo\\\/image\\\/\"},\"sameAs\":[\"https:\\\/\\\/www.facebook.com\\\/mahaloukuleles\\\/?epa=SEARCH_BOX\"]}]}<\/script>\n<!-- \/ Yoast SEO plugin. -->","yoast_head_json":{"title":"Serie Hano - Concierto - Cuello ancho - Mahalo Ukuleles","description":"Instrumento de nivel de entrada para nuevos jugadores o para jugadores experimentados que desean un ukelele asequible y de alta calidad para su colecci\u00f3n.","robots":{"index":"index","follow":"follow","max-snippet":"max-snippet:-1","max-image-preview":"max-image-preview:large","max-video-preview":"max-video-preview:-1"},"canonical":"https:\/\/mahaloukuleles.com\/es\/ukulele-series\/hano-series\/hano-series-concert-wide-neck\/","og_locale":"es_ES","og_type":"article","og_title":"Hano Series \u2013 Concert \u2013 Wide Neck - Mahalo Ukuleles","og_description":"Entry level instrument for new players or for seasoned players wanting an affordable, high-quality ukulele to their collection.","og_url":"https:\/\/mahaloukuleles.com\/es\/ukulele-series\/hano-series\/hano-series-concert-wide-neck\/","og_site_name":"Mahalo Ukuleles","article_publisher":"https:\/\/www.facebook.com\/mahaloukuleles\/?epa=SEARCH_BOX","article_modified_time":"2023-03-06T01:11:55+00:00","og_image":[{"url":"https:\/\/mahaloukuleles.com\/wp-content\/uploads\/2018\/10\/Artboard-1@2x.png","type":"","width":"","height":""}],"twitter_card":"summary_large_image","twitter_misc":{"Tiempo de lectura":"1 minuto"},"schema":{"@context":"https:\/\/schema.org","@graph":[{"@type":"WebPage","@id":"https:\/\/mahaloukuleles.com\/ukulele-series\/hano-series\/hano-series-concert-wide-neck\/","url":"https:\/\/mahaloukuleles.com\/ukulele-series\/hano-series\/hano-series-concert-wide-neck\/","name":"Serie Hano - Concierto - Cuello ancho - Mahalo Ukuleles","isPartOf":{"@id":"https:\/\/mahaloukuleles.com\/es\/#website"},"primaryImageOfPage":{"@id":"https:\/\/mahaloukuleles.com\/ukulele-series\/hano-series\/hano-series-concert-wide-neck\/#primaryimage"},"image":{"@id":"https:\/\/mahaloukuleles.com\/ukulele-series\/hano-series\/hano-series-concert-wide-neck\/#primaryimage"},"thumbnailUrl":"https:\/\/mahaloukuleles.com\/wp-content\/uploads\/2018\/10\/Artboard-1@2x.png","datePublished":"2018-10-16T14:22:11+00:00","dateModified":"2023-03-06T01:11:55+00:00","description":"Instrumento de nivel de entrada para nuevos jugadores o para jugadores experimentados que desean un ukelele asequible y de alta calidad para su colecci\u00f3n.","breadcrumb":{"@id":"https:\/\/mahaloukuleles.com\/ukulele-series\/hano-series\/hano-series-concert-wide-neck\/#breadcrumb"},"inLanguage":"es","potentialAction":[{"@type":"ReadAction","target":["https:\/\/mahaloukuleles.com\/ukulele-series\/hano-series\/hano-series-concert-wide-neck\/"]}]},{"@type":"ImageObject","inLanguage":"es","@id":"https:\/\/mahaloukuleles.com\/ukulele-series\/hano-series\/hano-series-concert-wide-neck\/#primaryimage","url":"https:\/\/mahaloukuleles.com\/wp-content\/uploads\/2018\/10\/Artboard-1@2x.png","contentUrl":"https:\/\/mahaloukuleles.com\/wp-content\/uploads\/2018\/10\/Artboard-1@2x.png"},{"@type":"BreadcrumbList","@id":"https:\/\/mahaloukuleles.com\/ukulele-series\/hano-series\/hano-series-concert-wide-neck\/#breadcrumb","itemListElement":[{"@type":"ListItem","position":1,"name":"Home","item":"https:\/\/mahaloukuleles.com\/"},{"@type":"ListItem","position":2,"name":"Ukulele Series","item":"https:\/\/mahaloukuleles.com\/ukulele-series\/"},{"@type":"ListItem","position":3,"name":"Hano Series","item":"https:\/\/mahaloukuleles.com\/ukulele-series\/hano-series\/"},{"@type":"ListItem","position":4,"name":"Hano Series \u2013 Concert \u2013 Wide Neck"}]},{"@type":"WebSite","@id":"https:\/\/mahaloukuleles.com\/es\/#website","url":"https:\/\/mahaloukuleles.com\/es\/","name":"Mahalo Ukuleles","description":"Mahalo Ukuleles","publisher":{"@id":"https:\/\/mahaloukuleles.com\/es\/#organization"},"potentialAction":[{"@type":"SearchAction","target":{"@type":"EntryPoint","urlTemplate":"https:\/\/mahaloukuleles.com\/es\/?s={search_term_string}"},"query-input":{"@type":"PropertyValueSpecification","valueRequired":true,"valueName":"search_term_string"}}],"inLanguage":"es"},{"@type":"Organization","@id":"https:\/\/mahaloukuleles.com\/es\/#organization","name":"Mahalo Ukuleles","url":"https:\/\/mahaloukuleles.com\/es\/","logo":{"@type":"ImageObject","inLanguage":"es","@id":"https:\/\/mahaloukuleles.com\/es\/#\/schema\/logo\/image\/","url":"https:\/\/media.mahaloukuleles.com.au\/wp-content\/uploads\/2019\/02\/mahalo_LOGO_vector_s-1.jpg","contentUrl":"https:\/\/media.mahaloukuleles.com.au\/wp-content\/uploads\/2019\/02\/mahalo_LOGO_vector_s-1.jpg","width":117,"height":60,"caption":"Mahalo Ukuleles"},"image":{"@id":"https:\/\/mahaloukuleles.com\/es\/#\/schema\/logo\/image\/"},"sameAs":["https:\/\/www.facebook.com\/mahaloukuleles\/?epa=SEARCH_BOX"]}]}},"_links":{"self":[{"href":"https:\/\/mahaloukuleles.com\/es\/wp-json\/wp\/v2\/pages\/3810","targetHints":{"allow":["GET"]}}],"collection":[{"href":"https:\/\/mahaloukuleles.com\/es\/wp-json\/wp\/v2\/pages"}],"about":[{"href":"https:\/\/mahaloukuleles.com\/es\/wp-json\/wp\/v2\/types\/page"}],"author":[{"embeddable":true,"href":"https:\/\/mahaloukuleles.com\/es\/wp-json\/wp\/v2\/users\/1"}],"replies":[{"embeddable":true,"href":"https:\/\/mahaloukuleles.com\/es\/wp-json\/wp\/v2\/comments?post=3810"}],"version-history":[{"count":0,"href":"https:\/\/mahaloukuleles.com\/es\/wp-json\/wp\/v2\/pages\/3810\/revisions"}],"up":[{"embeddable":true,"href":"https:\/\/mahaloukuleles.com\/es\/wp-json\/wp\/v2\/pages\/3731"}],"wp:attachment":[{"href":"https:\/\/mahaloukuleles.com\/es\/wp-json\/wp\/v2\/media?parent=3810"}],"curies":[{"name":"wp","href":"https:\/\/api.w.org\/{rel}","templated":true}]}}