{"id":3946,"date":"2018-10-27T08:25:24","date_gmt":"2018-10-26T22:25:24","guid":{"rendered":"http:\/\/mahaloukuleles.com\/?page_id=3946"},"modified":"2023-03-07T09:11:18","modified_gmt":"2023-03-06T23:11:18","slug":"java-series-concert","status":"publish","type":"page","link":"https:\/\/mahaloukuleles.com\/es\/ukulele-series\/java-series\/java-series-concert\/","title":{"rendered":"Serie Java - Concierto"},"content":{"rendered":"<div id=\"pl-3946\"  class=\"panel-layout\" ><div id=\"pg-3946-0\"  class=\"panel-grid panel-has-style\" ><div class=\"siteorigin-panels-stretch panel-row-style panel-row-style-for-3946-0\" data-stretch-type=\"full\" ><div id=\"pgc-3946-0-0\"  class=\"panel-grid-cell\" ><div id=\"panel-3946-0-0-0\" class=\"so-panel widget widget_sow-headline panel-first-child\" data-index=\"0\" ><div\n\t\t\t\n\t\t\tclass=\"so-widget-sow-headline so-widget-sow-headline-default-ad1bc052baf0-3946 so-widget-fittext-wrapper\"\n\t\t\t data-fit-text-compressor=\"1\"\n\t\t><div class=\"sow-headline-container\">\n\t\t\t\t\t\t\t<h3 class=\"sow-headline\">\n\t\t\t\t\t\tNuestros expertos artesanos han seleccionado manualmente las maderas de tonos m\u00e1s finos de Indonesia para ofrecerle la Serie Mahalo Java.\t\t\t\t\t\t<\/h3>\n\t\t\t\t\t\t\t\t\t\t\t<div class=\"decoration\">\n\t\t\t\t\t\t<div class=\"decoration-inside\"><\/div>\n\t\t\t\t\t<\/div>\n\t\t\t\t\t\t\t\t\t\t\t<p class=\"sow-sub-headline\">\n\t\t\t\t\t\tLos cuerpos ex\u00f3ticos de la OTAN est\u00e1n cuidadosamente elaborados con caracter\u00edsticas \u00fanicas que mejoran el tono y se combinan con m\u00e1stiles de caoba y diapasones de palisandro para reproducir una proyecci\u00f3n y una calidad tonal sobresalientes. \t\t\t\t\t\t<\/p>\n\t\t\t\t\t\t<\/div>\n<\/div><\/div><div id=\"panel-3946-0-0-1\" class=\"so-panel widget widget_sow-headline\" data-index=\"1\" ><div\n\t\t\t\n\t\t\tclass=\"so-widget-sow-headline so-widget-sow-headline-default-cbf42b0fc735-3946\"\n\t\t\t\n\t\t><div class=\"sow-headline-container\">\n\t\t\t\t\t\t\t<p class=\"sow-headline\">\n\t\t\t\t\t\tSe aplica un acabado transparente distintivo y de alta calidad a cada ukelele Mahalo Java Series para revelar la belleza y la calidad inherentes de las maderas de tonos naturales y realzar cada matiz musical.\t\t\t\t\t\t<\/p>\n\t\t\t\t\t\t\t\t\t\t\t\t<p class=\"sow-sub-headline\">\n\t\t\t\t\t\tCompletos con la bolsa de transporte Mahalo, los ukeleles Mahalo Java Series cuentan con un respaldo arqueado y monturas de puente Graph Tech NuBone XB para aumentar la proyecci\u00f3n y la respuesta de bajos. Las cuerdas Aquila Super Nylgut est\u00e1n equipadas para producir un sonido m\u00e1s completo, m\u00e1s fuerte y m\u00e1s equilibrado, rico en arm\u00f3nicos tonales. \t\t\t\t\t\t<\/p>\n\t\t\t\t\t\t<\/div>\n<\/div><\/div><div id=\"panel-3946-0-0-2\" class=\"so-panel widget widget_sow-headline\" data-index=\"2\" ><div\n\t\t\t\n\t\t\tclass=\"so-widget-sow-headline so-widget-sow-headline-default-73d0459c1c28-3946 so-widget-fittext-wrapper\"\n\t\t\t data-fit-text-compressor=\"1\"\n\t\t><div class=\"sow-headline-container\">\n\t\t\t\t\t\t\t<h3 class=\"sow-headline\">\n\t\t\t\t\t\tSe sorprender\u00e1 de la calidad y el rendimiento de la serie Java de Mahalo. \u00a1Juegue uno hoy!\t\t\t\t\t\t<\/h3>\n\t\t\t\t\t\t<\/div>\n<\/div><\/div><div id=\"panel-3946-0-0-3\" class=\"so-panel widget widget_sow-editor panel-last-child\" data-index=\"3\" ><div\n\t\t\t\n\t\t\tclass=\"so-widget-sow-editor so-widget-sow-editor-base\"\n\t\t\t\n\t\t><h3 class=\"widget-title\">PRESUPUESTO:<\/h3>\n<div class=\"siteorigin-widget-tinymce textwidget\">\n\t<table id=\"tablepress-41\" class=\"tablepress tablepress-id-41\">\n<tbody class=\"row-striping row-hover\">\n<tr class=\"row-1\">\n<td class=\"column-1\">CUERPO<\/td>\n<td class=\"column-2\">OTAN con espalda arqueada<\/td>\n<\/tr>\n<tr class=\"row-2\">\n<td class=\"column-1\">CUELLO<\/td>\n<td class=\"column-2\">Caoba\n<\/td>\n<\/tr>\n<tr class=\"row-3\">\n<td class=\"column-1\">HEADSTOCK<\/td>\n<td class=\"column-2\">Ranurado<\/td>\n<\/tr>\n<tr class=\"row-4\">\n<td class=\"column-1\">CHAPA DE LA CABEZA<\/td>\n<td class=\"column-2\">Amara ebony<\/td>\n<\/tr>\n<tr class=\"row-5\">\n<td class=\"column-1\">DIAPAS\u00d3N<\/td>\n<td class=\"column-2\">Palo de rosa<\/td>\n<\/tr>\n<tr class=\"row-6\">\n<td class=\"column-1\">MARCADORES DE POSICION<\/td>\n<td class=\"column-2\">Incrustaciones de punto de abul\u00f3n<\/td>\n<\/tr>\n<tr class=\"row-7\">\n<td class=\"column-1\">PUENTE<\/td>\n<td class=\"column-2\">Palo de rosa<\/td>\n<\/tr>\n<tr class=\"row-8\">\n<td class=\"column-1\">LIBERTAS<\/td>\n<td class=\"column-2\">16, n\u00edquel<\/td>\n<\/tr>\n<tr class=\"row-9\">\n<td class=\"column-1\">CABEZAS DE MAQUINA<\/td>\n<td class=\"column-2\">Estilo Waverly, chapado en oro<\/td>\n<\/tr>\n<tr class=\"row-10\">\n<td class=\"column-1\">INSTRUMENTOS DE CUERDA<\/td>\n<td class=\"column-2\">Aquila Super Nylgut<\/td>\n<\/tr>\n<tr class=\"row-11\">\n<td class=\"column-1\">ENSILLAR<\/td>\n<td class=\"column-2\">Graph Tech NuBone XB<\/td>\n<\/tr>\n<tr class=\"row-12\">\n<td class=\"column-1\">NUEZ<\/td>\n<td class=\"column-2\">ABS, blanco<\/td>\n<\/tr>\n<tr class=\"row-13\">\n<td class=\"column-1\">LONGITUD DE LA ESCALA<\/td>\n<td class=\"column-2\">Concierto - 379mm<\/td>\n<\/tr>\n<tr class=\"row-14\">\n<td class=\"column-1\">TERMINAR<\/td>\n<td class=\"column-2\">Alto brillo<br \/>\n<span style=\"font-weight:900\">Excepto:<\/span><br \/>\nMarr\u00f3n Transparente - Mate.<\/td>\n<\/tr>\n<tr class=\"row-15\">\n<td class=\"column-1\"><b>Con bolsa de transporte<b\/><\/td>\n<td class=\"column-2\"><\/td>\n<\/tr>\n<\/tbody>\n<\/table>\n<p><!-- #tablepress-41 from cache --><\/p>\n<\/div>\n<\/div><\/div><\/div><div id=\"pgc-3946-0-1\"  class=\"panel-grid-cell\" ><div id=\"panel-3946-0-1-0\" class=\"so-panel widget widget_sow-editor panel-first-child\" data-index=\"4\" ><div\n\t\t\t\n\t\t\tclass=\"so-widget-sow-editor so-widget-sow-editor-base\"\n\t\t\t\n\t\t>\n<div class=\"siteorigin-widget-tinymce textwidget\">\n\t<div id=\"metaslider-id-3975\" style=\"max-width: 667px;\" class=\"ml-slider-3-108-0 metaslider metaslider-flex metaslider-3975 ml-slider has-dots-nav ms-theme-default\" role=\"region\" aria-label=\"Java - Concert\" data-height=\"1600\" data-width=\"667\">\n<div id=\"metaslider_container_3975\">\n<div id=\"metaslider_3975\">\n<ul class='slides'>\n<li style=\"display: block; width: 100%;\" class=\"slide-16472 ms-image\" aria-roledescription=\"slide\" data-date=\"2023-03-06 14:38:02\" data-filename=\"MJ23TS_right.jpg\" data-slide-type=\"image\"><img fetchpriority=\"high\" decoding=\"async\" src=\"https:\/\/mahaloukuleles.com\/wp-content\/uploads\/2023\/03\/MJ23TS_right.jpg\" height=\"1600\" width=\"667\" alt=\"\" class=\"slider-3975 slide-16472 msDefaultImage\" title=\"MJ23TS_right\" \/><\/li>\n<li style=\"display: none; width: 100%;\" class=\"slide-16471 ms-image\" aria-roledescription=\"slide\" data-date=\"2023-03-06 14:38:02\" data-filename=\"MJ2VNA_right.jpg\" data-slide-type=\"image\"><img decoding=\"async\" src=\"https:\/\/mahaloukuleles.com\/wp-content\/uploads\/2023\/03\/MJ2VNA_right.jpg\" height=\"1600\" width=\"667\" alt=\"\" class=\"slider-3975 slide-16471 msDefaultImage\" title=\"MJ2VNA_right\" \/><\/li>\n<li style=\"display: none; width: 100%;\" class=\"slide-16473 ms-image\" aria-roledescription=\"slide\" data-date=\"2023-03-06 14:38:02\" data-filename=\"MJ2TBR_right.jpg\" data-slide-type=\"image\"><img decoding=\"async\" src=\"https:\/\/mahaloukuleles.com\/wp-content\/uploads\/2023\/03\/MJ2TBR_right.jpg\" height=\"1600\" width=\"667\" alt=\"\" class=\"slider-3975 slide-16473 msDefaultImage\" title=\"MJ2TBR_right\" \/><\/li>\n<\/ul><\/div>\n<\/p><\/div>\n<\/div>\n<\/div>\n<\/div><\/div><div id=\"panel-3946-0-1-1\" class=\"so-panel widget widget_sow-editor\" data-index=\"5\" ><div class=\"panel-widget-style panel-widget-style-for-3946-0-1-1\" ><div\n\t\t\t\n\t\t\tclass=\"so-widget-sow-editor so-widget-sow-editor-base\"\n\t\t\t\n\t\t><h3 class=\"widget-title\">Disponible en los siguientes colores:<\/h3>\n<div class=\"siteorigin-widget-tinymce textwidget\">\n\t<table id=\"tablepress-42\" class=\"tablepress tablepress-id-42\">\n<tbody class=\"row-striping row-hover\">\n<tr class=\"row-1\">\n<td class=\"column-1\">MJ23TS<\/td>\n<td class=\"column-2\">Sunburst de 3 tonos<\/td>\n<\/tr>\n<tr class=\"row-2\">\n<td class=\"column-1\">MJ2TBR<\/td>\n<td class=\"column-2\">Marr\u00f3n transparente<\/td>\n<\/tr>\n<tr class=\"row-3\">\n<td class=\"column-1\">MJ2VNA<\/td>\n<td class=\"column-2\">Vintage Natural<\/td>\n<\/tr>\n<\/tbody>\n<\/table>\n<p><!-- #tablepress-42 from cache --><\/p>\n<\/div>\n<\/div><\/div><\/div><div id=\"panel-3946-0-1-2\" class=\"so-panel widget widget_sow-button panel-last-child\" data-index=\"6\" ><div\n\t\t\t\n\t\t\tclass=\"so-widget-sow-button so-widget-sow-button-wire-e7efa5f88084-3946\"\n\t\t\t\n\t\t><div class=\"ow-button-base ow-button-align-left\"\n>\n\t\t\t<a\n\t\t\t\t\thref=\"https:\/\/mahaloukuleles.com\/es\/ukulele-series\/java-series\/\"\n\t\t\t\t\tclass=\"sowb-button ow-icon-placement-left ow-button-hover\" \t>\n\t\t<span>\n\t\t\t<span class=\"sow-icon-fontawesome sow-far\" data-sow-icon=\"&#xf0fe;\"\n\t\tstyle=\"\" \n\t\taria-hidden=\"true\"><\/span>\n\t\t\tM\u00c1S JAVA UKULELES\t\t<\/span>\n\t\t\t<\/a>\n\t<\/div>\n<\/div><\/div><\/div><div id=\"pgc-3946-0-2\"  class=\"panel-grid-cell\" ><div id=\"panel-3946-0-2-0\" class=\"so-panel widget widget_sow-image panel-first-child\" data-index=\"7\" ><div class=\"zoooom panel-widget-style panel-widget-style-for-3946-0-2-0\" ><div\n\t\t\t\n\t\t\tclass=\"so-widget-sow-image so-widget-sow-image-default-e4c2d9f6c920-3946\"\n\t\t\t\n\t\t>\n<div class=\"sow-image-container\">\n\t\t<img loading=\"lazy\" \n\tsrc=\"https:\/\/mahaloukuleles.com\/wp-content\/uploads\/2023\/03\/MJ23TS_right.jpg\" width=\"667\" height=\"1600\" srcset=\"https:\/\/mahaloukuleles.com\/wp-content\/uploads\/2023\/03\/MJ23TS_right.jpg 667w, https:\/\/mahaloukuleles.com\/wp-content\/uploads\/2023\/03\/MJ23TS_right-125x300.jpg 125w, https:\/\/mahaloukuleles.com\/wp-content\/uploads\/2023\/03\/MJ23TS_right-427x1024.jpg 427w, https:\/\/mahaloukuleles.com\/wp-content\/uploads\/2023\/03\/MJ23TS_right-640x1536.jpg 640w, https:\/\/mahaloukuleles.com\/wp-content\/uploads\/2023\/03\/MJ23TS_right-5x12.jpg 5w\" sizes=\"(max-width: 667px) 100vw, 667px\" alt=\"\" \t\tclass=\"so-widget-image\"\/>\n\t<\/div>\n\n<\/div><\/div><\/div><div id=\"panel-3946-0-2-1\" class=\"so-panel widget widget_sow-image\" data-index=\"8\" ><div class=\"zoooom panel-widget-style panel-widget-style-for-3946-0-2-1\" ><div\n\t\t\t\n\t\t\tclass=\"so-widget-sow-image so-widget-sow-image-default-e4c2d9f6c920-3946\"\n\t\t\t\n\t\t>\n<div class=\"sow-image-container\">\n\t\t<img loading=\"lazy\" \n\tsrc=\"https:\/\/mahaloukuleles.com\/wp-content\/uploads\/2023\/03\/MJ23TS_front-1.jpg\" width=\"667\" height=\"1600\" srcset=\"https:\/\/mahaloukuleles.com\/wp-content\/uploads\/2023\/03\/MJ23TS_front-1.jpg 667w, https:\/\/mahaloukuleles.com\/wp-content\/uploads\/2023\/03\/MJ23TS_front-1-125x300.jpg 125w, https:\/\/mahaloukuleles.com\/wp-content\/uploads\/2023\/03\/MJ23TS_front-1-427x1024.jpg 427w, https:\/\/mahaloukuleles.com\/wp-content\/uploads\/2023\/03\/MJ23TS_front-1-640x1536.jpg 640w, https:\/\/mahaloukuleles.com\/wp-content\/uploads\/2023\/03\/MJ23TS_front-1-5x12.jpg 5w\" sizes=\"(max-width: 667px) 100vw, 667px\" title=\"MJ23TS_front\" alt=\"\" \t\tclass=\"so-widget-image\"\/>\n\t<\/div>\n\n<\/div><\/div><\/div><div id=\"panel-3946-0-2-2\" class=\"so-panel widget widget_sow-image panel-last-child\" data-index=\"9\" ><div class=\"zoooom panel-widget-style panel-widget-style-for-3946-0-2-2\" ><div\n\t\t\t\n\t\t\tclass=\"so-widget-sow-image so-widget-sow-image-default-e4c2d9f6c920-3946\"\n\t\t\t\n\t\t>\n<div class=\"sow-image-container\">\n\t\t<img loading=\"lazy\" \n\tsrc=\"https:\/\/mahaloukuleles.com\/wp-content\/uploads\/2023\/03\/MJ23TS_back.jpg\" width=\"667\" height=\"1600\" srcset=\"https:\/\/mahaloukuleles.com\/wp-content\/uploads\/2023\/03\/MJ23TS_back.jpg 667w, https:\/\/mahaloukuleles.com\/wp-content\/uploads\/2023\/03\/MJ23TS_back-125x300.jpg 125w, https:\/\/mahaloukuleles.com\/wp-content\/uploads\/2023\/03\/MJ23TS_back-427x1024.jpg 427w, https:\/\/mahaloukuleles.com\/wp-content\/uploads\/2023\/03\/MJ23TS_back-640x1536.jpg 640w, https:\/\/mahaloukuleles.com\/wp-content\/uploads\/2023\/03\/MJ23TS_back-5x12.jpg 5w\" sizes=\"(max-width: 667px) 100vw, 667px\" alt=\"\" \t\tclass=\"so-widget-image\"\/>\n\t<\/div>\n\n<\/div><\/div><\/div><\/div><\/div><\/div><div id=\"pg-3946-1\"  class=\"panel-grid panel-has-style\" ><div class=\"so-parallax siteorigin-panels-stretch panel-row-style panel-row-style-for-3946-1\" data-stretch-type=\"full\" ><img decoding=\"async\" width=\"1800\" height=\"576\" src=\"https:\/\/mahaloukuleles.com\/wp-content\/uploads\/2023\/03\/Mahalo_banner.jpg\" class=\"attachment-full size-full\" alt=\"\" data-siteorigin-parallax=\"true\" loading=\"eager\" srcset=\"https:\/\/mahaloukuleles.com\/wp-content\/uploads\/2023\/03\/Mahalo_banner.jpg 1800w, https:\/\/mahaloukuleles.com\/wp-content\/uploads\/2023\/03\/Mahalo_banner-300x96.jpg 300w, https:\/\/mahaloukuleles.com\/wp-content\/uploads\/2023\/03\/Mahalo_banner-1024x328.jpg 1024w, https:\/\/mahaloukuleles.com\/wp-content\/uploads\/2023\/03\/Mahalo_banner-768x246.jpg 768w, https:\/\/mahaloukuleles.com\/wp-content\/uploads\/2023\/03\/Mahalo_banner-1536x492.jpg 1536w, https:\/\/mahaloukuleles.com\/wp-content\/uploads\/2023\/03\/Mahalo_banner-18x6.jpg 18w\" sizes=\"(max-width: 1800px) 100vw, 1800px\" \/><div id=\"pgc-3946-1-0\"  class=\"panel-grid-cell panel-grid-cell-empty\" ><\/div><div id=\"pgc-3946-1-1\"  class=\"panel-grid-cell\" ><div id=\"panel-3946-1-1-0\" class=\"so-panel widget widget_sow-headline panel-first-child\" data-index=\"10\" ><div\n\t\t\t\n\t\t\tclass=\"so-widget-sow-headline so-widget-sow-headline-default-760918531f40-3946 so-widget-fittext-wrapper\"\n\t\t\t data-fit-text-compressor=\"1\"\n\t\t><div class=\"sow-headline-container\">\n\t\t\t\t\t\t\t<h1 class=\"sow-headline\">\n\t\t\t\t\t\tSe sorprender\u00e1 de la calidad y el rendimiento de la serie Java de Mahalo. \u00a1Juegue uno hoy!\t\t\t\t\t\t<\/h1>\n\t\t\t\t\t\t<\/div>\n<\/div><\/div><div id=\"panel-3946-1-1-1\" class=\"so-panel widget widget_sow-button panel-last-child\" data-index=\"11\" ><div\n\t\t\t\n\t\t\tclass=\"so-widget-sow-button so-widget-sow-button-wire-d5f972c3d74d-3946\"\n\t\t\t\n\t\t><div class=\"ow-button-base ow-button-align-left\"\n>\n\t\t\t<a\n\t\t\t\t\thref=\"https:\/\/mahaloukuleles.com\/es\/?page_id=2193\"\n\t\t\t\t\tclass=\"sowb-button ow-icon-placement-left ow-button-hover\" \t>\n\t\t<span>\n\t\t\t<span class=\"sow-icon-fontawesome sow-fas\" data-sow-icon=\"&#xf041;\"\n\t\tstyle=\"\" \n\t\taria-hidden=\"true\"><\/span>\n\t\t\tEncuentra un Distribuidor\t\t<\/span>\n\t\t\t<\/a>\n\t<\/div>\n<\/div><\/div><\/div><\/div><\/div><\/div>","protected":false},"excerpt":{"rendered":"<p>Our expert craftsmen have hand selected Indonesia\u2019s finest tone woods to bring you the Mahalo Java Series. Exotic nato bodies are carefully crafted with unique tone enhancing features and matched with mahogany necks and rosewood fingerboards to reproduce outstanding tonal quality and projection. A distinctive, high quality see-through finish is applied to every Mahalo Java [&hellip;]<\/p>\n","protected":false},"author":1,"featured_media":0,"parent":3942,"menu_order":0,"comment_status":"closed","ping_status":"closed","template":"","meta":{"two_page_speed":[],"footnotes":""},"class_list":["post-3946","page","type-page","status-publish","hentry"],"yoast_head":"<!-- This site is optimized with the Yoast SEO plugin v27.4 - https:\/\/yoast.com\/product\/yoast-seo-wordpress\/ -->\n<title>Java Series \u2013 Concert - Mahalo Ukuleles<\/title>\n<meta name=\"description\" content=\"Our expert craftsmen have hand selected Indonesia\u2019s finest tone woods to bring you the Mahalo Java Series. Play one today!\" \/>\n<meta name=\"robots\" content=\"index, follow, max-snippet:-1, max-image-preview:large, max-video-preview:-1\" \/>\n<link rel=\"canonical\" href=\"https:\/\/mahaloukuleles.com\/es\/ukulele-series\/java-series\/java-series-concert\/\" \/>\n<meta property=\"og:locale\" content=\"es_ES\" \/>\n<meta property=\"og:type\" content=\"article\" \/>\n<meta property=\"og:title\" content=\"Java Series \u2013 Concert - Mahalo Ukuleles\" \/>\n<meta property=\"og:description\" content=\"Our expert craftsmen have hand selected Indonesia\u2019s finest tone woods to bring you the Mahalo Java Series. Play one today!\" \/>\n<meta property=\"og:url\" content=\"https:\/\/mahaloukuleles.com\/es\/ukulele-series\/java-series\/java-series-concert\/\" \/>\n<meta property=\"og:site_name\" content=\"Mahalo Ukuleles\" \/>\n<meta property=\"article:publisher\" content=\"https:\/\/www.facebook.com\/mahaloukuleles\/?epa=SEARCH_BOX\" \/>\n<meta property=\"article:modified_time\" content=\"2023-03-06T23:11:18+00:00\" \/>\n<meta property=\"og:image\" content=\"https:\/\/mahaloukuleles.com\/wp-content\/uploads\/2023\/03\/Mahalo_banner.jpg\" \/>\n<meta name=\"twitter:card\" content=\"summary_large_image\" \/>\n<meta name=\"twitter:label1\" content=\"Tiempo de lectura\" \/>\n\t<meta name=\"twitter:data1\" content=\"1 minuto\" \/>\n<script type=\"application\/ld+json\" class=\"yoast-schema-graph\">{\"@context\":\"https:\\\/\\\/schema.org\",\"@graph\":[{\"@type\":\"WebPage\",\"@id\":\"https:\\\/\\\/mahaloukuleles.com\\\/ukulele-series\\\/java-series\\\/java-series-concert\\\/\",\"url\":\"https:\\\/\\\/mahaloukuleles.com\\\/ukulele-series\\\/java-series\\\/java-series-concert\\\/\",\"name\":\"Java Series \u2013 Concert - Mahalo Ukuleles\",\"isPartOf\":{\"@id\":\"https:\\\/\\\/mahaloukuleles.com\\\/es\\\/#website\"},\"primaryImageOfPage\":{\"@id\":\"https:\\\/\\\/mahaloukuleles.com\\\/ukulele-series\\\/java-series\\\/java-series-concert\\\/#primaryimage\"},\"image\":{\"@id\":\"https:\\\/\\\/mahaloukuleles.com\\\/ukulele-series\\\/java-series\\\/java-series-concert\\\/#primaryimage\"},\"thumbnailUrl\":\"https:\\\/\\\/mahaloukuleles.com\\\/wp-content\\\/uploads\\\/2023\\\/03\\\/Mahalo_banner.jpg\",\"datePublished\":\"2018-10-26T22:25:24+00:00\",\"dateModified\":\"2023-03-06T23:11:18+00:00\",\"description\":\"Our expert craftsmen have hand selected Indonesia\u2019s finest tone woods to bring you the Mahalo Java Series. Play one today!\",\"breadcrumb\":{\"@id\":\"https:\\\/\\\/mahaloukuleles.com\\\/ukulele-series\\\/java-series\\\/java-series-concert\\\/#breadcrumb\"},\"inLanguage\":\"es\",\"potentialAction\":[{\"@type\":\"ReadAction\",\"target\":[\"https:\\\/\\\/mahaloukuleles.com\\\/ukulele-series\\\/java-series\\\/java-series-concert\\\/\"]}]},{\"@type\":\"ImageObject\",\"inLanguage\":\"es\",\"@id\":\"https:\\\/\\\/mahaloukuleles.com\\\/ukulele-series\\\/java-series\\\/java-series-concert\\\/#primaryimage\",\"url\":\"https:\\\/\\\/mahaloukuleles.com\\\/wp-content\\\/uploads\\\/2023\\\/03\\\/Mahalo_banner.jpg\",\"contentUrl\":\"https:\\\/\\\/mahaloukuleles.com\\\/wp-content\\\/uploads\\\/2023\\\/03\\\/Mahalo_banner.jpg\"},{\"@type\":\"BreadcrumbList\",\"@id\":\"https:\\\/\\\/mahaloukuleles.com\\\/ukulele-series\\\/java-series\\\/java-series-concert\\\/#breadcrumb\",\"itemListElement\":[{\"@type\":\"ListItem\",\"position\":1,\"name\":\"Home\",\"item\":\"https:\\\/\\\/mahaloukuleles.com\\\/\"},{\"@type\":\"ListItem\",\"position\":2,\"name\":\"Ukulele Series\",\"item\":\"https:\\\/\\\/mahaloukuleles.com\\\/ukulele-series\\\/\"},{\"@type\":\"ListItem\",\"position\":3,\"name\":\"Java Series\",\"item\":\"https:\\\/\\\/mahaloukuleles.com\\\/ukulele-series\\\/java-series\\\/\"},{\"@type\":\"ListItem\",\"position\":4,\"name\":\"Java Series \u2013 Concert\"}]},{\"@type\":\"WebSite\",\"@id\":\"https:\\\/\\\/mahaloukuleles.com\\\/es\\\/#website\",\"url\":\"https:\\\/\\\/mahaloukuleles.com\\\/es\\\/\",\"name\":\"Mahalo Ukuleles\",\"description\":\"Mahalo Ukuleles\",\"publisher\":{\"@id\":\"https:\\\/\\\/mahaloukuleles.com\\\/es\\\/#organization\"},\"potentialAction\":[{\"@type\":\"SearchAction\",\"target\":{\"@type\":\"EntryPoint\",\"urlTemplate\":\"https:\\\/\\\/mahaloukuleles.com\\\/es\\\/?s={search_term_string}\"},\"query-input\":{\"@type\":\"PropertyValueSpecification\",\"valueRequired\":true,\"valueName\":\"search_term_string\"}}],\"inLanguage\":\"es\"},{\"@type\":\"Organization\",\"@id\":\"https:\\\/\\\/mahaloukuleles.com\\\/es\\\/#organization\",\"name\":\"Mahalo Ukuleles\",\"url\":\"https:\\\/\\\/mahaloukuleles.com\\\/es\\\/\",\"logo\":{\"@type\":\"ImageObject\",\"inLanguage\":\"es\",\"@id\":\"https:\\\/\\\/mahaloukuleles.com\\\/es\\\/#\\\/schema\\\/logo\\\/image\\\/\",\"url\":\"https:\\\/\\\/media.mahaloukuleles.com.au\\\/wp-content\\\/uploads\\\/2019\\\/02\\\/mahalo_LOGO_vector_s-1.jpg\",\"contentUrl\":\"https:\\\/\\\/media.mahaloukuleles.com.au\\\/wp-content\\\/uploads\\\/2019\\\/02\\\/mahalo_LOGO_vector_s-1.jpg\",\"width\":117,\"height\":60,\"caption\":\"Mahalo Ukuleles\"},\"image\":{\"@id\":\"https:\\\/\\\/mahaloukuleles.com\\\/es\\\/#\\\/schema\\\/logo\\\/image\\\/\"},\"sameAs\":[\"https:\\\/\\\/www.facebook.com\\\/mahaloukuleles\\\/?epa=SEARCH_BOX\"]}]}<\/script>\n<!-- \/ Yoast SEO plugin. -->","yoast_head_json":{"title":"Series de Java - Concierto - Mahalo Ukuleles","description":"Nuestros expertos artesanos han seleccionado a mano las maderas de tonos m\u00e1s finos de Indonesia para ofrecerle la serie Mahalo Java. \u00a1Juega uno hoy!","robots":{"index":"index","follow":"follow","max-snippet":"max-snippet:-1","max-image-preview":"max-image-preview:large","max-video-preview":"max-video-preview:-1"},"canonical":"https:\/\/mahaloukuleles.com\/es\/ukulele-series\/java-series\/java-series-concert\/","og_locale":"es_ES","og_type":"article","og_title":"Java Series \u2013 Concert - Mahalo Ukuleles","og_description":"Our expert craftsmen have hand selected Indonesia\u2019s finest tone woods to bring you the Mahalo Java Series. Play one today!","og_url":"https:\/\/mahaloukuleles.com\/es\/ukulele-series\/java-series\/java-series-concert\/","og_site_name":"Mahalo Ukuleles","article_publisher":"https:\/\/www.facebook.com\/mahaloukuleles\/?epa=SEARCH_BOX","article_modified_time":"2023-03-06T23:11:18+00:00","og_image":[{"url":"https:\/\/mahaloukuleles.com\/wp-content\/uploads\/2023\/03\/Mahalo_banner.jpg","type":"","width":"","height":""}],"twitter_card":"summary_large_image","twitter_misc":{"Tiempo de lectura":"1 minuto"},"schema":{"@context":"https:\/\/schema.org","@graph":[{"@type":"WebPage","@id":"https:\/\/mahaloukuleles.com\/ukulele-series\/java-series\/java-series-concert\/","url":"https:\/\/mahaloukuleles.com\/ukulele-series\/java-series\/java-series-concert\/","name":"Series de Java - Concierto - Mahalo Ukuleles","isPartOf":{"@id":"https:\/\/mahaloukuleles.com\/es\/#website"},"primaryImageOfPage":{"@id":"https:\/\/mahaloukuleles.com\/ukulele-series\/java-series\/java-series-concert\/#primaryimage"},"image":{"@id":"https:\/\/mahaloukuleles.com\/ukulele-series\/java-series\/java-series-concert\/#primaryimage"},"thumbnailUrl":"https:\/\/mahaloukuleles.com\/wp-content\/uploads\/2023\/03\/Mahalo_banner.jpg","datePublished":"2018-10-26T22:25:24+00:00","dateModified":"2023-03-06T23:11:18+00:00","description":"Nuestros expertos artesanos han seleccionado a mano las maderas de tonos m\u00e1s finos de Indonesia para ofrecerle la serie Mahalo Java. \u00a1Juega uno hoy!","breadcrumb":{"@id":"https:\/\/mahaloukuleles.com\/ukulele-series\/java-series\/java-series-concert\/#breadcrumb"},"inLanguage":"es","potentialAction":[{"@type":"ReadAction","target":["https:\/\/mahaloukuleles.com\/ukulele-series\/java-series\/java-series-concert\/"]}]},{"@type":"ImageObject","inLanguage":"es","@id":"https:\/\/mahaloukuleles.com\/ukulele-series\/java-series\/java-series-concert\/#primaryimage","url":"https:\/\/mahaloukuleles.com\/wp-content\/uploads\/2023\/03\/Mahalo_banner.jpg","contentUrl":"https:\/\/mahaloukuleles.com\/wp-content\/uploads\/2023\/03\/Mahalo_banner.jpg"},{"@type":"BreadcrumbList","@id":"https:\/\/mahaloukuleles.com\/ukulele-series\/java-series\/java-series-concert\/#breadcrumb","itemListElement":[{"@type":"ListItem","position":1,"name":"Home","item":"https:\/\/mahaloukuleles.com\/"},{"@type":"ListItem","position":2,"name":"Ukulele Series","item":"https:\/\/mahaloukuleles.com\/ukulele-series\/"},{"@type":"ListItem","position":3,"name":"Java Series","item":"https:\/\/mahaloukuleles.com\/ukulele-series\/java-series\/"},{"@type":"ListItem","position":4,"name":"Java Series \u2013 Concert"}]},{"@type":"WebSite","@id":"https:\/\/mahaloukuleles.com\/es\/#website","url":"https:\/\/mahaloukuleles.com\/es\/","name":"Mahalo Ukuleles","description":"Mahalo Ukuleles","publisher":{"@id":"https:\/\/mahaloukuleles.com\/es\/#organization"},"potentialAction":[{"@type":"SearchAction","target":{"@type":"EntryPoint","urlTemplate":"https:\/\/mahaloukuleles.com\/es\/?s={search_term_string}"},"query-input":{"@type":"PropertyValueSpecification","valueRequired":true,"valueName":"search_term_string"}}],"inLanguage":"es"},{"@type":"Organization","@id":"https:\/\/mahaloukuleles.com\/es\/#organization","name":"Mahalo Ukuleles","url":"https:\/\/mahaloukuleles.com\/es\/","logo":{"@type":"ImageObject","inLanguage":"es","@id":"https:\/\/mahaloukuleles.com\/es\/#\/schema\/logo\/image\/","url":"https:\/\/media.mahaloukuleles.com.au\/wp-content\/uploads\/2019\/02\/mahalo_LOGO_vector_s-1.jpg","contentUrl":"https:\/\/media.mahaloukuleles.com.au\/wp-content\/uploads\/2019\/02\/mahalo_LOGO_vector_s-1.jpg","width":117,"height":60,"caption":"Mahalo Ukuleles"},"image":{"@id":"https:\/\/mahaloukuleles.com\/es\/#\/schema\/logo\/image\/"},"sameAs":["https:\/\/www.facebook.com\/mahaloukuleles\/?epa=SEARCH_BOX"]}]}},"_links":{"self":[{"href":"https:\/\/mahaloukuleles.com\/es\/wp-json\/wp\/v2\/pages\/3946","targetHints":{"allow":["GET"]}}],"collection":[{"href":"https:\/\/mahaloukuleles.com\/es\/wp-json\/wp\/v2\/pages"}],"about":[{"href":"https:\/\/mahaloukuleles.com\/es\/wp-json\/wp\/v2\/types\/page"}],"author":[{"embeddable":true,"href":"https:\/\/mahaloukuleles.com\/es\/wp-json\/wp\/v2\/users\/1"}],"replies":[{"embeddable":true,"href":"https:\/\/mahaloukuleles.com\/es\/wp-json\/wp\/v2\/comments?post=3946"}],"version-history":[{"count":0,"href":"https:\/\/mahaloukuleles.com\/es\/wp-json\/wp\/v2\/pages\/3946\/revisions"}],"up":[{"embeddable":true,"href":"https:\/\/mahaloukuleles.com\/es\/wp-json\/wp\/v2\/pages\/3942"}],"wp:attachment":[{"href":"https:\/\/mahaloukuleles.com\/es\/wp-json\/wp\/v2\/media?parent=3946"}],"curies":[{"name":"wp","href":"https:\/\/api.w.org\/{rel}","templated":true}]}}