{"id":4758,"date":"2018-11-08T14:18:34","date_gmt":"2018-11-08T04:18:34","guid":{"rendered":"http:\/\/mahaloukuleles.com\/?page_id=4758"},"modified":"2020-11-16T10:00:25","modified_gmt":"2020-11-16T00:00:25","slug":"bags-accessories","status":"publish","type":"page","link":"https:\/\/mahaloukuleles.com\/es\/bags-accessories\/","title":{"rendered":"Bolsas y accesorios"},"content":{"rendered":"<div id=\"pl-4758\"  class=\"panel-layout\" ><div id=\"pg-4758-0\"  class=\"panel-grid panel-no-style\" ><div id=\"pgc-4758-0-0\"  class=\"panel-grid-cell\" ><div id=\"panel-4758-0-0-0\" class=\"so-panel widget widget_sow-image panel-first-child panel-last-child\" data-index=\"0\" ><div\n\t\t\t\n\t\t\tclass=\"so-widget-sow-image so-widget-sow-image-default-334eeca80698-4758\"\n\t\t\t\n\t\t>\n<div class=\"sow-image-container\">\n\t\t\t<a href=\"https:\/\/mahaloukuleles.com\/es\/bags-accessories\/ukulele-bags\/\"\n\t\t\t\t\t>\n\t\t\t<img fetchpriority=\"high\" \n\tsrc=\"https:\/\/mahaloukuleles.com\/wp-content\/uploads\/2018\/11\/UB1_square.jpg\" width=\"750\" height=\"750\" srcset=\"https:\/\/mahaloukuleles.com\/wp-content\/uploads\/2018\/11\/UB1_square.jpg 750w, https:\/\/mahaloukuleles.com\/wp-content\/uploads\/2018\/11\/UB1_square-150x150.jpg 150w, https:\/\/mahaloukuleles.com\/wp-content\/uploads\/2018\/11\/UB1_square-300x300.jpg 300w\" sizes=\"(max-width: 750px) 100vw, 750px\" title=\"Bolsas de ukelele\" alt=\"\" \t\tclass=\"so-widget-image\"\/>\n\t\t\t<\/a><\/div>\n\n<h3 class=\"widget-title\">Bolsas de ukelele<\/h3><\/div><\/div><\/div><div id=\"pgc-4758-0-1\"  class=\"panel-grid-cell\" ><div id=\"panel-4758-0-1-0\" class=\"so-panel widget widget_sow-image panel-first-child panel-last-child\" data-index=\"1\" ><div\n\t\t\t\n\t\t\tclass=\"so-widget-sow-image so-widget-sow-image-default-334eeca80698-4758\"\n\t\t\t\n\t\t>\n<div class=\"sow-image-container\">\n\t\t\t<a href=\"https:\/\/mahaloukuleles.com\/es\/bags-accessories\/accessories\/\"\n\t\t\t\t\t>\n\t\t\t<img \n\tsrc=\"https:\/\/mahaloukuleles.com\/wp-content\/uploads\/2018\/11\/essentials-pack_1.jpg\" width=\"750\" height=\"750\" srcset=\"https:\/\/mahaloukuleles.com\/wp-content\/uploads\/2018\/11\/essentials-pack_1.jpg 750w, https:\/\/mahaloukuleles.com\/wp-content\/uploads\/2018\/11\/essentials-pack_1-150x150.jpg 150w, https:\/\/mahaloukuleles.com\/wp-content\/uploads\/2018\/11\/essentials-pack_1-300x300.jpg 300w\" sizes=\"(max-width: 750px) 100vw, 750px\" title=\"Accesorios\" alt=\"\" \t\tclass=\"so-widget-image\"\/>\n\t\t\t<\/a><\/div>\n\n<h3 class=\"widget-title\">Accesorios<\/h3><\/div><\/div><\/div><\/div><div id=\"pg-4758-1\"  class=\"panel-grid panel-has-style\" ><div class=\"siteorigin-panels-stretch panel-row-style panel-row-style-for-4758-1\" data-stretch-type=\"full-stretched\" ><div id=\"pgc-4758-1-0\"  class=\"panel-grid-cell\" ><div id=\"panel-4758-1-0-0\" class=\"so-panel widget widget_sow-editor panel-first-child\" data-index=\"2\" ><div class=\"panel-widget-style panel-widget-style-for-4758-1-0-0\" ><div\n\t\t\t\n\t\t\tclass=\"so-widget-sow-editor so-widget-sow-editor-base\"\n\t\t\t\n\t\t>\n<div class=\"siteorigin-widget-tinymce textwidget\">\n\t<p><font size=\"0\" color=\"white\">Mahalo Ukuleles ofrece una amplia gama de accesorios, as\u00ed como bolsas. Las bolsas de ukelele Mahalo son productos de alta calidad. Nuestros capos son muy populares. Tambi\u00e9n fabricamos todos los accesorios que necesitas para el ukelele. Por ejemplo, sintonizador electr\u00f3nico, tubo de paso, pl\u00e1stico y p\u00faas de fieltro. Tambi\u00e9n los capos, las correas, y finalmente se levanta. El ukelele es nuestra pasi\u00f3n. Con una selecci\u00f3n de colores y materiales, le damos la opci\u00f3n. En Mahalo, creemos que un gran ukelele merece los mejores accesorios. Desde principiantes hasta jugadores expertos, puede encontrar lo que necesita aqu\u00ed. Entonces, \u00bfpor qu\u00e9 no ir a tu tienda de m\u00fasica local y pedir nuestros productos? Ofrecemos la mejor calidad y precio en la industria. Nuestros accesorios est\u00e1n disponibles en todo el mundo. Puede afinar su ukelele con la tuber\u00eda de afinaci\u00f3n o el sintonizador electr\u00f3nico. Viaja con la bolsa ukelele. Mant\u00e9n tu ukelele en un soporte de madera hecho de madera contrachapada recuperada.<\/font><\/p>\n<\/div>\n<\/div><\/div><\/div><div id=\"panel-4758-1-0-1\" class=\"so-panel widget widget_sow-editor panel-last-child\" data-index=\"3\" ><div class=\"panel-widget-style panel-widget-style-for-4758-1-0-1\" ><div\n\t\t\t\n\t\t\tclass=\"so-widget-sow-editor so-widget-sow-editor-base\"\n\t\t\t\n\t\t>\n<div class=\"siteorigin-widget-tinymce textwidget\">\n\t<p><font size=\"0\" color=\"white\"><br \/>\nLas bolsas de ukelele Mahalo son productos de alta calidad. Nuestros capos son muy populares. Tambi\u00e9n fabricamos todos los accesorios que necesitas para el ukelele. Por ejemplo, sintonizador electr\u00f3nico, tubo de paso, pl\u00e1stico y p\u00faas de fieltro. Tambi\u00e9n los capos, las correas, y finalmente se levanta. El ukelele es nuestra pasi\u00f3n. Con una selecci\u00f3n de colores y materiales, le damos la opci\u00f3n. En Mahalo, creemos que un gran ukelele merece los mejores accesorios. Desde principiantes hasta jugadores expertos, puede encontrar lo que necesita aqu\u00ed. Entonces, \u00bfpor qu\u00e9 no ir a tu tienda de m\u00fasica local y pedir nuestros productos? Ofrecemos la mejor calidad y precio en la industria. Nuestros accesorios est\u00e1n disponibles en todo el mundo. Puede afinar su ukelele con la tuber\u00eda de afinaci\u00f3n o el sintonizador electr\u00f3nico. Viaja con la bolsa ukelele. Mant\u00e9n tu ukelele en un soporte de madera hecho de madera contrachapada recuperada.<\/font><\/p>\n<\/div>\n<\/div><\/div><\/div><\/div><\/div><\/div><\/div>","protected":false},"excerpt":{"rendered":"<p>Mahalo Ukuleles offers a wide range of accessories, as well as bags. Mahalo ukulele bags are high quality products. Our Capos are very popular. We also make every accessories that you need with for ukulele. For example, electronic tuner, pitch pipe, plastic and felt picks. Also capos, straps, and finally stands. Ukulele is our passion. [&hellip;]<\/p>\n","protected":false},"author":1,"featured_media":0,"parent":0,"menu_order":0,"comment_status":"closed","ping_status":"closed","template":"","meta":{"two_page_speed":[],"footnotes":""},"class_list":["post-4758","page","type-page","status-publish","hentry"],"yoast_head":"<!-- This site is optimized with the Yoast SEO plugin v27.3 - https:\/\/yoast.com\/product\/yoast-seo-wordpress\/ -->\n<title>Bags &amp; Accessories - Mahalo Ukuleles<\/title>\n<meta name=\"description\" content=\"Ukulele Bags, Accessories, Apparel &amp; Collectibles. At Mahalo, we are committed to the highest standards of production, ethics and integrity.\" \/>\n<meta name=\"robots\" content=\"index, follow, max-snippet:-1, max-image-preview:large, max-video-preview:-1\" \/>\n<link rel=\"canonical\" href=\"https:\/\/mahaloukuleles.com\/es\/bags-accessories\/\" \/>\n<meta property=\"og:locale\" content=\"es_ES\" \/>\n<meta property=\"og:type\" content=\"article\" \/>\n<meta property=\"og:title\" content=\"Bags &amp; Accessories - Mahalo Ukuleles\" \/>\n<meta property=\"og:description\" content=\"Ukulele Bags, Accessories, Apparel &amp; Collectibles. At Mahalo, we are committed to the highest standards of production, ethics and integrity.\" \/>\n<meta property=\"og:url\" content=\"https:\/\/mahaloukuleles.com\/es\/bags-accessories\/\" \/>\n<meta property=\"og:site_name\" content=\"Mahalo Ukuleles\" \/>\n<meta property=\"article:publisher\" content=\"https:\/\/www.facebook.com\/mahaloukuleles\/?epa=SEARCH_BOX\" \/>\n<meta property=\"article:modified_time\" content=\"2020-11-16T00:00:25+00:00\" \/>\n<meta name=\"twitter:card\" content=\"summary_large_image\" \/>\n<meta name=\"twitter:label1\" content=\"Tiempo de lectura\" \/>\n\t<meta name=\"twitter:data1\" content=\"2 minutos\" \/>\n<script type=\"application\/ld+json\" class=\"yoast-schema-graph\">{\"@context\":\"https:\\\/\\\/schema.org\",\"@graph\":[{\"@type\":\"WebPage\",\"@id\":\"https:\\\/\\\/mahaloukuleles.com\\\/zh\\\/bags-accessories\\\/\",\"url\":\"https:\\\/\\\/mahaloukuleles.com\\\/zh\\\/bags-accessories\\\/\",\"name\":\"Bags & Accessories - Mahalo Ukuleles\",\"isPartOf\":{\"@id\":\"https:\\\/\\\/mahaloukuleles.com\\\/es\\\/#website\"},\"datePublished\":\"2018-11-08T04:18:34+00:00\",\"dateModified\":\"2020-11-16T00:00:25+00:00\",\"description\":\"Ukulele Bags, Accessories, Apparel & Collectibles. At Mahalo, we are committed to the highest standards of production, ethics and integrity.\",\"breadcrumb\":{\"@id\":\"https:\\\/\\\/mahaloukuleles.com\\\/zh\\\/bags-accessories\\\/#breadcrumb\"},\"inLanguage\":\"es\",\"potentialAction\":[{\"@type\":\"ReadAction\",\"target\":[\"https:\\\/\\\/mahaloukuleles.com\\\/zh\\\/bags-accessories\\\/\"]}]},{\"@type\":\"BreadcrumbList\",\"@id\":\"https:\\\/\\\/mahaloukuleles.com\\\/zh\\\/bags-accessories\\\/#breadcrumb\",\"itemListElement\":[{\"@type\":\"ListItem\",\"position\":1,\"name\":\"Home\",\"item\":\"https:\\\/\\\/mahaloukuleles.com\\\/\"},{\"@type\":\"ListItem\",\"position\":2,\"name\":\"Bags &#038; Accessories\"}]},{\"@type\":\"WebSite\",\"@id\":\"https:\\\/\\\/mahaloukuleles.com\\\/es\\\/#website\",\"url\":\"https:\\\/\\\/mahaloukuleles.com\\\/es\\\/\",\"name\":\"Mahalo Ukuleles\",\"description\":\"Mahalo Ukuleles\",\"publisher\":{\"@id\":\"https:\\\/\\\/mahaloukuleles.com\\\/es\\\/#organization\"},\"potentialAction\":[{\"@type\":\"SearchAction\",\"target\":{\"@type\":\"EntryPoint\",\"urlTemplate\":\"https:\\\/\\\/mahaloukuleles.com\\\/es\\\/?s={search_term_string}\"},\"query-input\":{\"@type\":\"PropertyValueSpecification\",\"valueRequired\":true,\"valueName\":\"search_term_string\"}}],\"inLanguage\":\"es\"},{\"@type\":\"Organization\",\"@id\":\"https:\\\/\\\/mahaloukuleles.com\\\/es\\\/#organization\",\"name\":\"Mahalo Ukuleles\",\"url\":\"https:\\\/\\\/mahaloukuleles.com\\\/es\\\/\",\"logo\":{\"@type\":\"ImageObject\",\"inLanguage\":\"es\",\"@id\":\"https:\\\/\\\/mahaloukuleles.com\\\/es\\\/#\\\/schema\\\/logo\\\/image\\\/\",\"url\":\"https:\\\/\\\/media.mahaloukuleles.com.au\\\/wp-content\\\/uploads\\\/2019\\\/02\\\/mahalo_LOGO_vector_s-1.jpg\",\"contentUrl\":\"https:\\\/\\\/media.mahaloukuleles.com.au\\\/wp-content\\\/uploads\\\/2019\\\/02\\\/mahalo_LOGO_vector_s-1.jpg\",\"width\":117,\"height\":60,\"caption\":\"Mahalo Ukuleles\"},\"image\":{\"@id\":\"https:\\\/\\\/mahaloukuleles.com\\\/es\\\/#\\\/schema\\\/logo\\\/image\\\/\"},\"sameAs\":[\"https:\\\/\\\/www.facebook.com\\\/mahaloukuleles\\\/?epa=SEARCH_BOX\"]}]}<\/script>\n<!-- \/ Yoast SEO plugin. -->","yoast_head_json":{"title":"Bolsos y Accesorios - Mahalo Ukuleles","description":"Bolsas de ukelele, accesorios, ropa y coleccionables. En Mahalo, estamos comprometidos con los m\u00e1s altos est\u00e1ndares de producci\u00f3n, \u00e9tica e integridad.","robots":{"index":"index","follow":"follow","max-snippet":"max-snippet:-1","max-image-preview":"max-image-preview:large","max-video-preview":"max-video-preview:-1"},"canonical":"https:\/\/mahaloukuleles.com\/es\/bags-accessories\/","og_locale":"es_ES","og_type":"article","og_title":"Bags & Accessories - Mahalo Ukuleles","og_description":"Ukulele Bags, Accessories, Apparel & Collectibles. At Mahalo, we are committed to the highest standards of production, ethics and integrity.","og_url":"https:\/\/mahaloukuleles.com\/es\/bags-accessories\/","og_site_name":"Mahalo Ukuleles","article_publisher":"https:\/\/www.facebook.com\/mahaloukuleles\/?epa=SEARCH_BOX","article_modified_time":"2020-11-16T00:00:25+00:00","twitter_card":"summary_large_image","twitter_misc":{"Tiempo de lectura":"2 minutos"},"schema":{"@context":"https:\/\/schema.org","@graph":[{"@type":"WebPage","@id":"https:\/\/mahaloukuleles.com\/zh\/bags-accessories\/","url":"https:\/\/mahaloukuleles.com\/zh\/bags-accessories\/","name":"Bolsos y Accesorios - Mahalo Ukuleles","isPartOf":{"@id":"https:\/\/mahaloukuleles.com\/es\/#website"},"datePublished":"2018-11-08T04:18:34+00:00","dateModified":"2020-11-16T00:00:25+00:00","description":"Bolsas de ukelele, accesorios, ropa y coleccionables. En Mahalo, estamos comprometidos con los m\u00e1s altos est\u00e1ndares de producci\u00f3n, \u00e9tica e integridad.","breadcrumb":{"@id":"https:\/\/mahaloukuleles.com\/zh\/bags-accessories\/#breadcrumb"},"inLanguage":"es","potentialAction":[{"@type":"ReadAction","target":["https:\/\/mahaloukuleles.com\/zh\/bags-accessories\/"]}]},{"@type":"BreadcrumbList","@id":"https:\/\/mahaloukuleles.com\/zh\/bags-accessories\/#breadcrumb","itemListElement":[{"@type":"ListItem","position":1,"name":"Home","item":"https:\/\/mahaloukuleles.com\/"},{"@type":"ListItem","position":2,"name":"Bags &#038; Accessories"}]},{"@type":"WebSite","@id":"https:\/\/mahaloukuleles.com\/es\/#website","url":"https:\/\/mahaloukuleles.com\/es\/","name":"Mahalo Ukuleles","description":"Mahalo Ukuleles","publisher":{"@id":"https:\/\/mahaloukuleles.com\/es\/#organization"},"potentialAction":[{"@type":"SearchAction","target":{"@type":"EntryPoint","urlTemplate":"https:\/\/mahaloukuleles.com\/es\/?s={search_term_string}"},"query-input":{"@type":"PropertyValueSpecification","valueRequired":true,"valueName":"search_term_string"}}],"inLanguage":"es"},{"@type":"Organization","@id":"https:\/\/mahaloukuleles.com\/es\/#organization","name":"Mahalo Ukuleles","url":"https:\/\/mahaloukuleles.com\/es\/","logo":{"@type":"ImageObject","inLanguage":"es","@id":"https:\/\/mahaloukuleles.com\/es\/#\/schema\/logo\/image\/","url":"https:\/\/media.mahaloukuleles.com.au\/wp-content\/uploads\/2019\/02\/mahalo_LOGO_vector_s-1.jpg","contentUrl":"https:\/\/media.mahaloukuleles.com.au\/wp-content\/uploads\/2019\/02\/mahalo_LOGO_vector_s-1.jpg","width":117,"height":60,"caption":"Mahalo Ukuleles"},"image":{"@id":"https:\/\/mahaloukuleles.com\/es\/#\/schema\/logo\/image\/"},"sameAs":["https:\/\/www.facebook.com\/mahaloukuleles\/?epa=SEARCH_BOX"]}]}},"_links":{"self":[{"href":"https:\/\/mahaloukuleles.com\/es\/wp-json\/wp\/v2\/pages\/4758","targetHints":{"allow":["GET"]}}],"collection":[{"href":"https:\/\/mahaloukuleles.com\/es\/wp-json\/wp\/v2\/pages"}],"about":[{"href":"https:\/\/mahaloukuleles.com\/es\/wp-json\/wp\/v2\/types\/page"}],"author":[{"embeddable":true,"href":"https:\/\/mahaloukuleles.com\/es\/wp-json\/wp\/v2\/users\/1"}],"replies":[{"embeddable":true,"href":"https:\/\/mahaloukuleles.com\/es\/wp-json\/wp\/v2\/comments?post=4758"}],"version-history":[{"count":0,"href":"https:\/\/mahaloukuleles.com\/es\/wp-json\/wp\/v2\/pages\/4758\/revisions"}],"wp:attachment":[{"href":"https:\/\/mahaloukuleles.com\/es\/wp-json\/wp\/v2\/media?parent=4758"}],"curies":[{"name":"wp","href":"https:\/\/api.w.org\/{rel}","templated":true}]}}