{"id":6090,"date":"2018-11-19T13:05:13","date_gmt":"2018-11-19T03:05:13","guid":{"rendered":"https:\/\/dev.mahaloukuleles.com\/?page_id=6090"},"modified":"2023-03-09T15:48:48","modified_gmt":"2023-03-09T05:48:48","slug":"basic-ukulele-chords","status":"publish","type":"page","link":"https:\/\/mahaloukuleles.com\/es\/basic-ukulele-chords\/","title":{"rendered":"Acordes de ukelele b\u00e1sicos"},"content":{"rendered":"<div id=\"pl-6090\"  class=\"panel-layout\" ><div id=\"pg-6090-0\"  class=\"panel-grid panel-has-style\" ><div class=\"siteorigin-panels-stretch panel-row-style panel-row-style-for-6090-0\" data-stretch-type=\"full\" ><div id=\"pgc-6090-0-0\"  class=\"panel-grid-cell\" ><div id=\"panel-6090-0-0-0\" class=\"so-panel widget widget_sow-image panel-first-child panel-last-child\" data-index=\"0\" ><div class=\"panel-widget-style panel-widget-style-for-6090-0-0-0\" ><div\n\t\t\t\n\t\t\tclass=\"so-widget-sow-image so-widget-sow-image-default-e4c2d9f6c920-6090\"\n\t\t\t\n\t\t>\n<div class=\"sow-image-container\">\n\t\t<img fetchpriority=\"high\" \n\tsrc=\"https:\/\/mahaloukuleles.com\/wp-content\/uploads\/2018\/11\/soprano.png\" width=\"500\" height=\"500\" srcset=\"https:\/\/mahaloukuleles.com\/wp-content\/uploads\/2018\/11\/soprano.png 500w, https:\/\/mahaloukuleles.com\/wp-content\/uploads\/2018\/11\/soprano-150x150.png 150w, https:\/\/mahaloukuleles.com\/wp-content\/uploads\/2018\/11\/soprano-300x300.png 300w\" sizes=\"(max-width: 500px) 100vw, 500px\" alt=\"\" \t\tclass=\"so-widget-image\"\/>\n\t<\/div>\n\n<\/div><\/div><\/div><\/div><div id=\"pgc-6090-0-1\"  class=\"panel-grid-cell\" ><div id=\"panel-6090-0-1-0\" class=\"so-panel widget widget_sow-image panel-first-child panel-last-child\" data-index=\"1\" ><div class=\"panel-widget-style panel-widget-style-for-6090-0-1-0\" ><div\n\t\t\t\n\t\t\tclass=\"so-widget-sow-image so-widget-sow-image-default-e4c2d9f6c920-6090\"\n\t\t\t\n\t\t>\n<div class=\"sow-image-container\">\n\t\t<img \n\tsrc=\"https:\/\/mahaloukuleles.com\/wp-content\/uploads\/2018\/11\/soprano_strings.png\" width=\"964\" height=\"748\" srcset=\"https:\/\/mahaloukuleles.com\/wp-content\/uploads\/2018\/11\/soprano_strings.png 964w, https:\/\/mahaloukuleles.com\/wp-content\/uploads\/2018\/11\/soprano_strings-300x233.png 300w, https:\/\/mahaloukuleles.com\/wp-content\/uploads\/2018\/11\/soprano_strings-768x596.png 768w\" sizes=\"(max-width: 964px) 100vw, 964px\" alt=\"\" \t\tclass=\"so-widget-image\"\/>\n\t<\/div>\n\n<\/div><\/div><\/div><\/div><\/div><\/div><div id=\"pg-6090-1\"  class=\"panel-grid panel-has-style\" ><div class=\"siteorigin-panels-stretch panel-row-style panel-row-style-for-6090-1\" data-stretch-type=\"full\" ><div id=\"pgc-6090-1-0\"  class=\"panel-grid-cell\" ><div id=\"panel-6090-1-0-0\" class=\"so-panel widget widget_sow-headline panel-first-child panel-last-child\" data-index=\"2\" ><div class=\"panel-widget-style panel-widget-style-for-6090-1-0-0\" ><div\n\t\t\t\n\t\t\tclass=\"so-widget-sow-headline so-widget-sow-headline-default-83444de9ac10-6090 so-widget-fittext-wrapper\"\n\t\t\t data-fit-text-compressor=\"1\"\n\t\t><div class=\"sow-headline-container\">\n\t\t\t\t\t\t\t<h3 class=\"sow-headline\">\n\t\t\t\t\t\tC\u00f3mo leer diagramas de acorde de ukelele\t\t\t\t\t\t<\/h3>\n\t\t\t\t\t\t\t\t\t\t\t<div class=\"decoration\">\n\t\t\t\t\t\t<div class=\"decoration-inside\"><\/div>\n\t\t\t\t\t<\/div>\n\t\t\t\t\t\t\t\t\t\t\t<h5 class=\"sow-sub-headline\">\n\t\t\t\t\t\tLos diagramas de acordes son bastante f\u00e1ciles de entender. Imagina que est\u00e1s viendo un diapas\u00f3n de ukelele con el cabezal en la parte superior. Las cadenas se ilustran como l\u00edneas verticales (de izquierda a derecha, cadena GCEA) y los trastes son las l\u00edneas horizontales con n\u00fameros para indicar cada traste.\t\t\t\t\t\t<\/h5>\n\t\t\t\t\t\t<\/div>\n<\/div><\/div><\/div><\/div><\/div><\/div><div id=\"pg-6090-2\"  class=\"panel-grid panel-has-style\" ><div class=\"siteorigin-panels-stretch panel-row-style panel-row-style-for-6090-2\" data-stretch-type=\"full\" ><div id=\"pgc-6090-2-0\"  class=\"panel-grid-cell\" ><div id=\"panel-6090-2-0-0\" class=\"so-panel widget widget_sow-image panel-first-child panel-last-child\" data-index=\"3\" ><div class=\"panel-widget-style panel-widget-style-for-6090-2-0-0\" ><div\n\t\t\t\n\t\t\tclass=\"so-widget-sow-image so-widget-sow-image-default-c67d20f9f743-6090\"\n\t\t\t\n\t\t>\n<div class=\"sow-image-container\">\n\t\t<img \n\tsrc=\"https:\/\/mahaloukuleles.com\/wp-content\/uploads\/2020\/02\/hand.jpg\" width=\"533\" height=\"646\" srcset=\"https:\/\/mahaloukuleles.com\/wp-content\/uploads\/2020\/02\/hand.jpg 533w, https:\/\/mahaloukuleles.com\/wp-content\/uploads\/2020\/02\/hand-248x300.jpg 248w\" sizes=\"(max-width: 533px) 100vw, 533px\" alt=\"\" \t\tclass=\"so-widget-image\"\/>\n\t<\/div>\n\n<\/div><\/div><\/div><\/div><div id=\"pgc-6090-2-1\"  class=\"panel-grid-cell\" ><div id=\"panel-6090-2-1-0\" class=\"so-panel widget widget_sow-headline panel-first-child\" data-index=\"4\" ><div class=\"panel-widget-style panel-widget-style-for-6090-2-1-0\" ><div\n\t\t\t\n\t\t\tclass=\"so-widget-sow-headline so-widget-sow-headline-default-f73c988ef076-6090 so-widget-fittext-wrapper\"\n\t\t\t data-fit-text-compressor=\"0.85\"\n\t\t><div class=\"sow-headline-container\">\n\t\t\t\t\t\t\t<h5 class=\"sow-headline\">\n\t\t\t\t\t\tTodas las diferentes formas de acorde est\u00e1n representadas por puntos en las cuerdas. Cada punto representa la colocaci\u00f3n de un dedo en una cuerda. Los n\u00fameros dentro de los puntos se relacionan con el dedo particular que se colocar\u00e1 en esa posici\u00f3n:\t\t\t\t\t\t<\/h5>\n\t\t\t\t\t\t<\/div>\n<\/div><\/div><\/div><div id=\"panel-6090-2-1-1\" class=\"so-panel widget widget_sow-editor panel-last-child\" data-index=\"5\" ><div\n\t\t\t\n\t\t\tclass=\"so-widget-sow-editor so-widget-sow-editor-base\"\n\t\t\t\n\t\t>\n<div class=\"siteorigin-widget-tinymce textwidget\">\n\t<p>(1)\u00a0 Index Finger<br \/>\n(2)\u00a0 Middle Finger<br \/>\n(3)\u00a0 Ring Finger<br \/>\n(4)\u00a0 Pinky Finger<\/p>\n<\/div>\n<\/div><\/div><\/div><\/div><\/div><div id=\"pg-6090-3\"  class=\"panel-grid panel-has-style\" ><div class=\"siteorigin-panels-stretch panel-row-style panel-row-style-for-6090-3\" data-stretch-type=\"full\" ><div id=\"pgc-6090-3-0\"  class=\"panel-grid-cell\" ><div id=\"panel-6090-3-0-0\" class=\"so-panel widget widget_sow-image panel-first-child panel-last-child\" data-index=\"6\" ><div class=\"panel-widget-style panel-widget-style-for-6090-3-0-0\" ><div\n\t\t\t\n\t\t\tclass=\"so-widget-sow-image so-widget-sow-image-default-8b5b6f678277-6090\"\n\t\t\t\n\t\t>\n<div class=\"sow-image-container\">\n\t\t<img loading=\"lazy\" \n\tsrc=\"https:\/\/mahaloukuleles.com\/wp-content\/uploads\/2018\/11\/all-lines3.jpg\" width=\"978\" height=\"841\" srcset=\"https:\/\/mahaloukuleles.com\/wp-content\/uploads\/2018\/11\/all-lines3.jpg 978w, https:\/\/mahaloukuleles.com\/wp-content\/uploads\/2018\/11\/all-lines3-300x258.jpg 300w, https:\/\/mahaloukuleles.com\/wp-content\/uploads\/2018\/11\/all-lines3-768x660.jpg 768w\" sizes=\"(max-width: 978px) 100vw, 978px\" title=\"l\u00ednea 1\" alt=\"\" \t\tclass=\"so-widget-image\"\/>\n\t<\/div>\n\n<\/div><\/div><\/div><\/div><div id=\"pgc-6090-3-1\"  class=\"panel-grid-cell\" ><div id=\"panel-6090-3-1-0\" class=\"so-panel widget widget_sow-headline panel-first-child panel-last-child\" data-index=\"7\" ><div class=\"panel-widget-style panel-widget-style-for-6090-3-1-0\" ><div\n\t\t\t\n\t\t\tclass=\"so-widget-sow-headline so-widget-sow-headline-default-4f48b85259b6-6090 so-widget-fittext-wrapper\"\n\t\t\t data-fit-text-compressor=\"0.85\"\n\t\t><div class=\"sow-headline-container\">\n\t\t\t\t\t\t\t<h5 class=\"sow-headline\">\n\t\t\t\t\t\tEn el ejemplo de la izquierda se muestra un acorde de G Para tocar el acorde G, coloque su primer dedo en la cuerda C en el segundo traste, su tercer dedo en la cuerda E en el tercer traste y su segundo dedo en la cuerda A en el segundo traste.\t\t\t\t\t\t<\/h5>\n\t\t\t\t\t\t<\/div>\n<\/div><\/div><\/div><\/div><\/div><\/div><div id=\"pg-6090-4\"  class=\"panel-grid panel-has-style\" ><div class=\"siteorigin-panels-stretch panel-row-style panel-row-style-for-6090-4\" data-stretch-type=\"full\" ><div id=\"pgc-6090-4-0\"  class=\"panel-grid-cell\" ><div id=\"panel-6090-4-0-0\" class=\"so-panel widget widget_sow-image panel-first-child\" data-index=\"8\" ><div\n\t\t\t\n\t\t\tclass=\"so-widget-sow-image so-widget-sow-image-default-8b5b6f678277-6090\"\n\t\t\t\n\t\t>\n<div class=\"sow-image-container\">\n\t\t\t<a href=\"https:\/\/mahaloukuleles.com\/es\/tuning\/\"\n\t\t\t\t\t>\n\t\t\t<img loading=\"lazy\" \n\tsrc=\"https:\/\/mahaloukuleles.com\/wp-content\/uploads\/2018\/11\/tuner-2.jpg\" width=\"1054\" height=\"688\" srcset=\"https:\/\/mahaloukuleles.com\/wp-content\/uploads\/2018\/11\/tuner-2.jpg 1054w, https:\/\/mahaloukuleles.com\/wp-content\/uploads\/2018\/11\/tuner-2-300x196.jpg 300w, https:\/\/mahaloukuleles.com\/wp-content\/uploads\/2018\/11\/tuner-2-768x501.jpg 768w, https:\/\/mahaloukuleles.com\/wp-content\/uploads\/2018\/11\/tuner-2-1024x668.jpg 1024w\" sizes=\"(max-width: 1054px) 100vw, 1054px\" title=\"Afinando tu Ukulele\" alt=\"\" \t\tclass=\"so-widget-image\"\/>\n\t\t\t<\/a><\/div>\n\n<\/div><\/div><div id=\"panel-6090-4-0-1\" class=\"so-panel widget widget_sow-headline panel-last-child\" data-index=\"9\" ><div\n\t\t\t\n\t\t\tclass=\"so-widget-sow-headline so-widget-sow-headline-default-797f868800a2-6090 so-widget-fittext-wrapper\"\n\t\t\t data-fit-text-compressor=\"1\"\n\t\t><div class=\"sow-headline-container\">\n\t\t\t\t\t\t\t<h3 class=\"sow-headline\">\n\t\t\t\t\t\tLECCIONES DE TUNING\t\t\t\t\t\t<\/h3>\n\t\t\t\t\t\t<\/div>\n<\/div><\/div><\/div><div id=\"pgc-6090-4-1\"  class=\"panel-grid-cell\" ><div id=\"panel-6090-4-1-0\" class=\"so-panel widget widget_sow-image panel-first-child\" data-index=\"10\" ><div class=\"panel-widget-style panel-widget-style-for-6090-4-1-0\" ><div\n\t\t\t\n\t\t\tclass=\"so-widget-sow-image so-widget-sow-image-default-8b5b6f678277-6090\"\n\t\t\t\n\t\t>\n<div class=\"sow-image-container\">\n\t\t\t<a href=\"https:\/\/mahaloukuleles.com\/es\/about-mahalo-ukuleles-2\/ukulele-facts\/\"\n\t\t\t\t\t>\n\t\t\t<img loading=\"lazy\" \n\tsrc=\"https:\/\/mahaloukuleles.com\/wp-content\/uploads\/2018\/04\/JAVA_series.jpg\" width=\"1054\" height=\"688\" srcset=\"https:\/\/mahaloukuleles.com\/wp-content\/uploads\/2018\/04\/JAVA_series.jpg 1054w, https:\/\/mahaloukuleles.com\/wp-content\/uploads\/2018\/04\/JAVA_series-300x196.jpg 300w, https:\/\/mahaloukuleles.com\/wp-content\/uploads\/2018\/04\/JAVA_series-768x501.jpg 768w, https:\/\/mahaloukuleles.com\/wp-content\/uploads\/2018\/04\/JAVA_series-1024x668.jpg 1024w, https:\/\/mahaloukuleles.com\/wp-content\/uploads\/2018\/04\/JAVA_series-500x326.jpg 500w\" sizes=\"(max-width: 1054px) 100vw, 1054px\" alt=\"serie java\" \t\tclass=\"so-widget-image\"\/>\n\t\t\t<\/a><\/div>\n\n<\/div><\/div><\/div><div id=\"panel-6090-4-1-1\" class=\"so-panel widget widget_sow-headline panel-last-child\" data-index=\"11\" ><div\n\t\t\t\n\t\t\tclass=\"so-widget-sow-headline so-widget-sow-headline-default-797f868800a2-6090 so-widget-fittext-wrapper\"\n\t\t\t data-fit-text-compressor=\"1\"\n\t\t><div class=\"sow-headline-container\">\n\t\t\t\t\t\t\t<h3 class=\"sow-headline\">\n\t\t\t\t\t\tHECHOS DE UKULELE\t\t\t\t\t\t<\/h3>\n\t\t\t\t\t\t<\/div>\n<\/div><\/div><\/div><div id=\"pgc-6090-4-2\"  class=\"panel-grid-cell\" ><div id=\"panel-6090-4-2-0\" class=\"so-panel widget widget_sow-image panel-first-child\" data-index=\"12\" ><div\n\t\t\t\n\t\t\tclass=\"so-widget-sow-image so-widget-sow-image-default-8b5b6f678277-6090\"\n\t\t\t\n\t\t>\n<div class=\"sow-image-container\">\n\t\t\t<a href=\"https:\/\/mahaloukuleles.com\/es\/parts-of-the-ukulele\/\"\n\t\t\t\t\t>\n\t\t\t<img loading=\"lazy\" \n\tsrc=\"https:\/\/mahaloukuleles.com\/wp-content\/uploads\/2018\/10\/CUSTOM_series.jpg\" width=\"1054\" height=\"688\" srcset=\"https:\/\/mahaloukuleles.com\/wp-content\/uploads\/2018\/10\/CUSTOM_series.jpg 1054w, https:\/\/mahaloukuleles.com\/wp-content\/uploads\/2018\/10\/CUSTOM_series-300x196.jpg 300w, https:\/\/mahaloukuleles.com\/wp-content\/uploads\/2018\/10\/CUSTOM_series-768x501.jpg 768w, https:\/\/mahaloukuleles.com\/wp-content\/uploads\/2018\/10\/CUSTOM_series-1024x668.jpg 1024w, https:\/\/mahaloukuleles.com\/wp-content\/uploads\/2018\/10\/CUSTOM_series-500x326.jpg 500w\" sizes=\"(max-width: 1054px) 100vw, 1054px\" alt=\"\" \t\tclass=\"so-widget-image\"\/>\n\t\t\t<\/a><\/div>\n\n<\/div><\/div><div id=\"panel-6090-4-2-1\" class=\"so-panel widget widget_sow-headline panel-last-child\" data-index=\"13\" ><div\n\t\t\t\n\t\t\tclass=\"so-widget-sow-headline so-widget-sow-headline-default-797f868800a2-6090 so-widget-fittext-wrapper\"\n\t\t\t data-fit-text-compressor=\"1\"\n\t\t><div class=\"sow-headline-container\">\n\t\t\t\t\t\t\t<h3 class=\"sow-headline\">\n\t\t\t\t\t\tPARTES DEL UKULELE\t\t\t\t\t\t<\/h3>\n\t\t\t\t\t\t<\/div>\n<\/div><\/div><\/div><\/div><\/div><\/div>","protected":false},"excerpt":{"rendered":"<p>How To Read Ukulele Chord Diagrams Chord diagrams are quite easy to understand. Imagine you are looking at a ukulele fretboard with the headstock at the top. The strings are illustrated as vertical lines (from left to right G C E A string) and the frets are the horizontal lines with numbers to signify each [&hellip;]<\/p>\n","protected":false},"author":1,"featured_media":0,"parent":0,"menu_order":0,"comment_status":"closed","ping_status":"closed","template":"","meta":{"two_page_speed":[],"footnotes":""},"class_list":["post-6090","page","type-page","status-publish","hentry"],"yoast_head":"<!-- This site is optimized with the Yoast SEO plugin v27.5 - https:\/\/yoast.com\/product\/yoast-seo-wordpress\/ -->\n<title>Basic Ukulele Chords - Mahalo Ukuleles<\/title>\n<meta name=\"description\" content=\"How To Read Ukulele Chord Diagrams. All the different chord shapes are represented by dots on the strings. Each dot represents the placement of a finger...\" \/>\n<meta name=\"robots\" content=\"index, follow, max-snippet:-1, max-image-preview:large, max-video-preview:-1\" \/>\n<link rel=\"canonical\" href=\"https:\/\/mahaloukuleles.com\/es\/basic-ukulele-chords\/\" \/>\n<meta property=\"og:locale\" content=\"es_ES\" \/>\n<meta property=\"og:type\" content=\"article\" \/>\n<meta property=\"og:title\" content=\"Basic Ukulele Chords - Mahalo Ukuleles\" \/>\n<meta property=\"og:description\" content=\"How To Read Ukulele Chord Diagrams. All the different chord shapes are represented by dots on the strings. Each dot represents the placement of a finger...\" \/>\n<meta property=\"og:url\" content=\"https:\/\/mahaloukuleles.com\/es\/basic-ukulele-chords\/\" \/>\n<meta property=\"og:site_name\" content=\"Mahalo Ukuleles\" \/>\n<meta property=\"article:publisher\" content=\"https:\/\/www.facebook.com\/mahaloukuleles\/?epa=SEARCH_BOX\" \/>\n<meta property=\"article:modified_time\" content=\"2023-03-09T05:48:48+00:00\" \/>\n<meta name=\"twitter:card\" content=\"summary_large_image\" \/>\n<meta name=\"twitter:label1\" content=\"Tiempo de lectura\" \/>\n\t<meta name=\"twitter:data1\" content=\"1 minuto\" \/>\n<script type=\"application\/ld+json\" class=\"yoast-schema-graph\">{\"@context\":\"https:\\\/\\\/schema.org\",\"@graph\":[{\"@type\":\"WebPage\",\"@id\":\"https:\\\/\\\/mahaloukuleles.com\\\/basic-ukulele-chords\\\/\",\"url\":\"https:\\\/\\\/mahaloukuleles.com\\\/basic-ukulele-chords\\\/\",\"name\":\"Basic Ukulele Chords - Mahalo Ukuleles\",\"isPartOf\":{\"@id\":\"https:\\\/\\\/mahaloukuleles.com\\\/es\\\/#website\"},\"datePublished\":\"2018-11-19T03:05:13+00:00\",\"dateModified\":\"2023-03-09T05:48:48+00:00\",\"description\":\"How To Read Ukulele Chord Diagrams. All the different chord shapes are represented by dots on the strings. Each dot represents the placement of a finger...\",\"breadcrumb\":{\"@id\":\"https:\\\/\\\/mahaloukuleles.com\\\/basic-ukulele-chords\\\/#breadcrumb\"},\"inLanguage\":\"es\",\"potentialAction\":[{\"@type\":\"ReadAction\",\"target\":[\"https:\\\/\\\/mahaloukuleles.com\\\/basic-ukulele-chords\\\/\"]}]},{\"@type\":\"BreadcrumbList\",\"@id\":\"https:\\\/\\\/mahaloukuleles.com\\\/basic-ukulele-chords\\\/#breadcrumb\",\"itemListElement\":[{\"@type\":\"ListItem\",\"position\":1,\"name\":\"Home\",\"item\":\"https:\\\/\\\/mahaloukuleles.com\\\/\"},{\"@type\":\"ListItem\",\"position\":2,\"name\":\"Basic Ukulele Chords\"}]},{\"@type\":\"WebSite\",\"@id\":\"https:\\\/\\\/mahaloukuleles.com\\\/es\\\/#website\",\"url\":\"https:\\\/\\\/mahaloukuleles.com\\\/es\\\/\",\"name\":\"Mahalo Ukuleles\",\"description\":\"Mahalo Ukuleles\",\"publisher\":{\"@id\":\"https:\\\/\\\/mahaloukuleles.com\\\/es\\\/#organization\"},\"potentialAction\":[{\"@type\":\"SearchAction\",\"target\":{\"@type\":\"EntryPoint\",\"urlTemplate\":\"https:\\\/\\\/mahaloukuleles.com\\\/es\\\/?s={search_term_string}\"},\"query-input\":{\"@type\":\"PropertyValueSpecification\",\"valueRequired\":true,\"valueName\":\"search_term_string\"}}],\"inLanguage\":\"es\"},{\"@type\":\"Organization\",\"@id\":\"https:\\\/\\\/mahaloukuleles.com\\\/es\\\/#organization\",\"name\":\"Mahalo Ukuleles\",\"url\":\"https:\\\/\\\/mahaloukuleles.com\\\/es\\\/\",\"logo\":{\"@type\":\"ImageObject\",\"inLanguage\":\"es\",\"@id\":\"https:\\\/\\\/mahaloukuleles.com\\\/es\\\/#\\\/schema\\\/logo\\\/image\\\/\",\"url\":\"https:\\\/\\\/media.mahaloukuleles.com.au\\\/wp-content\\\/uploads\\\/2019\\\/02\\\/mahalo_LOGO_vector_s-1.jpg\",\"contentUrl\":\"https:\\\/\\\/media.mahaloukuleles.com.au\\\/wp-content\\\/uploads\\\/2019\\\/02\\\/mahalo_LOGO_vector_s-1.jpg\",\"width\":117,\"height\":60,\"caption\":\"Mahalo Ukuleles\"},\"image\":{\"@id\":\"https:\\\/\\\/mahaloukuleles.com\\\/es\\\/#\\\/schema\\\/logo\\\/image\\\/\"},\"sameAs\":[\"https:\\\/\\\/www.facebook.com\\\/mahaloukuleles\\\/?epa=SEARCH_BOX\"]}]}<\/script>\n<!-- \/ Yoast SEO plugin. -->","yoast_head_json":{"title":"Acordes para ukelele b\u00e1sicos - Ukuleles Mahalo","description":"C\u00f3mo leer diagramas de acordes de ukelele. Todas las diferentes formas de acordes est\u00e1n representadas por puntos en las cuerdas. Cada punto representa la colocaci\u00f3n de un dedo...","robots":{"index":"index","follow":"follow","max-snippet":"max-snippet:-1","max-image-preview":"max-image-preview:large","max-video-preview":"max-video-preview:-1"},"canonical":"https:\/\/mahaloukuleles.com\/es\/basic-ukulele-chords\/","og_locale":"es_ES","og_type":"article","og_title":"Basic Ukulele Chords - Mahalo Ukuleles","og_description":"How To Read Ukulele Chord Diagrams. All the different chord shapes are represented by dots on the strings. Each dot represents the placement of a finger...","og_url":"https:\/\/mahaloukuleles.com\/es\/basic-ukulele-chords\/","og_site_name":"Mahalo Ukuleles","article_publisher":"https:\/\/www.facebook.com\/mahaloukuleles\/?epa=SEARCH_BOX","article_modified_time":"2023-03-09T05:48:48+00:00","twitter_card":"summary_large_image","twitter_misc":{"Tiempo de lectura":"1 minuto"},"schema":{"@context":"https:\/\/schema.org","@graph":[{"@type":"WebPage","@id":"https:\/\/mahaloukuleles.com\/basic-ukulele-chords\/","url":"https:\/\/mahaloukuleles.com\/basic-ukulele-chords\/","name":"Acordes para ukelele b\u00e1sicos - Ukuleles Mahalo","isPartOf":{"@id":"https:\/\/mahaloukuleles.com\/es\/#website"},"datePublished":"2018-11-19T03:05:13+00:00","dateModified":"2023-03-09T05:48:48+00:00","description":"C\u00f3mo leer diagramas de acordes de ukelele. Todas las diferentes formas de acordes est\u00e1n representadas por puntos en las cuerdas. Cada punto representa la colocaci\u00f3n de un dedo...","breadcrumb":{"@id":"https:\/\/mahaloukuleles.com\/basic-ukulele-chords\/#breadcrumb"},"inLanguage":"es","potentialAction":[{"@type":"ReadAction","target":["https:\/\/mahaloukuleles.com\/basic-ukulele-chords\/"]}]},{"@type":"BreadcrumbList","@id":"https:\/\/mahaloukuleles.com\/basic-ukulele-chords\/#breadcrumb","itemListElement":[{"@type":"ListItem","position":1,"name":"Home","item":"https:\/\/mahaloukuleles.com\/"},{"@type":"ListItem","position":2,"name":"Basic Ukulele Chords"}]},{"@type":"WebSite","@id":"https:\/\/mahaloukuleles.com\/es\/#website","url":"https:\/\/mahaloukuleles.com\/es\/","name":"Mahalo Ukuleles","description":"Mahalo Ukuleles","publisher":{"@id":"https:\/\/mahaloukuleles.com\/es\/#organization"},"potentialAction":[{"@type":"SearchAction","target":{"@type":"EntryPoint","urlTemplate":"https:\/\/mahaloukuleles.com\/es\/?s={search_term_string}"},"query-input":{"@type":"PropertyValueSpecification","valueRequired":true,"valueName":"search_term_string"}}],"inLanguage":"es"},{"@type":"Organization","@id":"https:\/\/mahaloukuleles.com\/es\/#organization","name":"Mahalo Ukuleles","url":"https:\/\/mahaloukuleles.com\/es\/","logo":{"@type":"ImageObject","inLanguage":"es","@id":"https:\/\/mahaloukuleles.com\/es\/#\/schema\/logo\/image\/","url":"https:\/\/media.mahaloukuleles.com.au\/wp-content\/uploads\/2019\/02\/mahalo_LOGO_vector_s-1.jpg","contentUrl":"https:\/\/media.mahaloukuleles.com.au\/wp-content\/uploads\/2019\/02\/mahalo_LOGO_vector_s-1.jpg","width":117,"height":60,"caption":"Mahalo Ukuleles"},"image":{"@id":"https:\/\/mahaloukuleles.com\/es\/#\/schema\/logo\/image\/"},"sameAs":["https:\/\/www.facebook.com\/mahaloukuleles\/?epa=SEARCH_BOX"]}]}},"_links":{"self":[{"href":"https:\/\/mahaloukuleles.com\/es\/wp-json\/wp\/v2\/pages\/6090","targetHints":{"allow":["GET"]}}],"collection":[{"href":"https:\/\/mahaloukuleles.com\/es\/wp-json\/wp\/v2\/pages"}],"about":[{"href":"https:\/\/mahaloukuleles.com\/es\/wp-json\/wp\/v2\/types\/page"}],"author":[{"embeddable":true,"href":"https:\/\/mahaloukuleles.com\/es\/wp-json\/wp\/v2\/users\/1"}],"replies":[{"embeddable":true,"href":"https:\/\/mahaloukuleles.com\/es\/wp-json\/wp\/v2\/comments?post=6090"}],"version-history":[{"count":0,"href":"https:\/\/mahaloukuleles.com\/es\/wp-json\/wp\/v2\/pages\/6090\/revisions"}],"wp:attachment":[{"href":"https:\/\/mahaloukuleles.com\/es\/wp-json\/wp\/v2\/media?parent=6090"}],"curies":[{"name":"wp","href":"https:\/\/api.w.org\/{rel}","templated":true}]}}