{"id":6595,"date":"2018-11-22T10:03:09","date_gmt":"2018-11-22T00:03:09","guid":{"rendered":"https:\/\/dev.mahaloukuleles.com\/?page_id=6595"},"modified":"2020-02-19T14:35:34","modified_gmt":"2020-02-19T04:35:34","slug":"product-innovations-the-evolution-of-the-mahalo-ukulele","status":"publish","type":"page","link":"https:\/\/mahaloukuleles.com\/es\/product-innovations-the-evolution-of-the-mahalo-ukulele\/","title":{"rendered":"Innovaciones de productos"},"content":{"rendered":"<div id=\"pl-6595\"  class=\"panel-layout\" ><div id=\"pg-6595-0\"  class=\"panel-grid panel-has-style\" ><div class=\"so-parallax siteorigin-panels-stretch panel-row-style panel-row-style-for-6595-0\" data-stretch-type=\"full-stretched\" ><img fetchpriority=\"high\" decoding=\"async\" width=\"2218\" height=\"749\" src=\"https:\/\/mahaloukuleles.com\/wp-content\/uploads\/2018\/10\/Artboard-1@2x.png\" class=\"attachment-full size-full\" alt=\"\" data-siteorigin-parallax=\"true\" loading=\"eager\" srcset=\"https:\/\/mahaloukuleles.com\/wp-content\/uploads\/2018\/10\/Artboard-1@2x.png 2218w, https:\/\/mahaloukuleles.com\/wp-content\/uploads\/2018\/10\/Artboard-1@2x-300x101.png 300w, https:\/\/mahaloukuleles.com\/wp-content\/uploads\/2018\/10\/Artboard-1@2x-768x259.png 768w, https:\/\/mahaloukuleles.com\/wp-content\/uploads\/2018\/10\/Artboard-1@2x-1024x346.png 1024w, https:\/\/mahaloukuleles.com\/wp-content\/uploads\/2018\/10\/Artboard-1@2x-500x169.png 500w\" sizes=\"(max-width: 2218px) 100vw, 2218px\" \/><div id=\"pgc-6595-0-0\"  class=\"panel-grid-cell\" ><div id=\"panel-6595-0-0-0\" class=\"so-panel widget widget_sow-hero panel-first-child panel-last-child\" data-index=\"0\" ><div class=\"panel-widget-style panel-widget-style-for-6595-0-0-0\" ><div\n\t\t\t\n\t\t\tclass=\"so-widget-sow-hero so-widget-sow-hero-default-10619a88e16b-6595 so-widget-fittext-wrapper\"\n\t\t\t data-fit-text-compressor=\"1\"\n\t\t>\t\t\t\t<div class=\"sow-slider-base\" style=\"display: none\" tabindex=\"0\">\n\t\t\t\t\t<ul\n\t\t\t\t\tclass=\"sow-slider-images\"\n\t\t\t\t\tdata-settings=\"{&quot;pagination&quot;:true,&quot;speed&quot;:800,&quot;timeout&quot;:8000,&quot;paused&quot;:false,&quot;pause_on_hover&quot;:false,&quot;swipe&quot;:false,&quot;nav_always_show_desktop&quot;:&quot;&quot;,&quot;nav_always_show_mobile&quot;:&quot;&quot;,&quot;breakpoint&quot;:&quot;780px&quot;,&quot;unmute&quot;:false,&quot;anchor&quot;:null}\"\n\t\t\t\t\tstyle=\"min-height: 10%\"\t\t\t\t\tdata-anchor-id=\"\"\n\t\t\t\t>\t\t<li class=\"sow-slider-image\" style=\"visibility: visible;\" >\n\t\t\t\t\t<div class=\"sow-slider-image-container\">\n\t\t\t<div class=\"sow-slider-image-wrapper\">\n\t\t\t\t<h3 style=\"text-align: center\"><strong>INNOVACIONES DE PRODUCTOS<\/strong><\/h3>\n<h3><\/h3>\n<h1 style=\"text-align: center\"><strong>LA EVOLUCI\u00d3N DEL MAHALO UKULELE.<\/strong><\/h1>\n\t\t\t<\/div>\n\t\t<\/div>\n\t\t\t\t<\/li>\n\t\t<\/ul>\t\t\t\t<ol class=\"sow-slider-pagination\">\n\t\t\t\t\t\t\t\t\t\t\t<li><a href=\"#\" data-goto=\"0\" aria-label=\"mostrar diapositiva 1\"><\/a><\/li>\n\t\t\t\t\t\t\t\t\t<\/ol>\n\n\t\t\t\t<div class=\"sow-slide-nav sow-slide-nav-next\">\n\t\t\t\t\t<a href=\"#\" data-goto=\"next\" aria-label=\"diapositiva siguiente\" data-action=\"next\">\n\t\t\t\t\t\t<em class=\"sow-sld-icon-thin-right\"><\/em>\n\t\t\t\t\t<\/a>\n\t\t\t\t<\/div>\n\n\t\t\t\t<div class=\"sow-slide-nav sow-slide-nav-prev\">\n\t\t\t\t\t<a href=\"#\" data-goto=\"previous\" aria-label=\"diapositiva anterior\" data-action=\"prev\">\n\t\t\t\t\t\t<em class=\"sow-sld-icon-thin-left\"><\/em>\n\t\t\t\t\t<\/a>\n\t\t\t\t<\/div>\n\t\t\t\t<\/div><\/div><\/div><\/div><\/div><\/div><\/div><div id=\"pg-6595-1\"  class=\"panel-grid panel-has-style\" ><div class=\"siteorigin-panels-stretch panel-row-style panel-row-style-for-6595-1\" data-stretch-type=\"full\" ><div id=\"pgc-6595-1-0\"  class=\"panel-grid-cell\" ><div id=\"panel-6595-1-0-0\" class=\"so-panel widget widget_sow-headline panel-first-child panel-last-child\" data-index=\"1\" ><div class=\"panel-widget-style panel-widget-style-for-6595-1-0-0\" ><div\n\t\t\t\n\t\t\tclass=\"so-widget-sow-headline so-widget-sow-headline-default-b64bb0d342b7-6595 so-widget-fittext-wrapper\"\n\t\t\t data-fit-text-compressor=\"1.5\"\n\t\t><div class=\"sow-headline-container\">\n\t\t\t\t\t\t\t<h4 class=\"sow-headline\">\n\t\t\t\t\t\tEl departamento de investigaci\u00f3n y desarrollo de Mahalo busca constantemente nuevas formas de mejorar la calidad del sonido y la capacidad de interpretaci\u00f3n de nuestros instrumentos. De manera similar, los ingenieros de Mahalo se esfuerzan continuamente por perfeccionar y mejorar nuestros procesos de producci\u00f3n para garantizar la mejor calidad posible y precios asequibles.\t\t\t\t\t\t<\/h4>\n\t\t\t\t\t\t\t\t\t\t\t<div class=\"decoration\">\n\t\t\t\t\t\t<div class=\"decoration-inside\"><\/div>\n\t\t\t\t\t<\/div>\n\t\t\t\t\t\t\t\t\t\t\t<h3 class=\"sow-sub-headline\">\n\t\t\t\t\t\tLas recientes innovaciones de dise\u00f1o y producci\u00f3n en toda la gama Mahalo han brindado mejoras sustanciales en la calidad del sonido y la capacidad de interpretaci\u00f3n de nuestros instrumentos: \t\t\t\t\t\t<\/h3>\n\t\t\t\t\t\t<\/div>\n<\/div><\/div><\/div><\/div><\/div><\/div><div id=\"pg-6595-2\"  class=\"panel-grid panel-has-style\" ><div class=\"siteorigin-panels-stretch panel-row-style panel-row-style-for-6595-2\" data-stretch-type=\"full\" ><div id=\"pgc-6595-2-0\"  class=\"panel-grid-cell\" ><div id=\"panel-6595-2-0-0\" class=\"so-panel widget widget_sow-image panel-first-child\" data-index=\"2\" ><div class=\"panel-widget-style panel-widget-style-for-6595-2-0-0\" ><div\n\t\t\t\n\t\t\tclass=\"so-widget-sow-image so-widget-sow-image-default-113ccd71f3e6-6595\"\n\t\t\t\n\t\t>\n<div class=\"sow-image-container\">\n\t\t<img \n\tsrc=\"https:\/\/mahaloukuleles.com\/wp-content\/uploads\/2018\/11\/soundhole3-300x300.jpg\" width=\"300\" height=\"300\" srcset=\"https:\/\/mahaloukuleles.com\/wp-content\/uploads\/2018\/11\/soundhole3-300x300.jpg 300w, https:\/\/mahaloukuleles.com\/wp-content\/uploads\/2018\/11\/soundhole3-150x150.jpg 150w, https:\/\/mahaloukuleles.com\/wp-content\/uploads\/2018\/11\/soundhole3.jpg 750w\" sizes=\"(max-width: 300px) 100vw, 300px\" title=\"boca de sonido\" alt=\"\" \t\tclass=\"so-widget-image\"\/>\n\t<\/div>\n\n<\/div><\/div><\/div><div id=\"panel-6595-2-0-1\" class=\"so-panel widget widget_sow-headline panel-last-child\" data-index=\"3\" ><div class=\"panel-widget-style panel-widget-style-for-6595-2-0-1\" ><div\n\t\t\t\n\t\t\tclass=\"so-widget-sow-headline so-widget-sow-headline-default-51acf37474d8-6595\"\n\t\t\t\n\t\t><div class=\"sow-headline-container\">\n\t\t\t\t\t\t\t<h3 class=\"sow-headline\">\n\t\t\t\t\t\tAgujeros de sonido\t\t\t\t\t\t<\/h3>\n\t\t\t\t\t\t\t\t\t\t\t<div class=\"decoration\">\n\t\t\t\t\t\t<div class=\"decoration-inside\"><\/div>\n\t\t\t\t\t<\/div>\n\t\t\t\t\t\t\t\t\t\t\t<h6 class=\"sow-sub-headline\">\n\t\t\t\t\t\tLos ajustes al di\u00e1metro del pozo de sonido ofrecen el m\u00e1ximo volumen, proyecci\u00f3n y claridad.\t\t\t\t\t\t<\/h6>\n\t\t\t\t\t\t<\/div>\n<\/div><\/div><\/div><\/div><div id=\"pgc-6595-2-1\"  class=\"panel-grid-cell\" ><div id=\"panel-6595-2-1-0\" class=\"so-panel widget widget_sow-image panel-first-child\" data-index=\"4\" ><div class=\"panel-widget-style panel-widget-style-for-6595-2-1-0\" ><div\n\t\t\t\n\t\t\tclass=\"so-widget-sow-image so-widget-sow-image-default-c67d20f9f743-6595\"\n\t\t\t\n\t\t>\n<div class=\"sow-image-container\">\n\t\t<img \n\tsrc=\"https:\/\/mahaloukuleles.com\/wp-content\/uploads\/2020\/02\/Bracing-300x300.jpg\" width=\"300\" height=\"300\" srcset=\"https:\/\/mahaloukuleles.com\/wp-content\/uploads\/2020\/02\/Bracing-300x300.jpg 300w, https:\/\/mahaloukuleles.com\/wp-content\/uploads\/2020\/02\/Bracing-150x150.jpg 150w, https:\/\/mahaloukuleles.com\/wp-content\/uploads\/2020\/02\/Bracing.jpg 600w\" sizes=\"(max-width: 300px) 100vw, 300px\" title=\"vigorizante\" alt=\"\" \t\tclass=\"so-widget-image\"\/>\n\t<\/div>\n\n<\/div><\/div><\/div><div id=\"panel-6595-2-1-1\" class=\"so-panel widget widget_sow-headline panel-last-child\" data-index=\"5\" ><div class=\"panel-widget-style panel-widget-style-for-6595-2-1-1\" ><div\n\t\t\t\n\t\t\tclass=\"so-widget-sow-headline so-widget-sow-headline-default-51acf37474d8-6595\"\n\t\t\t\n\t\t><div class=\"sow-headline-container\">\n\t\t\t\t\t\t\t<h3 class=\"sow-headline\">\n\t\t\t\t\t\tVigorizante\t\t\t\t\t\t<\/h3>\n\t\t\t\t\t\t\t\t\t\t\t<div class=\"decoration\">\n\t\t\t\t\t\t<div class=\"decoration-inside\"><\/div>\n\t\t\t\t\t<\/div>\n\t\t\t\t\t\t\t\t\t\t\t<h6 class=\"sow-sub-headline\">\n\t\t\t\t\t\tLos refuerzos internos modificados y reposicionados permiten que las partes superiores vibren m\u00e1s libremente, lo que da como resultado una mayor respuesta, claridad y definici\u00f3n de sonido.\t\t\t\t\t\t<\/h6>\n\t\t\t\t\t\t<\/div>\n<\/div><\/div><\/div><\/div><div id=\"pgc-6595-2-2\"  class=\"panel-grid-cell\" ><div id=\"panel-6595-2-2-0\" class=\"so-panel widget widget_sow-image panel-first-child\" data-index=\"6\" ><div class=\"panel-widget-style panel-widget-style-for-6595-2-2-0\" ><div\n\t\t\t\n\t\t\tclass=\"so-widget-sow-image so-widget-sow-image-default-c67d20f9f743-6595\"\n\t\t\t\n\t\t>\n<div class=\"sow-image-container\">\n\t\t<img \n\tsrc=\"https:\/\/mahaloukuleles.com\/wp-content\/uploads\/2020\/02\/bridge.jpg\" width=\"300\" height=\"300\" srcset=\"https:\/\/mahaloukuleles.com\/wp-content\/uploads\/2020\/02\/bridge.jpg 300w, https:\/\/mahaloukuleles.com\/wp-content\/uploads\/2020\/02\/bridge-150x150.jpg 150w\" sizes=\"(max-width: 300px) 100vw, 300px\" title=\"puente\" alt=\"\" \t\tclass=\"so-widget-image\"\/>\n\t<\/div>\n\n<\/div><\/div><\/div><div id=\"panel-6595-2-2-1\" class=\"so-panel widget widget_sow-headline panel-last-child\" data-index=\"7\" ><div\n\t\t\t\n\t\t\tclass=\"so-widget-sow-headline so-widget-sow-headline-default-51acf37474d8-6595\"\n\t\t\t\n\t\t><div class=\"sow-headline-container\">\n\t\t\t\t\t\t\t<h3 class=\"sow-headline\">\n\t\t\t\t\t\tPuente\t\t\t\t\t\t<\/h3>\n\t\t\t\t\t\t\t\t\t\t\t<div class=\"decoration\">\n\t\t\t\t\t\t<div class=\"decoration-inside\"><\/div>\n\t\t\t\t\t<\/div>\n\t\t\t\t\t\t\t\t\t\t\t<h6 class=\"sow-sub-headline\">\n\t\t\t\t\t\tUn puente recientemente redise\u00f1ado con una huella m\u00e1s angosta permite una mejor vibraci\u00f3n superior que aumenta tanto el volumen como el sostenido.\t\t\t\t\t\t<\/h6>\n\t\t\t\t\t\t<\/div>\n<\/div><\/div><\/div><\/div><\/div><div id=\"pg-6595-3\"  class=\"panel-grid panel-has-style\" ><div class=\"siteorigin-panels-stretch panel-row-style panel-row-style-for-6595-3\" data-stretch-type=\"full\" ><div id=\"pgc-6595-3-0\"  class=\"panel-grid-cell panel-grid-cell-empty\" ><\/div><div id=\"pgc-6595-3-1\"  class=\"panel-grid-cell\" ><div id=\"panel-6595-3-1-0\" class=\"so-panel widget widget_sow-image panel-first-child\" data-index=\"8\" ><div class=\"panel-widget-style panel-widget-style-for-6595-3-1-0\" ><div\n\t\t\t\n\t\t\tclass=\"so-widget-sow-image so-widget-sow-image-default-c67d20f9f743-6595\"\n\t\t\t\n\t\t>\n<div class=\"sow-image-container\">\n\t\t<img loading=\"lazy\" \n\tsrc=\"https:\/\/mahaloukuleles.com\/wp-content\/uploads\/2020\/02\/java-neck.jpg\" width=\"300\" height=\"300\" srcset=\"https:\/\/mahaloukuleles.com\/wp-content\/uploads\/2020\/02\/java-neck.jpg 300w, https:\/\/mahaloukuleles.com\/wp-content\/uploads\/2020\/02\/java-neck-150x150.jpg 150w\" sizes=\"(max-width: 300px) 100vw, 300px\" title=\"perfil de cuello java\" alt=\"\" \t\tclass=\"so-widget-image\"\/>\n\t<\/div>\n\n<\/div><\/div><\/div><div id=\"panel-6595-3-1-1\" class=\"so-panel widget widget_sow-headline panel-last-child\" data-index=\"9\" ><div\n\t\t\t\n\t\t\tclass=\"so-widget-sow-headline so-widget-sow-headline-default-b274ce3d2bb5-6595\"\n\t\t\t\n\t\t><div class=\"sow-headline-container\">\n\t\t\t\t\t\t\t<h4 class=\"sow-headline\">\n\t\t\t\t\t\tPERFIL DE CUELLO <br \/> Serie java \t\t\t\t\t\t<\/h4>\n\t\t\t\t\t\t\t\t\t\t\t<div class=\"decoration\">\n\t\t\t\t\t\t<div class=\"decoration-inside\"><\/div>\n\t\t\t\t\t<\/div>\n\t\t\t\t\t\t\t\t\t\t\t<h6 class=\"sow-sub-headline\">\n\t\t\t\t\t\tEl nuevo perfil de cuello delgado con forma de m\u00e1quina CNC en todos los instrumentos de la serie Java proporciona mayor comodidad al jugador y una acci\u00f3n de ejecuci\u00f3n m\u00e1s r\u00e1pida.\t\t\t\t\t\t<\/h6>\n\t\t\t\t\t\t<\/div>\n<\/div><\/div><\/div><div id=\"pgc-6595-3-2\"  class=\"panel-grid-cell panel-grid-cell-mobile-last\" ><div id=\"panel-6595-3-2-0\" class=\"so-panel widget widget_sow-image panel-first-child\" data-index=\"10\" ><div class=\"panel-widget-style panel-widget-style-for-6595-3-2-0\" ><div\n\t\t\t\n\t\t\tclass=\"so-widget-sow-image so-widget-sow-image-default-c67d20f9f743-6595\"\n\t\t\t\n\t\t>\n<div class=\"sow-image-container\">\n\t\t<img loading=\"lazy\" \n\tsrc=\"https:\/\/mahaloukuleles.com\/wp-content\/uploads\/2018\/11\/super-nylgut-ukulele-300x300.jpg\" width=\"300\" height=\"300\" srcset=\"https:\/\/mahaloukuleles.com\/wp-content\/uploads\/2018\/11\/super-nylgut-ukulele-300x300.jpg 300w, https:\/\/mahaloukuleles.com\/wp-content\/uploads\/2018\/11\/super-nylgut-ukulele-150x150.jpg 150w, https:\/\/mahaloukuleles.com\/wp-content\/uploads\/2018\/11\/super-nylgut-ukulele-768x768.jpg 768w, https:\/\/mahaloukuleles.com\/wp-content\/uploads\/2018\/11\/super-nylgut-ukulele.jpg 900w\" sizes=\"(max-width: 300px) 100vw, 300px\" title=\"instrumentos de cuerda\" alt=\"\" \t\tclass=\"so-widget-image\"\/>\n\t<\/div>\n\n<\/div><\/div><\/div><div id=\"panel-6595-3-2-1\" class=\"so-panel widget widget_sow-headline panel-last-child\" data-index=\"11\" ><div class=\"panel-widget-style panel-widget-style-for-6595-3-2-1\" ><div\n\t\t\t\n\t\t\tclass=\"so-widget-sow-headline so-widget-sow-headline-default-b274ce3d2bb5-6595\"\n\t\t\t\n\t\t><div class=\"sow-headline-container\">\n\t\t\t\t\t\t\t<h4 class=\"sow-headline\">\n\t\t\t\t\t\tAquila super <br \/> Cuerdas Nylgut\t\t\t\t\t\t<\/h4>\n\t\t\t\t\t\t\t\t\t\t\t<div class=\"decoration\">\n\t\t\t\t\t\t<div class=\"decoration-inside\"><\/div>\n\t\t\t\t\t<\/div>\n\t\t\t\t\t\t\t\t\t\t\t<h6 class=\"sow-sub-headline\">\n\t\t\t\t\t\tPara mejorar la estabilidad de la afinaci\u00f3n y la calidad del sonido, las cuerdas Aquila Super Nylgut se est\u00e1n adaptando progresivamente a toda la gama de ukelele Mahalo.\t\t\t\t\t\t<\/h6>\n\t\t\t\t\t\t<\/div>\n<\/div><\/div><\/div><\/div><div id=\"pgc-6595-3-3\"  class=\"panel-grid-cell panel-grid-cell-empty\" ><\/div><\/div><\/div><div id=\"pg-6595-4\"  class=\"panel-grid panel-has-style\" ><div class=\"so-parallax siteorigin-panels-stretch panel-row-style panel-row-style-for-6595-4\" data-stretch-type=\"full\" ><img decoding=\"async\" width=\"2002\" height=\"641\" src=\"https:\/\/mahaloukuleles.com\/wp-content\/uploads\/2018\/10\/bottom-image2.png\" class=\"attachment-full size-full\" alt=\"\" data-siteorigin-parallax=\"true\" loading=\"eager\" srcset=\"https:\/\/mahaloukuleles.com\/wp-content\/uploads\/2018\/10\/bottom-image2.png 2002w, https:\/\/mahaloukuleles.com\/wp-content\/uploads\/2018\/10\/bottom-image2-300x96.png 300w, https:\/\/mahaloukuleles.com\/wp-content\/uploads\/2018\/10\/bottom-image2-768x246.png 768w, https:\/\/mahaloukuleles.com\/wp-content\/uploads\/2018\/10\/bottom-image2-1024x328.png 1024w, https:\/\/mahaloukuleles.com\/wp-content\/uploads\/2018\/10\/bottom-image2-500x160.png 500w\" sizes=\"(max-width: 2002px) 100vw, 2002px\" \/><div id=\"pgc-6595-4-0\"  class=\"panel-grid-cell\" ><div id=\"panel-6595-4-0-0\" class=\"so-panel widget widget_sow-headline panel-first-child\" data-index=\"12\" ><div class=\"panel-widget-style panel-widget-style-for-6595-4-0-0\" ><div\n\t\t\t\n\t\t\tclass=\"so-widget-sow-headline so-widget-sow-headline-default-5d79488a048c-6595 so-widget-fittext-wrapper\"\n\t\t\t data-fit-text-compressor=\"1\"\n\t\t><div class=\"sow-headline-container\">\n\t\t\t\t\t\t\t<h2 class=\"sow-headline\">\n\t\t\t\t\t\tLas innovaciones recientes han brindado mejoras sustanciales a la calidad del sonido y la capacidad de reproducci\u00f3n.\t\t\t\t\t\t<\/h2>\n\t\t\t\t\t\t<\/div>\n<\/div><\/div><\/div><div id=\"panel-6595-4-0-1\" class=\"so-panel widget widget_sow-button panel-last-child\" data-index=\"13\" ><div class=\"panel-widget-style panel-widget-style-for-6595-4-0-1\" ><div\n\t\t\t\n\t\t\tclass=\"so-widget-sow-button so-widget-sow-button-wire-2928118dbed7-6595\"\n\t\t\t\n\t\t><div class=\"ow-button-base ow-button-align-center\"\n>\n\t\t\t<a\n\t\t\t\t\thref=\"https:\/\/mahaloukuleles.com\/es\/about-mahalo-ukuleles-2\/ukulele-facts\/\"\n\t\t\t\t\tclass=\"sowb-button ow-icon-placement-left ow-button-hover\" \t>\n\t\t<span>\n\t\t\t\n\t\t\tHECHOS DE UKULELE\t\t<\/span>\n\t\t\t<\/a>\n\t<\/div>\n<\/div><\/div><\/div><\/div><\/div><\/div><\/div>","protected":false},"excerpt":{"rendered":"<p>PRODUCT INNOVATIONS THE EVOLUTION OF THE MAHALO UKULELE Mahalo\u2019s research and development department constantly searches for new ways to enhance the sound quality and playability of our instruments. Similarly, Mahalo engineers continually strive to refine and improve our production processes to ensure the best possible quality and affordable pricing. Recent design and production innovations across [&hellip;]<\/p>\n","protected":false},"author":1,"featured_media":0,"parent":0,"menu_order":0,"comment_status":"closed","ping_status":"closed","template":"","meta":{"two_page_speed":[],"footnotes":""},"class_list":["post-6595","page","type-page","status-publish","hentry"],"yoast_head":"<!-- This site is optimized with the Yoast SEO plugin v27.4 - https:\/\/yoast.com\/product\/yoast-seo-wordpress\/ -->\n<title>Product Innovations - Mahalo Ukuleles<\/title>\n<meta name=\"description\" content=\"Mahalo\u2019s research and development department constantly searches for new ways to enhance the sound quality and playability of our instruments.\" \/>\n<meta name=\"robots\" content=\"index, follow, max-snippet:-1, max-image-preview:large, max-video-preview:-1\" \/>\n<link rel=\"canonical\" href=\"https:\/\/mahaloukuleles.com\/es\/product-innovations-the-evolution-of-the-mahalo-ukulele\/\" \/>\n<meta property=\"og:locale\" content=\"es_ES\" \/>\n<meta property=\"og:type\" content=\"article\" \/>\n<meta property=\"og:title\" content=\"Product Innovations - Mahalo Ukuleles\" \/>\n<meta property=\"og:description\" content=\"Mahalo\u2019s research and development department constantly searches for new ways to enhance the sound quality and playability of our instruments.\" \/>\n<meta property=\"og:url\" content=\"https:\/\/mahaloukuleles.com\/es\/product-innovations-the-evolution-of-the-mahalo-ukulele\/\" \/>\n<meta property=\"og:site_name\" content=\"Mahalo Ukuleles\" \/>\n<meta property=\"article:publisher\" content=\"https:\/\/www.facebook.com\/mahaloukuleles\/?epa=SEARCH_BOX\" \/>\n<meta property=\"article:modified_time\" content=\"2020-02-19T04:35:34+00:00\" \/>\n<meta name=\"twitter:card\" content=\"summary_large_image\" \/>\n<meta name=\"twitter:label1\" content=\"Tiempo de lectura\" \/>\n\t<meta name=\"twitter:data1\" content=\"1 minuto\" \/>\n<script type=\"application\/ld+json\" class=\"yoast-schema-graph\">{\"@context\":\"https:\\\/\\\/schema.org\",\"@graph\":[{\"@type\":\"WebPage\",\"@id\":\"https:\\\/\\\/mahaloukuleles.com\\\/product-innovations-the-evolution-of-the-mahalo-ukulele\\\/\",\"url\":\"https:\\\/\\\/mahaloukuleles.com\\\/product-innovations-the-evolution-of-the-mahalo-ukulele\\\/\",\"name\":\"Product Innovations - Mahalo Ukuleles\",\"isPartOf\":{\"@id\":\"https:\\\/\\\/mahaloukuleles.com\\\/es\\\/#website\"},\"datePublished\":\"2018-11-22T00:03:09+00:00\",\"dateModified\":\"2020-02-19T04:35:34+00:00\",\"description\":\"Mahalo\u2019s research and development department constantly searches for new ways to enhance the sound quality and playability of our instruments.\",\"breadcrumb\":{\"@id\":\"https:\\\/\\\/mahaloukuleles.com\\\/product-innovations-the-evolution-of-the-mahalo-ukulele\\\/#breadcrumb\"},\"inLanguage\":\"es\",\"potentialAction\":[{\"@type\":\"ReadAction\",\"target\":[\"https:\\\/\\\/mahaloukuleles.com\\\/product-innovations-the-evolution-of-the-mahalo-ukulele\\\/\"]}]},{\"@type\":\"BreadcrumbList\",\"@id\":\"https:\\\/\\\/mahaloukuleles.com\\\/product-innovations-the-evolution-of-the-mahalo-ukulele\\\/#breadcrumb\",\"itemListElement\":[{\"@type\":\"ListItem\",\"position\":1,\"name\":\"Home\",\"item\":\"https:\\\/\\\/mahaloukuleles.com\\\/\"},{\"@type\":\"ListItem\",\"position\":2,\"name\":\"Product Innovations\"}]},{\"@type\":\"WebSite\",\"@id\":\"https:\\\/\\\/mahaloukuleles.com\\\/es\\\/#website\",\"url\":\"https:\\\/\\\/mahaloukuleles.com\\\/es\\\/\",\"name\":\"Mahalo Ukuleles\",\"description\":\"Mahalo Ukuleles\",\"publisher\":{\"@id\":\"https:\\\/\\\/mahaloukuleles.com\\\/es\\\/#organization\"},\"potentialAction\":[{\"@type\":\"SearchAction\",\"target\":{\"@type\":\"EntryPoint\",\"urlTemplate\":\"https:\\\/\\\/mahaloukuleles.com\\\/es\\\/?s={search_term_string}\"},\"query-input\":{\"@type\":\"PropertyValueSpecification\",\"valueRequired\":true,\"valueName\":\"search_term_string\"}}],\"inLanguage\":\"es\"},{\"@type\":\"Organization\",\"@id\":\"https:\\\/\\\/mahaloukuleles.com\\\/es\\\/#organization\",\"name\":\"Mahalo Ukuleles\",\"url\":\"https:\\\/\\\/mahaloukuleles.com\\\/es\\\/\",\"logo\":{\"@type\":\"ImageObject\",\"inLanguage\":\"es\",\"@id\":\"https:\\\/\\\/mahaloukuleles.com\\\/es\\\/#\\\/schema\\\/logo\\\/image\\\/\",\"url\":\"https:\\\/\\\/media.mahaloukuleles.com.au\\\/wp-content\\\/uploads\\\/2019\\\/02\\\/mahalo_LOGO_vector_s-1.jpg\",\"contentUrl\":\"https:\\\/\\\/media.mahaloukuleles.com.au\\\/wp-content\\\/uploads\\\/2019\\\/02\\\/mahalo_LOGO_vector_s-1.jpg\",\"width\":117,\"height\":60,\"caption\":\"Mahalo Ukuleles\"},\"image\":{\"@id\":\"https:\\\/\\\/mahaloukuleles.com\\\/es\\\/#\\\/schema\\\/logo\\\/image\\\/\"},\"sameAs\":[\"https:\\\/\\\/www.facebook.com\\\/mahaloukuleles\\\/?epa=SEARCH_BOX\"]}]}<\/script>\n<!-- \/ Yoast SEO plugin. -->","yoast_head_json":{"title":"Innovaciones de productos - Mahalo Ukuleles","description":"El departamento de investigaci\u00f3n y desarrollo de Mahalo busca constantemente nuevas formas de mejorar la calidad del sonido y la capacidad de interpretaci\u00f3n de nuestros instrumentos.","robots":{"index":"index","follow":"follow","max-snippet":"max-snippet:-1","max-image-preview":"max-image-preview:large","max-video-preview":"max-video-preview:-1"},"canonical":"https:\/\/mahaloukuleles.com\/es\/product-innovations-the-evolution-of-the-mahalo-ukulele\/","og_locale":"es_ES","og_type":"article","og_title":"Product Innovations - Mahalo Ukuleles","og_description":"Mahalo\u2019s research and development department constantly searches for new ways to enhance the sound quality and playability of our instruments.","og_url":"https:\/\/mahaloukuleles.com\/es\/product-innovations-the-evolution-of-the-mahalo-ukulele\/","og_site_name":"Mahalo Ukuleles","article_publisher":"https:\/\/www.facebook.com\/mahaloukuleles\/?epa=SEARCH_BOX","article_modified_time":"2020-02-19T04:35:34+00:00","twitter_card":"summary_large_image","twitter_misc":{"Tiempo de lectura":"1 minuto"},"schema":{"@context":"https:\/\/schema.org","@graph":[{"@type":"WebPage","@id":"https:\/\/mahaloukuleles.com\/product-innovations-the-evolution-of-the-mahalo-ukulele\/","url":"https:\/\/mahaloukuleles.com\/product-innovations-the-evolution-of-the-mahalo-ukulele\/","name":"Innovaciones de productos - Mahalo Ukuleles","isPartOf":{"@id":"https:\/\/mahaloukuleles.com\/es\/#website"},"datePublished":"2018-11-22T00:03:09+00:00","dateModified":"2020-02-19T04:35:34+00:00","description":"El departamento de investigaci\u00f3n y desarrollo de Mahalo busca constantemente nuevas formas de mejorar la calidad del sonido y la capacidad de interpretaci\u00f3n de nuestros instrumentos.","breadcrumb":{"@id":"https:\/\/mahaloukuleles.com\/product-innovations-the-evolution-of-the-mahalo-ukulele\/#breadcrumb"},"inLanguage":"es","potentialAction":[{"@type":"ReadAction","target":["https:\/\/mahaloukuleles.com\/product-innovations-the-evolution-of-the-mahalo-ukulele\/"]}]},{"@type":"BreadcrumbList","@id":"https:\/\/mahaloukuleles.com\/product-innovations-the-evolution-of-the-mahalo-ukulele\/#breadcrumb","itemListElement":[{"@type":"ListItem","position":1,"name":"Home","item":"https:\/\/mahaloukuleles.com\/"},{"@type":"ListItem","position":2,"name":"Product Innovations"}]},{"@type":"WebSite","@id":"https:\/\/mahaloukuleles.com\/es\/#website","url":"https:\/\/mahaloukuleles.com\/es\/","name":"Mahalo Ukuleles","description":"Mahalo Ukuleles","publisher":{"@id":"https:\/\/mahaloukuleles.com\/es\/#organization"},"potentialAction":[{"@type":"SearchAction","target":{"@type":"EntryPoint","urlTemplate":"https:\/\/mahaloukuleles.com\/es\/?s={search_term_string}"},"query-input":{"@type":"PropertyValueSpecification","valueRequired":true,"valueName":"search_term_string"}}],"inLanguage":"es"},{"@type":"Organization","@id":"https:\/\/mahaloukuleles.com\/es\/#organization","name":"Mahalo Ukuleles","url":"https:\/\/mahaloukuleles.com\/es\/","logo":{"@type":"ImageObject","inLanguage":"es","@id":"https:\/\/mahaloukuleles.com\/es\/#\/schema\/logo\/image\/","url":"https:\/\/media.mahaloukuleles.com.au\/wp-content\/uploads\/2019\/02\/mahalo_LOGO_vector_s-1.jpg","contentUrl":"https:\/\/media.mahaloukuleles.com.au\/wp-content\/uploads\/2019\/02\/mahalo_LOGO_vector_s-1.jpg","width":117,"height":60,"caption":"Mahalo Ukuleles"},"image":{"@id":"https:\/\/mahaloukuleles.com\/es\/#\/schema\/logo\/image\/"},"sameAs":["https:\/\/www.facebook.com\/mahaloukuleles\/?epa=SEARCH_BOX"]}]}},"_links":{"self":[{"href":"https:\/\/mahaloukuleles.com\/es\/wp-json\/wp\/v2\/pages\/6595","targetHints":{"allow":["GET"]}}],"collection":[{"href":"https:\/\/mahaloukuleles.com\/es\/wp-json\/wp\/v2\/pages"}],"about":[{"href":"https:\/\/mahaloukuleles.com\/es\/wp-json\/wp\/v2\/types\/page"}],"author":[{"embeddable":true,"href":"https:\/\/mahaloukuleles.com\/es\/wp-json\/wp\/v2\/users\/1"}],"replies":[{"embeddable":true,"href":"https:\/\/mahaloukuleles.com\/es\/wp-json\/wp\/v2\/comments?post=6595"}],"version-history":[{"count":0,"href":"https:\/\/mahaloukuleles.com\/es\/wp-json\/wp\/v2\/pages\/6595\/revisions"}],"wp:attachment":[{"href":"https:\/\/mahaloukuleles.com\/es\/wp-json\/wp\/v2\/media?parent=6595"}],"curies":[{"name":"wp","href":"https:\/\/api.w.org\/{rel}","templated":true}]}}