{"id":12129,"date":"2020-01-08T11:30:01","date_gmt":"2020-01-08T01:30:01","guid":{"rendered":"https:\/\/mahaloukuleles.com\/?page_id=12129"},"modified":"2020-01-08T11:40:57","modified_gmt":"2020-01-08T01:40:57","slug":"terms-and-conditions-for-the-use-of-this-website","status":"publish","type":"page","link":"https:\/\/mahaloukuleles.com\/fr\/terms-and-conditions-for-the-use-of-this-website\/","title":{"rendered":"Modalit\u00e9s et conditions d&#039;utilisation de ce site Web."},"content":{"rendered":"<p>Bienvenue sur notre site. Si vous continuez \u00e0 parcourir et \u00e0 utiliser ce site Web, vous acceptez de respecter et d&#039;\u00eatre li\u00e9 par les conditions d&#039;utilisation suivantes, qui r\u00e9gissent la relation de Mahalo Ukukleles avec vous en relation avec ce site Web. Si vous n&#039;\u00eates pas d&#039;accord avec une partie de ces termes et conditions, veuillez ne pas utiliser notre site Web.<\/p>\n<p>Le terme \u00abMahalo Ukukleles\u00bb ou \u00abnous\u00bb ou \u00abnous\u00bb fait r\u00e9f\u00e9rence au propri\u00e9taire de ce site Web. Le terme \u00abvous\u00bb fait r\u00e9f\u00e9rence \u00e0 l&#039;utilisateur ou au t\u00e9l\u00e9spectateur de ce site Web.<\/p>\n<p>L&#039;utilisation de ce site Web est soumise aux conditions d&#039;utilisation suivantes:<\/p>\n<ul>\n<li>Le contenu des pages de ce site Web est pour votre information g\u00e9n\u00e9rale et utilisation seulement. Un changement sans pr\u00e9avis est possible.<\/li>\n<li>Ce site Web utilise des cookies pour surveiller les pr\u00e9f\u00e9rences de navigation et pour am\u00e9liorer notre site Web afin de l&#039;adapter aux besoins des clients.<\/li>\n<li>Ni nous ni aucun tiers ne fournissons de garantie quant \u00e0 l&#039;exactitude, l&#039;actualit\u00e9, la performance, l&#039;exhaustivit\u00e9 ou l&#039;ad\u00e9quation des informations et des documents trouv\u00e9s ou offerts sur ce site Web \u00e0 une fin particuli\u00e8re. Vous reconnaissez que ces informations et documents peuvent contenir des inexactitudes ou des erreurs et nous excluons express\u00e9ment toute responsabilit\u00e9 pour de telles inexactitudes ou erreurs dans toute la mesure permise par la loi.<\/li>\n<li>Votre utilisation ou votre confiance sur toute information ou mat\u00e9riel sur ce site Web est enti\u00e8rement \u00e0 vos propres risques. Il vous incombe de vous assurer que tous les produits ou informations disponibles sur ce site Web r\u00e9pondent \u00e0 vos besoins sp\u00e9cifiques.<\/li>\n<li>Ce site Web contient du mat\u00e9riel qui nous appartient ou nous est conc\u00e9d\u00e9 sous licence. Ce mat\u00e9riel comprend, mais sans s&#039;y limiter, le contenu, la conception, la mise en page, l&#039;apparence, l&#039;apparence et les graphiques. La reproduction est interdite autrement qu&#039;en conformit\u00e9 avec l&#039;avis de droit d&#039;auteur, qui fait partie de ces termes et conditions.<\/li>\n<li>L&#039;utilisation non autoris\u00e9e de ce site Web peut donner lieu \u00e0 une r\u00e9clamation en dommages et \/ ou constituer une infraction p\u00e9nale.<\/li>\n<li>De temps en temps, ce site Web peut \u00e9galement inclure des liens vers d&#039;autres sites Web. Ces liens sont fournis pour votre commodit\u00e9 afin de fournir de plus amples informations. Ils ne signifient pas que nous approuvons les sites). Nous n&#039;avons aucune responsabilit\u00e9 pour le contenu des sites Web li\u00e9s.<\/li>\n<\/ul>\n\n\n<div style=\"height:50px\" aria-hidden=\"true\" class=\"wp-block-spacer\"><\/div>\n\n\n<h2>Copyright<\/h2>\n<hr \/>\n<p>Ce site Web et son contenu sont la propri\u00e9t\u00e9 de Mahalo Ukukleles - \u00a9 Mahalo Ukukleles 2020. Tous droits r\u00e9serv\u00e9s.<\/p>\n<p>Toute redistribution ou reproduction d&#039;une partie ou de la totalit\u00e9 du contenu sous quelque forme que ce soit est interdite, \u00e0 l&#039;exception de l&#039;impression ou du t\u00e9l\u00e9chargement sur un disque dur local d&#039;extraits pour votre usage personnel et non commercial uniquement.<\/p>\n<p>Vous ne pouvez pas, sauf avec notre autorisation \u00e9crite expresse, distribuer ou exploiter commercialement le contenu. Vous ne pouvez pas non plus le transmettre ou le stocker sur un autre site Web ou une autre forme de syst\u00e8me de recherche \u00e9lectronique.<\/p>","protected":false},"excerpt":{"rendered":"<p>Welcome to our website. If you continue to browse and use this website, you agree to comply with and be bound by the following terms and conditions of use, which govern Mahalo Ukukleles&#8217; relationship with you in relation to this website. If you disagree with any part of these terms and conditions, please do not [&hellip;]<\/p>\n","protected":false},"author":1,"featured_media":0,"parent":0,"menu_order":0,"comment_status":"closed","ping_status":"closed","template":"","meta":{"two_page_speed":[],"footnotes":""},"class_list":["post-12129","page","type-page","status-publish","hentry"],"yoast_head":"<!-- This site is optimized with the Yoast SEO plugin v27.4 - https:\/\/yoast.com\/product\/yoast-seo-wordpress\/ -->\n<title>Terms And Conditions For The Use Of This Website. - Mahalo Ukuleles<\/title>\n<meta name=\"robots\" content=\"index, follow, max-snippet:-1, max-image-preview:large, max-video-preview:-1\" \/>\n<link rel=\"canonical\" href=\"https:\/\/mahaloukuleles.com\/fr\/terms-and-conditions-for-the-use-of-this-website\/\" \/>\n<meta property=\"og:locale\" content=\"fr_CA\" \/>\n<meta property=\"og:type\" content=\"article\" \/>\n<meta property=\"og:title\" content=\"Terms And Conditions For The Use Of This Website. - Mahalo Ukuleles\" \/>\n<meta property=\"og:description\" content=\"Welcome to our website. If you continue to browse and use this website, you agree to comply with and be bound by the following terms and conditions of use, which govern Mahalo Ukukleles&#8217; relationship with you in relation to this website. If you disagree with any part of these terms and conditions, please do not [&hellip;]\" \/>\n<meta property=\"og:url\" content=\"https:\/\/mahaloukuleles.com\/fr\/terms-and-conditions-for-the-use-of-this-website\/\" \/>\n<meta property=\"og:site_name\" content=\"Mahalo Ukuleles\" \/>\n<meta property=\"article:publisher\" content=\"https:\/\/www.facebook.com\/mahaloukuleles\/?epa=SEARCH_BOX\" \/>\n<meta property=\"article:modified_time\" content=\"2020-01-08T01:40:57+00:00\" \/>\n<meta name=\"twitter:card\" content=\"summary_large_image\" \/>\n<meta name=\"twitter:label1\" content=\"Estimation du temps de lecture\" \/>\n\t<meta name=\"twitter:data1\" content=\"2 minutes\" \/>\n<script type=\"application\/ld+json\" class=\"yoast-schema-graph\">{\"@context\":\"https:\\\/\\\/schema.org\",\"@graph\":[{\"@type\":\"WebPage\",\"@id\":\"https:\\\/\\\/mahaloukuleles.com\\\/fr\\\/terms-and-conditions-for-the-use-of-this-website\\\/\",\"url\":\"https:\\\/\\\/mahaloukuleles.com\\\/fr\\\/terms-and-conditions-for-the-use-of-this-website\\\/\",\"name\":\"Terms And Conditions For The Use Of This Website. - Mahalo Ukuleles\",\"isPartOf\":{\"@id\":\"https:\\\/\\\/mahaloukuleles.com\\\/es\\\/#website\"},\"datePublished\":\"2020-01-08T01:30:01+00:00\",\"dateModified\":\"2020-01-08T01:40:57+00:00\",\"breadcrumb\":{\"@id\":\"https:\\\/\\\/mahaloukuleles.com\\\/fr\\\/terms-and-conditions-for-the-use-of-this-website\\\/#breadcrumb\"},\"inLanguage\":\"fr-CA\",\"potentialAction\":[{\"@type\":\"ReadAction\",\"target\":[\"https:\\\/\\\/mahaloukuleles.com\\\/fr\\\/terms-and-conditions-for-the-use-of-this-website\\\/\"]}]},{\"@type\":\"BreadcrumbList\",\"@id\":\"https:\\\/\\\/mahaloukuleles.com\\\/fr\\\/terms-and-conditions-for-the-use-of-this-website\\\/#breadcrumb\",\"itemListElement\":[{\"@type\":\"ListItem\",\"position\":1,\"name\":\"Home\",\"item\":\"https:\\\/\\\/mahaloukuleles.com\\\/\"},{\"@type\":\"ListItem\",\"position\":2,\"name\":\"Terms And Conditions For The Use Of This Website.\"}]},{\"@type\":\"WebSite\",\"@id\":\"https:\\\/\\\/mahaloukuleles.com\\\/es\\\/#website\",\"url\":\"https:\\\/\\\/mahaloukuleles.com\\\/es\\\/\",\"name\":\"Mahalo Ukuleles\",\"description\":\"Mahalo Ukuleles\",\"publisher\":{\"@id\":\"https:\\\/\\\/mahaloukuleles.com\\\/es\\\/#organization\"},\"potentialAction\":[{\"@type\":\"SearchAction\",\"target\":{\"@type\":\"EntryPoint\",\"urlTemplate\":\"https:\\\/\\\/mahaloukuleles.com\\\/es\\\/?s={search_term_string}\"},\"query-input\":{\"@type\":\"PropertyValueSpecification\",\"valueRequired\":true,\"valueName\":\"search_term_string\"}}],\"inLanguage\":\"fr-CA\"},{\"@type\":\"Organization\",\"@id\":\"https:\\\/\\\/mahaloukuleles.com\\\/es\\\/#organization\",\"name\":\"Mahalo Ukuleles\",\"url\":\"https:\\\/\\\/mahaloukuleles.com\\\/es\\\/\",\"logo\":{\"@type\":\"ImageObject\",\"inLanguage\":\"fr-CA\",\"@id\":\"https:\\\/\\\/mahaloukuleles.com\\\/es\\\/#\\\/schema\\\/logo\\\/image\\\/\",\"url\":\"https:\\\/\\\/media.mahaloukuleles.com.au\\\/wp-content\\\/uploads\\\/2019\\\/02\\\/mahalo_LOGO_vector_s-1.jpg\",\"contentUrl\":\"https:\\\/\\\/media.mahaloukuleles.com.au\\\/wp-content\\\/uploads\\\/2019\\\/02\\\/mahalo_LOGO_vector_s-1.jpg\",\"width\":117,\"height\":60,\"caption\":\"Mahalo Ukuleles\"},\"image\":{\"@id\":\"https:\\\/\\\/mahaloukuleles.com\\\/es\\\/#\\\/schema\\\/logo\\\/image\\\/\"},\"sameAs\":[\"https:\\\/\\\/www.facebook.com\\\/mahaloukuleles\\\/?epa=SEARCH_BOX\"]}]}<\/script>\n<!-- \/ Yoast SEO plugin. -->","yoast_head_json":{"title":"Modalit\u00e9s et conditions d&#039;utilisation de ce site Web. - Ukul\u00e9l\u00e9s Mahalo","robots":{"index":"index","follow":"follow","max-snippet":"max-snippet:-1","max-image-preview":"max-image-preview:large","max-video-preview":"max-video-preview:-1"},"canonical":"https:\/\/mahaloukuleles.com\/fr\/terms-and-conditions-for-the-use-of-this-website\/","og_locale":"fr_CA","og_type":"article","og_title":"Terms And Conditions For The Use Of This Website. - Mahalo Ukuleles","og_description":"Welcome to our website. If you continue to browse and use this website, you agree to comply with and be bound by the following terms and conditions of use, which govern Mahalo Ukukleles&#8217; relationship with you in relation to this website. If you disagree with any part of these terms and conditions, please do not [&hellip;]","og_url":"https:\/\/mahaloukuleles.com\/fr\/terms-and-conditions-for-the-use-of-this-website\/","og_site_name":"Mahalo Ukuleles","article_publisher":"https:\/\/www.facebook.com\/mahaloukuleles\/?epa=SEARCH_BOX","article_modified_time":"2020-01-08T01:40:57+00:00","twitter_card":"summary_large_image","twitter_misc":{"Estimation du temps de lecture":"2 minutes"},"schema":{"@context":"https:\/\/schema.org","@graph":[{"@type":"WebPage","@id":"https:\/\/mahaloukuleles.com\/fr\/terms-and-conditions-for-the-use-of-this-website\/","url":"https:\/\/mahaloukuleles.com\/fr\/terms-and-conditions-for-the-use-of-this-website\/","name":"Modalit\u00e9s et conditions d&#039;utilisation de ce site Web. - Ukul\u00e9l\u00e9s Mahalo","isPartOf":{"@id":"https:\/\/mahaloukuleles.com\/es\/#website"},"datePublished":"2020-01-08T01:30:01+00:00","dateModified":"2020-01-08T01:40:57+00:00","breadcrumb":{"@id":"https:\/\/mahaloukuleles.com\/fr\/terms-and-conditions-for-the-use-of-this-website\/#breadcrumb"},"inLanguage":"fr-CA","potentialAction":[{"@type":"ReadAction","target":["https:\/\/mahaloukuleles.com\/fr\/terms-and-conditions-for-the-use-of-this-website\/"]}]},{"@type":"BreadcrumbList","@id":"https:\/\/mahaloukuleles.com\/fr\/terms-and-conditions-for-the-use-of-this-website\/#breadcrumb","itemListElement":[{"@type":"ListItem","position":1,"name":"Home","item":"https:\/\/mahaloukuleles.com\/"},{"@type":"ListItem","position":2,"name":"Terms And Conditions For The Use Of This Website."}]},{"@type":"WebSite","@id":"https:\/\/mahaloukuleles.com\/es\/#website","url":"https:\/\/mahaloukuleles.com\/es\/","name":"Mahalo Ukuleles","description":"Mahalo Ukuleles","publisher":{"@id":"https:\/\/mahaloukuleles.com\/es\/#organization"},"potentialAction":[{"@type":"SearchAction","target":{"@type":"EntryPoint","urlTemplate":"https:\/\/mahaloukuleles.com\/es\/?s={search_term_string}"},"query-input":{"@type":"PropertyValueSpecification","valueRequired":true,"valueName":"search_term_string"}}],"inLanguage":"fr-CA"},{"@type":"Organization","@id":"https:\/\/mahaloukuleles.com\/es\/#organization","name":"Mahalo Ukuleles","url":"https:\/\/mahaloukuleles.com\/es\/","logo":{"@type":"ImageObject","inLanguage":"fr-CA","@id":"https:\/\/mahaloukuleles.com\/es\/#\/schema\/logo\/image\/","url":"https:\/\/media.mahaloukuleles.com.au\/wp-content\/uploads\/2019\/02\/mahalo_LOGO_vector_s-1.jpg","contentUrl":"https:\/\/media.mahaloukuleles.com.au\/wp-content\/uploads\/2019\/02\/mahalo_LOGO_vector_s-1.jpg","width":117,"height":60,"caption":"Mahalo Ukuleles"},"image":{"@id":"https:\/\/mahaloukuleles.com\/es\/#\/schema\/logo\/image\/"},"sameAs":["https:\/\/www.facebook.com\/mahaloukuleles\/?epa=SEARCH_BOX"]}]}},"_links":{"self":[{"href":"https:\/\/mahaloukuleles.com\/fr\/wp-json\/wp\/v2\/pages\/12129","targetHints":{"allow":["GET"]}}],"collection":[{"href":"https:\/\/mahaloukuleles.com\/fr\/wp-json\/wp\/v2\/pages"}],"about":[{"href":"https:\/\/mahaloukuleles.com\/fr\/wp-json\/wp\/v2\/types\/page"}],"author":[{"embeddable":true,"href":"https:\/\/mahaloukuleles.com\/fr\/wp-json\/wp\/v2\/users\/1"}],"replies":[{"embeddable":true,"href":"https:\/\/mahaloukuleles.com\/fr\/wp-json\/wp\/v2\/comments?post=12129"}],"version-history":[{"count":0,"href":"https:\/\/mahaloukuleles.com\/fr\/wp-json\/wp\/v2\/pages\/12129\/revisions"}],"wp:attachment":[{"href":"https:\/\/mahaloukuleles.com\/fr\/wp-json\/wp\/v2\/media?parent=12129"}],"curies":[{"name":"wp","href":"https:\/\/api.w.org\/{rel}","templated":true}]}}