{"id":12225,"date":"2020-02-03T10:49:01","date_gmt":"2020-02-03T00:49:01","guid":{"rendered":"https:\/\/mahaloukuleles.com\/?page_id=12225"},"modified":"2024-09-24T15:56:40","modified_gmt":"2024-09-24T05:56:40","slug":"feng-e","status":"publish","type":"page","link":"https:\/\/mahaloukuleles.com\/fr\/about-mahalo-ukuleles-2\/feng-e\/","title":{"rendered":"Feng E"},"content":{"rendered":"<div id=\"pl-12225\"  class=\"panel-layout\" ><div id=\"pg-12225-0\"  class=\"panel-grid panel-has-style\" ><div class=\"siteorigin-panels-stretch panel-row-style panel-row-style-for-12225-0\" data-stretch-type=\"full-width-stretch\" ><div id=\"pgc-12225-0-0\"  class=\"panel-grid-cell\" ><div id=\"panel-12225-0-0-0\" class=\"so-panel widget widget_sow-headline panel-first-child\" data-index=\"0\" ><div class=\"panel-widget-style panel-widget-style-for-12225-0-0-0\" ><div\n\t\t\t\n\t\t\tclass=\"so-widget-sow-headline so-widget-sow-headline-default-147f9cefcbb6-12225 so-widget-fittext-wrapper\"\n\t\t\t data-fit-text-compressor=\"1\"\n\t\t><div class=\"sow-headline-container\">\n\t\t\t\t\t\t\t<h1 class=\"sow-headline\">\n\t\t\t\t\t\tFeng E, un producteur de ukul\u00e9l\u00e9s ta\u00efwanais de 12 ans, repr\u00e9sente les ukul\u00e9l\u00e9s Mahalo au NAMM Show, 2020.\t\t\t\t\t\t<\/h1>\n\t\t\t\t\t\t<\/div>\n<\/div><\/div><\/div><div id=\"panel-12225-0-0-1\" class=\"so-panel widget widget_sow-editor panel-last-child\" data-index=\"1\" ><div class=\"panel-widget-style panel-widget-style-for-12225-0-0-1\" ><div\n\t\t\t\n\t\t\tclass=\"so-widget-sow-editor so-widget-sow-editor-base\"\n\t\t\t\n\t\t>\n<div class=\"siteorigin-widget-tinymce textwidget\">\n\t<p>Feng E, la sensation du ukul\u00e9l\u00e9 de 12 ans, a \u00e9pat\u00e9 les visiteurs du stand Mahalo Ukuleles au r\u00e9cent salon NAMM \u00e0 Anaheim, en Californie.<\/p>\n<p>Il a d&#039;abord appris \u00e0 jouer sur un ukul\u00e9l\u00e9 Mahalo \u00e0 l&#039;\u00e2ge de 5 ans dans le but d&#039;am\u00e9liorer son d\u00e9veloppement des doigts.<\/p>\n<p>Le p\u00e8re de Feng E lui a pr\u00e9sent\u00e9 le ukul\u00e9l\u00e9 mais il a d&#039;abord r\u00e9sist\u00e9 \u00e0 l&#039;apprentissage. Par cons\u00e9quent, sa menace de ne plus jamais jouer \u00e0 LEGO avec lui l&#039;a convaincu du contraire!<\/p>\n<p>Maintenant \u00e0 12 ans, le Feng E est un ph\u00e9nom\u00e8ne mondial de l&#039;ukul\u00e9l\u00e9. Ses vid\u00e9os YouTube attirent des millions de vues, il a remport\u00e9 des comp\u00e9titions dans le monde entier et a finalement atteint la finale de &quot;Asia&#039;s Got Talent&quot;. En cons\u00e9quence, Feng est apparu deux fois sur &quot;The Ellen DeGeneres Show&quot;. En plus du ukul\u00e9l\u00e9, il ma\u00eetrise 5 instruments et a r\u00e9cemment montr\u00e9 ses nombreux talents au NAMM en tant que Mahalo Ukuleles.<\/p>\n<\/div>\n<\/div><\/div><\/div><\/div><\/div><\/div>\n\t\t\t<video \n\t\t\t\tid=\"so_bgvideo_69decdd8ac8e0\" \n\t\t\t\tclass=\"so_video_bg jquery-background-video\" \n\t\t\t\tloop\tautoplay\tplaysinline\n\t\t\t\tmuted\n\t\t\t\tdata-bgvideo\n\t\t\t\tposter=\"https:\/\/mahaloukuleles.com\/wp-content\/uploads\/2020\/02\/crowd_preview.jpg\"\t\t\t\tdata-bgvideo-fade-in=\"500\"\t\t\t\t\t\t\t\tdata-bgvideo-show-pause-play=\"true\t\t\t\tdata-bgvideo-pause-play-x-pos=\"left\"\t\t\t\tdata-bgvideo-pause-play-y-pos=\"bottom\"\">\n\t\t\t\t\t<source src=\"https:\/\/mahaloukuleles.com\/wp-content\/uploads\/2020\/02\/Feng-Crowd.mp4\" type=\"video\/mp4\">\t\t\t\t\t\t\t\t\t\t\t\t\t<\/video>\n\n\t\t\t\n\t\t\t<script type=\"text\/javascript\">\n\t\t\t(function() {\n\t\t\t\t\/\/ Move the video and container into the row as the first child\n\t\t\t\tvar video_tag = document.getElementById(\"so_bgvideo_69decdd8ac8e0\");\n\t\t\t\tvar video_overlay = document.getElementById(\"so_bgvideo_overlay_69decdd8ac8e0\");\n\t\t\t\tvar video_row = video_tag.previousSibling;\n\t\t\t\twhile(video_row && video_row.nodeType != 1) {\n\t\t\t\t\tvideo_row = video_row.previousSibling;\n\t\t\t\t}\n\t\t\t\tvar row_inner = video_row.firstChild;\n\t\t\t\trow_inner.insertBefore( video_tag, row_inner.firstChild );\n\t\t\t\tif( video_overlay ) {\n\t\t\t\t\trow_inner.insertBefore( video_overlay, video_tag.nextSibling);\n\t\t\t\t}\n\t\t\t\trow_inner.className += ' so_video_bg_row jquery-background-video-wrapper';\n\t\t\t\tvideo_tag.play();\n\t\t\t}());\n\t\t\t<\/script>\n\n\t\t\t<div id=\"pg-12225-1\"  class=\"panel-grid panel-has-style\" ><div class=\"panel-row-style panel-row-style-for-12225-1\" ><div id=\"pgc-12225-1-0\"  class=\"panel-grid-cell\" ><div id=\"panel-12225-1-0-0\" class=\"so-panel widget widget_sow-video panel-first-child\" data-index=\"2\" ><div\n\t\t\t\n\t\t\tclass=\"so-widget-sow-video so-widget-sow-video-default-c08170c47cfb-12225\"\n\t\t\t\n\t\t>\n<div class=\"sow-video-wrapper\">\n\t\t\t<iframe title=\"Feng E joue Mahalo - Namm 2020\" width=\"800\" height=\"600\" src=\"https:\/\/www.youtube.com\/embed\/ih17ISX0HDE?feature=oembed&enablejsapi=1\" frameborder=\"0\" allow=\"accelerometer; autoplay; clipboard-write; encrypted-media; gyroscope; picture-in-picture; web-share\" referrerpolicy=\"strict-origin-when-cross-origin\" allowfullscreen mozallowfullscreen webkitallowfullscreen sandbox =\"allow-scripts allow-same-origin allow-presentation\"><\/iframe>\t<\/div>\n<\/div><\/div><div id=\"panel-12225-1-0-1\" class=\"so-panel widget widget_sow-video\" data-index=\"3\" ><div\n\t\t\t\n\t\t\tclass=\"so-widget-sow-video so-widget-sow-video-default-c08170c47cfb-12225\"\n\t\t\t\n\t\t>\n<div class=\"sow-video-wrapper\">\n\t\t\t<iframe title=\"Incroyable Feng E au Namm 2020\" width=\"800\" height=\"600\" src=\"https:\/\/www.youtube.com\/embed\/jOrzkHixsLA?feature=oembed&enablejsapi=1\" frameborder=\"0\" allow=\"accelerometer; autoplay; clipboard-write; encrypted-media; gyroscope; picture-in-picture; web-share\" referrerpolicy=\"strict-origin-when-cross-origin\" allowfullscreen mozallowfullscreen webkitallowfullscreen sandbox =\"allow-scripts allow-same-origin allow-presentation\"><\/iframe>\t<\/div>\n<\/div><\/div><div id=\"panel-12225-1-0-2\" class=\"so-panel widget widget_sow-video panel-last-child\" data-index=\"4\" ><div\n\t\t\t\n\t\t\tclass=\"so-widget-sow-video so-widget-sow-video-default-c08170c47cfb-12225\"\n\t\t\t\n\t\t>\n<div class=\"sow-video-wrapper\">\n\t\t\t<iframe title=\"Feng E &amp; Kapono Wong - Bodysurfing duet\" width=\"800\" height=\"450\" src=\"https:\/\/www.youtube.com\/embed\/EbJZTpBhr7Y?feature=oembed&enablejsapi=1\" frameborder=\"0\" allow=\"accelerometer; autoplay; clipboard-write; encrypted-media; gyroscope; picture-in-picture; web-share\" referrerpolicy=\"strict-origin-when-cross-origin\" allowfullscreen mozallowfullscreen webkitallowfullscreen sandbox =\"allow-scripts allow-same-origin allow-presentation\"><\/iframe>\t<\/div>\n<\/div><\/div><\/div><\/div><\/div><div id=\"pg-12225-2\"  class=\"panel-grid panel-no-style\" ><div id=\"pgc-12225-2-0\"  class=\"panel-grid-cell\" ><div id=\"panel-12225-2-0-0\" class=\"so-panel widget widget_sow-headline panel-first-child panel-last-child\" data-index=\"5\" ><div class=\"panel-widget-style panel-widget-style-for-12225-2-0-0\" ><div\n\t\t\t\n\t\t\tclass=\"so-widget-sow-headline so-widget-sow-headline-default-1075e4576494-12225 so-widget-fittext-wrapper\"\n\t\t\t data-fit-text-compressor=\"1\"\n\t\t><div class=\"sow-headline-container\">\n\t\t\t\t\t\t\t<h1 class=\"sow-headline\">\n\t\t\t\t\t\tUne histoire de r\u00e9ussite\t\t\t\t\t\t<\/h1>\n\t\t\t\t\t\t<\/div>\n<\/div><\/div><\/div><\/div><\/div><div id=\"pg-12225-3\"  class=\"panel-grid panel-has-style\" ><div class=\"siteorigin-panels-stretch panel-row-style panel-row-style-for-12225-3\" data-stretch-type=\"full\" ><div id=\"pgc-12225-3-0\"  class=\"panel-grid-cell\" ><div id=\"panel-12225-3-0-0\" class=\"so-panel widget widget_sow-video panel-first-child\" data-index=\"6\" ><div class=\"panel-widget-style panel-widget-style-for-12225-3-0-0\" ><div\n\t\t\t\n\t\t\tclass=\"so-widget-sow-video so-widget-sow-video-default-c08170c47cfb-12225\"\n\t\t\t\n\t\t>\n<div class=\"sow-video-wrapper\">\n\t\t\t<iframe title=\"Talented Kid Ukulele Prodigy Feng E Takes the Stage\" width=\"800\" height=\"450\" src=\"https:\/\/www.youtube.com\/embed\/BB0CbCOUi3w?feature=oembed&enablejsapi=1\" frameborder=\"0\" allow=\"accelerometer; autoplay; clipboard-write; encrypted-media; gyroscope; picture-in-picture; web-share\" referrerpolicy=\"strict-origin-when-cross-origin\" allowfullscreen mozallowfullscreen webkitallowfullscreen sandbox =\"allow-scripts allow-same-origin allow-presentation\"><\/iframe>\t<\/div>\n<\/div><\/div><\/div><div id=\"panel-12225-3-0-1\" class=\"so-panel widget widget_sow-video\" data-index=\"7\" ><div class=\"panel-widget-style panel-widget-style-for-12225-3-0-1\" ><div\n\t\t\t\n\t\t\tclass=\"so-widget-sow-video so-widget-sow-video-default-c08170c47cfb-12225\"\n\t\t\t\n\t\t>\n<div class=\"sow-video-wrapper\">\n\t\t\t<iframe title=\"YouTube Feng E\u2019s Golden Buzzer Audition! | Asia\u2019s Got Talent 2017\" width=\"800\" height=\"450\" src=\"https:\/\/www.youtube.com\/embed\/vzfX4083YzY?feature=oembed&enablejsapi=1\" frameborder=\"0\" allow=\"accelerometer; autoplay; clipboard-write; encrypted-media; gyroscope; picture-in-picture; web-share\" referrerpolicy=\"strict-origin-when-cross-origin\" allowfullscreen mozallowfullscreen webkitallowfullscreen sandbox =\"allow-scripts allow-same-origin allow-presentation\"><\/iframe>\t<\/div>\n<\/div><\/div><\/div><div id=\"panel-12225-3-0-2\" class=\"so-panel widget widget_sow-video panel-last-child\" data-index=\"8\" ><div class=\"panel-widget-style panel-widget-style-for-12225-3-0-2\" ><div\n\t\t\t\n\t\t\tclass=\"so-widget-sow-video so-widget-sow-video-default-c08170c47cfb-12225\"\n\t\t\t\n\t\t>\n<div class=\"sow-video-wrapper\">\n\t\t\t<iframe title=\"Chandelier\/ @sia , Feng E\" width=\"800\" height=\"450\" src=\"https:\/\/www.youtube.com\/embed\/FXmivdj9aNY?feature=oembed&enablejsapi=1\" frameborder=\"0\" allow=\"accelerometer; autoplay; clipboard-write; encrypted-media; gyroscope; picture-in-picture; web-share\" referrerpolicy=\"strict-origin-when-cross-origin\" allowfullscreen mozallowfullscreen webkitallowfullscreen sandbox =\"allow-scripts allow-same-origin allow-presentation\"><\/iframe>\t<\/div>\n<\/div><\/div><\/div><\/div><\/div><\/div><div id=\"pg-12225-4\"  class=\"panel-grid panel-has-style\" ><div class=\"siteorigin-panels-stretch panel-row-style panel-row-style-for-12225-4\" data-stretch-type=\"full\" ><div id=\"pgc-12225-4-0\"  class=\"panel-grid-cell\" ><div id=\"panel-12225-4-0-0\" class=\"so-panel widget widget_sow-button panel-first-child panel-last-child\" data-index=\"9\" ><div class=\"panel-widget-style panel-widget-style-for-12225-4-0-0\" ><div\n\t\t\t\n\t\t\tclass=\"so-widget-sow-button so-widget-sow-button-wire-2950882a1618-12225\"\n\t\t\t\n\t\t><div class=\"ow-button-base ow-button-align-center\"\n>\n\t\t\t<a\n\t\t\t\t\thref=\"https:\/\/mahaloukuleles.com\/fr\/videos\/\"\n\t\t\t\t\tclass=\"sowb-button ow-icon-placement-left ow-button-hover\" \t>\n\t\t<span>\n\t\t\t<span class=\"sow-icon-fontawesome sow-far\" data-sow-icon=\"&#xf0fe;\"\n\t\tstyle=\"\" \n\t\taria-hidden=\"true\"><\/span>\n\t\t\tPLUS DE VID\u00c9OS\t\t<\/span>\n\t\t\t<\/a>\n\t<\/div>\n<\/div><\/div><\/div><\/div><div id=\"pgc-12225-4-1\"  class=\"panel-grid-cell panel-grid-cell-empty panel-grid-cell-mobile-last\" ><\/div><div id=\"pgc-12225-4-2\"  class=\"panel-grid-cell panel-grid-cell-empty\" ><\/div><\/div><\/div><\/div>","protected":false},"excerpt":{"rendered":"<p>Feng E, the 12 year old ukulele sensation, wowed visitors to the Mahalo Ukuleles booth at the recent NAMM Show in Anaheim, California. He first learned to play on a Mahalo Ukulele at age 5 in an effort to improve his finger development. Feng E&#8217;s father introduced him to the ukulele however he resisted learning [&hellip;]<\/p>\n","protected":false},"author":1,"featured_media":0,"parent":2127,"menu_order":0,"comment_status":"closed","ping_status":"closed","template":"","meta":{"two_page_speed":[],"footnotes":""},"class_list":["post-12225","page","type-page","status-publish","hentry"],"yoast_head":"<!-- This site is optimized with the Yoast SEO plugin v27.3 - https:\/\/yoast.com\/product\/yoast-seo-wordpress\/ -->\n<title>Feng E - Mahalo Ukuleles<\/title>\n<meta name=\"description\" content=\"Feng E, the 12 year old ukulele sensation, wowed visitors to the Mahalo Ukuleles booth at the recent NAMM Show in Anaheim, California.\" \/>\n<meta name=\"robots\" content=\"index, follow, max-snippet:-1, max-image-preview:large, max-video-preview:-1\" \/>\n<link rel=\"canonical\" href=\"https:\/\/mahaloukuleles.com\/fr\/about-mahalo-ukuleles-2\/feng-e\/\" \/>\n<meta property=\"og:locale\" content=\"fr_CA\" \/>\n<meta property=\"og:type\" content=\"article\" \/>\n<meta property=\"og:title\" content=\"Feng E - Mahalo Ukuleles\" \/>\n<meta property=\"og:description\" content=\"Feng E, the 12 year old ukulele sensation, wowed visitors to the Mahalo Ukuleles booth at the recent NAMM Show in Anaheim, California.\" \/>\n<meta property=\"og:url\" content=\"https:\/\/mahaloukuleles.com\/fr\/about-mahalo-ukuleles-2\/feng-e\/\" \/>\n<meta property=\"og:site_name\" content=\"Mahalo Ukuleles\" \/>\n<meta property=\"article:publisher\" content=\"https:\/\/www.facebook.com\/mahaloukuleles\/?epa=SEARCH_BOX\" \/>\n<meta property=\"article:modified_time\" content=\"2024-09-24T05:56:40+00:00\" \/>\n<meta name=\"twitter:card\" content=\"summary_large_image\" \/>\n<meta name=\"twitter:label1\" content=\"Estimation du temps de lecture\" \/>\n\t<meta name=\"twitter:data1\" content=\"1 minute\" \/>\n<script type=\"application\/ld+json\" class=\"yoast-schema-graph\">{\"@context\":\"https:\\\/\\\/schema.org\",\"@graph\":[{\"@type\":\"WebPage\",\"@id\":\"https:\\\/\\\/mahaloukuleles.com\\\/about-mahalo-ukuleles-2\\\/feng-e\\\/\",\"url\":\"https:\\\/\\\/mahaloukuleles.com\\\/about-mahalo-ukuleles-2\\\/feng-e\\\/\",\"name\":\"Feng E - Mahalo Ukuleles\",\"isPartOf\":{\"@id\":\"https:\\\/\\\/mahaloukuleles.com\\\/es\\\/#website\"},\"datePublished\":\"2020-02-03T00:49:01+00:00\",\"dateModified\":\"2024-09-24T05:56:40+00:00\",\"description\":\"Feng E, the 12 year old ukulele sensation, wowed visitors to the Mahalo Ukuleles booth at the recent NAMM Show in Anaheim, California.\",\"breadcrumb\":{\"@id\":\"https:\\\/\\\/mahaloukuleles.com\\\/about-mahalo-ukuleles-2\\\/feng-e\\\/#breadcrumb\"},\"inLanguage\":\"fr-CA\",\"potentialAction\":[{\"@type\":\"ReadAction\",\"target\":[\"https:\\\/\\\/mahaloukuleles.com\\\/about-mahalo-ukuleles-2\\\/feng-e\\\/\"]}]},{\"@type\":\"BreadcrumbList\",\"@id\":\"https:\\\/\\\/mahaloukuleles.com\\\/about-mahalo-ukuleles-2\\\/feng-e\\\/#breadcrumb\",\"itemListElement\":[{\"@type\":\"ListItem\",\"position\":1,\"name\":\"Home\",\"item\":\"https:\\\/\\\/mahaloukuleles.com\\\/\"},{\"@type\":\"ListItem\",\"position\":2,\"name\":\"About Mahalo Ukuleles\",\"item\":\"https:\\\/\\\/mahaloukuleles.com\\\/about-mahalo-ukuleles-2\\\/\"},{\"@type\":\"ListItem\",\"position\":3,\"name\":\"Feng E\"}]},{\"@type\":\"WebSite\",\"@id\":\"https:\\\/\\\/mahaloukuleles.com\\\/es\\\/#website\",\"url\":\"https:\\\/\\\/mahaloukuleles.com\\\/es\\\/\",\"name\":\"Mahalo Ukuleles\",\"description\":\"Mahalo Ukuleles\",\"publisher\":{\"@id\":\"https:\\\/\\\/mahaloukuleles.com\\\/es\\\/#organization\"},\"potentialAction\":[{\"@type\":\"SearchAction\",\"target\":{\"@type\":\"EntryPoint\",\"urlTemplate\":\"https:\\\/\\\/mahaloukuleles.com\\\/es\\\/?s={search_term_string}\"},\"query-input\":{\"@type\":\"PropertyValueSpecification\",\"valueRequired\":true,\"valueName\":\"search_term_string\"}}],\"inLanguage\":\"fr-CA\"},{\"@type\":\"Organization\",\"@id\":\"https:\\\/\\\/mahaloukuleles.com\\\/es\\\/#organization\",\"name\":\"Mahalo Ukuleles\",\"url\":\"https:\\\/\\\/mahaloukuleles.com\\\/es\\\/\",\"logo\":{\"@type\":\"ImageObject\",\"inLanguage\":\"fr-CA\",\"@id\":\"https:\\\/\\\/mahaloukuleles.com\\\/es\\\/#\\\/schema\\\/logo\\\/image\\\/\",\"url\":\"https:\\\/\\\/media.mahaloukuleles.com.au\\\/wp-content\\\/uploads\\\/2019\\\/02\\\/mahalo_LOGO_vector_s-1.jpg\",\"contentUrl\":\"https:\\\/\\\/media.mahaloukuleles.com.au\\\/wp-content\\\/uploads\\\/2019\\\/02\\\/mahalo_LOGO_vector_s-1.jpg\",\"width\":117,\"height\":60,\"caption\":\"Mahalo Ukuleles\"},\"image\":{\"@id\":\"https:\\\/\\\/mahaloukuleles.com\\\/es\\\/#\\\/schema\\\/logo\\\/image\\\/\"},\"sameAs\":[\"https:\\\/\\\/www.facebook.com\\\/mahaloukuleles\\\/?epa=SEARCH_BOX\"]}]}<\/script>\n<!-- \/ Yoast SEO plugin. -->","yoast_head_json":{"title":"Feng E - Ukul\u00e9l\u00e9s Mahalo","description":"Feng E, la sensation du ukul\u00e9l\u00e9 de 12 ans, a \u00e9pat\u00e9 les visiteurs du stand Mahalo Ukuleles au r\u00e9cent salon NAMM \u00e0 Anaheim, en Californie.","robots":{"index":"index","follow":"follow","max-snippet":"max-snippet:-1","max-image-preview":"max-image-preview:large","max-video-preview":"max-video-preview:-1"},"canonical":"https:\/\/mahaloukuleles.com\/fr\/about-mahalo-ukuleles-2\/feng-e\/","og_locale":"fr_CA","og_type":"article","og_title":"Feng E - Mahalo Ukuleles","og_description":"Feng E, the 12 year old ukulele sensation, wowed visitors to the Mahalo Ukuleles booth at the recent NAMM Show in Anaheim, California.","og_url":"https:\/\/mahaloukuleles.com\/fr\/about-mahalo-ukuleles-2\/feng-e\/","og_site_name":"Mahalo Ukuleles","article_publisher":"https:\/\/www.facebook.com\/mahaloukuleles\/?epa=SEARCH_BOX","article_modified_time":"2024-09-24T05:56:40+00:00","twitter_card":"summary_large_image","twitter_misc":{"Estimation du temps de lecture":"1 minute"},"schema":{"@context":"https:\/\/schema.org","@graph":[{"@type":"WebPage","@id":"https:\/\/mahaloukuleles.com\/about-mahalo-ukuleles-2\/feng-e\/","url":"https:\/\/mahaloukuleles.com\/about-mahalo-ukuleles-2\/feng-e\/","name":"Feng E - Ukul\u00e9l\u00e9s Mahalo","isPartOf":{"@id":"https:\/\/mahaloukuleles.com\/es\/#website"},"datePublished":"2020-02-03T00:49:01+00:00","dateModified":"2024-09-24T05:56:40+00:00","description":"Feng E, la sensation du ukul\u00e9l\u00e9 de 12 ans, a \u00e9pat\u00e9 les visiteurs du stand Mahalo Ukuleles au r\u00e9cent salon NAMM \u00e0 Anaheim, en Californie.","breadcrumb":{"@id":"https:\/\/mahaloukuleles.com\/about-mahalo-ukuleles-2\/feng-e\/#breadcrumb"},"inLanguage":"fr-CA","potentialAction":[{"@type":"ReadAction","target":["https:\/\/mahaloukuleles.com\/about-mahalo-ukuleles-2\/feng-e\/"]}]},{"@type":"BreadcrumbList","@id":"https:\/\/mahaloukuleles.com\/about-mahalo-ukuleles-2\/feng-e\/#breadcrumb","itemListElement":[{"@type":"ListItem","position":1,"name":"Home","item":"https:\/\/mahaloukuleles.com\/"},{"@type":"ListItem","position":2,"name":"About Mahalo Ukuleles","item":"https:\/\/mahaloukuleles.com\/about-mahalo-ukuleles-2\/"},{"@type":"ListItem","position":3,"name":"Feng E"}]},{"@type":"WebSite","@id":"https:\/\/mahaloukuleles.com\/es\/#website","url":"https:\/\/mahaloukuleles.com\/es\/","name":"Mahalo Ukuleles","description":"Mahalo Ukuleles","publisher":{"@id":"https:\/\/mahaloukuleles.com\/es\/#organization"},"potentialAction":[{"@type":"SearchAction","target":{"@type":"EntryPoint","urlTemplate":"https:\/\/mahaloukuleles.com\/es\/?s={search_term_string}"},"query-input":{"@type":"PropertyValueSpecification","valueRequired":true,"valueName":"search_term_string"}}],"inLanguage":"fr-CA"},{"@type":"Organization","@id":"https:\/\/mahaloukuleles.com\/es\/#organization","name":"Mahalo Ukuleles","url":"https:\/\/mahaloukuleles.com\/es\/","logo":{"@type":"ImageObject","inLanguage":"fr-CA","@id":"https:\/\/mahaloukuleles.com\/es\/#\/schema\/logo\/image\/","url":"https:\/\/media.mahaloukuleles.com.au\/wp-content\/uploads\/2019\/02\/mahalo_LOGO_vector_s-1.jpg","contentUrl":"https:\/\/media.mahaloukuleles.com.au\/wp-content\/uploads\/2019\/02\/mahalo_LOGO_vector_s-1.jpg","width":117,"height":60,"caption":"Mahalo Ukuleles"},"image":{"@id":"https:\/\/mahaloukuleles.com\/es\/#\/schema\/logo\/image\/"},"sameAs":["https:\/\/www.facebook.com\/mahaloukuleles\/?epa=SEARCH_BOX"]}]}},"_links":{"self":[{"href":"https:\/\/mahaloukuleles.com\/fr\/wp-json\/wp\/v2\/pages\/12225","targetHints":{"allow":["GET"]}}],"collection":[{"href":"https:\/\/mahaloukuleles.com\/fr\/wp-json\/wp\/v2\/pages"}],"about":[{"href":"https:\/\/mahaloukuleles.com\/fr\/wp-json\/wp\/v2\/types\/page"}],"author":[{"embeddable":true,"href":"https:\/\/mahaloukuleles.com\/fr\/wp-json\/wp\/v2\/users\/1"}],"replies":[{"embeddable":true,"href":"https:\/\/mahaloukuleles.com\/fr\/wp-json\/wp\/v2\/comments?post=12225"}],"version-history":[{"count":7,"href":"https:\/\/mahaloukuleles.com\/fr\/wp-json\/wp\/v2\/pages\/12225\/revisions"}],"predecessor-version":[{"id":19044,"href":"https:\/\/mahaloukuleles.com\/fr\/wp-json\/wp\/v2\/pages\/12225\/revisions\/19044"}],"up":[{"embeddable":true,"href":"https:\/\/mahaloukuleles.com\/fr\/wp-json\/wp\/v2\/pages\/2127"}],"wp:attachment":[{"href":"https:\/\/mahaloukuleles.com\/fr\/wp-json\/wp\/v2\/media?parent=12225"}],"curies":[{"name":"wp","href":"https:\/\/api.w.org\/{rel}","templated":true}]}}