{"id":2127,"date":"2018-04-06T14:08:42","date_gmt":"2018-04-06T14:08:42","guid":{"rendered":"http:\/\/mahaloukuleles.com\/?page_id=2127"},"modified":"2022-01-07T08:53:50","modified_gmt":"2022-01-06T22:53:50","slug":"about-mahalo-ukuleles-2","status":"publish","type":"page","link":"https:\/\/mahaloukuleles.com\/fr\/about-mahalo-ukuleles-2\/","title":{"rendered":"\u00c0 propos de Ukul\u00e9l\u00e9s Mahalo"},"content":{"rendered":"<div id=\"pl-2127\"  class=\"panel-layout\" ><div id=\"pg-2127-0\"  class=\"panel-grid panel-has-style\" ><div class=\"siteorigin-panels-stretch panel-row-style panel-row-style-for-2127-0\" data-stretch-type=\"full-stretched\" ><div id=\"pgc-2127-0-0\"  class=\"panel-grid-cell\" ><div id=\"panel-2127-0-0-0\" class=\"so-panel widget widget_sow-hero panel-first-child panel-last-child\" data-index=\"0\" ><div class=\"panel-widget-style panel-widget-style-for-2127-0-0-0\" ><div\n\t\t\t\n\t\t\tclass=\"so-widget-sow-hero so-widget-sow-hero-default-c76a8a4ef065-2127 so-widget-fittext-wrapper\"\n\t\t\t data-fit-text-compressor=\"1\"\n\t\t>\t\t\t\t<div class=\"sow-slider-base\" style=\"display: none\" tabindex=\"0\">\n\t\t\t\t\t<ul\n\t\t\t\t\tclass=\"sow-slider-images\"\n\t\t\t\t\tdata-settings=\"{&quot;pagination&quot;:true,&quot;speed&quot;:800,&quot;timeout&quot;:8000,&quot;paused&quot;:false,&quot;pause_on_hover&quot;:false,&quot;swipe&quot;:false,&quot;nav_always_show_desktop&quot;:&quot;&quot;,&quot;nav_always_show_mobile&quot;:&quot;&quot;,&quot;breakpoint&quot;:&quot;780px&quot;,&quot;unmute&quot;:false,&quot;anchor&quot;:null}\"\n\t\t\t\t\t\t\t\t\t\tdata-anchor-id=\"\"\n\t\t\t\t>\t\t<li class=\"sow-slider-image  sow-slider-image-cover\" style=\"visibility: visible;;background-color: #333333;background-image: url(https:\/\/mahaloukuleles.com\/wp-content\/uploads\/2019\/02\/waves.jpg)\" >\n\t\t\t\t\t<div class=\"sow-slider-image-container\">\n\t\t\t<div class=\"sow-slider-image-wrapper\">\n\t\t\t\t<h1 style=\"text-align: center\">Le ukul\u00e9l\u00e9 le plus jou\u00e9 au monde.<\/h1>\n<p>&nbsp;<\/p>\n<p>&nbsp;<\/p>\n<h2 class=\"sow-headline\" style=\"text-align: center\">Mahalo aimerait vous remercier d&#039;avoir fait<br \/>\nc&#039;est le ukul\u00e9l\u00e9 le plus jou\u00e9 au monde!<\/h2>\n\t\t\t<\/div>\n\t\t<\/div>\n\t\t<video class=\"sow-background-element\" autoplay style=\"opacity: 1\" muted playsinline><source src=\"https:\/\/mahaloukuleles.com\/wp-content\/uploads\/2019\/01\/girl_copy.mp4\" type=\"video\/mp4\"><\/video>\t\t<\/li>\n\t\t<\/ul>\t\t\t\t<ol class=\"sow-slider-pagination\">\n\t\t\t\t\t\t\t\t\t\t\t<li><a href=\"#\" data-goto=\"0\" aria-label=\"Display slide 1\"><\/a><\/li>\n\t\t\t\t\t\t\t\t\t<\/ol>\n\n\t\t\t\t<div class=\"sow-slide-nav sow-slide-nav-next\">\n\t\t\t\t\t<a href=\"#\" data-goto=\"next\" aria-label=\"Next slide\" data-action=\"next\">\n\t\t\t\t\t\t<em class=\"sow-sld-icon-thin-right\"><\/em>\n\t\t\t\t\t<\/a>\n\t\t\t\t<\/div>\n\n\t\t\t\t<div class=\"sow-slide-nav sow-slide-nav-prev\">\n\t\t\t\t\t<a href=\"#\" data-goto=\"previous\" aria-label=\"Previous slide\" data-action=\"prev\">\n\t\t\t\t\t\t<em class=\"sow-sld-icon-thin-left\"><\/em>\n\t\t\t\t\t<\/a>\n\t\t\t\t<\/div>\n\t\t\t\t<\/div><\/div><\/div><\/div><\/div><\/div><\/div><div id=\"pg-2127-1\"  class=\"panel-grid panel-has-style\" ><div class=\"siteorigin-panels-stretch panel-row-style panel-row-style-for-2127-1\" data-stretch-type=\"full\" ><div id=\"pgc-2127-1-0\"  class=\"panel-grid-cell panel-grid-cell-empty\" ><\/div><div id=\"pgc-2127-1-1\"  class=\"panel-grid-cell panel-grid-cell-mobile-last\" ><div id=\"panel-2127-1-1-0\" class=\"so-panel widget widget_sow-image panel-first-child\" data-index=\"1\" ><div class=\"panel-widget-style panel-widget-style-for-2127-1-1-0\" ><div\n\t\t\t\n\t\t\tclass=\"so-widget-sow-image so-widget-sow-image-default-c67d20f9f743-2127\"\n\t\t\t\n\t\t>\n<div class=\"sow-image-container\">\n\t\t<img fetchpriority=\"high\" \n\tsrc=\"https:\/\/mahaloukuleles.com\/wp-content\/uploads\/2018\/10\/Mahalo-Logo.jpg\" width=\"1299\" height=\"709\" srcset=\"https:\/\/mahaloukuleles.com\/wp-content\/uploads\/2018\/10\/Mahalo-Logo.jpg 1299w, https:\/\/mahaloukuleles.com\/wp-content\/uploads\/2018\/10\/Mahalo-Logo-300x164.jpg 300w, https:\/\/mahaloukuleles.com\/wp-content\/uploads\/2018\/10\/Mahalo-Logo-768x419.jpg 768w, https:\/\/mahaloukuleles.com\/wp-content\/uploads\/2018\/10\/Mahalo-Logo-1024x559.jpg 1024w\" sizes=\"(max-width: 1299px) 100vw, 1299px\" alt=\"\" \t\tclass=\"so-widget-image\"\/>\n\t<\/div>\n\n<\/div><\/div><\/div><div id=\"panel-2127-1-1-1\" class=\"so-panel widget widget_sow-headline\" data-index=\"2\" ><div class=\"panel-widget-style panel-widget-style-for-2127-1-1-1\" ><div\n\t\t\t\n\t\t\tclass=\"so-widget-sow-headline so-widget-sow-headline-default-6d8629c575d1-2127 so-widget-fittext-wrapper\"\n\t\t\t data-fit-text-compressor=\"0.85\"\n\t\t><div class=\"sow-headline-container\">\n\t\t\t\t\t\t\t<h2 class=\"sow-headline\">\n\t\t\t\t\t\tL&#039;histoire de Mahalo\t\t\t\t\t\t<\/h2>\n\t\t\t\t\t\t\t\t\t\t\t<div class=\"decoration\">\n\t\t\t\t\t\t<div class=\"decoration-inside\"><\/div>\n\t\t\t\t\t<\/div>\n\t\t\t\t\t<\/div>\n<\/div><\/div><\/div><div id=\"panel-2127-1-1-2\" class=\"so-panel widget widget_sow-editor\" data-index=\"3\" ><div class=\"panel-widget-style panel-widget-style-for-2127-1-1-2\" ><div\n\t\t\t\n\t\t\tclass=\"so-widget-sow-editor so-widget-sow-editor-base\"\n\t\t\t\n\t\t>\n<div class=\"siteorigin-widget-tinymce textwidget\">\n\t<p>Mahalo, signifiant \u00abremerciement\u00bb ou \u00abgratitude en hawa\u00efen\u00bb, a \u00e9t\u00e9 choisi par Kikutani Music, un distributeur de produits musicaux bas\u00e9 \u00e0 Nagoya, au Japon, comme nom de marque pour sa nouvelle gamme de ukul\u00e9l\u00e9s en 1999.<\/p>\n<p>Fabriqu\u00e9s \u00e0 l&#039;origine pour le Kikutani en Chine, les ukul\u00e9l\u00e9s Mahalo ont \u00e9t\u00e9 d\u00e9velopp\u00e9s avec la promesse de fournir \u00abune v\u00e9ritable exp\u00e9rience des instruments de musique \u00e0 un prix d&#039;entr\u00e9e de gamme\u00bb. Auparavant, les ukes de base \u00e9taient g\u00e9n\u00e9ralement consid\u00e9r\u00e9s comme des jouets et la plupart \u00e9taient musicalement injouables.<\/p>\n<p>Au d\u00e9part, la gamme d&#039;ukul\u00e9l\u00e9s Mahalo \u00e9tait assez petite, mais comme il s&#039;agissait du premier instrument de haute qualit\u00e9, peu co\u00fbteux et jouable sur le march\u00e9, la quantit\u00e9 vendue au Japon \u00e9tait extraordinaire.<\/p>\n<p>\u00c0 ce stade, le fabricant chinois de Mahalo, a commenc\u00e9 \u00e0 distribuer la marque dans le monde entier sous licence \u00e0 Kikutani Music et est devenu litt\u00e9ralement un \u00e9norme succ\u00e8s du jour au lendemain.<\/p>\n<p>On peut se demander dans quelle mesure Mahalo a d\u00e9clench\u00e9 le ph\u00e9nom\u00e8ne mondial du ukul\u00e9l\u00e9. Cependant, il ne fait aucun doute que Mahalo a jou\u00e9 un r\u00f4le dans la forte r\u00e9surgence et la popularit\u00e9 du ukul\u00e9l\u00e9. Les \u00e9normes quantit\u00e9s vendues dans le monde entier avant et pendant le boom actuel du ukul\u00e9l\u00e9 soulignent la place de Mahalo en tant que moteur majeur du march\u00e9 mondial du ukul\u00e9l\u00e9.<\/p>\n<p>Mahalo est maintenant la marque de ukul\u00e9l\u00e9 la plus vendue dans de nombreux pays et sans doute dans le monde entier. Des milliers de magasins de musique du monde entier stockent Mahalo comme principale gamme de ukul\u00e9l\u00e9. Ces experts le font parce que les ukul\u00e9l\u00e9s Mahalo repr\u00e9sentent le meilleur rapport qualit\u00e9-prix du march\u00e9! C&#039;est pour cette seule raison que des millions d&#039;ukers du monde entier ont commenc\u00e9 leurs voyages musicaux sur un ukul\u00e9l\u00e9 Mahalo.<\/p>\n<h4><em><strong>Le ukul\u00e9l\u00e9 le plus jou\u00e9 au monde.<\/strong><\/em><\/h4>\n<\/div>\n<\/div><\/div><\/div><div id=\"panel-2127-1-1-3\" class=\"so-panel widget widget_sow-headline\" data-index=\"4\" ><div class=\"panel-widget-style panel-widget-style-for-2127-1-1-3\" ><div\n\t\t\t\n\t\t\tclass=\"so-widget-sow-headline so-widget-sow-headline-default-6d8629c575d1-2127 so-widget-fittext-wrapper\"\n\t\t\t data-fit-text-compressor=\"0.85\"\n\t\t><div class=\"sow-headline-container\">\n\t\t\t\t\t\t\t<h2 class=\"sow-headline\">\n\t\t\t\t\t\tVision et valeurs\t\t\t\t\t\t<\/h2>\n\t\t\t\t\t\t\t\t\t\t\t<div class=\"decoration\">\n\t\t\t\t\t\t<div class=\"decoration-inside\"><\/div>\n\t\t\t\t\t<\/div>\n\t\t\t\t\t<\/div>\n<\/div><\/div><\/div><div id=\"panel-2127-1-1-4\" class=\"so-panel widget widget_sow-editor panel-last-child\" data-index=\"5\" ><div class=\"panel-widget-style panel-widget-style-for-2127-1-1-4\" ><div\n\t\t\t\n\t\t\tclass=\"so-widget-sow-editor so-widget-sow-editor-base\"\n\t\t\t\n\t\t>\n<div class=\"siteorigin-widget-tinymce textwidget\">\n\t<p>MAHALO UKULELES jouit d&#039;une sp\u00e9cificit\u00e9 inh\u00e9rente: chaque \u00e9tape du processus de fabrication de Mahalo est effectu\u00e9e exclusivement par les employ\u00e9s de Mahalo dans notre usine de fabrication \u00e0 Surabaya, en Indon\u00e9sie.<\/p>\n<p>La sous-traitance de la fabrication fait d\u00e9sormais partie de toutes les activit\u00e9s. Cependant, garder l&#039;ensemble du processus en interne, depuis la conception du produit et l&#039;approvisionnement en mat\u00e9riaux en passant par la fabrication jusqu&#039;au contr\u00f4le de qualit\u00e9 final, nous procure la qualit\u00e9, la flexibilit\u00e9 et le contr\u00f4le n\u00e9cessaires pour d\u00e9passer les exigences du march\u00e9. Les ukul\u00e9l\u00e9s Mahalo sont fi\u00e8rement con\u00e7us, construits et test\u00e9s par notre personnel extr\u00eamement talentueux depuis notre propre installation ultramoderne sp\u00e9cialement con\u00e7ue \u00e0 cet effet.<\/p>\n<h5>NOTRE VISION<\/h5>\n<p>\u00catre le premier fabricant mondial d&#039;ukul\u00e9l\u00e9s d&#039;excellente qualit\u00e9 et d&#039;un excellent rapport qualit\u00e9 \/ prix, qui am\u00e9liorent et inspirent toute une vie de musique.<\/p>\n<h5>NOS VALEURS<\/h5>\n<p>Chez Mahalo, nous nous engageons \u00e0 respecter les normes de production, d&#039;\u00e9thique et d&#039;int\u00e9grit\u00e9 les plus \u00e9lev\u00e9es. Nous prenons soin de nos employ\u00e9s et de leurs familles, de nos clients et des utilisateurs de nos produits et du monde dans lequel nous vivons tous.<\/p>\n<ul>\n<li>Chaque instrument Mahalo est con\u00e7u dans le but de fournir au monde des instruments de qualit\u00e9, abordables, qui am\u00e9liorent et inspirent toute une vie de musique.<\/li>\n<li>Chaque ukul\u00e9l\u00e9 Mahalo est fabriqu\u00e9 artisanalement.<\/li>\n<li>Nous utilisons les meilleurs bois s\u00e9lectionn\u00e9s, exploit\u00e9s de mani\u00e8re durable dans des for\u00eats renouvelables.<\/li>\n<li>Nous nous effor\u00e7ons de conserver les ressources, de pr\u00e9server les habitats naturels et de pr\u00e9venir la pollution.<\/li>\n<li>Nos usines sont strictement conformes aux lois du travail locales et internationales.<\/li>\n<li>Le contr\u00f4le de la qualit\u00e9 dans toutes nos usines est supervis\u00e9 par une \u00e9quipe hautement qualifi\u00e9e de techniciens, employ\u00e9s exclusivement par Mahalo, qui veillent \u00e0 ce que nos normes de production et de qualit\u00e9 respectent nos valeurs.<\/li>\n<li>Notre usine construite \u00e0 cet effet \u00e0 Surabaya, en Indon\u00e9sie, s\u2019engage \u00e0 produire des instruments pr\u00e9sentant des caract\u00e9ristiques et des sp\u00e9cifications d\u2019un niveau sup\u00e9rieur \u00e0 ceux propos\u00e9s par nos concurrents \u00e0 des prix comparables.<\/li>\n<\/ul>\n<\/div>\n<\/div><\/div><\/div><\/div><div id=\"pgc-2127-1-2\"  class=\"panel-grid-cell panel-grid-cell-empty\" ><\/div><\/div><\/div><div id=\"pg-2127-2\"  class=\"panel-grid panel-has-style\" ><div class=\"so-parallax siteorigin-panels-stretch panel-row-style panel-row-style-for-2127-2\" data-stretch-type=\"full\" ><img decoding=\"async\" width=\"2002\" height=\"641\" src=\"https:\/\/mahaloukuleles.com\/wp-content\/uploads\/2018\/10\/bottom-image2.png\" class=\"attachment-full size-full\" alt=\"\" data-siteorigin-parallax=\"true\" loading=\"eager\" srcset=\"https:\/\/mahaloukuleles.com\/wp-content\/uploads\/2018\/10\/bottom-image2.png 2002w, https:\/\/mahaloukuleles.com\/wp-content\/uploads\/2018\/10\/bottom-image2-300x96.png 300w, https:\/\/mahaloukuleles.com\/wp-content\/uploads\/2018\/10\/bottom-image2-768x246.png 768w, https:\/\/mahaloukuleles.com\/wp-content\/uploads\/2018\/10\/bottom-image2-1024x328.png 1024w, https:\/\/mahaloukuleles.com\/wp-content\/uploads\/2018\/10\/bottom-image2-500x160.png 500w\" sizes=\"(max-width: 2002px) 100vw, 2002px\" \/><div id=\"pgc-2127-2-0\"  class=\"panel-grid-cell\" ><div id=\"panel-2127-2-0-0\" class=\"so-panel widget widget_sow-headline panel-first-child panel-last-child\" data-index=\"6\" ><div\n\t\t\t\n\t\t\tclass=\"so-widget-sow-headline so-widget-sow-headline-default-a5aceaafb8f8-2127 so-widget-fittext-wrapper\"\n\t\t\t data-fit-text-compressor=\"1\"\n\t\t><div class=\"sow-headline-container\">\n\t\t\t\t\t\t\t<h2 class=\"sow-headline\">\n\t\t\t\t\t\tLe ukul\u00e9l\u00e9 le plus jou\u00e9 au monde.\t\t\t\t\t\t<\/h2>\n\t\t\t\t\t\t<\/div>\n<\/div><\/div><\/div><div id=\"pgc-2127-2-1\"  class=\"panel-grid-cell\" ><div id=\"panel-2127-2-1-0\" class=\"so-panel widget widget_sow-button panel-first-child panel-last-child\" data-index=\"7\" ><div class=\"panel-widget-style panel-widget-style-for-2127-2-1-0\" ><div\n\t\t\t\n\t\t\tclass=\"so-widget-sow-button so-widget-sow-button-wire-8f26b9487b82-2127\"\n\t\t\t\n\t\t><div class=\"ow-button-base ow-button-align-center\"\n>\n\t\t\t<a\n\t\t\t\t\thref=\"https:\/\/mahaloukuleles.com\/fr\/about-mahalo-ukuleles-2\/ukulele-facts\/\"\n\t\t\t\t\tclass=\"sowb-button ow-icon-placement-left ow-button-hover\" \t>\n\t\t<span>\n\t\t\t\n\t\t\tUKULELE FAITS\t\t<\/span>\n\t\t\t<\/a>\n\t<\/div>\n<\/div><\/div><\/div><\/div><\/div><\/div><\/div>","protected":false},"excerpt":{"rendered":"<p>Mahalo, meaning \u201cthank-you\u201d or \u201cgratitude in Hawai\u2019ian, was the word chosen by Kikutani Music, a musical products distributor based in Nagoya, Japan as the brand name for their then, new range of ukuleles in 1999. Originally manufactured in China for Kikutani, Mahalo ukuleles were developed with a promise to deliver a \u201creal musical instrument experience [&hellip;]<\/p>\n","protected":false},"author":1,"featured_media":0,"parent":0,"menu_order":0,"comment_status":"closed","ping_status":"closed","template":"","meta":{"two_page_speed":[],"footnotes":""},"class_list":["post-2127","page","type-page","status-publish","hentry"],"yoast_head":"<!-- This site is optimized with the Yoast SEO plugin v27.4 - https:\/\/yoast.com\/product\/yoast-seo-wordpress\/ -->\n<title>About Mahalo Ukuleles - Mahalo Ukuleles<\/title>\n<meta name=\"description\" content=\"The World\u2019s Most Played Ukulele. The Mahalo Story. Mahalo, meaning \u201cthank-you\u201d or \u201cgratitude in Hawai\u2019ian. Vision &amp; Values.\" \/>\n<meta name=\"robots\" content=\"index, follow, max-snippet:-1, max-image-preview:large, max-video-preview:-1\" \/>\n<link rel=\"canonical\" href=\"https:\/\/mahaloukuleles.com\/fr\/about-mahalo-ukuleles-2\/\" \/>\n<meta property=\"og:locale\" content=\"fr_CA\" \/>\n<meta property=\"og:type\" content=\"article\" \/>\n<meta property=\"og:title\" content=\"About Mahalo Ukuleles - Mahalo Ukuleles\" \/>\n<meta property=\"og:description\" content=\"The World\u2019s Most Played Ukulele. The Mahalo Story. Mahalo, meaning \u201cthank-you\u201d or \u201cgratitude in Hawai\u2019ian. Vision &amp; Values.\" \/>\n<meta property=\"og:url\" content=\"https:\/\/mahaloukuleles.com\/fr\/about-mahalo-ukuleles-2\/\" \/>\n<meta property=\"og:site_name\" content=\"Mahalo Ukuleles\" \/>\n<meta property=\"article:publisher\" content=\"https:\/\/www.facebook.com\/mahaloukuleles\/?epa=SEARCH_BOX\" \/>\n<meta property=\"article:modified_time\" content=\"2022-01-06T22:53:50+00:00\" \/>\n<meta property=\"og:image\" content=\"https:\/\/mahaloukuleles.com\/wp-content\/uploads\/2018\/10\/bottom-image2.png\" \/>\n<meta name=\"twitter:card\" content=\"summary_large_image\" \/>\n<meta name=\"twitter:label1\" content=\"Estimation du temps de lecture\" \/>\n\t<meta name=\"twitter:data1\" content=\"3 minutes\" \/>\n<script type=\"application\/ld+json\" class=\"yoast-schema-graph\">{\"@context\":\"https:\\\/\\\/schema.org\",\"@graph\":[{\"@type\":\"WebPage\",\"@id\":\"https:\\\/\\\/mahaloukuleles.com\\\/about-mahalo-ukuleles-2\\\/\",\"url\":\"https:\\\/\\\/mahaloukuleles.com\\\/about-mahalo-ukuleles-2\\\/\",\"name\":\"About Mahalo Ukuleles - Mahalo Ukuleles\",\"isPartOf\":{\"@id\":\"https:\\\/\\\/mahaloukuleles.com\\\/es\\\/#website\"},\"primaryImageOfPage\":{\"@id\":\"https:\\\/\\\/mahaloukuleles.com\\\/about-mahalo-ukuleles-2\\\/#primaryimage\"},\"image\":{\"@id\":\"https:\\\/\\\/mahaloukuleles.com\\\/about-mahalo-ukuleles-2\\\/#primaryimage\"},\"thumbnailUrl\":\"https:\\\/\\\/mahaloukuleles.com\\\/wp-content\\\/uploads\\\/2018\\\/10\\\/bottom-image2.png\",\"datePublished\":\"2018-04-06T14:08:42+00:00\",\"dateModified\":\"2022-01-06T22:53:50+00:00\",\"description\":\"The World\u2019s Most Played Ukulele. The Mahalo Story. Mahalo, meaning \u201cthank-you\u201d or \u201cgratitude in Hawai\u2019ian. Vision & Values.\",\"breadcrumb\":{\"@id\":\"https:\\\/\\\/mahaloukuleles.com\\\/about-mahalo-ukuleles-2\\\/#breadcrumb\"},\"inLanguage\":\"fr-CA\",\"potentialAction\":[{\"@type\":\"ReadAction\",\"target\":[\"https:\\\/\\\/mahaloukuleles.com\\\/about-mahalo-ukuleles-2\\\/\"]}]},{\"@type\":\"ImageObject\",\"inLanguage\":\"fr-CA\",\"@id\":\"https:\\\/\\\/mahaloukuleles.com\\\/about-mahalo-ukuleles-2\\\/#primaryimage\",\"url\":\"https:\\\/\\\/mahaloukuleles.com\\\/wp-content\\\/uploads\\\/2018\\\/10\\\/bottom-image2.png\",\"contentUrl\":\"https:\\\/\\\/mahaloukuleles.com\\\/wp-content\\\/uploads\\\/2018\\\/10\\\/bottom-image2.png\"},{\"@type\":\"BreadcrumbList\",\"@id\":\"https:\\\/\\\/mahaloukuleles.com\\\/about-mahalo-ukuleles-2\\\/#breadcrumb\",\"itemListElement\":[{\"@type\":\"ListItem\",\"position\":1,\"name\":\"Home\",\"item\":\"https:\\\/\\\/mahaloukuleles.com\\\/\"},{\"@type\":\"ListItem\",\"position\":2,\"name\":\"About Mahalo Ukuleles\"}]},{\"@type\":\"WebSite\",\"@id\":\"https:\\\/\\\/mahaloukuleles.com\\\/es\\\/#website\",\"url\":\"https:\\\/\\\/mahaloukuleles.com\\\/es\\\/\",\"name\":\"Mahalo Ukuleles\",\"description\":\"Mahalo Ukuleles\",\"publisher\":{\"@id\":\"https:\\\/\\\/mahaloukuleles.com\\\/es\\\/#organization\"},\"potentialAction\":[{\"@type\":\"SearchAction\",\"target\":{\"@type\":\"EntryPoint\",\"urlTemplate\":\"https:\\\/\\\/mahaloukuleles.com\\\/es\\\/?s={search_term_string}\"},\"query-input\":{\"@type\":\"PropertyValueSpecification\",\"valueRequired\":true,\"valueName\":\"search_term_string\"}}],\"inLanguage\":\"fr-CA\"},{\"@type\":\"Organization\",\"@id\":\"https:\\\/\\\/mahaloukuleles.com\\\/es\\\/#organization\",\"name\":\"Mahalo Ukuleles\",\"url\":\"https:\\\/\\\/mahaloukuleles.com\\\/es\\\/\",\"logo\":{\"@type\":\"ImageObject\",\"inLanguage\":\"fr-CA\",\"@id\":\"https:\\\/\\\/mahaloukuleles.com\\\/es\\\/#\\\/schema\\\/logo\\\/image\\\/\",\"url\":\"https:\\\/\\\/media.mahaloukuleles.com.au\\\/wp-content\\\/uploads\\\/2019\\\/02\\\/mahalo_LOGO_vector_s-1.jpg\",\"contentUrl\":\"https:\\\/\\\/media.mahaloukuleles.com.au\\\/wp-content\\\/uploads\\\/2019\\\/02\\\/mahalo_LOGO_vector_s-1.jpg\",\"width\":117,\"height\":60,\"caption\":\"Mahalo Ukuleles\"},\"image\":{\"@id\":\"https:\\\/\\\/mahaloukuleles.com\\\/es\\\/#\\\/schema\\\/logo\\\/image\\\/\"},\"sameAs\":[\"https:\\\/\\\/www.facebook.com\\\/mahaloukuleles\\\/?epa=SEARCH_BOX\"]}]}<\/script>\n<!-- \/ Yoast SEO plugin. -->","yoast_head_json":{"title":"A propos de Ukul\u00e9l\u00e9s Mahalo - Ukul\u00e9l\u00e9s Mahalo","description":"L&#039;ukul\u00e9l\u00e9 le plus jou\u00e9 au monde. L&#039;histoire de Mahalo. Mahalo, qui signifie \u00abmerci\u00bb ou \u00abgratitude en hawa\u00efen. Vision et valeurs.","robots":{"index":"index","follow":"follow","max-snippet":"max-snippet:-1","max-image-preview":"max-image-preview:large","max-video-preview":"max-video-preview:-1"},"canonical":"https:\/\/mahaloukuleles.com\/fr\/about-mahalo-ukuleles-2\/","og_locale":"fr_CA","og_type":"article","og_title":"About Mahalo Ukuleles - Mahalo Ukuleles","og_description":"The World\u2019s Most Played Ukulele. The Mahalo Story. Mahalo, meaning \u201cthank-you\u201d or \u201cgratitude in Hawai\u2019ian. Vision & Values.","og_url":"https:\/\/mahaloukuleles.com\/fr\/about-mahalo-ukuleles-2\/","og_site_name":"Mahalo Ukuleles","article_publisher":"https:\/\/www.facebook.com\/mahaloukuleles\/?epa=SEARCH_BOX","article_modified_time":"2022-01-06T22:53:50+00:00","og_image":[{"url":"https:\/\/mahaloukuleles.com\/wp-content\/uploads\/2018\/10\/bottom-image2.png","type":"","width":"","height":""}],"twitter_card":"summary_large_image","twitter_misc":{"Estimation du temps de lecture":"3 minutes"},"schema":{"@context":"https:\/\/schema.org","@graph":[{"@type":"WebPage","@id":"https:\/\/mahaloukuleles.com\/about-mahalo-ukuleles-2\/","url":"https:\/\/mahaloukuleles.com\/about-mahalo-ukuleles-2\/","name":"A propos de Ukul\u00e9l\u00e9s Mahalo - Ukul\u00e9l\u00e9s Mahalo","isPartOf":{"@id":"https:\/\/mahaloukuleles.com\/es\/#website"},"primaryImageOfPage":{"@id":"https:\/\/mahaloukuleles.com\/about-mahalo-ukuleles-2\/#primaryimage"},"image":{"@id":"https:\/\/mahaloukuleles.com\/about-mahalo-ukuleles-2\/#primaryimage"},"thumbnailUrl":"https:\/\/mahaloukuleles.com\/wp-content\/uploads\/2018\/10\/bottom-image2.png","datePublished":"2018-04-06T14:08:42+00:00","dateModified":"2022-01-06T22:53:50+00:00","description":"L&#039;ukul\u00e9l\u00e9 le plus jou\u00e9 au monde. L&#039;histoire de Mahalo. Mahalo, qui signifie \u00abmerci\u00bb ou \u00abgratitude en hawa\u00efen. Vision et valeurs.","breadcrumb":{"@id":"https:\/\/mahaloukuleles.com\/about-mahalo-ukuleles-2\/#breadcrumb"},"inLanguage":"fr-CA","potentialAction":[{"@type":"ReadAction","target":["https:\/\/mahaloukuleles.com\/about-mahalo-ukuleles-2\/"]}]},{"@type":"ImageObject","inLanguage":"fr-CA","@id":"https:\/\/mahaloukuleles.com\/about-mahalo-ukuleles-2\/#primaryimage","url":"https:\/\/mahaloukuleles.com\/wp-content\/uploads\/2018\/10\/bottom-image2.png","contentUrl":"https:\/\/mahaloukuleles.com\/wp-content\/uploads\/2018\/10\/bottom-image2.png"},{"@type":"BreadcrumbList","@id":"https:\/\/mahaloukuleles.com\/about-mahalo-ukuleles-2\/#breadcrumb","itemListElement":[{"@type":"ListItem","position":1,"name":"Home","item":"https:\/\/mahaloukuleles.com\/"},{"@type":"ListItem","position":2,"name":"About Mahalo Ukuleles"}]},{"@type":"WebSite","@id":"https:\/\/mahaloukuleles.com\/es\/#website","url":"https:\/\/mahaloukuleles.com\/es\/","name":"Mahalo Ukuleles","description":"Mahalo Ukuleles","publisher":{"@id":"https:\/\/mahaloukuleles.com\/es\/#organization"},"potentialAction":[{"@type":"SearchAction","target":{"@type":"EntryPoint","urlTemplate":"https:\/\/mahaloukuleles.com\/es\/?s={search_term_string}"},"query-input":{"@type":"PropertyValueSpecification","valueRequired":true,"valueName":"search_term_string"}}],"inLanguage":"fr-CA"},{"@type":"Organization","@id":"https:\/\/mahaloukuleles.com\/es\/#organization","name":"Mahalo Ukuleles","url":"https:\/\/mahaloukuleles.com\/es\/","logo":{"@type":"ImageObject","inLanguage":"fr-CA","@id":"https:\/\/mahaloukuleles.com\/es\/#\/schema\/logo\/image\/","url":"https:\/\/media.mahaloukuleles.com.au\/wp-content\/uploads\/2019\/02\/mahalo_LOGO_vector_s-1.jpg","contentUrl":"https:\/\/media.mahaloukuleles.com.au\/wp-content\/uploads\/2019\/02\/mahalo_LOGO_vector_s-1.jpg","width":117,"height":60,"caption":"Mahalo Ukuleles"},"image":{"@id":"https:\/\/mahaloukuleles.com\/es\/#\/schema\/logo\/image\/"},"sameAs":["https:\/\/www.facebook.com\/mahaloukuleles\/?epa=SEARCH_BOX"]}]}},"_links":{"self":[{"href":"https:\/\/mahaloukuleles.com\/fr\/wp-json\/wp\/v2\/pages\/2127","targetHints":{"allow":["GET"]}}],"collection":[{"href":"https:\/\/mahaloukuleles.com\/fr\/wp-json\/wp\/v2\/pages"}],"about":[{"href":"https:\/\/mahaloukuleles.com\/fr\/wp-json\/wp\/v2\/types\/page"}],"author":[{"embeddable":true,"href":"https:\/\/mahaloukuleles.com\/fr\/wp-json\/wp\/v2\/users\/1"}],"replies":[{"embeddable":true,"href":"https:\/\/mahaloukuleles.com\/fr\/wp-json\/wp\/v2\/comments?post=2127"}],"version-history":[{"count":0,"href":"https:\/\/mahaloukuleles.com\/fr\/wp-json\/wp\/v2\/pages\/2127\/revisions"}],"wp:attachment":[{"href":"https:\/\/mahaloukuleles.com\/fr\/wp-json\/wp\/v2\/media?parent=2127"}],"curies":[{"name":"wp","href":"https:\/\/api.w.org\/{rel}","templated":true}]}}