{"id":3952,"date":"2018-10-27T08:28:57","date_gmt":"2018-10-26T22:28:57","guid":{"rendered":"http:\/\/mahaloukuleles.com\/?page_id=3952"},"modified":"2026-04-23T09:19:21","modified_gmt":"2026-04-22T23:19:21","slug":"java-series-soprano-long-neck","status":"publish","type":"page","link":"https:\/\/mahaloukuleles.com\/fr\/ukulele-series\/java-series\/java-series-soprano-long-neck\/","title":{"rendered":"S\u00e9rie Java - Corps soprano avec manche de taille concert"},"content":{"rendered":"<div id=\"pl-3952\"  class=\"panel-layout\" ><div id=\"pg-3952-0\"  class=\"panel-grid panel-has-style\" ><div class=\"siteorigin-panels-stretch panel-row-style panel-row-style-for-3952-0\" data-stretch-type=\"full\" ><div id=\"pgc-3952-0-0\"  class=\"panel-grid-cell\" ><div id=\"panel-3952-0-0-0\" class=\"so-panel widget widget_sow-headline panel-first-child\" data-index=\"0\" ><div\n\t\t\t\n\t\t\tclass=\"so-widget-sow-headline so-widget-sow-headline-default-ad1bc052baf0-3952 so-widget-fittext-wrapper\"\n\t\t\t data-fit-text-compressor=\"1\"\n\t\t><div class=\"sow-headline-container\">\n\t\t\t\t\t\t\t<h3 class=\"sow-headline\">\n\t\t\t\t\t\tNos artisans experts ont s\u00e9lectionn\u00e9 \u00e0 la main les plus beaux bois indon\u00e9siens pour vous proposer la s\u00e9rie Mahalo Java.\t\t\t\t\t\t<\/h3>\n\t\t\t\t\t\t\t\t\t\t\t<div class=\"decoration\">\n\t\t\t\t\t\t<div class=\"decoration-inside\"><\/div>\n\t\t\t\t\t<\/div>\n\t\t\t\t\t\t\t\t\t\t\t<p class=\"sow-sub-headline\">\n\t\t\t\t\t\tLes corps exotiques d'otan sont soigneusement con\u00e7us avec des caract\u00e9ristiques uniques pour am\u00e9liorer de la tonalit\u00e9 sont assortis \u00e0 des manches en acajou et des touches en palissandre pour reproduire une qualit\u00e9 tonale et une projection exceptionnelle. \t\t\t\t\t\t<\/p>\n\t\t\t\t\t\t<\/div>\n<\/div><\/div><div id=\"panel-3952-0-0-1\" class=\"so-panel widget widget_sow-headline\" data-index=\"1\" ><div\n\t\t\t\n\t\t\tclass=\"so-widget-sow-headline so-widget-sow-headline-default-cbf42b0fc735-3952\"\n\t\t\t\n\t\t><div class=\"sow-headline-container\">\n\t\t\t\t\t\t\t<p class=\"sow-headline\">\n\t\t\t\t\t\tUne finition transparente de haute qualit\u00e9 distincte est appliqu\u00e9e sur chaque ukul\u00e9l\u00e9 de la s\u00e9rie Java Mahalo afin de r\u00e9v\u00e9ler la beaut\u00e9 et la qualit\u00e9 inh\u00e9rentes des bois aux tons naturels et d'am\u00e9liorer chaque nuance musicale.\t\t\t\t\t\t<\/p>\n\t\t\t\t\t\t\t\t\t\t\t\t<p class=\"sow-sub-headline\">\n\t\t\t\t\t\tComplet avec le sac de transport Mahalo, les ukul\u00e9l\u00e9s Mahalo Java Series sont dot\u00e9s d'un dos arqu\u00e9 et de sillets Graph Tech NuBone XB pour augmenter la projection et la r\u00e9ponse des notes graves. Les cordes Aquila Super Nylgut sont con\u00e7ues pour produire un son plus riche, plus fort et plus \u00e9quilibr\u00e9, riche en harmonies tonales. \t\t\t\t\t\t<\/p>\n\t\t\t\t\t\t<\/div>\n<\/div><\/div><div id=\"panel-3952-0-0-2\" class=\"so-panel widget widget_sow-headline\" data-index=\"2\" ><div\n\t\t\t\n\t\t\tclass=\"so-widget-sow-headline so-widget-sow-headline-default-73d0459c1c28-3952 so-widget-fittext-wrapper\"\n\t\t\t data-fit-text-compressor=\"1\"\n\t\t><div class=\"sow-headline-container\">\n\t\t\t\t\t\t\t<h3 class=\"sow-headline\">\n\t\t\t\t\t\tVous serez surpris de la qualit\u00e9 et des performances de la s\u00e9rie Mahalo Java - Jouez d\u00e8s aujourd&#039;hui!\t\t\t\t\t\t<\/h3>\n\t\t\t\t\t\t<\/div>\n<\/div><\/div><div id=\"panel-3952-0-0-3\" class=\"so-panel widget widget_sow-editor panel-last-child\" data-index=\"3\" ><div\n\t\t\t\n\t\t\tclass=\"so-widget-sow-editor so-widget-sow-editor-base\"\n\t\t\t\n\t\t><h3 class=\"widget-title\">CARACT\u00c9RISTIQUES:<\/h3>\n<div class=\"siteorigin-widget-tinymce textwidget\">\n\t<table id=\"tablepress-34\" class=\"tablepress tablepress-id-34\">\n<tbody class=\"row-striping row-hover\">\n<tr class=\"row-1\">\n<td class=\"column-1\">CORPS<\/td>\n<td class=\"column-2\">Corps de taille soprano<br \/>\nNato avec le dos arqu\u00e9<\/td>\n<\/tr>\n<tr class=\"row-2\">\n<td class=\"column-1\">MANCHE<\/td>\n<td class=\"column-2\">Taille concert<br \/>\nAcajou\n<\/td>\n<\/tr>\n<tr class=\"row-3\">\n<td class=\"column-1\">T\u00caTE<\/td>\n<td class=\"column-2\">Ajour\u00e9e<\/td>\n<\/tr>\n<tr class=\"row-4\">\n<td class=\"column-1\">D\u00c9CORATION DE T\u00caTE<\/td>\n<td class=\"column-2\">Amara Ebony<\/td>\n<\/tr>\n<tr class=\"row-5\">\n<td class=\"column-1\">TOUCHE<\/td>\n<td class=\"column-2\">bois de rose<\/td>\n<\/tr>\n<tr class=\"row-6\">\n<td class=\"column-1\">MARQUEURS DE POSITION<\/td>\n<td class=\"column-2\">Incrustation de points de nacre d'Ormeau<\/td>\n<\/tr>\n<tr class=\"row-7\">\n<td class=\"column-1\">CHEVALET<\/td>\n<td class=\"column-2\">bois de rose<\/td>\n<\/tr>\n<tr class=\"row-8\">\n<td class=\"column-1\">FRETTES<\/td>\n<td class=\"column-2\">18, nickel<\/td>\n<\/tr>\n<tr class=\"row-9\">\n<td class=\"column-1\">M\u00c9CANIQUES<\/td>\n<td class=\"column-2\">Style Waverly, Plaqu\u00e9 Or<\/td>\n<\/tr>\n<tr class=\"row-10\">\n<td class=\"column-1\">CORDES<\/td>\n<td class=\"column-2\">Aquila Super Nylgut<\/td>\n<\/tr>\n<tr class=\"row-11\">\n<td class=\"column-1\">SILLET DE CHEVALET<\/td>\n<td class=\"column-2\">Graph Tech NuBone XB<\/td>\n<\/tr>\n<tr class=\"row-12\">\n<td class=\"column-1\">SILLET DE T\u00caTE<\/td>\n<td class=\"column-2\">ABS, blanc<\/td>\n<\/tr>\n<tr class=\"row-13\">\n<td class=\"column-1\">LONGUEUR<\/td>\n<td class=\"column-2\">Concert - 379mm<\/td>\n<\/tr>\n<tr class=\"row-14\">\n<td class=\"column-1\">FINI<\/td>\n<td class=\"column-2\">Haute brillance<\/td>\n<\/tr>\n<\/tbody>\n<\/table>\n<p><!-- #tablepress-34 from cache --><\/p>\n<\/div>\n<\/div><\/div><\/div><div id=\"pgc-3952-0-1\"  class=\"panel-grid-cell\" ><div id=\"panel-3952-0-1-0\" class=\"so-panel widget widget_sow-editor panel-first-child\" data-index=\"4\" ><div\n\t\t\t\n\t\t\tclass=\"so-widget-sow-editor so-widget-sow-editor-base\"\n\t\t\t\n\t\t>\n<div class=\"siteorigin-widget-tinymce textwidget\">\n\t<div id=\"metaslider-id-3369\" style=\"max-width: 600px;\" class=\"ml-slider-3-108-0 metaslider metaslider-flex metaslider-3369 ml-slider has-dots-nav ms-theme-default\" role=\"region\" aria-label=\"Java - Long Neck\" data-height=\"1600\" data-width=\"600\">\n<div id=\"metaslider_container_3369\">\n<div id=\"metaslider_3369\">\n<ul class='slides'>\n<li style=\"display: block; width: 100%;\" class=\"slide-16447 ms-image\" aria-roledescription=\"slide\" data-date=\"2023-03-06 13:05:12\" data-filename=\"MJ1CS3TS_right.jpg\" data-slide-type=\"image\"><img fetchpriority=\"high\" decoding=\"async\" src=\"https:\/\/mahaloukuleles.com\/wp-content\/uploads\/2023\/03\/MJ1CS3TS_right.jpg\" height=\"1600\" width=\"600\" alt=\"\" class=\"slider-3369 slide-16447 msDefaultImage\" title=\"MJ1CS3TS_right\" \/><\/li>\n<li style=\"display: none; width: 100%;\" class=\"slide-16446 ms-image\" aria-roledescription=\"slide\" data-date=\"2023-03-06 13:05:12\" data-filename=\"MJ1CSVNA_right.jpg\" data-slide-type=\"image\"><img decoding=\"async\" src=\"https:\/\/mahaloukuleles.com\/wp-content\/uploads\/2023\/03\/MJ1CSVNA_right.jpg\" height=\"1600\" width=\"600\" alt=\"\" class=\"slider-3369 slide-16446 msDefaultImage\" title=\"MJ1CSVNA_right\" \/><\/li>\n<\/ul><\/div>\n<\/p><\/div>\n<\/div>\n<\/div>\n<\/div><\/div><div id=\"panel-3952-0-1-1\" class=\"so-panel widget widget_sow-editor\" data-index=\"5\" ><div\n\t\t\t\n\t\t\tclass=\"so-widget-sow-editor so-widget-sow-editor-base\"\n\t\t\t\n\t\t><h3 class=\"widget-title\">Disponible dans les couleurs suivantes:<\/h3>\n<div class=\"siteorigin-widget-tinymce textwidget\">\n\t<table id=\"tablepress-37\" class=\"tablepress tablepress-id-37\">\n<tbody class=\"row-striping row-hover\">\n<tr class=\"row-1\">\n<td class=\"column-1\">MJ1CS3TS <\/td>\n<td class=\"column-2\">Sunburst 3 tons<\/td>\n<\/tr>\n<tr class=\"row-2\">\n<td class=\"column-1\">MJ1CSVNA<\/td>\n<td class=\"column-2\">Vintage naturel<\/td>\n<\/tr>\n<\/tbody>\n<\/table>\n<p><!-- #tablepress-37 from cache --><\/p>\n<\/div>\n<\/div><\/div><div id=\"panel-3952-0-1-2\" class=\"so-panel widget widget_sow-button panel-last-child\" data-index=\"6\" ><div\n\t\t\t\n\t\t\tclass=\"so-widget-sow-button so-widget-sow-button-wire-e7efa5f88084-3952\"\n\t\t\t\n\t\t><div class=\"ow-button-base ow-button-align-left\"\n>\n\t\t\t<a\n\t\t\t\t\thref=\"https:\/\/mahaloukuleles.com\/fr\/ukulele-series\/java-series\/\"\n\t\t\t\t\tclass=\"sowb-button ow-icon-placement-left ow-button-hover\" \t>\n\t\t<span>\n\t\t\t<span class=\"sow-icon-fontawesome sow-far\" data-sow-icon=\"&#xf0fe;\"\n\t\tstyle=\"\" \n\t\taria-hidden=\"true\"><\/span>\n\t\t\tPLUS D&#039;UKULELES JAVA\t\t<\/span>\n\t\t\t<\/a>\n\t<\/div>\n<\/div><\/div><\/div><div id=\"pgc-3952-0-2\"  class=\"panel-grid-cell\" ><div id=\"panel-3952-0-2-0\" class=\"so-panel widget widget_sow-image panel-first-child\" data-index=\"7\" ><div class=\"zoooom panel-widget-style panel-widget-style-for-3952-0-2-0\" ><div\n\t\t\t\n\t\t\tclass=\"so-widget-sow-image so-widget-sow-image-default-e4c2d9f6c920-3952\"\n\t\t\t\n\t\t>\n<div class=\"sow-image-container\">\n\t\t<img \n\tsrc=\"https:\/\/mahaloukuleles.com\/wp-content\/uploads\/2023\/03\/MJ1CS3TS_front.jpg\" width=\"600\" height=\"1600\" srcset=\"https:\/\/mahaloukuleles.com\/wp-content\/uploads\/2023\/03\/MJ1CS3TS_front.jpg 600w, https:\/\/mahaloukuleles.com\/wp-content\/uploads\/2023\/03\/MJ1CS3TS_front-113x300.jpg 113w, https:\/\/mahaloukuleles.com\/wp-content\/uploads\/2023\/03\/MJ1CS3TS_front-384x1024.jpg 384w, https:\/\/mahaloukuleles.com\/wp-content\/uploads\/2023\/03\/MJ1CS3TS_front-576x1536.jpg 576w, https:\/\/mahaloukuleles.com\/wp-content\/uploads\/2023\/03\/MJ1CS3TS_front-5x12.jpg 5w\" sizes=\"(max-width: 600px) 100vw, 600px\" alt=\"\" \t\tclass=\"so-widget-image\"\/>\n\t<\/div>\n\n<\/div><\/div><\/div><div id=\"panel-3952-0-2-1\" class=\"so-panel widget widget_sow-image\" data-index=\"8\" ><div class=\"zoooom panel-widget-style panel-widget-style-for-3952-0-2-1\" ><div\n\t\t\t\n\t\t\tclass=\"so-widget-sow-image so-widget-sow-image-default-e4c2d9f6c920-3952\"\n\t\t\t\n\t\t>\n<div class=\"sow-image-container\">\n\t\t<img loading=\"lazy\" \n\tsrc=\"https:\/\/mahaloukuleles.com\/wp-content\/uploads\/2023\/03\/MJ1CS3TS_back.jpg\" width=\"600\" height=\"1600\" srcset=\"https:\/\/mahaloukuleles.com\/wp-content\/uploads\/2023\/03\/MJ1CS3TS_back.jpg 600w, https:\/\/mahaloukuleles.com\/wp-content\/uploads\/2023\/03\/MJ1CS3TS_back-113x300.jpg 113w, https:\/\/mahaloukuleles.com\/wp-content\/uploads\/2023\/03\/MJ1CS3TS_back-384x1024.jpg 384w, https:\/\/mahaloukuleles.com\/wp-content\/uploads\/2023\/03\/MJ1CS3TS_back-576x1536.jpg 576w, https:\/\/mahaloukuleles.com\/wp-content\/uploads\/2023\/03\/MJ1CS3TS_back-5x12.jpg 5w\" sizes=\"(max-width: 600px) 100vw, 600px\" alt=\"\" \t\tclass=\"so-widget-image\"\/>\n\t<\/div>\n\n<\/div><\/div><\/div><div id=\"panel-3952-0-2-2\" class=\"so-panel widget widget_sow-image panel-last-child\" data-index=\"9\" ><div class=\"zoooom panel-widget-style panel-widget-style-for-3952-0-2-2\" ><div\n\t\t\t\n\t\t\tclass=\"so-widget-sow-image so-widget-sow-image-default-e4c2d9f6c920-3952\"\n\t\t\t\n\t\t>\n<div class=\"sow-image-container\">\n\t\t<img loading=\"lazy\" \n\tsrc=\"https:\/\/mahaloukuleles.com\/wp-content\/uploads\/2023\/03\/MJ1CS3TS_left-1.jpg\" width=\"601\" height=\"1600\" srcset=\"https:\/\/mahaloukuleles.com\/wp-content\/uploads\/2023\/03\/MJ1CS3TS_left-1.jpg 601w, https:\/\/mahaloukuleles.com\/wp-content\/uploads\/2023\/03\/MJ1CS3TS_left-1-113x300.jpg 113w, https:\/\/mahaloukuleles.com\/wp-content\/uploads\/2023\/03\/MJ1CS3TS_left-1-385x1024.jpg 385w, https:\/\/mahaloukuleles.com\/wp-content\/uploads\/2023\/03\/MJ1CS3TS_left-1-577x1536.jpg 577w, https:\/\/mahaloukuleles.com\/wp-content\/uploads\/2023\/03\/MJ1CS3TS_left-1-5x12.jpg 5w\" sizes=\"(max-width: 601px) 100vw, 601px\" title=\"MJ1CS3TS_left\" alt=\"\" \t\tclass=\"so-widget-image\"\/>\n\t<\/div>\n\n<\/div><\/div><\/div><\/div><\/div><\/div><div id=\"pg-3952-1\"  class=\"panel-grid panel-has-style\" ><div class=\"so-parallax siteorigin-panels-stretch panel-row-style panel-row-style-for-3952-1\" data-stretch-type=\"full\" ><img decoding=\"async\" width=\"1800\" height=\"576\" src=\"https:\/\/mahaloukuleles.com\/wp-content\/uploads\/2023\/03\/Mahalo_banner.jpg\" class=\"attachment-full size-full\" alt=\"\" data-siteorigin-parallax=\"true\" loading=\"eager\" srcset=\"https:\/\/mahaloukuleles.com\/wp-content\/uploads\/2023\/03\/Mahalo_banner.jpg 1800w, https:\/\/mahaloukuleles.com\/wp-content\/uploads\/2023\/03\/Mahalo_banner-300x96.jpg 300w, https:\/\/mahaloukuleles.com\/wp-content\/uploads\/2023\/03\/Mahalo_banner-1024x328.jpg 1024w, https:\/\/mahaloukuleles.com\/wp-content\/uploads\/2023\/03\/Mahalo_banner-768x246.jpg 768w, https:\/\/mahaloukuleles.com\/wp-content\/uploads\/2023\/03\/Mahalo_banner-1536x492.jpg 1536w, https:\/\/mahaloukuleles.com\/wp-content\/uploads\/2023\/03\/Mahalo_banner-18x6.jpg 18w\" sizes=\"(max-width: 1800px) 100vw, 1800px\" \/><div id=\"pgc-3952-1-0\"  class=\"panel-grid-cell panel-grid-cell-empty\" ><\/div><div id=\"pgc-3952-1-1\"  class=\"panel-grid-cell\" ><div id=\"panel-3952-1-1-0\" class=\"so-panel widget widget_sow-headline panel-first-child\" data-index=\"10\" ><div\n\t\t\t\n\t\t\tclass=\"so-widget-sow-headline so-widget-sow-headline-default-2659113ca4d9-3952 so-widget-fittext-wrapper\"\n\t\t\t data-fit-text-compressor=\"1\"\n\t\t><div class=\"sow-headline-container\">\n\t\t\t\t\t\t\t<h1 class=\"sow-headline\">\n\t\t\t\t\t\tVous serez surpris de la qualit\u00e9 et des performances de la s\u00e9rie Mahalo Java - Jouez d\u00e8s aujourd&#039;hui!\t\t\t\t\t\t<\/h1>\n\t\t\t\t\t\t<\/div>\n<\/div><\/div><div id=\"panel-3952-1-1-1\" class=\"so-panel widget widget_sow-button panel-last-child\" data-index=\"11\" ><div\n\t\t\t\n\t\t\tclass=\"so-widget-sow-button so-widget-sow-button-wire-d5f972c3d74d-3952\"\n\t\t\t\n\t\t><div class=\"ow-button-base ow-button-align-left\"\n>\n\t\t\t<a\n\t\t\t\t\thref=\"https:\/\/mahaloukuleles.com\/fr\/?page_id=2193\"\n\t\t\t\t\tclass=\"sowb-button ow-icon-placement-left ow-button-hover\" \t>\n\t\t<span>\n\t\t\t<span class=\"sow-icon-fontawesome sow-fas\" data-sow-icon=\"&#xf041;\"\n\t\tstyle=\"\" \n\t\taria-hidden=\"true\"><\/span>\n\t\t\tTrouver un distributeur\t\t<\/span>\n\t\t\t<\/a>\n\t<\/div>\n<\/div><\/div><\/div><\/div><\/div><\/div>","protected":false},"excerpt":{"rendered":"<p>Our expert craftsmen have hand selected Indonesia\u2019s finest tone woods to bring you the Mahalo Java Series. Exotic nato bodies are carefully crafted with unique tone enhancing features and matched with mahogany necks and rosewood fingerboards to reproduce outstanding tonal quality and projection. A distinctive, high quality see-through finish is applied to every Mahalo Java [&hellip;]<\/p>\n","protected":false},"author":1,"featured_media":0,"parent":3942,"menu_order":0,"comment_status":"closed","ping_status":"closed","template":"","meta":{"two_page_speed":[],"footnotes":""},"class_list":["post-3952","page","type-page","status-publish","hentry"],"yoast_head":"<!-- This site is optimized with the Yoast SEO plugin v27.4 - https:\/\/yoast.com\/product\/yoast-seo-wordpress\/ -->\n<title>Java Series \u2013 Soprano Body with Concert Scale Neck - Mahalo Ukuleles<\/title>\n<meta name=\"robots\" content=\"index, follow, max-snippet:-1, max-image-preview:large, max-video-preview:-1\" \/>\n<link rel=\"canonical\" href=\"https:\/\/mahaloukuleles.com\/fr\/ukulele-series\/java-series\/java-series-soprano-long-neck\/\" \/>\n<meta property=\"og:locale\" content=\"fr_CA\" \/>\n<meta property=\"og:type\" content=\"article\" \/>\n<meta property=\"og:title\" content=\"Java Series \u2013 Soprano Body with Concert Scale Neck - Mahalo Ukuleles\" \/>\n<meta property=\"og:description\" content=\"Our expert craftsmen have hand selected Indonesia\u2019s finest tone woods to bring you the Mahalo Java Series. Exotic nato bodies are carefully crafted with unique tone enhancing features and matched with mahogany necks and rosewood fingerboards to reproduce outstanding tonal quality and projection. A distinctive, high quality see-through finish is applied to every Mahalo Java [&hellip;]\" \/>\n<meta property=\"og:url\" content=\"https:\/\/mahaloukuleles.com\/fr\/ukulele-series\/java-series\/java-series-soprano-long-neck\/\" \/>\n<meta property=\"og:site_name\" content=\"Mahalo Ukuleles\" \/>\n<meta property=\"article:publisher\" content=\"https:\/\/www.facebook.com\/mahaloukuleles\/?epa=SEARCH_BOX\" \/>\n<meta property=\"article:modified_time\" content=\"2026-04-22T23:19:21+00:00\" \/>\n<meta property=\"og:image\" content=\"https:\/\/mahaloukuleles.com\/wp-content\/uploads\/2023\/03\/MJ1CS3TS_right.jpg\" \/>\n<meta name=\"twitter:card\" content=\"summary_large_image\" \/>\n<meta name=\"twitter:label1\" content=\"Estimation du temps de lecture\" \/>\n\t<meta name=\"twitter:data1\" content=\"3 minutes\" \/>\n<script type=\"application\/ld+json\" class=\"yoast-schema-graph\">{\"@context\":\"https:\\\/\\\/schema.org\",\"@graph\":[{\"@type\":\"WebPage\",\"@id\":\"https:\\\/\\\/mahaloukuleles.com\\\/ukulele-series\\\/java-series\\\/java-series-soprano-long-neck\\\/\",\"url\":\"https:\\\/\\\/mahaloukuleles.com\\\/ukulele-series\\\/java-series\\\/java-series-soprano-long-neck\\\/\",\"name\":\"Java Series \u2013 Soprano Body with Concert Scale Neck - Mahalo Ukuleles\",\"isPartOf\":{\"@id\":\"https:\\\/\\\/mahaloukuleles.com\\\/es\\\/#website\"},\"primaryImageOfPage\":{\"@id\":\"https:\\\/\\\/mahaloukuleles.com\\\/ukulele-series\\\/java-series\\\/java-series-soprano-long-neck\\\/#primaryimage\"},\"image\":{\"@id\":\"https:\\\/\\\/mahaloukuleles.com\\\/ukulele-series\\\/java-series\\\/java-series-soprano-long-neck\\\/#primaryimage\"},\"thumbnailUrl\":\"https:\\\/\\\/mahaloukuleles.com\\\/wp-content\\\/uploads\\\/2023\\\/03\\\/MJ1CS3TS_right.jpg\",\"datePublished\":\"2018-10-26T22:28:57+00:00\",\"dateModified\":\"2026-04-22T23:19:21+00:00\",\"breadcrumb\":{\"@id\":\"https:\\\/\\\/mahaloukuleles.com\\\/ukulele-series\\\/java-series\\\/java-series-soprano-long-neck\\\/#breadcrumb\"},\"inLanguage\":\"fr-CA\",\"potentialAction\":[{\"@type\":\"ReadAction\",\"target\":[\"https:\\\/\\\/mahaloukuleles.com\\\/ukulele-series\\\/java-series\\\/java-series-soprano-long-neck\\\/\"]}]},{\"@type\":\"ImageObject\",\"inLanguage\":\"fr-CA\",\"@id\":\"https:\\\/\\\/mahaloukuleles.com\\\/ukulele-series\\\/java-series\\\/java-series-soprano-long-neck\\\/#primaryimage\",\"url\":\"https:\\\/\\\/mahaloukuleles.com\\\/wp-content\\\/uploads\\\/2023\\\/03\\\/MJ1CS3TS_right.jpg\",\"contentUrl\":\"https:\\\/\\\/mahaloukuleles.com\\\/wp-content\\\/uploads\\\/2023\\\/03\\\/MJ1CS3TS_right.jpg\"},{\"@type\":\"BreadcrumbList\",\"@id\":\"https:\\\/\\\/mahaloukuleles.com\\\/ukulele-series\\\/java-series\\\/java-series-soprano-long-neck\\\/#breadcrumb\",\"itemListElement\":[{\"@type\":\"ListItem\",\"position\":1,\"name\":\"Home\",\"item\":\"https:\\\/\\\/mahaloukuleles.com\\\/\"},{\"@type\":\"ListItem\",\"position\":2,\"name\":\"Ukulele Series\",\"item\":\"https:\\\/\\\/mahaloukuleles.com\\\/ukulele-series\\\/\"},{\"@type\":\"ListItem\",\"position\":3,\"name\":\"Java Series\",\"item\":\"https:\\\/\\\/mahaloukuleles.com\\\/ukulele-series\\\/java-series\\\/\"},{\"@type\":\"ListItem\",\"position\":4,\"name\":\"Java Series \u2013 Soprano Body with Concert Scale Neck\"}]},{\"@type\":\"WebSite\",\"@id\":\"https:\\\/\\\/mahaloukuleles.com\\\/es\\\/#website\",\"url\":\"https:\\\/\\\/mahaloukuleles.com\\\/es\\\/\",\"name\":\"Mahalo Ukuleles\",\"description\":\"Mahalo Ukuleles\",\"publisher\":{\"@id\":\"https:\\\/\\\/mahaloukuleles.com\\\/es\\\/#organization\"},\"potentialAction\":[{\"@type\":\"SearchAction\",\"target\":{\"@type\":\"EntryPoint\",\"urlTemplate\":\"https:\\\/\\\/mahaloukuleles.com\\\/es\\\/?s={search_term_string}\"},\"query-input\":{\"@type\":\"PropertyValueSpecification\",\"valueRequired\":true,\"valueName\":\"search_term_string\"}}],\"inLanguage\":\"fr-CA\"},{\"@type\":\"Organization\",\"@id\":\"https:\\\/\\\/mahaloukuleles.com\\\/es\\\/#organization\",\"name\":\"Mahalo Ukuleles\",\"url\":\"https:\\\/\\\/mahaloukuleles.com\\\/es\\\/\",\"logo\":{\"@type\":\"ImageObject\",\"inLanguage\":\"fr-CA\",\"@id\":\"https:\\\/\\\/mahaloukuleles.com\\\/es\\\/#\\\/schema\\\/logo\\\/image\\\/\",\"url\":\"https:\\\/\\\/media.mahaloukuleles.com.au\\\/wp-content\\\/uploads\\\/2019\\\/02\\\/mahalo_LOGO_vector_s-1.jpg\",\"contentUrl\":\"https:\\\/\\\/media.mahaloukuleles.com.au\\\/wp-content\\\/uploads\\\/2019\\\/02\\\/mahalo_LOGO_vector_s-1.jpg\",\"width\":117,\"height\":60,\"caption\":\"Mahalo Ukuleles\"},\"image\":{\"@id\":\"https:\\\/\\\/mahaloukuleles.com\\\/es\\\/#\\\/schema\\\/logo\\\/image\\\/\"},\"sameAs\":[\"https:\\\/\\\/www.facebook.com\\\/mahaloukuleles\\\/?epa=SEARCH_BOX\"]}]}<\/script>\n<!-- \/ Yoast SEO plugin. -->","yoast_head_json":{"title":"S\u00e9rie Java - Corps soprano avec p\u00e8se-personne - Ukul\u00e9l\u00e9s Mahalo","robots":{"index":"index","follow":"follow","max-snippet":"max-snippet:-1","max-image-preview":"max-image-preview:large","max-video-preview":"max-video-preview:-1"},"canonical":"https:\/\/mahaloukuleles.com\/fr\/ukulele-series\/java-series\/java-series-soprano-long-neck\/","og_locale":"fr_CA","og_type":"article","og_title":"Java Series \u2013 Soprano Body with Concert Scale Neck - Mahalo Ukuleles","og_description":"Our expert craftsmen have hand selected Indonesia\u2019s finest tone woods to bring you the Mahalo Java Series. Exotic nato bodies are carefully crafted with unique tone enhancing features and matched with mahogany necks and rosewood fingerboards to reproduce outstanding tonal quality and projection. A distinctive, high quality see-through finish is applied to every Mahalo Java [&hellip;]","og_url":"https:\/\/mahaloukuleles.com\/fr\/ukulele-series\/java-series\/java-series-soprano-long-neck\/","og_site_name":"Mahalo Ukuleles","article_publisher":"https:\/\/www.facebook.com\/mahaloukuleles\/?epa=SEARCH_BOX","article_modified_time":"2026-04-22T23:19:21+00:00","og_image":[{"url":"https:\/\/mahaloukuleles.com\/wp-content\/uploads\/2023\/03\/MJ1CS3TS_right.jpg","type":"","width":"","height":""}],"twitter_card":"summary_large_image","twitter_misc":{"Estimation du temps de lecture":"3 minutes"},"schema":{"@context":"https:\/\/schema.org","@graph":[{"@type":"WebPage","@id":"https:\/\/mahaloukuleles.com\/ukulele-series\/java-series\/java-series-soprano-long-neck\/","url":"https:\/\/mahaloukuleles.com\/ukulele-series\/java-series\/java-series-soprano-long-neck\/","name":"S\u00e9rie Java - Corps soprano avec p\u00e8se-personne - Ukul\u00e9l\u00e9s Mahalo","isPartOf":{"@id":"https:\/\/mahaloukuleles.com\/es\/#website"},"primaryImageOfPage":{"@id":"https:\/\/mahaloukuleles.com\/ukulele-series\/java-series\/java-series-soprano-long-neck\/#primaryimage"},"image":{"@id":"https:\/\/mahaloukuleles.com\/ukulele-series\/java-series\/java-series-soprano-long-neck\/#primaryimage"},"thumbnailUrl":"https:\/\/mahaloukuleles.com\/wp-content\/uploads\/2023\/03\/MJ1CS3TS_right.jpg","datePublished":"2018-10-26T22:28:57+00:00","dateModified":"2026-04-22T23:19:21+00:00","breadcrumb":{"@id":"https:\/\/mahaloukuleles.com\/ukulele-series\/java-series\/java-series-soprano-long-neck\/#breadcrumb"},"inLanguage":"fr-CA","potentialAction":[{"@type":"ReadAction","target":["https:\/\/mahaloukuleles.com\/ukulele-series\/java-series\/java-series-soprano-long-neck\/"]}]},{"@type":"ImageObject","inLanguage":"fr-CA","@id":"https:\/\/mahaloukuleles.com\/ukulele-series\/java-series\/java-series-soprano-long-neck\/#primaryimage","url":"https:\/\/mahaloukuleles.com\/wp-content\/uploads\/2023\/03\/MJ1CS3TS_right.jpg","contentUrl":"https:\/\/mahaloukuleles.com\/wp-content\/uploads\/2023\/03\/MJ1CS3TS_right.jpg"},{"@type":"BreadcrumbList","@id":"https:\/\/mahaloukuleles.com\/ukulele-series\/java-series\/java-series-soprano-long-neck\/#breadcrumb","itemListElement":[{"@type":"ListItem","position":1,"name":"Home","item":"https:\/\/mahaloukuleles.com\/"},{"@type":"ListItem","position":2,"name":"Ukulele Series","item":"https:\/\/mahaloukuleles.com\/ukulele-series\/"},{"@type":"ListItem","position":3,"name":"Java Series","item":"https:\/\/mahaloukuleles.com\/ukulele-series\/java-series\/"},{"@type":"ListItem","position":4,"name":"Java Series \u2013 Soprano Body with Concert Scale Neck"}]},{"@type":"WebSite","@id":"https:\/\/mahaloukuleles.com\/es\/#website","url":"https:\/\/mahaloukuleles.com\/es\/","name":"Mahalo Ukuleles","description":"Mahalo Ukuleles","publisher":{"@id":"https:\/\/mahaloukuleles.com\/es\/#organization"},"potentialAction":[{"@type":"SearchAction","target":{"@type":"EntryPoint","urlTemplate":"https:\/\/mahaloukuleles.com\/es\/?s={search_term_string}"},"query-input":{"@type":"PropertyValueSpecification","valueRequired":true,"valueName":"search_term_string"}}],"inLanguage":"fr-CA"},{"@type":"Organization","@id":"https:\/\/mahaloukuleles.com\/es\/#organization","name":"Mahalo Ukuleles","url":"https:\/\/mahaloukuleles.com\/es\/","logo":{"@type":"ImageObject","inLanguage":"fr-CA","@id":"https:\/\/mahaloukuleles.com\/es\/#\/schema\/logo\/image\/","url":"https:\/\/media.mahaloukuleles.com.au\/wp-content\/uploads\/2019\/02\/mahalo_LOGO_vector_s-1.jpg","contentUrl":"https:\/\/media.mahaloukuleles.com.au\/wp-content\/uploads\/2019\/02\/mahalo_LOGO_vector_s-1.jpg","width":117,"height":60,"caption":"Mahalo Ukuleles"},"image":{"@id":"https:\/\/mahaloukuleles.com\/es\/#\/schema\/logo\/image\/"},"sameAs":["https:\/\/www.facebook.com\/mahaloukuleles\/?epa=SEARCH_BOX"]}]}},"_links":{"self":[{"href":"https:\/\/mahaloukuleles.com\/fr\/wp-json\/wp\/v2\/pages\/3952","targetHints":{"allow":["GET"]}}],"collection":[{"href":"https:\/\/mahaloukuleles.com\/fr\/wp-json\/wp\/v2\/pages"}],"about":[{"href":"https:\/\/mahaloukuleles.com\/fr\/wp-json\/wp\/v2\/types\/page"}],"author":[{"embeddable":true,"href":"https:\/\/mahaloukuleles.com\/fr\/wp-json\/wp\/v2\/users\/1"}],"replies":[{"embeddable":true,"href":"https:\/\/mahaloukuleles.com\/fr\/wp-json\/wp\/v2\/comments?post=3952"}],"version-history":[{"count":2,"href":"https:\/\/mahaloukuleles.com\/fr\/wp-json\/wp\/v2\/pages\/3952\/revisions"}],"predecessor-version":[{"id":19750,"href":"https:\/\/mahaloukuleles.com\/fr\/wp-json\/wp\/v2\/pages\/3952\/revisions\/19750"}],"up":[{"embeddable":true,"href":"https:\/\/mahaloukuleles.com\/fr\/wp-json\/wp\/v2\/pages\/3942"}],"wp:attachment":[{"href":"https:\/\/mahaloukuleles.com\/fr\/wp-json\/wp\/v2\/media?parent=3952"}],"curies":[{"name":"wp","href":"https:\/\/api.w.org\/{rel}","templated":true}]}}