{"id":4723,"date":"2018-11-02T15:42:09","date_gmt":"2018-11-02T05:42:09","guid":{"rendered":"http:\/\/mahaloukuleles.com\/?page_id=4723"},"modified":"2021-11-17T09:03:37","modified_gmt":"2021-11-16T23:03:37","slug":"ukulele-bags","status":"publish","type":"page","link":"https:\/\/mahaloukuleles.com\/fr\/bags-accessories\/ukulele-bags\/","title":{"rendered":"SAC UKUL\u00c9L\u00c9 S\u00c9RIE UB1"},"content":{"rendered":"<div id=\"pl-4723\"  class=\"panel-layout\" ><div id=\"pg-4723-0\"  class=\"panel-grid panel-has-style\" ><div class=\"siteorigin-panels-stretch panel-row-style panel-row-style-for-4723-0\" data-stretch-type=\"full\" ><div id=\"pgc-4723-0-0\"  class=\"panel-grid-cell\" ><div id=\"panel-4723-0-0-0\" class=\"so-panel widget widget_sow-editor panel-first-child panel-last-child\" data-index=\"0\" ><div\n\t\t\t\n\t\t\tclass=\"so-widget-sow-editor so-widget-sow-editor-base\"\n\t\t\t\n\t\t><h3 class=\"widget-title\">CARACT\u00c9RISTIQUES:<\/h3>\n<div class=\"siteorigin-widget-tinymce textwidget\">\n\t<table id=\"tablepress-52\" class=\"tablepress tablepress-id-52\">\n<tbody class=\"row-striping row-hover\">\n<tr class=\"row-1\">\n<td class=\"column-1\">MAT\u00c9RIEL<\/td>\n<td class=\"column-2\">Nylon 1680D<\/td>\n<\/tr>\n<tr class=\"row-2\">\n<td class=\"column-1\">REMBOURRAGE<\/td>\n<td class=\"column-2\">\u00c9ponge 15mm<\/td>\n<\/tr>\n<tr class=\"row-3\">\n<td class=\"column-1\">CARACT\u00c9RISTIQUES<\/td>\n<td class=\"column-2\">C\u00f4t\u00e9s de motifs hawa\u00efens bleus, noirs et blancs.<br \/>\nCousu dans la poign\u00e9e capitonn\u00e9e<br \/>\nBandouli\u00e8re r\u00e9glable<br \/>\nDoublure int\u00e9rieure<br \/>\nFermeture \u00e0 glissi\u00e8re robuste pleine longueur<br \/>\nPoche pour accessoires<br \/>\nLogo Mahalo brod\u00e9<\/td>\n<\/tr>\n<\/tbody>\n<\/table>\n<\/div>\n<\/div><\/div><\/div><div id=\"pgc-4723-0-1\"  class=\"panel-grid-cell\" ><div id=\"panel-4723-0-1-0\" class=\"so-panel widget widget_media_image panel-first-child panel-last-child\" data-index=\"1\" ><img fetchpriority=\"high\" decoding=\"async\" width=\"1100\" height=\"753\" src=\"https:\/\/mahaloukuleles.com\/wp-content\/uploads\/2018\/11\/UB1.jpg\" class=\"image wp-image-4711  attachment-full size-full\" alt=\"\" style=\"max-width: 100%; height: auto;\" srcset=\"https:\/\/mahaloukuleles.com\/wp-content\/uploads\/2018\/11\/UB1.jpg 1100w, https:\/\/mahaloukuleles.com\/wp-content\/uploads\/2018\/11\/UB1-300x205.jpg 300w, https:\/\/mahaloukuleles.com\/wp-content\/uploads\/2018\/11\/UB1-768x526.jpg 768w, https:\/\/mahaloukuleles.com\/wp-content\/uploads\/2018\/11\/UB1-1024x701.jpg 1024w\" sizes=\"(max-width: 1100px) 100vw, 1100px\" \/><\/div><\/div><\/div><\/div><div id=\"pg-4723-1\"  class=\"panel-grid panel-has-style\" ><div class=\"siteorigin-panels-stretch panel-row-style panel-row-style-for-4723-1\" data-stretch-type=\"full\" ><div id=\"pgc-4723-1-0\"  class=\"panel-grid-cell\" ><div id=\"panel-4723-1-0-0\" class=\"so-panel widget widget_sow-editor panel-first-child\" data-index=\"2\" ><div\n\t\t\t\n\t\t\tclass=\"so-widget-sow-editor so-widget-sow-editor-base\"\n\t\t\t\n\t\t><h3 class=\"widget-title\">Tailles int\u00e9rieures (L xlxh): <\/h3>\n<div class=\"siteorigin-widget-tinymce textwidget\">\n\t<table id=\"tablepress-61\" class=\"tablepress tablepress-id-61\">\n<tbody class=\"row-striping row-hover\">\n<tr class=\"row-1\">\n<td class=\"column-1\">UB1 \/ 57<\/td>\n<td class=\"column-2\">57 x 20 x 9cm - SOPRANO<\/td>\n<\/tr>\n<tr class=\"row-2\">\n<td class=\"column-1\">UB1 \/ 65<\/td>\n<td class=\"column-2\">65 x 22 x 10cm - CONCERT<\/td>\n<\/tr>\n<tr class=\"row-3\">\n<td class=\"column-1\">UB1 \/ 70<\/td>\n<td class=\"column-2\">70 x 26 x 11cm - TENOR<\/td>\n<\/tr>\n<tr class=\"row-4\">\n<td class=\"column-1\">UB1 \/ 81<\/td>\n<td class=\"column-2\">81 x 28 x 12cm - BARYTON<\/td>\n<\/tr>\n<\/tbody>\n<\/table>\n<\/div>\n<\/div><\/div><div id=\"panel-4723-1-0-1\" class=\"so-panel widget widget_sow-button panel-last-child\" data-index=\"3\" ><div\n\t\t\t\n\t\t\tclass=\"so-widget-sow-button so-widget-sow-button-flat-7359f5fc84aa-4723\"\n\t\t\t\n\t\t><div class=\"ow-button-base ow-button-align-left\"\n>\n\t\t\t<a\n\t\t\t\t\thref=\"https:\/\/mahaloukuleles.com\/fr\/bags-accessories\/\"\n\t\t\t\t\tclass=\"sowb-button ow-icon-placement-left ow-button-hover\" \t>\n\t\t<span>\n\t\t\t<span class=\"sow-icon-fontawesome sow-fas\" data-sow-icon=\"&#xf104;\"\n\t\tstyle=\"\" \n\t\taria-hidden=\"true\"><\/span>\n\t\t\tretour aux accessoires\t\t<\/span>\n\t\t\t<\/a>\n\t<\/div>\n<\/div><\/div><\/div><div id=\"pgc-4723-1-1\"  class=\"panel-grid-cell\" ><div id=\"panel-4723-1-1-0\" class=\"so-panel widget widget_sow-image panel-first-child panel-last-child\" data-index=\"4\" ><div class=\"zoooom panel-widget-style panel-widget-style-for-4723-1-1-0\" ><div\n\t\t\t\n\t\t\tclass=\"so-widget-sow-image so-widget-sow-image-default-e4c2d9f6c920-4723\"\n\t\t\t\n\t\t>\n<div class=\"sow-image-container\">\n\t\t<img \n\tsrc=\"https:\/\/mahaloukuleles.com\/wp-content\/uploads\/2018\/11\/UB1_square.jpg\" width=\"750\" height=\"750\" srcset=\"https:\/\/mahaloukuleles.com\/wp-content\/uploads\/2018\/11\/UB1_square.jpg 750w, https:\/\/mahaloukuleles.com\/wp-content\/uploads\/2018\/11\/UB1_square-150x150.jpg 150w, https:\/\/mahaloukuleles.com\/wp-content\/uploads\/2018\/11\/UB1_square-300x300.jpg 300w\" sizes=\"(max-width: 750px) 100vw, 750px\" alt=\"\" \t\tclass=\"so-widget-image\"\/>\n\t<\/div>\n\n<\/div><\/div><\/div><\/div><div id=\"pgc-4723-1-2\"  class=\"panel-grid-cell\" ><div id=\"panel-4723-1-2-0\" class=\"so-panel widget widget_sow-image panel-first-child panel-last-child\" data-index=\"5\" ><div class=\"zoooom panel-widget-style panel-widget-style-for-4723-1-2-0\" ><div\n\t\t\t\n\t\t\tclass=\"so-widget-sow-image so-widget-sow-image-default-e4c2d9f6c920-4723\"\n\t\t\t\n\t\t>\n<div class=\"sow-image-container\">\n\t\t<img \n\tsrc=\"https:\/\/mahaloukuleles.com\/wp-content\/uploads\/2018\/11\/UB1_front_square.jpg\" width=\"750\" height=\"750\" srcset=\"https:\/\/mahaloukuleles.com\/wp-content\/uploads\/2018\/11\/UB1_front_square.jpg 750w, https:\/\/mahaloukuleles.com\/wp-content\/uploads\/2018\/11\/UB1_front_square-150x150.jpg 150w, https:\/\/mahaloukuleles.com\/wp-content\/uploads\/2018\/11\/UB1_front_square-300x300.jpg 300w\" sizes=\"(max-width: 750px) 100vw, 750px\" alt=\"\" \t\tclass=\"so-widget-image\"\/>\n\t<\/div>\n\n<\/div><\/div><\/div><\/div><\/div><\/div><div id=\"pg-4723-2\"  class=\"panel-grid panel-has-style\" ><div class=\"so-parallax siteorigin-panels-stretch panel-row-style panel-row-style-for-4723-2\" data-stretch-type=\"full\" ><img decoding=\"async\" width=\"2002\" height=\"641\" src=\"https:\/\/mahaloukuleles.com\/wp-content\/uploads\/2018\/10\/bottom-image2.png\" class=\"attachment-full size-full\" alt=\"\" data-siteorigin-parallax=\"true\" loading=\"eager\" srcset=\"https:\/\/mahaloukuleles.com\/wp-content\/uploads\/2018\/10\/bottom-image2.png 2002w, https:\/\/mahaloukuleles.com\/wp-content\/uploads\/2018\/10\/bottom-image2-300x96.png 300w, https:\/\/mahaloukuleles.com\/wp-content\/uploads\/2018\/10\/bottom-image2-768x246.png 768w, https:\/\/mahaloukuleles.com\/wp-content\/uploads\/2018\/10\/bottom-image2-1024x328.png 1024w, https:\/\/mahaloukuleles.com\/wp-content\/uploads\/2018\/10\/bottom-image2-500x160.png 500w\" sizes=\"(max-width: 2002px) 100vw, 2002px\" \/><div id=\"pgc-4723-2-0\"  class=\"panel-grid-cell panel-grid-cell-empty\" ><\/div><div id=\"pgc-4723-2-1\"  class=\"panel-grid-cell\" ><div id=\"panel-4723-2-1-0\" class=\"so-panel widget widget_sow-headline panel-first-child\" data-index=\"6\" ><div\n\t\t\t\n\t\t\tclass=\"so-widget-sow-headline so-widget-sow-headline-default-2659113ca4d9-4723 so-widget-fittext-wrapper\"\n\t\t\t data-fit-text-compressor=\"1\"\n\t\t><div class=\"sow-headline-container\">\n\t\t\t\t\t\t\t<h1 class=\"sow-headline\">\n\t\t\t\t\t\tAussi individuel que vous soyez, il y a d\u00e9finitivement un ukul\u00e9l\u00e9 Mahalo qui vous convient!\t\t\t\t\t\t<\/h1>\n\t\t\t\t\t\t<\/div>\n<\/div><\/div><div id=\"panel-4723-2-1-1\" class=\"so-panel widget widget_sow-button panel-last-child\" data-index=\"7\" ><div\n\t\t\t\n\t\t\tclass=\"so-widget-sow-button so-widget-sow-button-wire-7a6c592be1e8-4723\"\n\t\t\t\n\t\t><div class=\"ow-button-base ow-button-align-left\"\n>\n\t\t\t<a\n\t\t\t\t\thref=\"https:\/\/mahaloukuleles.com\/fr\/?page_id=2193\"\n\t\t\t\t\tclass=\"sowb-button ow-icon-placement-left ow-button-hover\" \t>\n\t\t<span>\n\t\t\t\n\t\t\tTrouver un distributeur\t\t<\/span>\n\t\t\t<\/a>\n\t<\/div>\n<\/div><\/div><\/div><\/div><\/div><\/div>","protected":false},"excerpt":{"rendered":"<p>SPECIFICATIONS: MATERIAL 1680D Nylon PADDING 15mm Sponge FEATURES Blue, black and white Hawai\u2019ian motif sides. Stitched in Padded Handle Adjustable Shoulder Strap Interior Lining Full Length Heavy Duty Zipper Accessory Pocket Embroidered Mahalo Logo Inner Sizes (L x W x H): UB1\/57 57 x 20 x 9cm &#8211; SOPRANO UB1\/65 65 x 22 x 10cm [&hellip;]<\/p>\n","protected":false},"author":1,"featured_media":0,"parent":4758,"menu_order":0,"comment_status":"closed","ping_status":"closed","template":"","meta":{"two_page_speed":[],"footnotes":""},"class_list":["post-4723","page","type-page","status-publish","hentry"],"yoast_head":"<!-- This site is optimized with the Yoast SEO plugin v27.3 - https:\/\/yoast.com\/product\/yoast-seo-wordpress\/ -->\n<title>UB1 SERIES UKULELE BAG - Mahalo Ukuleles<\/title>\n<meta name=\"robots\" content=\"index, follow, max-snippet:-1, max-image-preview:large, max-video-preview:-1\" \/>\n<link rel=\"canonical\" href=\"https:\/\/mahaloukuleles.com\/fr\/bags-accessories\/ukulele-bags\/\" \/>\n<meta property=\"og:locale\" content=\"fr_CA\" \/>\n<meta property=\"og:type\" content=\"article\" \/>\n<meta property=\"og:title\" content=\"UB1 SERIES UKULELE BAG - Mahalo Ukuleles\" \/>\n<meta property=\"og:description\" content=\"SPECIFICATIONS: MATERIAL 1680D Nylon PADDING 15mm Sponge FEATURES Blue, black and white Hawai\u2019ian motif sides. Stitched in Padded Handle Adjustable Shoulder Strap Interior Lining Full Length Heavy Duty Zipper Accessory Pocket Embroidered Mahalo Logo Inner Sizes (L x W x H): UB1\/57 57 x 20 x 9cm - SOPRANO UB1\/65 65 x 22 x 10cm [&hellip;]\" \/>\n<meta property=\"og:url\" content=\"https:\/\/mahaloukuleles.com\/fr\/bags-accessories\/ukulele-bags\/\" \/>\n<meta property=\"og:site_name\" content=\"Mahalo Ukuleles\" \/>\n<meta property=\"article:publisher\" content=\"https:\/\/www.facebook.com\/mahaloukuleles\/?epa=SEARCH_BOX\" \/>\n<meta property=\"article:modified_time\" content=\"2021-11-16T23:03:37+00:00\" \/>\n<meta property=\"og:image\" content=\"https:\/\/mahaloukuleles.com\/wp-content\/uploads\/2018\/10\/bottom-image2.png\" \/>\n<meta name=\"twitter:card\" content=\"summary_large_image\" \/>\n<script type=\"application\/ld+json\" class=\"yoast-schema-graph\">{\"@context\":\"https:\\\/\\\/schema.org\",\"@graph\":[{\"@type\":\"WebPage\",\"@id\":\"https:\\\/\\\/mahaloukuleles.com\\\/zh\\\/bags-accessories\\\/ukulele-bags\\\/\",\"url\":\"https:\\\/\\\/mahaloukuleles.com\\\/zh\\\/bags-accessories\\\/ukulele-bags\\\/\",\"name\":\"UB1 SERIES UKULELE BAG - Mahalo Ukuleles\",\"isPartOf\":{\"@id\":\"https:\\\/\\\/mahaloukuleles.com\\\/es\\\/#website\"},\"primaryImageOfPage\":{\"@id\":\"https:\\\/\\\/mahaloukuleles.com\\\/zh\\\/bags-accessories\\\/ukulele-bags\\\/#primaryimage\"},\"image\":{\"@id\":\"https:\\\/\\\/mahaloukuleles.com\\\/zh\\\/bags-accessories\\\/ukulele-bags\\\/#primaryimage\"},\"thumbnailUrl\":\"https:\\\/\\\/mahaloukuleles.com\\\/wp-content\\\/uploads\\\/2018\\\/10\\\/bottom-image2.png\",\"datePublished\":\"2018-11-02T05:42:09+00:00\",\"dateModified\":\"2021-11-16T23:03:37+00:00\",\"breadcrumb\":{\"@id\":\"https:\\\/\\\/mahaloukuleles.com\\\/zh\\\/bags-accessories\\\/ukulele-bags\\\/#breadcrumb\"},\"inLanguage\":\"fr-CA\",\"potentialAction\":[{\"@type\":\"ReadAction\",\"target\":[\"https:\\\/\\\/mahaloukuleles.com\\\/zh\\\/bags-accessories\\\/ukulele-bags\\\/\"]}]},{\"@type\":\"ImageObject\",\"inLanguage\":\"fr-CA\",\"@id\":\"https:\\\/\\\/mahaloukuleles.com\\\/zh\\\/bags-accessories\\\/ukulele-bags\\\/#primaryimage\",\"url\":\"https:\\\/\\\/mahaloukuleles.com\\\/wp-content\\\/uploads\\\/2018\\\/10\\\/bottom-image2.png\",\"contentUrl\":\"https:\\\/\\\/mahaloukuleles.com\\\/wp-content\\\/uploads\\\/2018\\\/10\\\/bottom-image2.png\"},{\"@type\":\"BreadcrumbList\",\"@id\":\"https:\\\/\\\/mahaloukuleles.com\\\/zh\\\/bags-accessories\\\/ukulele-bags\\\/#breadcrumb\",\"itemListElement\":[{\"@type\":\"ListItem\",\"position\":1,\"name\":\"Home\",\"item\":\"https:\\\/\\\/mahaloukuleles.com\\\/\"},{\"@type\":\"ListItem\",\"position\":2,\"name\":\"Bags &#038; Accessories\",\"item\":\"https:\\\/\\\/mahaloukuleles.com\\\/zh\\\/bags-accessories\\\/\"},{\"@type\":\"ListItem\",\"position\":3,\"name\":\"UB1 SERIES UKULELE BAG\"}]},{\"@type\":\"WebSite\",\"@id\":\"https:\\\/\\\/mahaloukuleles.com\\\/es\\\/#website\",\"url\":\"https:\\\/\\\/mahaloukuleles.com\\\/es\\\/\",\"name\":\"Mahalo Ukuleles\",\"description\":\"Mahalo Ukuleles\",\"publisher\":{\"@id\":\"https:\\\/\\\/mahaloukuleles.com\\\/es\\\/#organization\"},\"potentialAction\":[{\"@type\":\"SearchAction\",\"target\":{\"@type\":\"EntryPoint\",\"urlTemplate\":\"https:\\\/\\\/mahaloukuleles.com\\\/es\\\/?s={search_term_string}\"},\"query-input\":{\"@type\":\"PropertyValueSpecification\",\"valueRequired\":true,\"valueName\":\"search_term_string\"}}],\"inLanguage\":\"fr-CA\"},{\"@type\":\"Organization\",\"@id\":\"https:\\\/\\\/mahaloukuleles.com\\\/es\\\/#organization\",\"name\":\"Mahalo Ukuleles\",\"url\":\"https:\\\/\\\/mahaloukuleles.com\\\/es\\\/\",\"logo\":{\"@type\":\"ImageObject\",\"inLanguage\":\"fr-CA\",\"@id\":\"https:\\\/\\\/mahaloukuleles.com\\\/es\\\/#\\\/schema\\\/logo\\\/image\\\/\",\"url\":\"https:\\\/\\\/media.mahaloukuleles.com.au\\\/wp-content\\\/uploads\\\/2019\\\/02\\\/mahalo_LOGO_vector_s-1.jpg\",\"contentUrl\":\"https:\\\/\\\/media.mahaloukuleles.com.au\\\/wp-content\\\/uploads\\\/2019\\\/02\\\/mahalo_LOGO_vector_s-1.jpg\",\"width\":117,\"height\":60,\"caption\":\"Mahalo Ukuleles\"},\"image\":{\"@id\":\"https:\\\/\\\/mahaloukuleles.com\\\/es\\\/#\\\/schema\\\/logo\\\/image\\\/\"},\"sameAs\":[\"https:\\\/\\\/www.facebook.com\\\/mahaloukuleles\\\/?epa=SEARCH_BOX\"]}]}<\/script>\n<!-- \/ Yoast SEO plugin. -->","yoast_head_json":{"title":"SAC UKULELE S\u00c9RIE UB1 - Ukul\u00e9l\u00e9s Mahalo","robots":{"index":"index","follow":"follow","max-snippet":"max-snippet:-1","max-image-preview":"max-image-preview:large","max-video-preview":"max-video-preview:-1"},"canonical":"https:\/\/mahaloukuleles.com\/fr\/bags-accessories\/ukulele-bags\/","og_locale":"fr_CA","og_type":"article","og_title":"UB1 SERIES UKULELE BAG - Mahalo Ukuleles","og_description":"SPECIFICATIONS: MATERIAL 1680D Nylon PADDING 15mm Sponge FEATURES Blue, black and white Hawai\u2019ian motif sides. Stitched in Padded Handle Adjustable Shoulder Strap Interior Lining Full Length Heavy Duty Zipper Accessory Pocket Embroidered Mahalo Logo Inner Sizes (L x W x H): UB1\/57 57 x 20 x 9cm - SOPRANO UB1\/65 65 x 22 x 10cm [&hellip;]","og_url":"https:\/\/mahaloukuleles.com\/fr\/bags-accessories\/ukulele-bags\/","og_site_name":"Mahalo Ukuleles","article_publisher":"https:\/\/www.facebook.com\/mahaloukuleles\/?epa=SEARCH_BOX","article_modified_time":"2021-11-16T23:03:37+00:00","og_image":[{"url":"https:\/\/mahaloukuleles.com\/wp-content\/uploads\/2018\/10\/bottom-image2.png","type":"","width":"","height":""}],"twitter_card":"summary_large_image","schema":{"@context":"https:\/\/schema.org","@graph":[{"@type":"WebPage","@id":"https:\/\/mahaloukuleles.com\/zh\/bags-accessories\/ukulele-bags\/","url":"https:\/\/mahaloukuleles.com\/zh\/bags-accessories\/ukulele-bags\/","name":"SAC UKULELE S\u00c9RIE UB1 - Ukul\u00e9l\u00e9s Mahalo","isPartOf":{"@id":"https:\/\/mahaloukuleles.com\/es\/#website"},"primaryImageOfPage":{"@id":"https:\/\/mahaloukuleles.com\/zh\/bags-accessories\/ukulele-bags\/#primaryimage"},"image":{"@id":"https:\/\/mahaloukuleles.com\/zh\/bags-accessories\/ukulele-bags\/#primaryimage"},"thumbnailUrl":"https:\/\/mahaloukuleles.com\/wp-content\/uploads\/2018\/10\/bottom-image2.png","datePublished":"2018-11-02T05:42:09+00:00","dateModified":"2021-11-16T23:03:37+00:00","breadcrumb":{"@id":"https:\/\/mahaloukuleles.com\/zh\/bags-accessories\/ukulele-bags\/#breadcrumb"},"inLanguage":"fr-CA","potentialAction":[{"@type":"ReadAction","target":["https:\/\/mahaloukuleles.com\/zh\/bags-accessories\/ukulele-bags\/"]}]},{"@type":"ImageObject","inLanguage":"fr-CA","@id":"https:\/\/mahaloukuleles.com\/zh\/bags-accessories\/ukulele-bags\/#primaryimage","url":"https:\/\/mahaloukuleles.com\/wp-content\/uploads\/2018\/10\/bottom-image2.png","contentUrl":"https:\/\/mahaloukuleles.com\/wp-content\/uploads\/2018\/10\/bottom-image2.png"},{"@type":"BreadcrumbList","@id":"https:\/\/mahaloukuleles.com\/zh\/bags-accessories\/ukulele-bags\/#breadcrumb","itemListElement":[{"@type":"ListItem","position":1,"name":"Home","item":"https:\/\/mahaloukuleles.com\/"},{"@type":"ListItem","position":2,"name":"Bags &#038; Accessories","item":"https:\/\/mahaloukuleles.com\/zh\/bags-accessories\/"},{"@type":"ListItem","position":3,"name":"UB1 SERIES UKULELE BAG"}]},{"@type":"WebSite","@id":"https:\/\/mahaloukuleles.com\/es\/#website","url":"https:\/\/mahaloukuleles.com\/es\/","name":"Mahalo Ukuleles","description":"Mahalo Ukuleles","publisher":{"@id":"https:\/\/mahaloukuleles.com\/es\/#organization"},"potentialAction":[{"@type":"SearchAction","target":{"@type":"EntryPoint","urlTemplate":"https:\/\/mahaloukuleles.com\/es\/?s={search_term_string}"},"query-input":{"@type":"PropertyValueSpecification","valueRequired":true,"valueName":"search_term_string"}}],"inLanguage":"fr-CA"},{"@type":"Organization","@id":"https:\/\/mahaloukuleles.com\/es\/#organization","name":"Mahalo Ukuleles","url":"https:\/\/mahaloukuleles.com\/es\/","logo":{"@type":"ImageObject","inLanguage":"fr-CA","@id":"https:\/\/mahaloukuleles.com\/es\/#\/schema\/logo\/image\/","url":"https:\/\/media.mahaloukuleles.com.au\/wp-content\/uploads\/2019\/02\/mahalo_LOGO_vector_s-1.jpg","contentUrl":"https:\/\/media.mahaloukuleles.com.au\/wp-content\/uploads\/2019\/02\/mahalo_LOGO_vector_s-1.jpg","width":117,"height":60,"caption":"Mahalo Ukuleles"},"image":{"@id":"https:\/\/mahaloukuleles.com\/es\/#\/schema\/logo\/image\/"},"sameAs":["https:\/\/www.facebook.com\/mahaloukuleles\/?epa=SEARCH_BOX"]}]}},"_links":{"self":[{"href":"https:\/\/mahaloukuleles.com\/fr\/wp-json\/wp\/v2\/pages\/4723","targetHints":{"allow":["GET"]}}],"collection":[{"href":"https:\/\/mahaloukuleles.com\/fr\/wp-json\/wp\/v2\/pages"}],"about":[{"href":"https:\/\/mahaloukuleles.com\/fr\/wp-json\/wp\/v2\/types\/page"}],"author":[{"embeddable":true,"href":"https:\/\/mahaloukuleles.com\/fr\/wp-json\/wp\/v2\/users\/1"}],"replies":[{"embeddable":true,"href":"https:\/\/mahaloukuleles.com\/fr\/wp-json\/wp\/v2\/comments?post=4723"}],"version-history":[{"count":0,"href":"https:\/\/mahaloukuleles.com\/fr\/wp-json\/wp\/v2\/pages\/4723\/revisions"}],"up":[{"embeddable":true,"href":"https:\/\/mahaloukuleles.com\/fr\/wp-json\/wp\/v2\/pages\/4758"}],"wp:attachment":[{"href":"https:\/\/mahaloukuleles.com\/fr\/wp-json\/wp\/v2\/media?parent=4723"}],"curies":[{"name":"wp","href":"https:\/\/api.w.org\/{rel}","templated":true}]}}