{"id":4758,"date":"2018-11-08T14:18:34","date_gmt":"2018-11-08T04:18:34","guid":{"rendered":"http:\/\/mahaloukuleles.com\/?page_id=4758"},"modified":"2020-11-16T10:00:25","modified_gmt":"2020-11-16T00:00:25","slug":"bags-accessories","status":"publish","type":"page","link":"https:\/\/mahaloukuleles.com\/fr\/bags-accessories\/","title":{"rendered":"Sacs et accessoires"},"content":{"rendered":"<div id=\"pl-4758\"  class=\"panel-layout\" ><div id=\"pg-4758-0\"  class=\"panel-grid panel-no-style\" ><div id=\"pgc-4758-0-0\"  class=\"panel-grid-cell\" ><div id=\"panel-4758-0-0-0\" class=\"so-panel widget widget_sow-image panel-first-child panel-last-child\" data-index=\"0\" ><div\n\t\t\t\n\t\t\tclass=\"so-widget-sow-image so-widget-sow-image-default-334eeca80698-4758\"\n\t\t\t\n\t\t>\n<div class=\"sow-image-container\">\n\t\t\t<a href=\"https:\/\/mahaloukuleles.com\/fr\/bags-accessories\/ukulele-bags\/\"\n\t\t\t\t\t>\n\t\t\t<img fetchpriority=\"high\" \n\tsrc=\"https:\/\/mahaloukuleles.com\/wp-content\/uploads\/2018\/11\/UB1_square.jpg\" width=\"750\" height=\"750\" srcset=\"https:\/\/mahaloukuleles.com\/wp-content\/uploads\/2018\/11\/UB1_square.jpg 750w, https:\/\/mahaloukuleles.com\/wp-content\/uploads\/2018\/11\/UB1_square-150x150.jpg 150w, https:\/\/mahaloukuleles.com\/wp-content\/uploads\/2018\/11\/UB1_square-300x300.jpg 300w\" sizes=\"(max-width: 750px) 100vw, 750px\" title=\"Ukulele Sacs\" alt=\"\" \t\tclass=\"so-widget-image\"\/>\n\t\t\t<\/a><\/div>\n\n<h3 class=\"widget-title\">Ukulele Sacs<\/h3><\/div><\/div><\/div><div id=\"pgc-4758-0-1\"  class=\"panel-grid-cell\" ><div id=\"panel-4758-0-1-0\" class=\"so-panel widget widget_sow-image panel-first-child panel-last-child\" data-index=\"1\" ><div\n\t\t\t\n\t\t\tclass=\"so-widget-sow-image so-widget-sow-image-default-334eeca80698-4758\"\n\t\t\t\n\t\t>\n<div class=\"sow-image-container\">\n\t\t\t<a href=\"https:\/\/mahaloukuleles.com\/fr\/bags-accessories\/accessories\/\"\n\t\t\t\t\t>\n\t\t\t<img \n\tsrc=\"https:\/\/mahaloukuleles.com\/wp-content\/uploads\/2018\/11\/essentials-pack_1.jpg\" width=\"750\" height=\"750\" srcset=\"https:\/\/mahaloukuleles.com\/wp-content\/uploads\/2018\/11\/essentials-pack_1.jpg 750w, https:\/\/mahaloukuleles.com\/wp-content\/uploads\/2018\/11\/essentials-pack_1-150x150.jpg 150w, https:\/\/mahaloukuleles.com\/wp-content\/uploads\/2018\/11\/essentials-pack_1-300x300.jpg 300w\" sizes=\"(max-width: 750px) 100vw, 750px\" title=\"Accessoires\" alt=\"\" \t\tclass=\"so-widget-image\"\/>\n\t\t\t<\/a><\/div>\n\n<h3 class=\"widget-title\">Accessoires<\/h3><\/div><\/div><\/div><\/div><div id=\"pg-4758-1\"  class=\"panel-grid panel-has-style\" ><div class=\"siteorigin-panels-stretch panel-row-style panel-row-style-for-4758-1\" data-stretch-type=\"full-stretched\" ><div id=\"pgc-4758-1-0\"  class=\"panel-grid-cell\" ><div id=\"panel-4758-1-0-0\" class=\"so-panel widget widget_sow-editor panel-first-child\" data-index=\"2\" ><div class=\"panel-widget-style panel-widget-style-for-4758-1-0-0\" ><div\n\t\t\t\n\t\t\tclass=\"so-widget-sow-editor so-widget-sow-editor-base\"\n\t\t\t\n\t\t>\n<div class=\"siteorigin-widget-tinymce textwidget\">\n\t<p><font size=\"0\" color=\"white\">Mahalo Ukuleles propose une large gamme d&#039;accessoires, ainsi que des sacs. Les sacs d&#039;ukul\u00e9l\u00e9 Mahalo sont des produits de haute qualit\u00e9. Nos capos sont tr\u00e8s populaires. Nous fabriquons \u00e9galement tous les accessoires n\u00e9cessaires pour ukul\u00e9l\u00e9. Par exemple, le syntoniseur \u00e9lectronique, le diapason, le plastique et le feutre. Des capos, des sangles et enfin des chandelles. L&#039;ukul\u00e9l\u00e9 est notre passion. Avec un choix de couleurs et de mat\u00e9riaux, nous vous donnons le choix. Chez Mahalo, nous pensons qu&#039;un grand ukul\u00e9l\u00e9 m\u00e9rite les meilleurs accessoires. De d\u00e9butant \u00e0 expert, vous trouverez ici ce dont vous avez besoin. Alors, pourquoi ne pas aller chez votre magasin de musique local et demander nos produits? Nous offrons la meilleure qualit\u00e9 et le meilleur prix du secteur. Nos accessoires sont disponibles partout dans le monde. Vous pouvez accorder votre ukul\u00e9l\u00e9 avec le diapason ou le syntoniseur \u00e9lectronique. Voyage avec le sac de ukul\u00e9l\u00e9. Gardez votre ukul\u00e9l\u00e9 sur un support en bois fait de contreplaqu\u00e9 r\u00e9cup\u00e9r\u00e9.<\/font><\/p>\n<\/div>\n<\/div><\/div><\/div><div id=\"panel-4758-1-0-1\" class=\"so-panel widget widget_sow-editor panel-last-child\" data-index=\"3\" ><div class=\"panel-widget-style panel-widget-style-for-4758-1-0-1\" ><div\n\t\t\t\n\t\t\tclass=\"so-widget-sow-editor so-widget-sow-editor-base\"\n\t\t\t\n\t\t>\n<div class=\"siteorigin-widget-tinymce textwidget\">\n\t<p><font size=\"0\" color=\"white\"><br \/>\nLes sacs d&#039;ukul\u00e9l\u00e9 Mahalo sont des produits de haute qualit\u00e9. Nos capos sont tr\u00e8s populaires. Nous fabriquons \u00e9galement tous les accessoires n\u00e9cessaires pour ukul\u00e9l\u00e9. Par exemple, le syntoniseur \u00e9lectronique, le diapason, le plastique et le feutre. Des capos, des sangles et enfin des chandelles. L&#039;ukul\u00e9l\u00e9 est notre passion. Avec un choix de couleurs et de mat\u00e9riaux, nous vous donnons le choix. Chez Mahalo, nous pensons qu&#039;un grand ukul\u00e9l\u00e9 m\u00e9rite les meilleurs accessoires. De d\u00e9butant \u00e0 expert, vous trouverez ici ce dont vous avez besoin. Alors, pourquoi ne pas aller chez votre magasin de musique local et demander nos produits? Nous offrons la meilleure qualit\u00e9 et le meilleur prix du secteur. Nos accessoires sont disponibles partout dans le monde. Vous pouvez accorder votre ukul\u00e9l\u00e9 avec le diapason ou le syntoniseur \u00e9lectronique. Voyage avec le sac de ukul\u00e9l\u00e9. Gardez votre ukul\u00e9l\u00e9 sur un support en bois fait de contreplaqu\u00e9 r\u00e9cup\u00e9r\u00e9.<\/font><\/p>\n<\/div>\n<\/div><\/div><\/div><\/div><\/div><\/div><\/div>","protected":false},"excerpt":{"rendered":"<p>Mahalo Ukuleles offers a wide range of accessories, as well as bags. Mahalo ukulele bags are high quality products. Our Capos are very popular. We also make every accessories that you need with for ukulele. For example, electronic tuner, pitch pipe, plastic and felt picks. Also capos, straps, and finally stands. Ukulele is our passion. [&hellip;]<\/p>\n","protected":false},"author":1,"featured_media":0,"parent":0,"menu_order":0,"comment_status":"closed","ping_status":"closed","template":"","meta":{"two_page_speed":[],"footnotes":""},"class_list":["post-4758","page","type-page","status-publish","hentry"],"yoast_head":"<!-- This site is optimized with the Yoast SEO plugin v27.4 - https:\/\/yoast.com\/product\/yoast-seo-wordpress\/ -->\n<title>Bags &amp; Accessories - Mahalo Ukuleles<\/title>\n<meta name=\"description\" content=\"Ukulele Bags, Accessories, Apparel &amp; Collectibles. At Mahalo, we are committed to the highest standards of production, ethics and integrity.\" \/>\n<meta name=\"robots\" content=\"index, follow, max-snippet:-1, max-image-preview:large, max-video-preview:-1\" \/>\n<link rel=\"canonical\" href=\"https:\/\/mahaloukuleles.com\/fr\/bags-accessories\/\" \/>\n<meta property=\"og:locale\" content=\"fr_CA\" \/>\n<meta property=\"og:type\" content=\"article\" \/>\n<meta property=\"og:title\" content=\"Bags &amp; Accessories - Mahalo Ukuleles\" \/>\n<meta property=\"og:description\" content=\"Ukulele Bags, Accessories, Apparel &amp; Collectibles. At Mahalo, we are committed to the highest standards of production, ethics and integrity.\" \/>\n<meta property=\"og:url\" content=\"https:\/\/mahaloukuleles.com\/fr\/bags-accessories\/\" \/>\n<meta property=\"og:site_name\" content=\"Mahalo Ukuleles\" \/>\n<meta property=\"article:publisher\" content=\"https:\/\/www.facebook.com\/mahaloukuleles\/?epa=SEARCH_BOX\" \/>\n<meta property=\"article:modified_time\" content=\"2020-11-16T00:00:25+00:00\" \/>\n<meta name=\"twitter:card\" content=\"summary_large_image\" \/>\n<meta name=\"twitter:label1\" content=\"Estimation du temps de lecture\" \/>\n\t<meta name=\"twitter:data1\" content=\"2 minutes\" \/>\n<script type=\"application\/ld+json\" class=\"yoast-schema-graph\">{\"@context\":\"https:\\\/\\\/schema.org\",\"@graph\":[{\"@type\":\"WebPage\",\"@id\":\"https:\\\/\\\/mahaloukuleles.com\\\/zh\\\/bags-accessories\\\/\",\"url\":\"https:\\\/\\\/mahaloukuleles.com\\\/zh\\\/bags-accessories\\\/\",\"name\":\"Bags & Accessories - Mahalo Ukuleles\",\"isPartOf\":{\"@id\":\"https:\\\/\\\/mahaloukuleles.com\\\/es\\\/#website\"},\"datePublished\":\"2018-11-08T04:18:34+00:00\",\"dateModified\":\"2020-11-16T00:00:25+00:00\",\"description\":\"Ukulele Bags, Accessories, Apparel & Collectibles. At Mahalo, we are committed to the highest standards of production, ethics and integrity.\",\"breadcrumb\":{\"@id\":\"https:\\\/\\\/mahaloukuleles.com\\\/zh\\\/bags-accessories\\\/#breadcrumb\"},\"inLanguage\":\"fr-CA\",\"potentialAction\":[{\"@type\":\"ReadAction\",\"target\":[\"https:\\\/\\\/mahaloukuleles.com\\\/zh\\\/bags-accessories\\\/\"]}]},{\"@type\":\"BreadcrumbList\",\"@id\":\"https:\\\/\\\/mahaloukuleles.com\\\/zh\\\/bags-accessories\\\/#breadcrumb\",\"itemListElement\":[{\"@type\":\"ListItem\",\"position\":1,\"name\":\"Home\",\"item\":\"https:\\\/\\\/mahaloukuleles.com\\\/\"},{\"@type\":\"ListItem\",\"position\":2,\"name\":\"Bags &#038; Accessories\"}]},{\"@type\":\"WebSite\",\"@id\":\"https:\\\/\\\/mahaloukuleles.com\\\/es\\\/#website\",\"url\":\"https:\\\/\\\/mahaloukuleles.com\\\/es\\\/\",\"name\":\"Mahalo Ukuleles\",\"description\":\"Mahalo Ukuleles\",\"publisher\":{\"@id\":\"https:\\\/\\\/mahaloukuleles.com\\\/es\\\/#organization\"},\"potentialAction\":[{\"@type\":\"SearchAction\",\"target\":{\"@type\":\"EntryPoint\",\"urlTemplate\":\"https:\\\/\\\/mahaloukuleles.com\\\/es\\\/?s={search_term_string}\"},\"query-input\":{\"@type\":\"PropertyValueSpecification\",\"valueRequired\":true,\"valueName\":\"search_term_string\"}}],\"inLanguage\":\"fr-CA\"},{\"@type\":\"Organization\",\"@id\":\"https:\\\/\\\/mahaloukuleles.com\\\/es\\\/#organization\",\"name\":\"Mahalo Ukuleles\",\"url\":\"https:\\\/\\\/mahaloukuleles.com\\\/es\\\/\",\"logo\":{\"@type\":\"ImageObject\",\"inLanguage\":\"fr-CA\",\"@id\":\"https:\\\/\\\/mahaloukuleles.com\\\/es\\\/#\\\/schema\\\/logo\\\/image\\\/\",\"url\":\"https:\\\/\\\/media.mahaloukuleles.com.au\\\/wp-content\\\/uploads\\\/2019\\\/02\\\/mahalo_LOGO_vector_s-1.jpg\",\"contentUrl\":\"https:\\\/\\\/media.mahaloukuleles.com.au\\\/wp-content\\\/uploads\\\/2019\\\/02\\\/mahalo_LOGO_vector_s-1.jpg\",\"width\":117,\"height\":60,\"caption\":\"Mahalo Ukuleles\"},\"image\":{\"@id\":\"https:\\\/\\\/mahaloukuleles.com\\\/es\\\/#\\\/schema\\\/logo\\\/image\\\/\"},\"sameAs\":[\"https:\\\/\\\/www.facebook.com\\\/mahaloukuleles\\\/?epa=SEARCH_BOX\"]}]}<\/script>\n<!-- \/ Yoast SEO plugin. -->","yoast_head_json":{"title":"Sacs &amp; Accessoires - Ukul\u00e9l\u00e9s Mahalo","description":"Ukulele Sacs, Accessoires, V\u00eatements et objets de collection. Chez Mahalo, nous nous engageons \u00e0 respecter les normes de production, d&#039;\u00e9thique et d&#039;int\u00e9grit\u00e9 les plus \u00e9lev\u00e9es.","robots":{"index":"index","follow":"follow","max-snippet":"max-snippet:-1","max-image-preview":"max-image-preview:large","max-video-preview":"max-video-preview:-1"},"canonical":"https:\/\/mahaloukuleles.com\/fr\/bags-accessories\/","og_locale":"fr_CA","og_type":"article","og_title":"Bags & Accessories - Mahalo Ukuleles","og_description":"Ukulele Bags, Accessories, Apparel & Collectibles. At Mahalo, we are committed to the highest standards of production, ethics and integrity.","og_url":"https:\/\/mahaloukuleles.com\/fr\/bags-accessories\/","og_site_name":"Mahalo Ukuleles","article_publisher":"https:\/\/www.facebook.com\/mahaloukuleles\/?epa=SEARCH_BOX","article_modified_time":"2020-11-16T00:00:25+00:00","twitter_card":"summary_large_image","twitter_misc":{"Estimation du temps de lecture":"2 minutes"},"schema":{"@context":"https:\/\/schema.org","@graph":[{"@type":"WebPage","@id":"https:\/\/mahaloukuleles.com\/zh\/bags-accessories\/","url":"https:\/\/mahaloukuleles.com\/zh\/bags-accessories\/","name":"Sacs &amp; Accessoires - Ukul\u00e9l\u00e9s Mahalo","isPartOf":{"@id":"https:\/\/mahaloukuleles.com\/es\/#website"},"datePublished":"2018-11-08T04:18:34+00:00","dateModified":"2020-11-16T00:00:25+00:00","description":"Ukulele Sacs, Accessoires, V\u00eatements et objets de collection. Chez Mahalo, nous nous engageons \u00e0 respecter les normes de production, d&#039;\u00e9thique et d&#039;int\u00e9grit\u00e9 les plus \u00e9lev\u00e9es.","breadcrumb":{"@id":"https:\/\/mahaloukuleles.com\/zh\/bags-accessories\/#breadcrumb"},"inLanguage":"fr-CA","potentialAction":[{"@type":"ReadAction","target":["https:\/\/mahaloukuleles.com\/zh\/bags-accessories\/"]}]},{"@type":"BreadcrumbList","@id":"https:\/\/mahaloukuleles.com\/zh\/bags-accessories\/#breadcrumb","itemListElement":[{"@type":"ListItem","position":1,"name":"Home","item":"https:\/\/mahaloukuleles.com\/"},{"@type":"ListItem","position":2,"name":"Bags &#038; Accessories"}]},{"@type":"WebSite","@id":"https:\/\/mahaloukuleles.com\/es\/#website","url":"https:\/\/mahaloukuleles.com\/es\/","name":"Mahalo Ukuleles","description":"Mahalo Ukuleles","publisher":{"@id":"https:\/\/mahaloukuleles.com\/es\/#organization"},"potentialAction":[{"@type":"SearchAction","target":{"@type":"EntryPoint","urlTemplate":"https:\/\/mahaloukuleles.com\/es\/?s={search_term_string}"},"query-input":{"@type":"PropertyValueSpecification","valueRequired":true,"valueName":"search_term_string"}}],"inLanguage":"fr-CA"},{"@type":"Organization","@id":"https:\/\/mahaloukuleles.com\/es\/#organization","name":"Mahalo Ukuleles","url":"https:\/\/mahaloukuleles.com\/es\/","logo":{"@type":"ImageObject","inLanguage":"fr-CA","@id":"https:\/\/mahaloukuleles.com\/es\/#\/schema\/logo\/image\/","url":"https:\/\/media.mahaloukuleles.com.au\/wp-content\/uploads\/2019\/02\/mahalo_LOGO_vector_s-1.jpg","contentUrl":"https:\/\/media.mahaloukuleles.com.au\/wp-content\/uploads\/2019\/02\/mahalo_LOGO_vector_s-1.jpg","width":117,"height":60,"caption":"Mahalo Ukuleles"},"image":{"@id":"https:\/\/mahaloukuleles.com\/es\/#\/schema\/logo\/image\/"},"sameAs":["https:\/\/www.facebook.com\/mahaloukuleles\/?epa=SEARCH_BOX"]}]}},"_links":{"self":[{"href":"https:\/\/mahaloukuleles.com\/fr\/wp-json\/wp\/v2\/pages\/4758","targetHints":{"allow":["GET"]}}],"collection":[{"href":"https:\/\/mahaloukuleles.com\/fr\/wp-json\/wp\/v2\/pages"}],"about":[{"href":"https:\/\/mahaloukuleles.com\/fr\/wp-json\/wp\/v2\/types\/page"}],"author":[{"embeddable":true,"href":"https:\/\/mahaloukuleles.com\/fr\/wp-json\/wp\/v2\/users\/1"}],"replies":[{"embeddable":true,"href":"https:\/\/mahaloukuleles.com\/fr\/wp-json\/wp\/v2\/comments?post=4758"}],"version-history":[{"count":0,"href":"https:\/\/mahaloukuleles.com\/fr\/wp-json\/wp\/v2\/pages\/4758\/revisions"}],"wp:attachment":[{"href":"https:\/\/mahaloukuleles.com\/fr\/wp-json\/wp\/v2\/media?parent=4758"}],"curies":[{"name":"wp","href":"https:\/\/api.w.org\/{rel}","templated":true}]}}