{"id":5351,"date":"2018-11-14T16:05:37","date_gmt":"2018-11-14T06:05:37","guid":{"rendered":"https:\/\/dev.mahaloukuleles.com\/?page_id=5351"},"modified":"2026-04-23T09:23:51","modified_gmt":"2026-04-22T23:23:51","slug":"u320s-soprano","status":"publish","type":"page","link":"https:\/\/mahaloukuleles.com\/fr\/ukulele-series\/custom-series\/u320s-soprano\/","title":{"rendered":"U320S - Soprano"},"content":{"rendered":"<div id=\"pl-5351\"  class=\"panel-layout\" ><div id=\"pg-5351-0\"  class=\"panel-grid panel-has-style\" ><div class=\"siteorigin-panels-stretch panel-row-style panel-row-style-for-5351-0\" data-stretch-type=\"full\" ><div id=\"pgc-5351-0-0\"  class=\"panel-grid-cell\" ><div id=\"panel-5351-0-0-0\" class=\"so-panel widget widget_sow-headline panel-first-child\" data-index=\"0\" ><div\n\t\t\t\n\t\t\tclass=\"so-widget-sow-headline so-widget-sow-headline-default-08d233ce1e8a-5351 so-widget-fittext-wrapper\"\n\t\t\t data-fit-text-compressor=\"1\"\n\t\t><div class=\"sow-headline-container\">\n\t\t\t\t\t\t\t<h6 class=\"sow-headline\">\n\t\t\t\t\t\t- ACAJOU -\t\t\t\t\t\t<\/h6>\n\t\t\t\t\t\t<\/div>\n<\/div><\/div><div id=\"panel-5351-0-0-1\" class=\"so-panel widget widget_sow-headline\" data-index=\"1\" ><div\n\t\t\t\n\t\t\tclass=\"so-widget-sow-headline so-widget-sow-headline-default-52c9756533d1-5351 so-widget-fittext-wrapper\"\n\t\t\t data-fit-text-compressor=\"0.85\"\n\t\t><div class=\"sow-headline-container\">\n\t\t\t\t\t\t\t<h3 class=\"sow-headline\">\n\t\t\t\t\t\tUn beau ukul\u00e9l\u00e9 soprano tout en acajou qui ne casse pas la tirelire!\t\t\t\t\t\t<\/h3>\n\t\t\t\t\t\t\t\t\t\t\t<div class=\"decoration\">\n\t\t\t\t\t\t<div class=\"decoration-inside\"><\/div>\n\t\t\t\t\t<\/div>\n\t\t\t\t\t\t\t\t\t\t\t<h5 class=\"sow-sub-headline\">\n\t\t\t\t\t\tLa table et les c\u00f4t\u00e9s en acajou massif et les c\u00f4t\u00e9s en acajou offrent une apparence \u00e9tonnante et une tonalit\u00e9 \u00e9quilibr\u00e9e avec une projection exceptionnelle. L'\u00e9l\u00e9gance classique de l'acajou, un son fantastique et une sensation superbe s'ajoutent \u00e0 un ukul\u00e9l\u00e9 que vous ne voudrez pas reposer!\t\t\t\t\t\t<\/h5>\n\t\t\t\t\t\t<\/div>\n<\/div><\/div><div id=\"panel-5351-0-0-2\" class=\"so-panel widget widget_sow-editor\" data-index=\"2\" ><div\n\t\t\t\n\t\t\tclass=\"so-widget-sow-editor so-widget-sow-editor-base\"\n\t\t\t\n\t\t><h3 class=\"widget-title\">CARACT\u00c9RISTIQUES:<\/h3>\n<div class=\"siteorigin-widget-tinymce textwidget\">\n\t<table id=\"tablepress-58\" class=\"tablepress tablepress-id-58\">\n<tbody class=\"row-striping row-hover\">\n<tr class=\"row-1\">\n<td class=\"column-1\">TABLE<\/td>\n<td class=\"column-2\">Acajou massif<\/td>\n<\/tr>\n<tr class=\"row-2\">\n<td class=\"column-1\">DOS ET COT\u00c9S<\/td>\n<td class=\"column-2\">Acajou<\/td>\n<\/tr>\n<tr class=\"row-3\">\n<td class=\"column-1\">MANCHE<\/td>\n<td class=\"column-2\">Nato<\/td>\n<\/tr>\n<tr class=\"row-4\">\n<td class=\"column-1\">TOUCHE<\/td>\n<td class=\"column-2\">Palissandre reconstitu\u00e9<\/td>\n<\/tr>\n<tr class=\"row-5\">\n<td class=\"column-1\">MARQUEURS DE POSITION<\/td>\n<td class=\"column-2\">Pearl Dot Incrust\u00e9<\/td>\n<\/tr>\n<tr class=\"row-6\">\n<td class=\"column-1\">CHEVALET<\/td>\n<td class=\"column-2\">Palissandre reconstitu\u00e9<\/td>\n<\/tr>\n<tr class=\"row-7\">\n<td class=\"column-1\">D\u00c9CORATION DE LA ROSETTE<\/td>\n<td class=\"column-2\">\u00c9rable incrust\u00e9<\/td>\n<\/tr>\n<tr class=\"row-8\">\n<td class=\"column-1\">FRETTES<\/td>\n<td class=\"column-2\">17, nickel<\/td>\n<\/tr>\n<tr class=\"row-9\">\n<td class=\"column-1\">M\u00c9CANIQUES<\/td>\n<td class=\"column-2\">Mill\u00e9sime: Plaqu\u00e9 Or <\/td>\n<\/tr>\n<tr class=\"row-10\">\n<td class=\"column-1\">CORDES<\/td>\n<td class=\"column-2\">Aquila Super Nylgut<\/td>\n<\/tr>\n<tr class=\"row-11\">\n<td class=\"column-1\">SILLET DE CHEVALET<\/td>\n<td class=\"column-2\">Graph Tech NuBone XB<\/td>\n<\/tr>\n<tr class=\"row-12\">\n<td class=\"column-1\">SILLET DE T\u00caTE<\/td>\n<td class=\"column-2\">Os<\/td>\n<\/tr>\n<tr class=\"row-13\">\n<td class=\"column-1\">LONGUEUR<\/td>\n<td class=\"column-2\">Soprano - 346mm<\/td>\n<\/tr>\n<tr class=\"row-14\">\n<td class=\"column-1\">FINI<\/td>\n<td class=\"column-2\">Naturel - Satin<\/td>\n<\/tr>\n<\/tbody>\n<\/table>\n<p><!-- #tablepress-58 from cache --><\/p>\n<\/div>\n<\/div><\/div><div id=\"panel-5351-0-0-3\" class=\"so-panel widget widget_sow-button panel-last-child\" data-index=\"3\" ><div\n\t\t\t\n\t\t\tclass=\"so-widget-sow-button so-widget-sow-button-wire-e7efa5f88084-5351\"\n\t\t\t\n\t\t><div class=\"ow-button-base ow-button-align-left\"\n>\n\t\t\t<a\n\t\t\t\t\thref=\"https:\/\/mahaloukuleles.com\/fr\/ukulele-series\/custom-series\/\"\n\t\t\t\t\tclass=\"sowb-button ow-icon-placement-left ow-button-hover\" \t>\n\t\t<span>\n\t\t\t\n\t\t\tPLUS DE UKUL\u00c9L\u00c9S CUSTOM\t\t<\/span>\n\t\t\t<\/a>\n\t<\/div>\n<\/div><\/div><\/div><div id=\"pgc-5351-0-1\"  class=\"panel-grid-cell\" ><div id=\"panel-5351-0-1-0\" class=\"so-panel widget widget_sow-image panel-first-child panel-last-child\" data-index=\"4\" ><div\n\t\t\t\n\t\t\tclass=\"so-widget-sow-image so-widget-sow-image-default-8b5b6f678277-5351\"\n\t\t\t\n\t\t>\n<div class=\"sow-image-container\">\n\t\t<img fetchpriority=\"high\" \n\tsrc=\"https:\/\/mahaloukuleles.com\/wp-content\/uploads\/2021\/11\/U320S_right2.jpg\" width=\"600\" height=\"1600\" srcset=\"https:\/\/mahaloukuleles.com\/wp-content\/uploads\/2021\/11\/U320S_right2.jpg 600w, https:\/\/mahaloukuleles.com\/wp-content\/uploads\/2021\/11\/U320S_right2-113x300.jpg 113w, https:\/\/mahaloukuleles.com\/wp-content\/uploads\/2021\/11\/U320S_right2-384x1024.jpg 384w, https:\/\/mahaloukuleles.com\/wp-content\/uploads\/2021\/11\/U320S_right2-576x1536.jpg 576w, https:\/\/mahaloukuleles.com\/wp-content\/uploads\/2021\/11\/U320S_right2-5x12.jpg 5w\" sizes=\"(max-width: 600px) 100vw, 600px\" alt=\"\" \t\tclass=\"so-widget-image\"\/>\n\t<\/div>\n\n<\/div><\/div><\/div><div id=\"pgc-5351-0-2\"  class=\"panel-grid-cell\" ><div id=\"panel-5351-0-2-0\" class=\"so-panel widget widget_sow-image panel-first-child\" data-index=\"5\" ><div class=\"zoooom panel-widget-style panel-widget-style-for-5351-0-2-0\" ><div\n\t\t\t\n\t\t\tclass=\"so-widget-sow-image so-widget-sow-image-default-e4c2d9f6c920-5351\"\n\t\t\t\n\t\t>\n<div class=\"sow-image-container\">\n\t\t<img \n\tsrc=\"https:\/\/mahaloukuleles.com\/wp-content\/uploads\/2021\/11\/U320S_front2.jpg\" width=\"600\" height=\"1600\" srcset=\"https:\/\/mahaloukuleles.com\/wp-content\/uploads\/2021\/11\/U320S_front2.jpg 600w, https:\/\/mahaloukuleles.com\/wp-content\/uploads\/2021\/11\/U320S_front2-113x300.jpg 113w, https:\/\/mahaloukuleles.com\/wp-content\/uploads\/2021\/11\/U320S_front2-384x1024.jpg 384w, https:\/\/mahaloukuleles.com\/wp-content\/uploads\/2021\/11\/U320S_front2-576x1536.jpg 576w, https:\/\/mahaloukuleles.com\/wp-content\/uploads\/2021\/11\/U320S_front2-5x12.jpg 5w\" sizes=\"(max-width: 600px) 100vw, 600px\" alt=\"\" \t\tclass=\"so-widget-image\"\/>\n\t<\/div>\n\n<\/div><\/div><\/div><div id=\"panel-5351-0-2-1\" class=\"so-panel widget widget_sow-image panel-last-child\" data-index=\"6\" ><div class=\"zoooom panel-widget-style panel-widget-style-for-5351-0-2-1\" ><div\n\t\t\t\n\t\t\tclass=\"so-widget-sow-image so-widget-sow-image-default-e4c2d9f6c920-5351\"\n\t\t\t\n\t\t>\n<div class=\"sow-image-container\">\n\t\t<img \n\tsrc=\"https:\/\/mahaloukuleles.com\/wp-content\/uploads\/2021\/11\/U320S_back2.jpg\" width=\"600\" height=\"1600\" srcset=\"https:\/\/mahaloukuleles.com\/wp-content\/uploads\/2021\/11\/U320S_back2.jpg 600w, https:\/\/mahaloukuleles.com\/wp-content\/uploads\/2021\/11\/U320S_back2-113x300.jpg 113w, https:\/\/mahaloukuleles.com\/wp-content\/uploads\/2021\/11\/U320S_back2-384x1024.jpg 384w, https:\/\/mahaloukuleles.com\/wp-content\/uploads\/2021\/11\/U320S_back2-576x1536.jpg 576w, https:\/\/mahaloukuleles.com\/wp-content\/uploads\/2021\/11\/U320S_back2-5x12.jpg 5w\" sizes=\"(max-width: 600px) 100vw, 600px\" alt=\"\" \t\tclass=\"so-widget-image\"\/>\n\t<\/div>\n\n<\/div><\/div><\/div><\/div><\/div><\/div><div id=\"pg-5351-1\"  class=\"panel-grid panel-has-style\" ><div class=\"so-parallax siteorigin-panels-stretch panel-row-style panel-row-style-for-5351-1\" data-stretch-type=\"full\" ><img decoding=\"async\" width=\"1800\" height=\"576\" src=\"https:\/\/mahaloukuleles.com\/wp-content\/uploads\/2023\/03\/Mahalo_banner.jpg\" class=\"attachment-full size-full\" alt=\"\" data-siteorigin-parallax=\"true\" loading=\"eager\" srcset=\"https:\/\/mahaloukuleles.com\/wp-content\/uploads\/2023\/03\/Mahalo_banner.jpg 1800w, https:\/\/mahaloukuleles.com\/wp-content\/uploads\/2023\/03\/Mahalo_banner-300x96.jpg 300w, https:\/\/mahaloukuleles.com\/wp-content\/uploads\/2023\/03\/Mahalo_banner-1024x328.jpg 1024w, https:\/\/mahaloukuleles.com\/wp-content\/uploads\/2023\/03\/Mahalo_banner-768x246.jpg 768w, https:\/\/mahaloukuleles.com\/wp-content\/uploads\/2023\/03\/Mahalo_banner-1536x492.jpg 1536w, https:\/\/mahaloukuleles.com\/wp-content\/uploads\/2023\/03\/Mahalo_banner-18x6.jpg 18w\" sizes=\"(max-width: 1800px) 100vw, 1800px\" \/><div id=\"pgc-5351-1-0\"  class=\"panel-grid-cell panel-grid-cell-empty\" ><\/div><div id=\"pgc-5351-1-1\"  class=\"panel-grid-cell\" ><div id=\"panel-5351-1-1-0\" class=\"so-panel widget widget_sow-headline panel-first-child\" data-index=\"7\" ><div\n\t\t\t\n\t\t\tclass=\"so-widget-sow-headline so-widget-sow-headline-default-760918531f40-5351 so-widget-fittext-wrapper\"\n\t\t\t data-fit-text-compressor=\"1\"\n\t\t><div class=\"sow-headline-container\">\n\t\t\t\t\t\t\t<h1 class=\"sow-headline\">\n\t\t\t\t\t\tUn beau ukul\u00e9l\u00e9 soprano tout en acajou qui ne casse pas la tirelire!\t\t\t\t\t\t<\/h1>\n\t\t\t\t\t\t<\/div>\n<\/div><\/div><div id=\"panel-5351-1-1-1\" class=\"so-panel widget widget_sow-button panel-last-child\" data-index=\"8\" ><div\n\t\t\t\n\t\t\tclass=\"so-widget-sow-button so-widget-sow-button-wire-d5f972c3d74d-5351\"\n\t\t\t\n\t\t><div class=\"ow-button-base ow-button-align-left\"\n>\n\t\t\t<a\n\t\t\t\t\thref=\"https:\/\/mahaloukuleles.com\/fr\/?page_id=2193\"\n\t\t\t\t\tclass=\"sowb-button ow-icon-placement-left ow-button-hover\" \t>\n\t\t<span>\n\t\t\t<span class=\"sow-icon-fontawesome sow-fas\" data-sow-icon=\"&#xf041;\"\n\t\tstyle=\"\" \n\t\taria-hidden=\"true\"><\/span>\n\t\t\tTrouver un distributeur\t\t<\/span>\n\t\t\t<\/a>\n\t<\/div>\n<\/div><\/div><\/div><\/div><\/div><\/div>","protected":false},"excerpt":{"rendered":"<p>&#8211; MAHOGANY &#8211; A Beautiful All-Mahogany Soprano Ukulele That Won&#8217;t Break the Bank! The solid mahogany top and mahogany back &amp; sides provides stunning good looks and balanced tonality with great projection. The classic elegance of mahogany, fantastic sound and superb feel all adds up to a ukulele you won\u2019t want to put down! SPECIFICATIONS: [&hellip;]<\/p>\n","protected":false},"author":1,"featured_media":0,"parent":3926,"menu_order":0,"comment_status":"closed","ping_status":"closed","template":"","meta":{"two_page_speed":[],"footnotes":""},"class_list":["post-5351","page","type-page","status-publish","hentry"],"yoast_head":"<!-- This site is optimized with the Yoast SEO plugin v27.4 - https:\/\/yoast.com\/product\/yoast-seo-wordpress\/ -->\n<title>U320S - Soprano - Mahalo Ukuleles<\/title>\n<meta name=\"description\" content=\"U320S - Soprano. A Beautiful All-Mahogany Soprano Ukulele That Won&#039;t Break the Bank! Classic elegance of mahogany, fantastic sound and superb feel.\" \/>\n<meta name=\"robots\" content=\"index, follow, max-snippet:-1, max-image-preview:large, max-video-preview:-1\" \/>\n<link rel=\"canonical\" href=\"https:\/\/mahaloukuleles.com\/fr\/ukulele-series\/custom-series\/u320s-soprano\/\" \/>\n<meta property=\"og:locale\" content=\"fr_CA\" \/>\n<meta property=\"og:type\" content=\"article\" \/>\n<meta property=\"og:title\" content=\"U320S - Soprano - Mahalo Ukuleles\" \/>\n<meta property=\"og:description\" content=\"U320S - Soprano. A Beautiful All-Mahogany Soprano Ukulele That Won&#039;t Break the Bank! Classic elegance of mahogany, fantastic sound and superb feel.\" \/>\n<meta property=\"og:url\" content=\"https:\/\/mahaloukuleles.com\/fr\/ukulele-series\/custom-series\/u320s-soprano\/\" \/>\n<meta property=\"og:site_name\" content=\"Mahalo Ukuleles\" \/>\n<meta property=\"article:publisher\" content=\"https:\/\/www.facebook.com\/mahaloukuleles\/?epa=SEARCH_BOX\" \/>\n<meta property=\"article:modified_time\" content=\"2026-04-22T23:23:51+00:00\" \/>\n<meta property=\"og:image\" content=\"https:\/\/mahaloukuleles.com\/wp-content\/uploads\/2023\/03\/Mahalo_banner.jpg\" \/>\n<meta name=\"twitter:card\" content=\"summary_large_image\" \/>\n<meta name=\"twitter:label1\" content=\"Estimation du temps de lecture\" \/>\n\t<meta name=\"twitter:data1\" content=\"2 minutes\" \/>\n<script type=\"application\/ld+json\" class=\"yoast-schema-graph\">{\"@context\":\"https:\\\/\\\/schema.org\",\"@graph\":[{\"@type\":\"WebPage\",\"@id\":\"https:\\\/\\\/mahaloukuleles.com\\\/ukulele-series\\\/custom-series\\\/u320s-soprano\\\/\",\"url\":\"https:\\\/\\\/mahaloukuleles.com\\\/ukulele-series\\\/custom-series\\\/u320s-soprano\\\/\",\"name\":\"U320S - Soprano - Mahalo Ukuleles\",\"isPartOf\":{\"@id\":\"https:\\\/\\\/mahaloukuleles.com\\\/es\\\/#website\"},\"primaryImageOfPage\":{\"@id\":\"https:\\\/\\\/mahaloukuleles.com\\\/ukulele-series\\\/custom-series\\\/u320s-soprano\\\/#primaryimage\"},\"image\":{\"@id\":\"https:\\\/\\\/mahaloukuleles.com\\\/ukulele-series\\\/custom-series\\\/u320s-soprano\\\/#primaryimage\"},\"thumbnailUrl\":\"https:\\\/\\\/mahaloukuleles.com\\\/wp-content\\\/uploads\\\/2023\\\/03\\\/Mahalo_banner.jpg\",\"datePublished\":\"2018-11-14T06:05:37+00:00\",\"dateModified\":\"2026-04-22T23:23:51+00:00\",\"description\":\"U320S - Soprano. A Beautiful All-Mahogany Soprano Ukulele That Won't Break the Bank! Classic elegance of mahogany, fantastic sound and superb feel.\",\"breadcrumb\":{\"@id\":\"https:\\\/\\\/mahaloukuleles.com\\\/ukulele-series\\\/custom-series\\\/u320s-soprano\\\/#breadcrumb\"},\"inLanguage\":\"fr-CA\",\"potentialAction\":[{\"@type\":\"ReadAction\",\"target\":[\"https:\\\/\\\/mahaloukuleles.com\\\/ukulele-series\\\/custom-series\\\/u320s-soprano\\\/\"]}]},{\"@type\":\"ImageObject\",\"inLanguage\":\"fr-CA\",\"@id\":\"https:\\\/\\\/mahaloukuleles.com\\\/ukulele-series\\\/custom-series\\\/u320s-soprano\\\/#primaryimage\",\"url\":\"https:\\\/\\\/mahaloukuleles.com\\\/wp-content\\\/uploads\\\/2023\\\/03\\\/Mahalo_banner.jpg\",\"contentUrl\":\"https:\\\/\\\/mahaloukuleles.com\\\/wp-content\\\/uploads\\\/2023\\\/03\\\/Mahalo_banner.jpg\"},{\"@type\":\"BreadcrumbList\",\"@id\":\"https:\\\/\\\/mahaloukuleles.com\\\/ukulele-series\\\/custom-series\\\/u320s-soprano\\\/#breadcrumb\",\"itemListElement\":[{\"@type\":\"ListItem\",\"position\":1,\"name\":\"Home\",\"item\":\"https:\\\/\\\/mahaloukuleles.com\\\/\"},{\"@type\":\"ListItem\",\"position\":2,\"name\":\"Ukulele Series\",\"item\":\"https:\\\/\\\/mahaloukuleles.com\\\/ukulele-series\\\/\"},{\"@type\":\"ListItem\",\"position\":3,\"name\":\"Custom Series\",\"item\":\"https:\\\/\\\/mahaloukuleles.com\\\/ukulele-series\\\/custom-series\\\/\"},{\"@type\":\"ListItem\",\"position\":4,\"name\":\"U320S &#8211; Soprano\"}]},{\"@type\":\"WebSite\",\"@id\":\"https:\\\/\\\/mahaloukuleles.com\\\/es\\\/#website\",\"url\":\"https:\\\/\\\/mahaloukuleles.com\\\/es\\\/\",\"name\":\"Mahalo Ukuleles\",\"description\":\"Mahalo Ukuleles\",\"publisher\":{\"@id\":\"https:\\\/\\\/mahaloukuleles.com\\\/es\\\/#organization\"},\"potentialAction\":[{\"@type\":\"SearchAction\",\"target\":{\"@type\":\"EntryPoint\",\"urlTemplate\":\"https:\\\/\\\/mahaloukuleles.com\\\/es\\\/?s={search_term_string}\"},\"query-input\":{\"@type\":\"PropertyValueSpecification\",\"valueRequired\":true,\"valueName\":\"search_term_string\"}}],\"inLanguage\":\"fr-CA\"},{\"@type\":\"Organization\",\"@id\":\"https:\\\/\\\/mahaloukuleles.com\\\/es\\\/#organization\",\"name\":\"Mahalo Ukuleles\",\"url\":\"https:\\\/\\\/mahaloukuleles.com\\\/es\\\/\",\"logo\":{\"@type\":\"ImageObject\",\"inLanguage\":\"fr-CA\",\"@id\":\"https:\\\/\\\/mahaloukuleles.com\\\/es\\\/#\\\/schema\\\/logo\\\/image\\\/\",\"url\":\"https:\\\/\\\/media.mahaloukuleles.com.au\\\/wp-content\\\/uploads\\\/2019\\\/02\\\/mahalo_LOGO_vector_s-1.jpg\",\"contentUrl\":\"https:\\\/\\\/media.mahaloukuleles.com.au\\\/wp-content\\\/uploads\\\/2019\\\/02\\\/mahalo_LOGO_vector_s-1.jpg\",\"width\":117,\"height\":60,\"caption\":\"Mahalo Ukuleles\"},\"image\":{\"@id\":\"https:\\\/\\\/mahaloukuleles.com\\\/es\\\/#\\\/schema\\\/logo\\\/image\\\/\"},\"sameAs\":[\"https:\\\/\\\/www.facebook.com\\\/mahaloukuleles\\\/?epa=SEARCH_BOX\"]}]}<\/script>\n<!-- \/ Yoast SEO plugin. -->","yoast_head_json":{"title":"U320S - Soprano - Ukul\u00e9l\u00e9s Mahalo","description":"U320S - Soprano. A Beautiful All-Mahogany Soprano Ukulele That Won't Break the Bank! Classic elegance of mahogany, fantastic sound and superb feel.","robots":{"index":"index","follow":"follow","max-snippet":"max-snippet:-1","max-image-preview":"max-image-preview:large","max-video-preview":"max-video-preview:-1"},"canonical":"https:\/\/mahaloukuleles.com\/fr\/ukulele-series\/custom-series\/u320s-soprano\/","og_locale":"fr_CA","og_type":"article","og_title":"U320S - Soprano - Mahalo Ukuleles","og_description":"U320S - Soprano. A Beautiful All-Mahogany Soprano Ukulele That Won't Break the Bank! Classic elegance of mahogany, fantastic sound and superb feel.","og_url":"https:\/\/mahaloukuleles.com\/fr\/ukulele-series\/custom-series\/u320s-soprano\/","og_site_name":"Mahalo Ukuleles","article_publisher":"https:\/\/www.facebook.com\/mahaloukuleles\/?epa=SEARCH_BOX","article_modified_time":"2026-04-22T23:23:51+00:00","og_image":[{"url":"https:\/\/mahaloukuleles.com\/wp-content\/uploads\/2023\/03\/Mahalo_banner.jpg","type":"","width":"","height":""}],"twitter_card":"summary_large_image","twitter_misc":{"Estimation du temps de lecture":"2 minutes"},"schema":{"@context":"https:\/\/schema.org","@graph":[{"@type":"WebPage","@id":"https:\/\/mahaloukuleles.com\/ukulele-series\/custom-series\/u320s-soprano\/","url":"https:\/\/mahaloukuleles.com\/ukulele-series\/custom-series\/u320s-soprano\/","name":"U320S - Soprano - Ukul\u00e9l\u00e9s Mahalo","isPartOf":{"@id":"https:\/\/mahaloukuleles.com\/es\/#website"},"primaryImageOfPage":{"@id":"https:\/\/mahaloukuleles.com\/ukulele-series\/custom-series\/u320s-soprano\/#primaryimage"},"image":{"@id":"https:\/\/mahaloukuleles.com\/ukulele-series\/custom-series\/u320s-soprano\/#primaryimage"},"thumbnailUrl":"https:\/\/mahaloukuleles.com\/wp-content\/uploads\/2023\/03\/Mahalo_banner.jpg","datePublished":"2018-11-14T06:05:37+00:00","dateModified":"2026-04-22T23:23:51+00:00","description":"U320S - Soprano. A Beautiful All-Mahogany Soprano Ukulele That Won't Break the Bank! Classic elegance of mahogany, fantastic sound and superb feel.","breadcrumb":{"@id":"https:\/\/mahaloukuleles.com\/ukulele-series\/custom-series\/u320s-soprano\/#breadcrumb"},"inLanguage":"fr-CA","potentialAction":[{"@type":"ReadAction","target":["https:\/\/mahaloukuleles.com\/ukulele-series\/custom-series\/u320s-soprano\/"]}]},{"@type":"ImageObject","inLanguage":"fr-CA","@id":"https:\/\/mahaloukuleles.com\/ukulele-series\/custom-series\/u320s-soprano\/#primaryimage","url":"https:\/\/mahaloukuleles.com\/wp-content\/uploads\/2023\/03\/Mahalo_banner.jpg","contentUrl":"https:\/\/mahaloukuleles.com\/wp-content\/uploads\/2023\/03\/Mahalo_banner.jpg"},{"@type":"BreadcrumbList","@id":"https:\/\/mahaloukuleles.com\/ukulele-series\/custom-series\/u320s-soprano\/#breadcrumb","itemListElement":[{"@type":"ListItem","position":1,"name":"Home","item":"https:\/\/mahaloukuleles.com\/"},{"@type":"ListItem","position":2,"name":"Ukulele Series","item":"https:\/\/mahaloukuleles.com\/ukulele-series\/"},{"@type":"ListItem","position":3,"name":"Custom Series","item":"https:\/\/mahaloukuleles.com\/ukulele-series\/custom-series\/"},{"@type":"ListItem","position":4,"name":"U320S &#8211; Soprano"}]},{"@type":"WebSite","@id":"https:\/\/mahaloukuleles.com\/es\/#website","url":"https:\/\/mahaloukuleles.com\/es\/","name":"Mahalo Ukuleles","description":"Mahalo Ukuleles","publisher":{"@id":"https:\/\/mahaloukuleles.com\/es\/#organization"},"potentialAction":[{"@type":"SearchAction","target":{"@type":"EntryPoint","urlTemplate":"https:\/\/mahaloukuleles.com\/es\/?s={search_term_string}"},"query-input":{"@type":"PropertyValueSpecification","valueRequired":true,"valueName":"search_term_string"}}],"inLanguage":"fr-CA"},{"@type":"Organization","@id":"https:\/\/mahaloukuleles.com\/es\/#organization","name":"Mahalo Ukuleles","url":"https:\/\/mahaloukuleles.com\/es\/","logo":{"@type":"ImageObject","inLanguage":"fr-CA","@id":"https:\/\/mahaloukuleles.com\/es\/#\/schema\/logo\/image\/","url":"https:\/\/media.mahaloukuleles.com.au\/wp-content\/uploads\/2019\/02\/mahalo_LOGO_vector_s-1.jpg","contentUrl":"https:\/\/media.mahaloukuleles.com.au\/wp-content\/uploads\/2019\/02\/mahalo_LOGO_vector_s-1.jpg","width":117,"height":60,"caption":"Mahalo Ukuleles"},"image":{"@id":"https:\/\/mahaloukuleles.com\/es\/#\/schema\/logo\/image\/"},"sameAs":["https:\/\/www.facebook.com\/mahaloukuleles\/?epa=SEARCH_BOX"]}]}},"_links":{"self":[{"href":"https:\/\/mahaloukuleles.com\/fr\/wp-json\/wp\/v2\/pages\/5351","targetHints":{"allow":["GET"]}}],"collection":[{"href":"https:\/\/mahaloukuleles.com\/fr\/wp-json\/wp\/v2\/pages"}],"about":[{"href":"https:\/\/mahaloukuleles.com\/fr\/wp-json\/wp\/v2\/types\/page"}],"author":[{"embeddable":true,"href":"https:\/\/mahaloukuleles.com\/fr\/wp-json\/wp\/v2\/users\/1"}],"replies":[{"embeddable":true,"href":"https:\/\/mahaloukuleles.com\/fr\/wp-json\/wp\/v2\/comments?post=5351"}],"version-history":[{"count":2,"href":"https:\/\/mahaloukuleles.com\/fr\/wp-json\/wp\/v2\/pages\/5351\/revisions"}],"predecessor-version":[{"id":19756,"href":"https:\/\/mahaloukuleles.com\/fr\/wp-json\/wp\/v2\/pages\/5351\/revisions\/19756"}],"up":[{"embeddable":true,"href":"https:\/\/mahaloukuleles.com\/fr\/wp-json\/wp\/v2\/pages\/3926"}],"wp:attachment":[{"href":"https:\/\/mahaloukuleles.com\/fr\/wp-json\/wp\/v2\/media?parent=5351"}],"curies":[{"name":"wp","href":"https:\/\/api.w.org\/{rel}","templated":true}]}}