{"id":5357,"date":"2018-11-14T16:08:33","date_gmt":"2018-11-14T06:08:33","guid":{"rendered":"https:\/\/dev.mahaloukuleles.com\/?page_id=5357"},"modified":"2021-11-17T09:01:21","modified_gmt":"2021-11-16T23:01:21","slug":"u400-soprano","status":"publish","type":"page","link":"https:\/\/mahaloukuleles.com\/fr\/ukulele-series\/custom-series\/u400-soprano\/","title":{"rendered":"U400 - Soprano"},"content":{"rendered":"<div id=\"pl-5357\"  class=\"panel-layout\" ><div id=\"pg-5357-0\"  class=\"panel-grid panel-has-style\" ><div class=\"siteorigin-panels-stretch panel-row-style panel-row-style-for-5357-0\" data-stretch-type=\"full\" ><div id=\"pgc-5357-0-0\"  class=\"panel-grid-cell\" ><div id=\"panel-5357-0-0-0\" class=\"so-panel widget widget_sow-headline panel-first-child\" data-index=\"0\" ><div\n\t\t\t\n\t\t\tclass=\"so-widget-sow-headline so-widget-sow-headline-default-08d233ce1e8a-5357\"\n\t\t\t\n\t\t><div class=\"sow-headline-container\">\n\t\t\t\t\t\t\t<h6 class=\"sow-headline\">\n\t\t\t\t\t\t- ACACIA -\t\t\t\t\t\t<\/h6>\n\t\t\t\t\t\t<\/div>\n<\/div><\/div><div id=\"panel-5357-0-0-1\" class=\"so-panel widget widget_sow-headline\" data-index=\"1\" ><div\n\t\t\t\n\t\t\tclass=\"so-widget-sow-headline so-widget-sow-headline-default-bec8a218480c-5357\"\n\t\t\t\n\t\t><div class=\"sow-headline-container\">\n\t\t\t\t\t\t\t<h3 class=\"sow-headline\">\n\t\t\t\t\t\tDistingues-toi des autres!\t\t\t\t\t\t<\/h3>\n\t\t\t\t\t\t\t\t\t\t\t<div class=\"decoration\">\n\t\t\t\t\t\t<div class=\"decoration-inside\"><\/div>\n\t\t\t\t\t<\/div>\n\t\t\t\t\t\t\t\t\t\t\t<h5 class=\"sow-sub-headline\">\n\t\t\t\t\t\tStyle classique avec une table, un dos et des c\u00f4t\u00e9s en acacia; le ukul\u00e9l\u00e9 Mahalo de la s\u00e9rie U400 chante avec une voix exceptionnellement articul\u00e9e et dynamique. Ukul\u00e9l\u00e9 soprano facile \u00e0 jouer et au son doux qui se d\u00e9marque de la foule.\t\t\t\t\t\t<\/h5>\n\t\t\t\t\t\t<\/div>\n<\/div><\/div><div id=\"panel-5357-0-0-2\" class=\"so-panel widget widget_sow-editor\" data-index=\"2\" ><div\n\t\t\t\n\t\t\tclass=\"so-widget-sow-editor so-widget-sow-editor-base\"\n\t\t\t\n\t\t><h3 class=\"widget-title\">CARACT\u00c9RISTIQUES:<\/h3>\n<div class=\"siteorigin-widget-tinymce textwidget\">\n\t<table id=\"tablepress-59\" class=\"tablepress tablepress-id-59\">\n<tbody class=\"row-striping row-hover\">\n<tr class=\"row-1\">\n<td class=\"column-1\">TABLE<\/td>\n<td class=\"column-2\">Acacia<\/td>\n<\/tr>\n<tr class=\"row-2\">\n<td class=\"column-1\">DOS ET COT\u00c9S<\/td>\n<td class=\"column-2\">Acacia<\/td>\n<\/tr>\n<tr class=\"row-3\">\n<td class=\"column-1\">MANCHE<\/td>\n<td class=\"column-2\">Nato<\/td>\n<\/tr>\n<tr class=\"row-4\">\n<td class=\"column-1\">TOUCHE<\/td>\n<td class=\"column-2\">Palissandre reconstitu\u00e9<\/td>\n<\/tr>\n<tr class=\"row-5\">\n<td class=\"column-1\">MARQUEURS DE POSITION<\/td>\n<td class=\"column-2\">Pearl Dot Incrust\u00e9<\/td>\n<\/tr>\n<tr class=\"row-6\">\n<td class=\"column-1\">CHEVALET<\/td>\n<td class=\"column-2\">Palissandre reconstitu\u00e9<\/td>\n<\/tr>\n<tr class=\"row-7\">\n<td class=\"column-1\">FRETTES<\/td>\n<td class=\"column-2\">12, nickel<\/td>\n<\/tr>\n<tr class=\"row-8\">\n<td class=\"column-1\">M\u00c9CANIQUES<\/td>\n<td class=\"column-2\">Waverly Style, Chrome<\/td>\n<\/tr>\n<tr class=\"row-9\">\n<td class=\"column-1\">CORDES<\/td>\n<td class=\"column-2\">Aquila Super Nylgut<\/td>\n<\/tr>\n<tr class=\"row-10\">\n<td class=\"column-1\">SILLET DE CHEVALET<\/td>\n<td class=\"column-2\">Graph Tech NuBone XB<\/td>\n<\/tr>\n<tr class=\"row-11\">\n<td class=\"column-1\">SILLET DE T\u00caTE<\/td>\n<td class=\"column-2\">ABS, blanc<\/td>\n<\/tr>\n<tr class=\"row-12\">\n<td class=\"column-1\">LONGUEUR<\/td>\n<td class=\"column-2\">Soprano - 346mm<\/td>\n<\/tr>\n<tr class=\"row-13\">\n<td class=\"column-1\">FINI<\/td>\n<td class=\"column-2\">Grain Ouvert - Satin<\/td>\n<\/tr>\n<\/tbody>\n<\/table>\n<p><!-- #tablepress-59 from cache --><\/p>\n<\/div>\n<\/div><\/div><div id=\"panel-5357-0-0-3\" class=\"so-panel widget widget_sow-button panel-last-child\" data-index=\"3\" ><div\n\t\t\t\n\t\t\tclass=\"so-widget-sow-button so-widget-sow-button-wire-e7efa5f88084-5357\"\n\t\t\t\n\t\t><div class=\"ow-button-base ow-button-align-left\"\n>\n\t\t\t<a\n\t\t\t\t\thref=\"https:\/\/mahaloukuleles.com\/fr\/ukulele-series\/custom-series\/\"\n\t\t\t\t\tclass=\"sowb-button ow-icon-placement-left ow-button-hover\" \t>\n\t\t<span>\n\t\t\t\n\t\t\tPLUS DE UKUL\u00c9L\u00c9S CUSTOM\t\t<\/span>\n\t\t\t<\/a>\n\t<\/div>\n<\/div><\/div><\/div><div id=\"pgc-5357-0-1\"  class=\"panel-grid-cell\" ><div id=\"panel-5357-0-1-0\" class=\"so-panel widget widget_sow-image panel-first-child panel-last-child\" data-index=\"4\" ><div\n\t\t\t\n\t\t\tclass=\"so-widget-sow-image so-widget-sow-image-default-8b5b6f678277-5357\"\n\t\t\t\n\t\t>\n<div class=\"sow-image-container\">\n\t\t<img fetchpriority=\"high\" \n\tsrc=\"https:\/\/mahaloukuleles.com\/wp-content\/uploads\/2018\/10\/U400.jpg\" width=\"750\" height=\"1500\" srcset=\"https:\/\/mahaloukuleles.com\/wp-content\/uploads\/2018\/10\/U400.jpg 750w, https:\/\/mahaloukuleles.com\/wp-content\/uploads\/2018\/10\/U400-150x300.jpg 150w, https:\/\/mahaloukuleles.com\/wp-content\/uploads\/2018\/10\/U400-512x1024.jpg 512w, https:\/\/mahaloukuleles.com\/wp-content\/uploads\/2018\/10\/U400-500x1000.jpg 500w, https:\/\/mahaloukuleles.com\/wp-content\/uploads\/2018\/10\/U400-350x700.jpg 350w\" sizes=\"(max-width: 750px) 100vw, 750px\" alt=\"\" \t\tclass=\"so-widget-image\"\/>\n\t<\/div>\n\n<\/div><\/div><\/div><div id=\"pgc-5357-0-2\"  class=\"panel-grid-cell\" ><div id=\"panel-5357-0-2-0\" class=\"so-panel widget widget_sow-image panel-first-child\" data-index=\"5\" ><div class=\"zoooom panel-widget-style panel-widget-style-for-5357-0-2-0\" ><div\n\t\t\t\n\t\t\tclass=\"so-widget-sow-image so-widget-sow-image-default-e4c2d9f6c920-5357\"\n\t\t\t\n\t\t>\n<div class=\"sow-image-container\">\n\t\t<img \n\tsrc=\"https:\/\/mahaloukuleles.com\/wp-content\/uploads\/2018\/11\/u400_right.jpg\" width=\"550\" height=\"1100\" srcset=\"https:\/\/mahaloukuleles.com\/wp-content\/uploads\/2018\/11\/u400_right.jpg 550w, https:\/\/mahaloukuleles.com\/wp-content\/uploads\/2018\/11\/u400_right-150x300.jpg 150w, https:\/\/mahaloukuleles.com\/wp-content\/uploads\/2018\/11\/u400_right-512x1024.jpg 512w\" sizes=\"(max-width: 550px) 100vw, 550px\" alt=\"\" \t\tclass=\"so-widget-image\"\/>\n\t<\/div>\n\n<\/div><\/div><\/div><div id=\"panel-5357-0-2-1\" class=\"so-panel widget widget_sow-image\" data-index=\"6\" ><div class=\"zoooom panel-widget-style panel-widget-style-for-5357-0-2-1\" ><div\n\t\t\t\n\t\t\tclass=\"so-widget-sow-image so-widget-sow-image-default-e4c2d9f6c920-5357\"\n\t\t\t\n\t\t>\n<div class=\"sow-image-container\">\n\t\t<img \n\tsrc=\"https:\/\/mahaloukuleles.com\/wp-content\/uploads\/2018\/11\/u400_back.jpg\" width=\"550\" height=\"1100\" srcset=\"https:\/\/mahaloukuleles.com\/wp-content\/uploads\/2018\/11\/u400_back.jpg 550w, https:\/\/mahaloukuleles.com\/wp-content\/uploads\/2018\/11\/u400_back-150x300.jpg 150w, https:\/\/mahaloukuleles.com\/wp-content\/uploads\/2018\/11\/u400_back-512x1024.jpg 512w\" sizes=\"(max-width: 550px) 100vw, 550px\" alt=\"\" \t\tclass=\"so-widget-image\"\/>\n\t<\/div>\n\n<\/div><\/div><\/div><div id=\"panel-5357-0-2-2\" class=\"so-panel widget widget_sow-image panel-last-child\" data-index=\"7\" ><div class=\"zoooom panel-widget-style panel-widget-style-for-5357-0-2-2\" ><div\n\t\t\t\n\t\t\tclass=\"so-widget-sow-image so-widget-sow-image-default-e4c2d9f6c920-5357\"\n\t\t\t\n\t\t>\n<div class=\"sow-image-container\">\n\t\t<img loading=\"lazy\" \n\tsrc=\"https:\/\/mahaloukuleles.com\/wp-content\/uploads\/2018\/11\/U400_front.jpg\" width=\"550\" height=\"1100\" srcset=\"https:\/\/mahaloukuleles.com\/wp-content\/uploads\/2018\/11\/U400_front.jpg 550w, https:\/\/mahaloukuleles.com\/wp-content\/uploads\/2018\/11\/U400_front-150x300.jpg 150w, https:\/\/mahaloukuleles.com\/wp-content\/uploads\/2018\/11\/U400_front-512x1024.jpg 512w\" sizes=\"(max-width: 550px) 100vw, 550px\" alt=\"\" \t\tclass=\"so-widget-image\"\/>\n\t<\/div>\n\n<\/div><\/div><\/div><\/div><\/div><\/div><div id=\"pg-5357-1\"  class=\"panel-grid panel-has-style\" ><div class=\"so-parallax siteorigin-panels-stretch panel-row-style panel-row-style-for-5357-1\" data-stretch-type=\"full\" ><img decoding=\"async\" width=\"2002\" height=\"641\" src=\"https:\/\/mahaloukuleles.com\/wp-content\/uploads\/2018\/10\/bottom-image2.png\" class=\"attachment-full size-full\" alt=\"\" data-siteorigin-parallax=\"true\" loading=\"eager\" srcset=\"https:\/\/mahaloukuleles.com\/wp-content\/uploads\/2018\/10\/bottom-image2.png 2002w, https:\/\/mahaloukuleles.com\/wp-content\/uploads\/2018\/10\/bottom-image2-300x96.png 300w, https:\/\/mahaloukuleles.com\/wp-content\/uploads\/2018\/10\/bottom-image2-768x246.png 768w, https:\/\/mahaloukuleles.com\/wp-content\/uploads\/2018\/10\/bottom-image2-1024x328.png 1024w, https:\/\/mahaloukuleles.com\/wp-content\/uploads\/2018\/10\/bottom-image2-500x160.png 500w\" sizes=\"(max-width: 2002px) 100vw, 2002px\" \/><div id=\"pgc-5357-1-0\"  class=\"panel-grid-cell panel-grid-cell-mobile-last\" ><div id=\"panel-5357-1-0-0\" class=\"so-panel widget widget_sow-headline panel-first-child\" data-index=\"8\" ><div\n\t\t\t\n\t\t\tclass=\"so-widget-sow-headline so-widget-sow-headline-default-2659113ca4d9-5357 so-widget-fittext-wrapper\"\n\t\t\t data-fit-text-compressor=\"1\"\n\t\t><div class=\"sow-headline-container\">\n\t\t\t\t\t\t\t<h1 class=\"sow-headline\">\n\t\t\t\t\t\tUkul\u00e9l\u00e9 soprano au son doux et au son doux qui se d\u00e9marque de la foule.\t\t\t\t\t\t<\/h1>\n\t\t\t\t\t\t<\/div>\n<\/div><\/div><div id=\"panel-5357-1-0-1\" class=\"so-panel widget widget_sow-button panel-last-child\" data-index=\"9\" ><div\n\t\t\t\n\t\t\tclass=\"so-widget-sow-button so-widget-sow-button-wire-d5f972c3d74d-5357\"\n\t\t\t\n\t\t><div class=\"ow-button-base ow-button-align-left\"\n>\n\t\t\t<a\n\t\t\t\t\thref=\"https:\/\/mahaloukuleles.com\/fr\/?page_id=2193\"\n\t\t\t\t\tclass=\"sowb-button ow-icon-placement-left ow-button-hover\" \t>\n\t\t<span>\n\t\t\t<span class=\"sow-icon-fontawesome sow-fas\" data-sow-icon=\"&#xf3c5;\"\n\t\tstyle=\"\" \n\t\taria-hidden=\"true\"><\/span>\n\t\t\tTrouver un distributeur\t\t<\/span>\n\t\t\t<\/a>\n\t<\/div>\n<\/div><\/div><\/div><div id=\"pgc-5357-1-1\"  class=\"panel-grid-cell panel-grid-cell-empty\" ><\/div><\/div><\/div><\/div>","protected":false},"excerpt":{"rendered":"<p>&#8211; ACACIA &#8211; Stand out from the crowd! Classic body styling with an acacia top, back &amp; sides; the Mahalo U400 series ukulele sings with an exceptionally articulate, dynamic voice. A smooth-playing, sweet-sounding soprano ukulele that stands out from the crowd. SPECIFICATIONS: TOP Acacia BACK &amp; SIDES Acacia NECK Nato FINGERBOARD Engineered Rosewood POSITION MARKERS [&hellip;]<\/p>\n","protected":false},"author":1,"featured_media":0,"parent":3926,"menu_order":0,"comment_status":"closed","ping_status":"closed","template":"","meta":{"two_page_speed":[],"footnotes":""},"class_list":["post-5357","page","type-page","status-publish","hentry"],"yoast_head":"<!-- This site is optimized with the Yoast SEO plugin v27.4 - https:\/\/yoast.com\/product\/yoast-seo-wordpress\/ -->\n<title>U400 - Soprano - Mahalo Ukuleles<\/title>\n<meta name=\"description\" content=\"U400 - Soprano. Classic body styling with an acacia top, back &amp; sides; the Mahalo U400 series ukulele sings with an exceptionally articulate, dynamic voice.\" \/>\n<meta name=\"robots\" content=\"index, follow, max-snippet:-1, max-image-preview:large, max-video-preview:-1\" \/>\n<link rel=\"canonical\" href=\"https:\/\/mahaloukuleles.com\/fr\/ukulele-series\/custom-series\/u400-soprano\/\" \/>\n<meta property=\"og:locale\" content=\"fr_CA\" \/>\n<meta property=\"og:type\" content=\"article\" \/>\n<meta property=\"og:title\" content=\"U400 - Soprano - Mahalo Ukuleles\" \/>\n<meta property=\"og:description\" content=\"U400 - Soprano. Classic body styling with an acacia top, back &amp; sides; the Mahalo U400 series ukulele sings with an exceptionally articulate, dynamic voice.\" \/>\n<meta property=\"og:url\" content=\"https:\/\/mahaloukuleles.com\/fr\/ukulele-series\/custom-series\/u400-soprano\/\" \/>\n<meta property=\"og:site_name\" content=\"Mahalo Ukuleles\" \/>\n<meta property=\"article:publisher\" content=\"https:\/\/www.facebook.com\/mahaloukuleles\/?epa=SEARCH_BOX\" \/>\n<meta property=\"article:modified_time\" content=\"2021-11-16T23:01:21+00:00\" \/>\n<meta property=\"og:image\" content=\"https:\/\/mahaloukuleles.com\/wp-content\/uploads\/2018\/10\/bottom-image2.png\" \/>\n<meta name=\"twitter:card\" content=\"summary_large_image\" \/>\n<script type=\"application\/ld+json\" class=\"yoast-schema-graph\">{\"@context\":\"https:\\\/\\\/schema.org\",\"@graph\":[{\"@type\":\"WebPage\",\"@id\":\"https:\\\/\\\/mahaloukuleles.com\\\/ukulele-series\\\/custom-series\\\/u400-soprano\\\/\",\"url\":\"https:\\\/\\\/mahaloukuleles.com\\\/ukulele-series\\\/custom-series\\\/u400-soprano\\\/\",\"name\":\"U400 - Soprano - Mahalo Ukuleles\",\"isPartOf\":{\"@id\":\"https:\\\/\\\/mahaloukuleles.com\\\/es\\\/#website\"},\"primaryImageOfPage\":{\"@id\":\"https:\\\/\\\/mahaloukuleles.com\\\/ukulele-series\\\/custom-series\\\/u400-soprano\\\/#primaryimage\"},\"image\":{\"@id\":\"https:\\\/\\\/mahaloukuleles.com\\\/ukulele-series\\\/custom-series\\\/u400-soprano\\\/#primaryimage\"},\"thumbnailUrl\":\"https:\\\/\\\/mahaloukuleles.com\\\/wp-content\\\/uploads\\\/2018\\\/10\\\/bottom-image2.png\",\"datePublished\":\"2018-11-14T06:08:33+00:00\",\"dateModified\":\"2021-11-16T23:01:21+00:00\",\"description\":\"U400 - Soprano. Classic body styling with an acacia top, back & sides; the Mahalo U400 series ukulele sings with an exceptionally articulate, dynamic voice.\",\"breadcrumb\":{\"@id\":\"https:\\\/\\\/mahaloukuleles.com\\\/ukulele-series\\\/custom-series\\\/u400-soprano\\\/#breadcrumb\"},\"inLanguage\":\"fr-CA\",\"potentialAction\":[{\"@type\":\"ReadAction\",\"target\":[\"https:\\\/\\\/mahaloukuleles.com\\\/ukulele-series\\\/custom-series\\\/u400-soprano\\\/\"]}]},{\"@type\":\"ImageObject\",\"inLanguage\":\"fr-CA\",\"@id\":\"https:\\\/\\\/mahaloukuleles.com\\\/ukulele-series\\\/custom-series\\\/u400-soprano\\\/#primaryimage\",\"url\":\"https:\\\/\\\/mahaloukuleles.com\\\/wp-content\\\/uploads\\\/2018\\\/10\\\/bottom-image2.png\",\"contentUrl\":\"https:\\\/\\\/mahaloukuleles.com\\\/wp-content\\\/uploads\\\/2018\\\/10\\\/bottom-image2.png\"},{\"@type\":\"BreadcrumbList\",\"@id\":\"https:\\\/\\\/mahaloukuleles.com\\\/ukulele-series\\\/custom-series\\\/u400-soprano\\\/#breadcrumb\",\"itemListElement\":[{\"@type\":\"ListItem\",\"position\":1,\"name\":\"Home\",\"item\":\"https:\\\/\\\/mahaloukuleles.com\\\/\"},{\"@type\":\"ListItem\",\"position\":2,\"name\":\"Ukulele Series\",\"item\":\"https:\\\/\\\/mahaloukuleles.com\\\/ukulele-series\\\/\"},{\"@type\":\"ListItem\",\"position\":3,\"name\":\"Custom Series\",\"item\":\"https:\\\/\\\/mahaloukuleles.com\\\/ukulele-series\\\/custom-series\\\/\"},{\"@type\":\"ListItem\",\"position\":4,\"name\":\"U400 &#8211; Soprano\"}]},{\"@type\":\"WebSite\",\"@id\":\"https:\\\/\\\/mahaloukuleles.com\\\/es\\\/#website\",\"url\":\"https:\\\/\\\/mahaloukuleles.com\\\/es\\\/\",\"name\":\"Mahalo Ukuleles\",\"description\":\"Mahalo Ukuleles\",\"publisher\":{\"@id\":\"https:\\\/\\\/mahaloukuleles.com\\\/es\\\/#organization\"},\"potentialAction\":[{\"@type\":\"SearchAction\",\"target\":{\"@type\":\"EntryPoint\",\"urlTemplate\":\"https:\\\/\\\/mahaloukuleles.com\\\/es\\\/?s={search_term_string}\"},\"query-input\":{\"@type\":\"PropertyValueSpecification\",\"valueRequired\":true,\"valueName\":\"search_term_string\"}}],\"inLanguage\":\"fr-CA\"},{\"@type\":\"Organization\",\"@id\":\"https:\\\/\\\/mahaloukuleles.com\\\/es\\\/#organization\",\"name\":\"Mahalo Ukuleles\",\"url\":\"https:\\\/\\\/mahaloukuleles.com\\\/es\\\/\",\"logo\":{\"@type\":\"ImageObject\",\"inLanguage\":\"fr-CA\",\"@id\":\"https:\\\/\\\/mahaloukuleles.com\\\/es\\\/#\\\/schema\\\/logo\\\/image\\\/\",\"url\":\"https:\\\/\\\/media.mahaloukuleles.com.au\\\/wp-content\\\/uploads\\\/2019\\\/02\\\/mahalo_LOGO_vector_s-1.jpg\",\"contentUrl\":\"https:\\\/\\\/media.mahaloukuleles.com.au\\\/wp-content\\\/uploads\\\/2019\\\/02\\\/mahalo_LOGO_vector_s-1.jpg\",\"width\":117,\"height\":60,\"caption\":\"Mahalo Ukuleles\"},\"image\":{\"@id\":\"https:\\\/\\\/mahaloukuleles.com\\\/es\\\/#\\\/schema\\\/logo\\\/image\\\/\"},\"sameAs\":[\"https:\\\/\\\/www.facebook.com\\\/mahaloukuleles\\\/?epa=SEARCH_BOX\"]}]}<\/script>\n<!-- \/ Yoast SEO plugin. -->","yoast_head_json":{"title":"U400 - Soprano - Ukul\u00e9l\u00e9s Mahalo","description":"U400 - Soprano. Style classique avec un haut, du dos et des c\u00f4t\u00e9s en acacia; L&#039;ukul\u00e9l\u00e9 Mahalo de la s\u00e9rie U400 chante avec une voix exceptionnellement articul\u00e9e et dynamique.","robots":{"index":"index","follow":"follow","max-snippet":"max-snippet:-1","max-image-preview":"max-image-preview:large","max-video-preview":"max-video-preview:-1"},"canonical":"https:\/\/mahaloukuleles.com\/fr\/ukulele-series\/custom-series\/u400-soprano\/","og_locale":"fr_CA","og_type":"article","og_title":"U400 - Soprano - Mahalo Ukuleles","og_description":"U400 - Soprano. Classic body styling with an acacia top, back & sides; the Mahalo U400 series ukulele sings with an exceptionally articulate, dynamic voice.","og_url":"https:\/\/mahaloukuleles.com\/fr\/ukulele-series\/custom-series\/u400-soprano\/","og_site_name":"Mahalo Ukuleles","article_publisher":"https:\/\/www.facebook.com\/mahaloukuleles\/?epa=SEARCH_BOX","article_modified_time":"2021-11-16T23:01:21+00:00","og_image":[{"url":"https:\/\/mahaloukuleles.com\/wp-content\/uploads\/2018\/10\/bottom-image2.png","type":"","width":"","height":""}],"twitter_card":"summary_large_image","schema":{"@context":"https:\/\/schema.org","@graph":[{"@type":"WebPage","@id":"https:\/\/mahaloukuleles.com\/ukulele-series\/custom-series\/u400-soprano\/","url":"https:\/\/mahaloukuleles.com\/ukulele-series\/custom-series\/u400-soprano\/","name":"U400 - Soprano - Ukul\u00e9l\u00e9s Mahalo","isPartOf":{"@id":"https:\/\/mahaloukuleles.com\/es\/#website"},"primaryImageOfPage":{"@id":"https:\/\/mahaloukuleles.com\/ukulele-series\/custom-series\/u400-soprano\/#primaryimage"},"image":{"@id":"https:\/\/mahaloukuleles.com\/ukulele-series\/custom-series\/u400-soprano\/#primaryimage"},"thumbnailUrl":"https:\/\/mahaloukuleles.com\/wp-content\/uploads\/2018\/10\/bottom-image2.png","datePublished":"2018-11-14T06:08:33+00:00","dateModified":"2021-11-16T23:01:21+00:00","description":"U400 - Soprano. Style classique avec un haut, du dos et des c\u00f4t\u00e9s en acacia; L&#039;ukul\u00e9l\u00e9 Mahalo de la s\u00e9rie U400 chante avec une voix exceptionnellement articul\u00e9e et dynamique.","breadcrumb":{"@id":"https:\/\/mahaloukuleles.com\/ukulele-series\/custom-series\/u400-soprano\/#breadcrumb"},"inLanguage":"fr-CA","potentialAction":[{"@type":"ReadAction","target":["https:\/\/mahaloukuleles.com\/ukulele-series\/custom-series\/u400-soprano\/"]}]},{"@type":"ImageObject","inLanguage":"fr-CA","@id":"https:\/\/mahaloukuleles.com\/ukulele-series\/custom-series\/u400-soprano\/#primaryimage","url":"https:\/\/mahaloukuleles.com\/wp-content\/uploads\/2018\/10\/bottom-image2.png","contentUrl":"https:\/\/mahaloukuleles.com\/wp-content\/uploads\/2018\/10\/bottom-image2.png"},{"@type":"BreadcrumbList","@id":"https:\/\/mahaloukuleles.com\/ukulele-series\/custom-series\/u400-soprano\/#breadcrumb","itemListElement":[{"@type":"ListItem","position":1,"name":"Home","item":"https:\/\/mahaloukuleles.com\/"},{"@type":"ListItem","position":2,"name":"Ukulele Series","item":"https:\/\/mahaloukuleles.com\/ukulele-series\/"},{"@type":"ListItem","position":3,"name":"Custom Series","item":"https:\/\/mahaloukuleles.com\/ukulele-series\/custom-series\/"},{"@type":"ListItem","position":4,"name":"U400 &#8211; Soprano"}]},{"@type":"WebSite","@id":"https:\/\/mahaloukuleles.com\/es\/#website","url":"https:\/\/mahaloukuleles.com\/es\/","name":"Mahalo Ukuleles","description":"Mahalo Ukuleles","publisher":{"@id":"https:\/\/mahaloukuleles.com\/es\/#organization"},"potentialAction":[{"@type":"SearchAction","target":{"@type":"EntryPoint","urlTemplate":"https:\/\/mahaloukuleles.com\/es\/?s={search_term_string}"},"query-input":{"@type":"PropertyValueSpecification","valueRequired":true,"valueName":"search_term_string"}}],"inLanguage":"fr-CA"},{"@type":"Organization","@id":"https:\/\/mahaloukuleles.com\/es\/#organization","name":"Mahalo Ukuleles","url":"https:\/\/mahaloukuleles.com\/es\/","logo":{"@type":"ImageObject","inLanguage":"fr-CA","@id":"https:\/\/mahaloukuleles.com\/es\/#\/schema\/logo\/image\/","url":"https:\/\/media.mahaloukuleles.com.au\/wp-content\/uploads\/2019\/02\/mahalo_LOGO_vector_s-1.jpg","contentUrl":"https:\/\/media.mahaloukuleles.com.au\/wp-content\/uploads\/2019\/02\/mahalo_LOGO_vector_s-1.jpg","width":117,"height":60,"caption":"Mahalo Ukuleles"},"image":{"@id":"https:\/\/mahaloukuleles.com\/es\/#\/schema\/logo\/image\/"},"sameAs":["https:\/\/www.facebook.com\/mahaloukuleles\/?epa=SEARCH_BOX"]}]}},"_links":{"self":[{"href":"https:\/\/mahaloukuleles.com\/fr\/wp-json\/wp\/v2\/pages\/5357","targetHints":{"allow":["GET"]}}],"collection":[{"href":"https:\/\/mahaloukuleles.com\/fr\/wp-json\/wp\/v2\/pages"}],"about":[{"href":"https:\/\/mahaloukuleles.com\/fr\/wp-json\/wp\/v2\/types\/page"}],"author":[{"embeddable":true,"href":"https:\/\/mahaloukuleles.com\/fr\/wp-json\/wp\/v2\/users\/1"}],"replies":[{"embeddable":true,"href":"https:\/\/mahaloukuleles.com\/fr\/wp-json\/wp\/v2\/comments?post=5357"}],"version-history":[{"count":0,"href":"https:\/\/mahaloukuleles.com\/fr\/wp-json\/wp\/v2\/pages\/5357\/revisions"}],"up":[{"embeddable":true,"href":"https:\/\/mahaloukuleles.com\/fr\/wp-json\/wp\/v2\/pages\/3926"}],"wp:attachment":[{"href":"https:\/\/mahaloukuleles.com\/fr\/wp-json\/wp\/v2\/media?parent=5357"}],"curies":[{"name":"wp","href":"https:\/\/api.w.org\/{rel}","templated":true}]}}